{"id":1478,"date":"2019-11-11T11:50:02","date_gmt":"2019-11-11T11:50:02","guid":{"rendered":"https:\/\/decofoodshop.nl\/?post_type=product&#038;p=1478"},"modified":"2026-03-02T14:22:15","modified_gmt":"2026-03-02T13:22:15","slug":"gefalschtes-strumpfbandbohnenbundel","status":"publish","type":"product","link":"https:\/\/decofoodshop.nl\/de\/product\/namaak-kousenband-bonen-bundel\/","title":{"rendered":"Gef\u00e4lschtes Strumpfbandbohnen-B\u00fcndel"},"content":{"rendered":"<p><span style=\"color: #333333;\">Fake Garter Bean Bundle ist eines unserer vielen sch\u00f6nen k\u00fcnstlichen Gem\u00fcsesorten.<\/span><\/p>\n<p>6 St\u00fcck pro Bund verpackt.<\/p>\n<p>Das gef\u00e4lschte Strumpfband-Set ist biegsam und nicht zerbrechlich.<\/p>\n<p>Durch die Biegbarkeit kannst du sie genau nach Geschmack hinstellen.<\/p>\n<p>Sie k\u00f6nnen sich auch unsere anderen k\u00fcnstlichen Gem\u00fcsesorten ansehen.<\/p>\n<p>Klicken <strong><span style=\"color: #008000;\">&#8216;<a style=\"color: #008000;\" href=\"https:\/\/decofoodshop.nl\/de\/produktkategorie-2\/kunstliches-gemuse\/\">Hier<\/a><\/span><\/strong>f\u00fcr k\u00fcnstliches Gem\u00fcse.<\/p>","protected":false},"excerpt":{"rendered":"<p>Das Fake Garter Bean Bundle ist eines unserer vielen sch\u00f6nen k\u00fcnstlichen Gem\u00fcsesorten. Verpackt zu 6 St\u00fcck pro B\u00fcndel. Das Fake-Strumpfbandset ist biegbar und nicht zerbrechlich. Durch die Flexibilit\u00e4t k\u00f6nnen Sie diese ganz nach Ihrem Geschmack anordnen. Schauen Sie sich auch unsere anderen k\u00fcnstlichen Gem\u00fcsesorten an. Klicken Sie auf \u201eHier\u201c f\u00fcr k\u00fcnstliches Gem\u00fcse.<\/p>","protected":false},"featured_media":1482,"template":"","meta":{"_acf_changed":false,"_genesis_hide_title":false,"_genesis_hide_breadcrumbs":false,"_genesis_hide_singular_image":false,"_genesis_hide_footer_widgets":false,"_genesis_custom_body_class":"","_genesis_custom_post_class":"","_genesis_layout":""},"product_brand":[],"product_cat":[48,51],"product_tag":[],"class_list":{"0":"post-1478","1":"product","2":"type-product","3":"status-publish","4":"has-post-thumbnail","6":"product_cat-kunstgroenten","7":"product_cat-overige","8":"entry","9":"wpx-has-gallery","11":"first","12":"instock","13":"taxable","14":"shipping-taxable","15":"purchasable","16":"product-type-simple"},"acf":[],"yoast_head":"<!-- This site is optimized with the Yoast SEO Premium plugin v27.3 (Yoast SEO v27.4) - https:\/\/yoast.com\/product\/yoast-seo-premium-wordpress\/ -->\n<title>Namaak Kousenband Bonen Bundel - Decofoodshop<\/title>\n<meta name=\"description\" content=\"Prachtige namaak kousenband bonen bundel is verkrijgbaar, evenals een breed asortiment ander namaak eten bij Decofoodshop.nl\" \/>\n<meta name=\"robots\" content=\"index, follow, max-snippet:-1, max-image-preview:large, max-video-preview:-1\" \/>\n<link rel=\"canonical\" href=\"https:\/\/decofoodshop.nl\/de\/produkt\/gefalschtes-strumpfbandbohnenbundel\/\" \/>\n<meta property=\"og:locale\" content=\"de_DE\" \/>\n<meta property=\"og:type\" content=\"article\" \/>\n<meta property=\"og:title\" content=\"Namaak Kousenband Bonen Bundel\" \/>\n<meta property=\"og:description\" content=\"Prachtige namaak kousenband bonen bundel is verkrijgbaar, evenals een breed asortiment ander namaak eten bij Decofoodshop.nl\" \/>\n<meta property=\"og:url\" content=\"https:\/\/decofoodshop.nl\/de\/produkt\/gefalschtes-strumpfbandbohnenbundel\/\" \/>\n<meta property=\"og:site_name\" content=\"Decofoodshop\" \/>\n<meta property=\"article:modified_time\" content=\"2026-03-02T13:22:15+00:00\" \/>\n<meta property=\"og:image\" content=\"https:\/\/decofoodshop.nl\/wp-content\/uploads\/2019\/11\/Namaak-Kousenband-Bonen-Bundel-48cm-1.jpg\" \/>\n\t<meta property=\"og:image:width\" content=\"1716\" \/>\n\t<meta property=\"og:image:height\" content=\"1717\" \/>\n\t<meta property=\"og:image:type\" content=\"image\/jpeg\" \/>\n<meta name=\"twitter:card\" content=\"summary_large_image\" \/>\n<meta name=\"twitter:label1\" content=\"Gesch\u00e4tzte Lesezeit\" \/>\n\t<meta name=\"twitter:data1\" content=\"1\u00a0Minute\" \/>\n<script type=\"application\/ld+json\" class=\"yoast-schema-graph\">{\"@context\":\"https:\\\/\\\/schema.org\",\"@graph\":[{\"@type\":\"WebPage\",\"@id\":\"https:\\\/\\\/decofoodshop.nl\\\/product\\\/namaak-kousenband-bonen-bundel\\\/\",\"url\":\"https:\\\/\\\/decofoodshop.nl\\\/product\\\/namaak-kousenband-bonen-bundel\\\/\",\"name\":\"Namaak Kousenband Bonen Bundel - Decofoodshop\",\"isPartOf\":{\"@id\":\"https:\\\/\\\/decofoodshop.nl\\\/#website\"},\"primaryImageOfPage\":{\"@id\":\"https:\\\/\\\/decofoodshop.nl\\\/product\\\/namaak-kousenband-bonen-bundel\\\/#primaryimage\"},\"image\":{\"@id\":\"https:\\\/\\\/decofoodshop.nl\\\/product\\\/namaak-kousenband-bonen-bundel\\\/#primaryimage\"},\"thumbnailUrl\":\"https:\\\/\\\/decofoodshop.nl\\\/wp-content\\\/uploads\\\/2019\\\/11\\\/Namaak-Kousenband-Bonen-Bundel-48cm-1.jpg\",\"datePublished\":\"2019-11-11T11:50:02+00:00\",\"dateModified\":\"2026-03-02T13:22:15+00:00\",\"description\":\"Prachtige namaak kousenband bonen bundel is verkrijgbaar, evenals een breed asortiment ander namaak eten bij Decofoodshop.nl\",\"breadcrumb\":{\"@id\":\"https:\\\/\\\/decofoodshop.nl\\\/product\\\/namaak-kousenband-bonen-bundel\\\/#breadcrumb\"},\"inLanguage\":\"de\",\"potentialAction\":[{\"@type\":\"ReadAction\",\"target\":[\"https:\\\/\\\/decofoodshop.nl\\\/product\\\/namaak-kousenband-bonen-bundel\\\/\"]}]},{\"@type\":\"ImageObject\",\"inLanguage\":\"de\",\"@id\":\"https:\\\/\\\/decofoodshop.nl\\\/product\\\/namaak-kousenband-bonen-bundel\\\/#primaryimage\",\"url\":\"https:\\\/\\\/decofoodshop.nl\\\/wp-content\\\/uploads\\\/2019\\\/11\\\/Namaak-Kousenband-Bonen-Bundel-48cm-1.jpg\",\"contentUrl\":\"https:\\\/\\\/decofoodshop.nl\\\/wp-content\\\/uploads\\\/2019\\\/11\\\/Namaak-Kousenband-Bonen-Bundel-48cm-1.jpg\",\"width\":1716,\"height\":1717,\"caption\":\"namaak kousenband bonen bundel\"},{\"@type\":\"BreadcrumbList\",\"@id\":\"https:\\\/\\\/decofoodshop.nl\\\/product\\\/namaak-kousenband-bonen-bundel\\\/#breadcrumb\",\"itemListElement\":[{\"@type\":\"ListItem\",\"position\":1,\"name\":\"Home\",\"item\":\"https:\\\/\\\/decofoodshop.nl\\\/\"},{\"@type\":\"ListItem\",\"position\":2,\"name\":\"Winkel\",\"item\":\"https:\\\/\\\/decofoodshop.nl\\\/winkel\\\/\"},{\"@type\":\"ListItem\",\"position\":3,\"name\":\"Namaak Kousenband Bonen Bundel\"}]},{\"@type\":\"WebSite\",\"@id\":\"https:\\\/\\\/decofoodshop.nl\\\/#website\",\"url\":\"https:\\\/\\\/decofoodshop.nl\\\/\",\"name\":\"Decofoodshop\",\"description\":\"\",\"potentialAction\":[{\"@type\":\"SearchAction\",\"target\":{\"@type\":\"EntryPoint\",\"urlTemplate\":\"https:\\\/\\\/decofoodshop.nl\\\/?s={search_term_string}\"},\"query-input\":{\"@type\":\"PropertyValueSpecification\",\"valueRequired\":true,\"valueName\":\"search_term_string\"}}],\"inLanguage\":\"de\"}]}<\/script>\n<!-- \/ Yoast SEO Premium plugin. -->","yoast_head_json":{"title":"Gef\u00e4lschte Garter Bean Bundle - Decofoodshop","description":"Bei Decofoodshop.nl ist ein sch\u00f6nes B\u00fcndel gef\u00e4lschter langer Bohnen sowie eine gro\u00dfe Auswahl an anderen gef\u00e4lschten Lebensmitteln erh\u00e4ltlich","robots":{"index":"index","follow":"follow","max-snippet":"max-snippet:-1","max-image-preview":"max-image-preview:large","max-video-preview":"max-video-preview:-1"},"canonical":"https:\/\/decofoodshop.nl\/de\/produkt\/gefalschtes-strumpfbandbohnenbundel\/","og_locale":"de_DE","og_type":"article","og_title":"Namaak Kousenband Bonen Bundel","og_description":"Prachtige namaak kousenband bonen bundel is verkrijgbaar, evenals een breed asortiment ander namaak eten bij Decofoodshop.nl","og_url":"https:\/\/decofoodshop.nl\/de\/produkt\/gefalschtes-strumpfbandbohnenbundel\/","og_site_name":"Decofoodshop","article_modified_time":"2026-03-02T13:22:15+00:00","og_image":[{"width":1716,"height":1717,"url":"https:\/\/decofoodshop.nl\/wp-content\/uploads\/2019\/11\/Namaak-Kousenband-Bonen-Bundel-48cm-1.jpg","type":"image\/jpeg"}],"twitter_card":"summary_large_image","twitter_misc":{"Gesch\u00e4tzte Lesezeit":"1\u00a0Minute"},"schema":{"@context":"https:\/\/schema.org","@graph":[{"@type":"WebPage","@id":"https:\/\/decofoodshop.nl\/product\/namaak-kousenband-bonen-bundel\/","url":"https:\/\/decofoodshop.nl\/product\/namaak-kousenband-bonen-bundel\/","name":"Gef\u00e4lschte Garter Bean Bundle - Decofoodshop","isPartOf":{"@id":"https:\/\/decofoodshop.nl\/#website"},"primaryImageOfPage":{"@id":"https:\/\/decofoodshop.nl\/product\/namaak-kousenband-bonen-bundel\/#primaryimage"},"image":{"@id":"https:\/\/decofoodshop.nl\/product\/namaak-kousenband-bonen-bundel\/#primaryimage"},"thumbnailUrl":"https:\/\/decofoodshop.nl\/wp-content\/uploads\/2019\/11\/Namaak-Kousenband-Bonen-Bundel-48cm-1.jpg","datePublished":"2019-11-11T11:50:02+00:00","dateModified":"2026-03-02T13:22:15+00:00","description":"Bei Decofoodshop.nl ist ein sch\u00f6nes B\u00fcndel gef\u00e4lschter langer Bohnen sowie eine gro\u00dfe Auswahl an anderen gef\u00e4lschten Lebensmitteln erh\u00e4ltlich","breadcrumb":{"@id":"https:\/\/decofoodshop.nl\/product\/namaak-kousenband-bonen-bundel\/#breadcrumb"},"inLanguage":"de","potentialAction":[{"@type":"ReadAction","target":["https:\/\/decofoodshop.nl\/product\/namaak-kousenband-bonen-bundel\/"]}]},{"@type":"ImageObject","inLanguage":"de","@id":"https:\/\/decofoodshop.nl\/product\/namaak-kousenband-bonen-bundel\/#primaryimage","url":"https:\/\/decofoodshop.nl\/wp-content\/uploads\/2019\/11\/Namaak-Kousenband-Bonen-Bundel-48cm-1.jpg","contentUrl":"https:\/\/decofoodshop.nl\/wp-content\/uploads\/2019\/11\/Namaak-Kousenband-Bonen-Bundel-48cm-1.jpg","width":1716,"height":1717,"caption":"namaak kousenband bonen bundel"},{"@type":"BreadcrumbList","@id":"https:\/\/decofoodshop.nl\/product\/namaak-kousenband-bonen-bundel\/#breadcrumb","itemListElement":[{"@type":"ListItem","position":1,"name":"Home","item":"https:\/\/decofoodshop.nl\/"},{"@type":"ListItem","position":2,"name":"Winkel","item":"https:\/\/decofoodshop.nl\/winkel\/"},{"@type":"ListItem","position":3,"name":"Namaak Kousenband Bonen Bundel"}]},{"@type":"WebSite","@id":"https:\/\/decofoodshop.nl\/#website","url":"https:\/\/decofoodshop.nl\/","name":"Dekofoodshop","description":"","potentialAction":[{"@type":"SearchAction","target":{"@type":"EntryPoint","urlTemplate":"https:\/\/decofoodshop.nl\/?s={search_term_string}"},"query-input":{"@type":"PropertyValueSpecification","valueRequired":true,"valueName":"search_term_string"}}],"inLanguage":"de"}]}},"_links":{"self":[{"href":"https:\/\/decofoodshop.nl\/de\/wp-json\/wp\/v2\/product\/1478","targetHints":{"allow":["GET"]}}],"collection":[{"href":"https:\/\/decofoodshop.nl\/de\/wp-json\/wp\/v2\/product"}],"about":[{"href":"https:\/\/decofoodshop.nl\/de\/wp-json\/wp\/v2\/types\/product"}],"wp:featuredmedia":[{"embeddable":true,"href":"https:\/\/decofoodshop.nl\/de\/wp-json\/wp\/v2\/media\/1482"}],"wp:attachment":[{"href":"https:\/\/decofoodshop.nl\/de\/wp-json\/wp\/v2\/media?parent=1478"}],"wp:term":[{"taxonomy":"product_brand","embeddable":true,"href":"https:\/\/decofoodshop.nl\/de\/wp-json\/wp\/v2\/product_brand?post=1478"},{"taxonomy":"product_cat","embeddable":true,"href":"https:\/\/decofoodshop.nl\/de\/wp-json\/wp\/v2\/product_cat?post=1478"},{"taxonomy":"product_tag","embeddable":true,"href":"https:\/\/decofoodshop.nl\/de\/wp-json\/wp\/v2\/product_tag?post=1478"}],"curies":[{"name":"wp","href":"https:\/\/api.w.org\/{rel}","templated":true}]}}