{"id":1486,"date":"2019-11-13T10:05:45","date_gmt":"2019-11-13T09:05:45","guid":{"rendered":"https:\/\/decofoodshop.nl\/?post_type=product&#038;p=1486"},"modified":"2026-04-10T23:26:06","modified_gmt":"2026-04-10T21:26:06","slug":"falsches-orange","status":"publish","type":"product","link":"https:\/\/decofoodshop.nl\/de\/product\/namaak-sinaasappel\/","title":{"rendered":"Falsches Orange"},"content":{"rendered":"<p>Wundersch\u00f6nes Fake Orange mit einem sehr realistischen Aussehen.<\/p>\n<p>Durch sein etwas holpriges \u00c4u\u00dferes f\u00fchlt es sich echt an.<\/p>\n<p>\u00c4u\u00dferst dekorativ und vom Original nicht zu unterscheiden.<\/p>\n<p>Die Kunstorange ist in voller Gr\u00f6\u00dfe.<\/p>\n<p>Schauen Sie sich auch gerne unsere F\u00e4lschung an <span style=\"color: #008000;\"><a style=\"color: #008000;\" href=\"https:\/\/decofoodshop.nl\/de\/produktkategorie-2\/brotkuchen\/\"><strong>\u00bbBrot und Geb\u00e4ck<\/strong>&#8216;<\/a><\/span>.<\/p>","protected":false},"excerpt":{"rendered":"<p>Wundersch\u00f6nes Fake Orange mit einem sehr realistischen Aussehen. Aufgrund seines etwas holprigen \u00c4u\u00dferen f\u00fchlt es sich wie das Original an. \u00c4u\u00dferst dekorativ und vom Original nicht zu unterscheiden. Die Kunstorange ist in Originalgr\u00f6\u00dfe. Werfen Sie gerne einen Blick auf unser gef\u00e4lschtes \u201eBrot und Geb\u00e4ck\u201c.<\/p>","protected":false},"featured_media":1729,"template":"","meta":{"_acf_changed":false,"_genesis_hide_title":false,"_genesis_hide_breadcrumbs":false,"_genesis_hide_singular_image":false,"_genesis_hide_footer_widgets":false,"_genesis_custom_body_class":"","_genesis_custom_post_class":"","_genesis_layout":""},"product_brand":[],"product_cat":[47],"product_tag":[],"class_list":{"0":"post-1486","1":"product","2":"type-product","3":"status-publish","4":"has-post-thumbnail","6":"product_cat-kunstfruit","7":"entry","8":"wpx-has-gallery","10":"first","11":"instock","12":"taxable","13":"shipping-taxable","14":"purchasable","15":"product-type-simple"},"acf":[],"yoast_head":"<!-- This site is optimized with the Yoast SEO Premium plugin v27.3 (Yoast SEO v27.3) - https:\/\/yoast.com\/product\/yoast-seo-premium-wordpress\/ -->\n<title>Prachtige Namaak Sinaasappel Bij - Decofoodshop<\/title>\n<meta name=\"description\" content=\"Deze prachtige namaak sinaasappel is \u00e9\u00e9n van de vele mooie namaak producten die verkrijgbaar zijn op onze veelzijdige webshop: Decofoodshop.\" \/>\n<meta name=\"robots\" content=\"index, follow, max-snippet:-1, max-image-preview:large, max-video-preview:-1\" \/>\n<link rel=\"canonical\" href=\"https:\/\/decofoodshop.nl\/de\/produkt\/falsches-orange\/\" \/>\n<meta property=\"og:locale\" content=\"de_DE\" \/>\n<meta property=\"og:type\" content=\"article\" \/>\n<meta property=\"og:title\" content=\"Namaak Sinaasappel\" \/>\n<meta property=\"og:description\" content=\"Deze prachtige namaak sinaasappel is \u00e9\u00e9n van de vele mooie namaak producten die verkrijgbaar zijn op onze veelzijdige webshop: Decofoodshop.\" \/>\n<meta property=\"og:url\" content=\"https:\/\/decofoodshop.nl\/de\/produkt\/falsches-orange\/\" \/>\n<meta property=\"og:site_name\" content=\"Decofoodshop\" \/>\n<meta property=\"article:modified_time\" content=\"2026-04-10T21:26:06+00:00\" \/>\n<meta property=\"og:image\" content=\"https:\/\/decofoodshop.nl\/wp-content\/uploads\/2019\/11\/Namaak-Sinaasappel-9cm-1.jpg\" \/>\n\t<meta property=\"og:image:width\" content=\"1014\" \/>\n\t<meta property=\"og:image:height\" content=\"1018\" \/>\n\t<meta property=\"og:image:type\" content=\"image\/jpeg\" \/>\n<meta name=\"twitter:card\" content=\"summary_large_image\" \/>\n<meta name=\"twitter:label1\" content=\"Gesch\u00e4tzte Lesezeit\" \/>\n\t<meta name=\"twitter:data1\" content=\"1\u00a0Minute\" \/>\n<script type=\"application\/ld+json\" class=\"yoast-schema-graph\">{\"@context\":\"https:\\\/\\\/schema.org\",\"@graph\":[{\"@type\":\"WebPage\",\"@id\":\"https:\\\/\\\/decofoodshop.nl\\\/product\\\/namaak-sinaasappel\\\/\",\"url\":\"https:\\\/\\\/decofoodshop.nl\\\/product\\\/namaak-sinaasappel\\\/\",\"name\":\"Prachtige Namaak Sinaasappel Bij - Decofoodshop\",\"isPartOf\":{\"@id\":\"https:\\\/\\\/decofoodshop.nl\\\/#website\"},\"primaryImageOfPage\":{\"@id\":\"https:\\\/\\\/decofoodshop.nl\\\/product\\\/namaak-sinaasappel\\\/#primaryimage\"},\"image\":{\"@id\":\"https:\\\/\\\/decofoodshop.nl\\\/product\\\/namaak-sinaasappel\\\/#primaryimage\"},\"thumbnailUrl\":\"https:\\\/\\\/decofoodshop.nl\\\/wp-content\\\/uploads\\\/2019\\\/11\\\/Namaak-Sinaasappel-9cm-1.jpg\",\"datePublished\":\"2019-11-13T09:05:45+00:00\",\"dateModified\":\"2026-04-10T21:26:06+00:00\",\"description\":\"Deze prachtige namaak sinaasappel is \u00e9\u00e9n van de vele mooie namaak producten die verkrijgbaar zijn op onze veelzijdige webshop: Decofoodshop.\",\"breadcrumb\":{\"@id\":\"https:\\\/\\\/decofoodshop.nl\\\/product\\\/namaak-sinaasappel\\\/#breadcrumb\"},\"inLanguage\":\"de\",\"potentialAction\":[{\"@type\":\"ReadAction\",\"target\":[\"https:\\\/\\\/decofoodshop.nl\\\/product\\\/namaak-sinaasappel\\\/\"]}]},{\"@type\":\"ImageObject\",\"inLanguage\":\"de\",\"@id\":\"https:\\\/\\\/decofoodshop.nl\\\/product\\\/namaak-sinaasappel\\\/#primaryimage\",\"url\":\"https:\\\/\\\/decofoodshop.nl\\\/wp-content\\\/uploads\\\/2019\\\/11\\\/Namaak-Sinaasappel-9cm-1.jpg\",\"contentUrl\":\"https:\\\/\\\/decofoodshop.nl\\\/wp-content\\\/uploads\\\/2019\\\/11\\\/Namaak-Sinaasappel-9cm-1.jpg\",\"width\":1014,\"height\":1018,\"caption\":\"Namaak Sinaasappel\"},{\"@type\":\"BreadcrumbList\",\"@id\":\"https:\\\/\\\/decofoodshop.nl\\\/product\\\/namaak-sinaasappel\\\/#breadcrumb\",\"itemListElement\":[{\"@type\":\"ListItem\",\"position\":1,\"name\":\"Home\",\"item\":\"https:\\\/\\\/decofoodshop.nl\\\/\"},{\"@type\":\"ListItem\",\"position\":2,\"name\":\"Winkel\",\"item\":\"https:\\\/\\\/decofoodshop.nl\\\/winkel\\\/\"},{\"@type\":\"ListItem\",\"position\":3,\"name\":\"Namaak Sinaasappel\"}]},{\"@type\":\"WebSite\",\"@id\":\"https:\\\/\\\/decofoodshop.nl\\\/#website\",\"url\":\"https:\\\/\\\/decofoodshop.nl\\\/\",\"name\":\"Decofoodshop\",\"description\":\"\",\"potentialAction\":[{\"@type\":\"SearchAction\",\"target\":{\"@type\":\"EntryPoint\",\"urlTemplate\":\"https:\\\/\\\/decofoodshop.nl\\\/?s={search_term_string}\"},\"query-input\":{\"@type\":\"PropertyValueSpecification\",\"valueRequired\":true,\"valueName\":\"search_term_string\"}}],\"inLanguage\":\"de\"}]}<\/script>\n<!-- \/ Yoast SEO Premium plugin. -->","yoast_head_json":{"title":"Sch\u00f6ne k\u00fcnstliche orange Biene - Decofoodshop","description":"Diese sch\u00f6ne gef\u00e4lschte Orange ist eines der vielen sch\u00f6nen gef\u00e4lschten Produkte, die in unserem vielseitigen Webshop erh\u00e4ltlich sind: Decofoodshop.","robots":{"index":"index","follow":"follow","max-snippet":"max-snippet:-1","max-image-preview":"max-image-preview:large","max-video-preview":"max-video-preview:-1"},"canonical":"https:\/\/decofoodshop.nl\/de\/produkt\/falsches-orange\/","og_locale":"de_DE","og_type":"article","og_title":"Namaak Sinaasappel","og_description":"Deze prachtige namaak sinaasappel is \u00e9\u00e9n van de vele mooie namaak producten die verkrijgbaar zijn op onze veelzijdige webshop: Decofoodshop.","og_url":"https:\/\/decofoodshop.nl\/de\/produkt\/falsches-orange\/","og_site_name":"Decofoodshop","article_modified_time":"2026-04-10T21:26:06+00:00","og_image":[{"width":1014,"height":1018,"url":"https:\/\/decofoodshop.nl\/wp-content\/uploads\/2019\/11\/Namaak-Sinaasappel-9cm-1.jpg","type":"image\/jpeg"}],"twitter_card":"summary_large_image","twitter_misc":{"Gesch\u00e4tzte Lesezeit":"1\u00a0Minute"},"schema":{"@context":"https:\/\/schema.org","@graph":[{"@type":"WebPage","@id":"https:\/\/decofoodshop.nl\/product\/namaak-sinaasappel\/","url":"https:\/\/decofoodshop.nl\/product\/namaak-sinaasappel\/","name":"Sch\u00f6ne k\u00fcnstliche orange Biene - Decofoodshop","isPartOf":{"@id":"https:\/\/decofoodshop.nl\/#website"},"primaryImageOfPage":{"@id":"https:\/\/decofoodshop.nl\/product\/namaak-sinaasappel\/#primaryimage"},"image":{"@id":"https:\/\/decofoodshop.nl\/product\/namaak-sinaasappel\/#primaryimage"},"thumbnailUrl":"https:\/\/decofoodshop.nl\/wp-content\/uploads\/2019\/11\/Namaak-Sinaasappel-9cm-1.jpg","datePublished":"2019-11-13T09:05:45+00:00","dateModified":"2026-04-10T21:26:06+00:00","description":"Diese sch\u00f6ne gef\u00e4lschte Orange ist eines der vielen sch\u00f6nen gef\u00e4lschten Produkte, die in unserem vielseitigen Webshop erh\u00e4ltlich sind: Decofoodshop.","breadcrumb":{"@id":"https:\/\/decofoodshop.nl\/product\/namaak-sinaasappel\/#breadcrumb"},"inLanguage":"de","potentialAction":[{"@type":"ReadAction","target":["https:\/\/decofoodshop.nl\/product\/namaak-sinaasappel\/"]}]},{"@type":"ImageObject","inLanguage":"de","@id":"https:\/\/decofoodshop.nl\/product\/namaak-sinaasappel\/#primaryimage","url":"https:\/\/decofoodshop.nl\/wp-content\/uploads\/2019\/11\/Namaak-Sinaasappel-9cm-1.jpg","contentUrl":"https:\/\/decofoodshop.nl\/wp-content\/uploads\/2019\/11\/Namaak-Sinaasappel-9cm-1.jpg","width":1014,"height":1018,"caption":"Namaak Sinaasappel"},{"@type":"BreadcrumbList","@id":"https:\/\/decofoodshop.nl\/product\/namaak-sinaasappel\/#breadcrumb","itemListElement":[{"@type":"ListItem","position":1,"name":"Home","item":"https:\/\/decofoodshop.nl\/"},{"@type":"ListItem","position":2,"name":"Winkel","item":"https:\/\/decofoodshop.nl\/winkel\/"},{"@type":"ListItem","position":3,"name":"Namaak Sinaasappel"}]},{"@type":"WebSite","@id":"https:\/\/decofoodshop.nl\/#website","url":"https:\/\/decofoodshop.nl\/","name":"Dekofoodshop","description":"","potentialAction":[{"@type":"SearchAction","target":{"@type":"EntryPoint","urlTemplate":"https:\/\/decofoodshop.nl\/?s={search_term_string}"},"query-input":{"@type":"PropertyValueSpecification","valueRequired":true,"valueName":"search_term_string"}}],"inLanguage":"de"}]}},"_links":{"self":[{"href":"https:\/\/decofoodshop.nl\/de\/wp-json\/wp\/v2\/product\/1486","targetHints":{"allow":["GET"]}}],"collection":[{"href":"https:\/\/decofoodshop.nl\/de\/wp-json\/wp\/v2\/product"}],"about":[{"href":"https:\/\/decofoodshop.nl\/de\/wp-json\/wp\/v2\/types\/product"}],"wp:featuredmedia":[{"embeddable":true,"href":"https:\/\/decofoodshop.nl\/de\/wp-json\/wp\/v2\/media\/1729"}],"wp:attachment":[{"href":"https:\/\/decofoodshop.nl\/de\/wp-json\/wp\/v2\/media?parent=1486"}],"wp:term":[{"taxonomy":"product_brand","embeddable":true,"href":"https:\/\/decofoodshop.nl\/de\/wp-json\/wp\/v2\/product_brand?post=1486"},{"taxonomy":"product_cat","embeddable":true,"href":"https:\/\/decofoodshop.nl\/de\/wp-json\/wp\/v2\/product_cat?post=1486"},{"taxonomy":"product_tag","embeddable":true,"href":"https:\/\/decofoodshop.nl\/de\/wp-json\/wp\/v2\/product_tag?post=1486"}],"curies":[{"name":"wp","href":"https:\/\/api.w.org\/{rel}","templated":true}]}}