{"id":1500,"date":"2019-11-18T11:03:11","date_gmt":"2019-11-18T10:03:11","guid":{"rendered":"https:\/\/decofoodshop.nl\/?post_type=product&#038;p=1500"},"modified":"2026-04-18T10:31:44","modified_gmt":"2026-04-18T08:31:44","slug":"gefalschte-kiwi","status":"publish","type":"product","link":"https:\/\/decofoodshop.nl\/de\/product\/namaak-kiwi\/","title":{"rendered":"Gef\u00e4lschte Kiwis"},"content":{"rendered":"<p>Diese sch\u00f6ne k\u00fcnstliche Kiwi ist eines unserer vielen k\u00fcnstlichen Fruchtprodukte.<\/p>\n<p>Die Fake-Kiwi hat au\u00dfen Haare und f\u00fchlt sich dadurch extrem echt an.<\/p>\n<p>Die Farbe ist auch sehr realistisch.<\/p>\n<p>Echte Gr\u00f6\u00dfe und nicht von der Realit\u00e4t zu unterscheiden.<\/p>\n<p>Werfen Sie auch einen Blick auf unsere <span style=\"color: #000000;\"><a style=\"color: #000000;\" href=\"https:\/\/decofoodshop.nl\/de\/produktkategorie-2\/kunstliches-gemuse\/\">&#8216;<strong><span style=\"color: #008000;\">K\u00fcnstliches Gem\u00fcse<\/span><\/strong>&#8216;<\/a>.<\/span><\/p>","protected":false},"excerpt":{"rendered":"<p>Diese sch\u00f6ne k\u00fcnstliche Kiwi ist eines unserer vielen k\u00fcnstlichen Fruchtprodukte. Die k\u00fcnstliche Kiwi hat au\u00dfen Haare und f\u00fchlt sich dadurch extrem echt an. Die Farbe ist auch sehr realistisch. Ma\u00dfgetreu und nicht von der Realit\u00e4t zu unterscheiden. Werfen Sie auch einen Blick auf unser &#039;Kunstgem\u00fcse&#039;.<\/p>","protected":false},"featured_media":1501,"template":"","meta":{"_acf_changed":false,"_genesis_hide_title":false,"_genesis_hide_breadcrumbs":false,"_genesis_hide_singular_image":false,"_genesis_hide_footer_widgets":false,"_genesis_custom_body_class":"","_genesis_custom_post_class":"","_genesis_layout":""},"product_brand":[],"product_cat":[47],"product_tag":[],"class_list":{"0":"post-1500","1":"product","2":"type-product","3":"status-publish","4":"has-post-thumbnail","6":"product_cat-kunstfruit","7":"entry","8":"wpx-has-gallery","10":"first","11":"instock","12":"taxable","13":"shipping-taxable","14":"purchasable","15":"product-type-simple"},"acf":[],"yoast_head":"<!-- This site is optimized with the Yoast SEO Premium plugin v27.4 (Yoast SEO v27.4) - https:\/\/yoast.com\/product\/yoast-seo-premium-wordpress\/ -->\n<title>Realistische Namaak Kiwi En Kunstfruit Bij- Decofoodshop<\/title>\n<meta name=\"description\" content=\"Deze prachtige Namaak Kiwi is een van de mooie namaak producten die wij hebben op onze veelzeidige Webshop: Decofoodshop.\" \/>\n<meta name=\"robots\" content=\"index, follow, max-snippet:-1, max-image-preview:large, max-video-preview:-1\" \/>\n<link rel=\"canonical\" href=\"https:\/\/decofoodshop.nl\/de\/produkt\/gefalschte-kiwi\/\" \/>\n<meta property=\"og:locale\" content=\"de_DE\" \/>\n<meta property=\"og:type\" content=\"article\" \/>\n<meta property=\"og:title\" content=\"Namaak Kiwi\" \/>\n<meta property=\"og:description\" content=\"Deze prachtige Namaak Kiwi is een van de mooie namaak producten die wij hebben op onze veelzeidige Webshop: Decofoodshop.\" \/>\n<meta property=\"og:url\" content=\"https:\/\/decofoodshop.nl\/de\/produkt\/gefalschte-kiwi\/\" \/>\n<meta property=\"og:site_name\" content=\"Decofoodshop\" \/>\n<meta property=\"article:modified_time\" content=\"2026-04-18T08:31:44+00:00\" \/>\n<meta property=\"og:image\" content=\"https:\/\/decofoodshop.nl\/wp-content\/uploads\/2019\/11\/Namaak-Kiwi-75cm.jpg\" \/>\n\t<meta property=\"og:image:width\" content=\"1916\" \/>\n\t<meta property=\"og:image:height\" content=\"1916\" \/>\n\t<meta property=\"og:image:type\" content=\"image\/jpeg\" \/>\n<meta name=\"twitter:card\" content=\"summary_large_image\" \/>\n<meta name=\"twitter:label1\" content=\"Gesch\u00e4tzte Lesezeit\" \/>\n\t<meta name=\"twitter:data1\" content=\"1\u00a0Minute\" \/>\n<script type=\"application\/ld+json\" class=\"yoast-schema-graph\">{\"@context\":\"https:\\\/\\\/schema.org\",\"@graph\":[{\"@type\":\"WebPage\",\"@id\":\"https:\\\/\\\/decofoodshop.nl\\\/product\\\/namaak-kiwi\\\/\",\"url\":\"https:\\\/\\\/decofoodshop.nl\\\/product\\\/namaak-kiwi\\\/\",\"name\":\"Realistische Namaak Kiwi En Kunstfruit Bij- Decofoodshop\",\"isPartOf\":{\"@id\":\"https:\\\/\\\/decofoodshop.nl\\\/#website\"},\"primaryImageOfPage\":{\"@id\":\"https:\\\/\\\/decofoodshop.nl\\\/product\\\/namaak-kiwi\\\/#primaryimage\"},\"image\":{\"@id\":\"https:\\\/\\\/decofoodshop.nl\\\/product\\\/namaak-kiwi\\\/#primaryimage\"},\"thumbnailUrl\":\"https:\\\/\\\/decofoodshop.nl\\\/wp-content\\\/uploads\\\/2019\\\/11\\\/Namaak-Kiwi-75cm.jpg\",\"datePublished\":\"2019-11-18T10:03:11+00:00\",\"dateModified\":\"2026-04-18T08:31:44+00:00\",\"description\":\"Deze prachtige Namaak Kiwi is een van de mooie namaak producten die wij hebben op onze veelzeidige Webshop: Decofoodshop.\",\"breadcrumb\":{\"@id\":\"https:\\\/\\\/decofoodshop.nl\\\/product\\\/namaak-kiwi\\\/#breadcrumb\"},\"inLanguage\":\"de\",\"potentialAction\":[{\"@type\":\"ReadAction\",\"target\":[\"https:\\\/\\\/decofoodshop.nl\\\/product\\\/namaak-kiwi\\\/\"]}]},{\"@type\":\"ImageObject\",\"inLanguage\":\"de\",\"@id\":\"https:\\\/\\\/decofoodshop.nl\\\/product\\\/namaak-kiwi\\\/#primaryimage\",\"url\":\"https:\\\/\\\/decofoodshop.nl\\\/wp-content\\\/uploads\\\/2019\\\/11\\\/Namaak-Kiwi-75cm.jpg\",\"contentUrl\":\"https:\\\/\\\/decofoodshop.nl\\\/wp-content\\\/uploads\\\/2019\\\/11\\\/Namaak-Kiwi-75cm.jpg\",\"width\":1916,\"height\":1916,\"caption\":\"Namaak Kiwi\"},{\"@type\":\"BreadcrumbList\",\"@id\":\"https:\\\/\\\/decofoodshop.nl\\\/product\\\/namaak-kiwi\\\/#breadcrumb\",\"itemListElement\":[{\"@type\":\"ListItem\",\"position\":1,\"name\":\"Home\",\"item\":\"https:\\\/\\\/decofoodshop.nl\\\/\"},{\"@type\":\"ListItem\",\"position\":2,\"name\":\"Winkel\",\"item\":\"https:\\\/\\\/decofoodshop.nl\\\/winkel\\\/\"},{\"@type\":\"ListItem\",\"position\":3,\"name\":\"Namaak Kiwi\"}]},{\"@type\":\"WebSite\",\"@id\":\"https:\\\/\\\/decofoodshop.nl\\\/#website\",\"url\":\"https:\\\/\\\/decofoodshop.nl\\\/\",\"name\":\"Decofoodshop\",\"description\":\"\",\"potentialAction\":[{\"@type\":\"SearchAction\",\"target\":{\"@type\":\"EntryPoint\",\"urlTemplate\":\"https:\\\/\\\/decofoodshop.nl\\\/?s={search_term_string}\"},\"query-input\":{\"@type\":\"PropertyValueSpecification\",\"valueRequired\":true,\"valueName\":\"search_term_string\"}}],\"inLanguage\":\"de\"}]}<\/script>\n<!-- \/ Yoast SEO Premium plugin. -->","yoast_head_json":{"title":"Realistische gef\u00e4lschte Kiwis und k\u00fcnstliche Fr\u00fcchte bei - Decofoodshop","description":"Diese sch\u00f6ne gef\u00e4lschte Kiwi ist eines der sch\u00f6nen gef\u00e4lschten Produkte, die wir in unserem vielseitigen Webshop haben: Decofoodshop.","robots":{"index":"index","follow":"follow","max-snippet":"max-snippet:-1","max-image-preview":"max-image-preview:large","max-video-preview":"max-video-preview:-1"},"canonical":"https:\/\/decofoodshop.nl\/de\/produkt\/gefalschte-kiwi\/","og_locale":"de_DE","og_type":"article","og_title":"Namaak Kiwi","og_description":"Deze prachtige Namaak Kiwi is een van de mooie namaak producten die wij hebben op onze veelzeidige Webshop: Decofoodshop.","og_url":"https:\/\/decofoodshop.nl\/de\/produkt\/gefalschte-kiwi\/","og_site_name":"Decofoodshop","article_modified_time":"2026-04-18T08:31:44+00:00","og_image":[{"width":1916,"height":1916,"url":"https:\/\/decofoodshop.nl\/wp-content\/uploads\/2019\/11\/Namaak-Kiwi-75cm.jpg","type":"image\/jpeg"}],"twitter_card":"summary_large_image","twitter_misc":{"Gesch\u00e4tzte Lesezeit":"1\u00a0Minute"},"schema":{"@context":"https:\/\/schema.org","@graph":[{"@type":"WebPage","@id":"https:\/\/decofoodshop.nl\/product\/namaak-kiwi\/","url":"https:\/\/decofoodshop.nl\/product\/namaak-kiwi\/","name":"Realistische gef\u00e4lschte Kiwis und k\u00fcnstliche Fr\u00fcchte bei - Decofoodshop","isPartOf":{"@id":"https:\/\/decofoodshop.nl\/#website"},"primaryImageOfPage":{"@id":"https:\/\/decofoodshop.nl\/product\/namaak-kiwi\/#primaryimage"},"image":{"@id":"https:\/\/decofoodshop.nl\/product\/namaak-kiwi\/#primaryimage"},"thumbnailUrl":"https:\/\/decofoodshop.nl\/wp-content\/uploads\/2019\/11\/Namaak-Kiwi-75cm.jpg","datePublished":"2019-11-18T10:03:11+00:00","dateModified":"2026-04-18T08:31:44+00:00","description":"Diese sch\u00f6ne gef\u00e4lschte Kiwi ist eines der sch\u00f6nen gef\u00e4lschten Produkte, die wir in unserem vielseitigen Webshop haben: Decofoodshop.","breadcrumb":{"@id":"https:\/\/decofoodshop.nl\/product\/namaak-kiwi\/#breadcrumb"},"inLanguage":"de","potentialAction":[{"@type":"ReadAction","target":["https:\/\/decofoodshop.nl\/product\/namaak-kiwi\/"]}]},{"@type":"ImageObject","inLanguage":"de","@id":"https:\/\/decofoodshop.nl\/product\/namaak-kiwi\/#primaryimage","url":"https:\/\/decofoodshop.nl\/wp-content\/uploads\/2019\/11\/Namaak-Kiwi-75cm.jpg","contentUrl":"https:\/\/decofoodshop.nl\/wp-content\/uploads\/2019\/11\/Namaak-Kiwi-75cm.jpg","width":1916,"height":1916,"caption":"Namaak Kiwi"},{"@type":"BreadcrumbList","@id":"https:\/\/decofoodshop.nl\/product\/namaak-kiwi\/#breadcrumb","itemListElement":[{"@type":"ListItem","position":1,"name":"Home","item":"https:\/\/decofoodshop.nl\/"},{"@type":"ListItem","position":2,"name":"Winkel","item":"https:\/\/decofoodshop.nl\/winkel\/"},{"@type":"ListItem","position":3,"name":"Namaak Kiwi"}]},{"@type":"WebSite","@id":"https:\/\/decofoodshop.nl\/#website","url":"https:\/\/decofoodshop.nl\/","name":"Dekofoodshop","description":"","potentialAction":[{"@type":"SearchAction","target":{"@type":"EntryPoint","urlTemplate":"https:\/\/decofoodshop.nl\/?s={search_term_string}"},"query-input":{"@type":"PropertyValueSpecification","valueRequired":true,"valueName":"search_term_string"}}],"inLanguage":"de"}]}},"_links":{"self":[{"href":"https:\/\/decofoodshop.nl\/de\/wp-json\/wp\/v2\/product\/1500","targetHints":{"allow":["GET"]}}],"collection":[{"href":"https:\/\/decofoodshop.nl\/de\/wp-json\/wp\/v2\/product"}],"about":[{"href":"https:\/\/decofoodshop.nl\/de\/wp-json\/wp\/v2\/types\/product"}],"wp:featuredmedia":[{"embeddable":true,"href":"https:\/\/decofoodshop.nl\/de\/wp-json\/wp\/v2\/media\/1501"}],"wp:attachment":[{"href":"https:\/\/decofoodshop.nl\/de\/wp-json\/wp\/v2\/media?parent=1500"}],"wp:term":[{"taxonomy":"product_brand","embeddable":true,"href":"https:\/\/decofoodshop.nl\/de\/wp-json\/wp\/v2\/product_brand?post=1500"},{"taxonomy":"product_cat","embeddable":true,"href":"https:\/\/decofoodshop.nl\/de\/wp-json\/wp\/v2\/product_cat?post=1500"},{"taxonomy":"product_tag","embeddable":true,"href":"https:\/\/decofoodshop.nl\/de\/wp-json\/wp\/v2\/product_tag?post=1500"}],"curies":[{"name":"wp","href":"https:\/\/api.w.org\/{rel}","templated":true}]}}