{"id":1510,"date":"2019-11-18T11:51:38","date_gmt":"2019-11-18T10:51:38","guid":{"rendered":"https:\/\/decofoodshop.nl\/?post_type=product&#038;p=1510"},"modified":"2026-04-06T17:24:16","modified_gmt":"2026-04-06T15:24:16","slug":"gefalschter-pfirsich","status":"publish","type":"product","link":"https:\/\/decofoodshop.nl\/de\/product\/namaak-perzik\/","title":{"rendered":"Gef\u00e4lschter Pfirsich"},"content":{"rendered":"<p>Realistischer gef\u00e4lschter Pfirsich in voller Gr\u00f6\u00dfe.<\/p>\n<p>Die Au\u00dfenseite dieses k\u00fcnstlichen Pfirsichs hat sehr kurze Haare, wodurch er sich absolut echt anf\u00fchlt.<\/p>\n<p>Form und Farbe sind auch genau wie bei einem echten Pfirsich, wodurch dieser Zierpfirsich nicht von einem echten zu unterscheiden ist.<\/p>\n<p>\u00c4u\u00dferst dekorativ zu verwenden.<\/p>\n<p>Werfen Sie auch einen Blick auf unser Angebot an F\u00e4lschungen <span style=\"color: #008000;\"><a style=\"color: #008000;\" href=\"https:\/\/decofoodshop.nl\/de\/produktkategorie-2\/brotkuchen\/\">&#8216;<strong>Brot &amp; Geb\u00e4ck<\/strong>&#8216;<\/a><\/span>.<\/p>","protected":false},"excerpt":{"rendered":"<p>Realistische Namaak Perzik op ware grootte. De buitenkant van deze kunst perzik heeft hele korte haartjes waardoor hij precies echt aanvoelt. Ook de vorm en kleur zijn precies zoals een echte perzik waardoor deze sier perzik niet van echt te onderscheiden is. Uiterst decoratief te gebruiken. Kijk ook even bij ons assortiment aan namaak &#8216;brood [&hellip;]<\/p>\n","protected":false},"featured_media":1511,"template":"","meta":{"_acf_changed":false,"_genesis_hide_title":false,"_genesis_hide_breadcrumbs":false,"_genesis_hide_singular_image":false,"_genesis_hide_footer_widgets":false,"_genesis_custom_body_class":"","_genesis_custom_post_class":"","_genesis_layout":""},"product_brand":[],"product_cat":[47],"product_tag":[],"class_list":{"0":"post-1510","1":"product","2":"type-product","3":"status-publish","4":"has-post-thumbnail","6":"product_cat-kunstfruit","7":"entry","8":"wpx-has-gallery","10":"first","11":"instock","12":"taxable","13":"shipping-taxable","14":"purchasable","15":"product-type-simple"},"acf":[],"yoast_head":"<!-- This site is optimized with the Yoast SEO Premium plugin v27.3 (Yoast SEO v27.3) - https:\/\/yoast.com\/product\/yoast-seo-premium-wordpress\/ -->\n<title>Namaak Perzik en veel meer fruit dummy&#039;s kopen bij- Decofoodshop<\/title>\n<meta name=\"description\" content=\"Deze mooie namaak perzik is \u00e9\u00e9n van de vele kunstfruit artikelen bij decofoodshop.nl. Ook hebben we Namaak gebak, namaak vlees en namaak vis.\" \/>\n<meta name=\"robots\" content=\"index, follow, max-snippet:-1, max-image-preview:large, max-video-preview:-1\" \/>\n<link rel=\"canonical\" href=\"https:\/\/decofoodshop.nl\/de\/produkt\/gefalschter-pfirsich\/\" \/>\n<meta property=\"og:locale\" content=\"de_DE\" \/>\n<meta property=\"og:type\" content=\"article\" \/>\n<meta property=\"og:title\" content=\"Namaak Perzik\" \/>\n<meta property=\"og:description\" content=\"Deze mooie namaak perzik is \u00e9\u00e9n van de vele kunstfruit artikelen bij decofoodshop.nl. Ook hebben we Namaak gebak, namaak vlees en namaak vis.\" \/>\n<meta property=\"og:url\" content=\"https:\/\/decofoodshop.nl\/de\/produkt\/gefalschter-pfirsich\/\" \/>\n<meta property=\"og:site_name\" content=\"Decofoodshop\" \/>\n<meta property=\"article:modified_time\" content=\"2026-04-06T15:24:16+00:00\" \/>\n<meta property=\"og:image\" content=\"https:\/\/decofoodshop.nl\/wp-content\/uploads\/2019\/11\/Namaak-Perzik-8cm.jpg\" \/>\n\t<meta property=\"og:image:width\" content=\"2076\" \/>\n\t<meta property=\"og:image:height\" content=\"2076\" \/>\n\t<meta property=\"og:image:type\" content=\"image\/jpeg\" \/>\n<meta name=\"twitter:card\" content=\"summary_large_image\" \/>\n<meta name=\"twitter:label1\" content=\"Gesch\u00e4tzte Lesezeit\" \/>\n\t<meta name=\"twitter:data1\" content=\"1\u00a0Minute\" \/>\n<script type=\"application\/ld+json\" class=\"yoast-schema-graph\">{\"@context\":\"https:\\\/\\\/schema.org\",\"@graph\":[{\"@type\":\"WebPage\",\"@id\":\"https:\\\/\\\/decofoodshop.nl\\\/product\\\/namaak-perzik\\\/\",\"url\":\"https:\\\/\\\/decofoodshop.nl\\\/product\\\/namaak-perzik\\\/\",\"name\":\"Namaak Perzik en veel meer fruit dummy's kopen bij- Decofoodshop\",\"isPartOf\":{\"@id\":\"https:\\\/\\\/decofoodshop.nl\\\/#website\"},\"primaryImageOfPage\":{\"@id\":\"https:\\\/\\\/decofoodshop.nl\\\/product\\\/namaak-perzik\\\/#primaryimage\"},\"image\":{\"@id\":\"https:\\\/\\\/decofoodshop.nl\\\/product\\\/namaak-perzik\\\/#primaryimage\"},\"thumbnailUrl\":\"https:\\\/\\\/decofoodshop.nl\\\/wp-content\\\/uploads\\\/2019\\\/11\\\/Namaak-Perzik-8cm.jpg\",\"datePublished\":\"2019-11-18T10:51:38+00:00\",\"dateModified\":\"2026-04-06T15:24:16+00:00\",\"description\":\"Deze mooie namaak perzik is \u00e9\u00e9n van de vele kunstfruit artikelen bij decofoodshop.nl. Ook hebben we Namaak gebak, namaak vlees en namaak vis.\",\"breadcrumb\":{\"@id\":\"https:\\\/\\\/decofoodshop.nl\\\/product\\\/namaak-perzik\\\/#breadcrumb\"},\"inLanguage\":\"de\",\"potentialAction\":[{\"@type\":\"ReadAction\",\"target\":[\"https:\\\/\\\/decofoodshop.nl\\\/product\\\/namaak-perzik\\\/\"]}]},{\"@type\":\"ImageObject\",\"inLanguage\":\"de\",\"@id\":\"https:\\\/\\\/decofoodshop.nl\\\/product\\\/namaak-perzik\\\/#primaryimage\",\"url\":\"https:\\\/\\\/decofoodshop.nl\\\/wp-content\\\/uploads\\\/2019\\\/11\\\/Namaak-Perzik-8cm.jpg\",\"contentUrl\":\"https:\\\/\\\/decofoodshop.nl\\\/wp-content\\\/uploads\\\/2019\\\/11\\\/Namaak-Perzik-8cm.jpg\",\"width\":2076,\"height\":2076,\"caption\":\"Namaak Perzik\"},{\"@type\":\"BreadcrumbList\",\"@id\":\"https:\\\/\\\/decofoodshop.nl\\\/product\\\/namaak-perzik\\\/#breadcrumb\",\"itemListElement\":[{\"@type\":\"ListItem\",\"position\":1,\"name\":\"Home\",\"item\":\"https:\\\/\\\/decofoodshop.nl\\\/\"},{\"@type\":\"ListItem\",\"position\":2,\"name\":\"Winkel\",\"item\":\"https:\\\/\\\/decofoodshop.nl\\\/winkel\\\/\"},{\"@type\":\"ListItem\",\"position\":3,\"name\":\"Namaak Perzik\"}]},{\"@type\":\"WebSite\",\"@id\":\"https:\\\/\\\/decofoodshop.nl\\\/#website\",\"url\":\"https:\\\/\\\/decofoodshop.nl\\\/\",\"name\":\"Decofoodshop\",\"description\":\"\",\"potentialAction\":[{\"@type\":\"SearchAction\",\"target\":{\"@type\":\"EntryPoint\",\"urlTemplate\":\"https:\\\/\\\/decofoodshop.nl\\\/?s={search_term_string}\"},\"query-input\":{\"@type\":\"PropertyValueSpecification\",\"valueRequired\":true,\"valueName\":\"search_term_string\"}}],\"inLanguage\":\"de\"}]}<\/script>\n<!-- \/ Yoast SEO Premium plugin. -->","yoast_head_json":{"title":"Kaufen Sie gef\u00e4lschten Pfirsich und viele weitere Fruchtattrappen bei Decofoodshop","description":"Dieser sch\u00f6ne k\u00fcnstliche Pfirsich ist einer der vielen k\u00fcnstlichen Obstartikel bei decofoodshop.nl. Wir haben auch gef\u00e4lschte Backwaren, gef\u00e4lschtes Fleisch und gef\u00e4lschten Fisch.","robots":{"index":"index","follow":"follow","max-snippet":"max-snippet:-1","max-image-preview":"max-image-preview:large","max-video-preview":"max-video-preview:-1"},"canonical":"https:\/\/decofoodshop.nl\/de\/produkt\/gefalschter-pfirsich\/","og_locale":"de_DE","og_type":"article","og_title":"Namaak Perzik","og_description":"Deze mooie namaak perzik is \u00e9\u00e9n van de vele kunstfruit artikelen bij decofoodshop.nl. Ook hebben we Namaak gebak, namaak vlees en namaak vis.","og_url":"https:\/\/decofoodshop.nl\/de\/produkt\/gefalschter-pfirsich\/","og_site_name":"Decofoodshop","article_modified_time":"2026-04-06T15:24:16+00:00","og_image":[{"width":2076,"height":2076,"url":"https:\/\/decofoodshop.nl\/wp-content\/uploads\/2019\/11\/Namaak-Perzik-8cm.jpg","type":"image\/jpeg"}],"twitter_card":"summary_large_image","twitter_misc":{"Gesch\u00e4tzte Lesezeit":"1\u00a0Minute"},"schema":{"@context":"https:\/\/schema.org","@graph":[{"@type":"WebPage","@id":"https:\/\/decofoodshop.nl\/product\/namaak-perzik\/","url":"https:\/\/decofoodshop.nl\/product\/namaak-perzik\/","name":"Kaufen Sie gef\u00e4lschten Pfirsich und viele weitere Fruchtattrappen bei Decofoodshop","isPartOf":{"@id":"https:\/\/decofoodshop.nl\/#website"},"primaryImageOfPage":{"@id":"https:\/\/decofoodshop.nl\/product\/namaak-perzik\/#primaryimage"},"image":{"@id":"https:\/\/decofoodshop.nl\/product\/namaak-perzik\/#primaryimage"},"thumbnailUrl":"https:\/\/decofoodshop.nl\/wp-content\/uploads\/2019\/11\/Namaak-Perzik-8cm.jpg","datePublished":"2019-11-18T10:51:38+00:00","dateModified":"2026-04-06T15:24:16+00:00","description":"Dieser sch\u00f6ne k\u00fcnstliche Pfirsich ist einer der vielen k\u00fcnstlichen Obstartikel bei decofoodshop.nl. Wir haben auch gef\u00e4lschte Backwaren, gef\u00e4lschtes Fleisch und gef\u00e4lschten Fisch.","breadcrumb":{"@id":"https:\/\/decofoodshop.nl\/product\/namaak-perzik\/#breadcrumb"},"inLanguage":"de","potentialAction":[{"@type":"ReadAction","target":["https:\/\/decofoodshop.nl\/product\/namaak-perzik\/"]}]},{"@type":"ImageObject","inLanguage":"de","@id":"https:\/\/decofoodshop.nl\/product\/namaak-perzik\/#primaryimage","url":"https:\/\/decofoodshop.nl\/wp-content\/uploads\/2019\/11\/Namaak-Perzik-8cm.jpg","contentUrl":"https:\/\/decofoodshop.nl\/wp-content\/uploads\/2019\/11\/Namaak-Perzik-8cm.jpg","width":2076,"height":2076,"caption":"Namaak Perzik"},{"@type":"BreadcrumbList","@id":"https:\/\/decofoodshop.nl\/product\/namaak-perzik\/#breadcrumb","itemListElement":[{"@type":"ListItem","position":1,"name":"Home","item":"https:\/\/decofoodshop.nl\/"},{"@type":"ListItem","position":2,"name":"Winkel","item":"https:\/\/decofoodshop.nl\/winkel\/"},{"@type":"ListItem","position":3,"name":"Namaak Perzik"}]},{"@type":"WebSite","@id":"https:\/\/decofoodshop.nl\/#website","url":"https:\/\/decofoodshop.nl\/","name":"Dekofoodshop","description":"","potentialAction":[{"@type":"SearchAction","target":{"@type":"EntryPoint","urlTemplate":"https:\/\/decofoodshop.nl\/?s={search_term_string}"},"query-input":{"@type":"PropertyValueSpecification","valueRequired":true,"valueName":"search_term_string"}}],"inLanguage":"de"}]}},"_links":{"self":[{"href":"https:\/\/decofoodshop.nl\/de\/wp-json\/wp\/v2\/product\/1510","targetHints":{"allow":["GET"]}}],"collection":[{"href":"https:\/\/decofoodshop.nl\/de\/wp-json\/wp\/v2\/product"}],"about":[{"href":"https:\/\/decofoodshop.nl\/de\/wp-json\/wp\/v2\/types\/product"}],"wp:featuredmedia":[{"embeddable":true,"href":"https:\/\/decofoodshop.nl\/de\/wp-json\/wp\/v2\/media\/1511"}],"wp:attachment":[{"href":"https:\/\/decofoodshop.nl\/de\/wp-json\/wp\/v2\/media?parent=1510"}],"wp:term":[{"taxonomy":"product_brand","embeddable":true,"href":"https:\/\/decofoodshop.nl\/de\/wp-json\/wp\/v2\/product_brand?post=1510"},{"taxonomy":"product_cat","embeddable":true,"href":"https:\/\/decofoodshop.nl\/de\/wp-json\/wp\/v2\/product_cat?post=1510"},{"taxonomy":"product_tag","embeddable":true,"href":"https:\/\/decofoodshop.nl\/de\/wp-json\/wp\/v2\/product_tag?post=1510"}],"curies":[{"name":"wp","href":"https:\/\/api.w.org\/{rel}","templated":true}]}}