{"id":1517,"date":"2019-11-18T12:23:45","date_gmt":"2019-11-18T12:23:45","guid":{"rendered":"https:\/\/decofoodshop.nl\/?post_type=product&#038;p=1517"},"modified":"2026-02-28T15:05:49","modified_gmt":"2026-02-28T14:05:49","slug":"grune-gefalschte-mango","status":"publish","type":"product","link":"https:\/\/decofoodshop.nl\/de\/product\/groene-namaak-mango\/","title":{"rendered":"Gr\u00fcne gef\u00e4lschte Mango"},"content":{"rendered":"<p>Diese sch\u00f6ne gr\u00fcne gef\u00e4lschte Mango sieht genauso aus wie echt.<\/p>\n<p>Form und Farbe der k\u00fcnstlichen Mango sind v\u00f6llig nat\u00fcrlich.<\/p>\n<p>Ausgestattet mit Sprenkeln f\u00fcr einen noch nat\u00fcrlicheren Look.<\/p>\n<p>Echte Ber\u00fchrung und wahre Gr\u00f6\u00dfe.<\/p>\n<p>Schauen Sie sich gerne auch unser anderes Angebot an<span style=\"color: #008000;\"> <a style=\"color: #008000;\" href=\"https:\/\/decofoodshop.nl\/de\/produktkategorie-2\/kunstliche-fruchte\/\">&quot;K\u00fcnstliche Frucht&quot;<\/a><\/span>.<\/p>","protected":false},"excerpt":{"rendered":"<p>Diese sch\u00f6ne gr\u00fcne gef\u00e4lschte Mango sieht genauso aus wie das Original. Form und Farbe der k\u00fcnstlichen Mango sind v\u00f6llig nat\u00fcrlich. Mit Sprenkeln versehen f\u00fcr ein noch nat\u00fcrlicheres Aussehen. Echte Ber\u00fchrung und wahre Gr\u00f6\u00dfe. Schauen Sie sich gerne auch unser anderes Sortiment an &#039;Kunstobst&#039; an.<\/p>","protected":false},"featured_media":1518,"template":"","meta":{"_acf_changed":false,"_genesis_hide_title":false,"_genesis_hide_breadcrumbs":false,"_genesis_hide_singular_image":false,"_genesis_hide_footer_widgets":false,"_genesis_custom_body_class":"","_genesis_custom_post_class":"","_genesis_layout":""},"product_brand":[],"product_cat":[47],"product_tag":[],"class_list":{"0":"post-1517","1":"product","2":"type-product","3":"status-publish","4":"has-post-thumbnail","6":"product_cat-kunstfruit","7":"entry","8":"wpx-has-gallery","10":"first","11":"instock","12":"taxable","13":"shipping-taxable","14":"purchasable","15":"product-type-simple"},"acf":[],"yoast_head":"<!-- This site is optimized with the Yoast SEO Premium plugin v27.4 (Yoast SEO v27.4) - https:\/\/yoast.com\/product\/yoast-seo-premium-wordpress\/ -->\n<title>Prachtige Groene Namaak Mango - Decofoodshop<\/title>\n<meta name=\"description\" content=\"Wij bieden een breed aanbod kunstfruit waaronder ook deze groene namaak mango. Ook bij Decofoodshop veel namaak groenten en meer namaak eten.\" \/>\n<meta name=\"robots\" content=\"index, follow, max-snippet:-1, max-image-preview:large, max-video-preview:-1\" \/>\n<link rel=\"canonical\" href=\"https:\/\/decofoodshop.nl\/de\/produkt\/grune-gefalschte-mango\/\" \/>\n<meta property=\"og:locale\" content=\"de_DE\" \/>\n<meta property=\"og:type\" content=\"article\" \/>\n<meta property=\"og:title\" content=\"Groene Namaak Mango\" \/>\n<meta property=\"og:description\" content=\"Wij bieden een breed aanbod kunstfruit waaronder ook deze groene namaak mango. Ook bij Decofoodshop veel namaak groenten en meer namaak eten.\" \/>\n<meta property=\"og:url\" content=\"https:\/\/decofoodshop.nl\/de\/produkt\/grune-gefalschte-mango\/\" \/>\n<meta property=\"og:site_name\" content=\"Decofoodshop\" \/>\n<meta property=\"article:modified_time\" content=\"2026-02-28T14:05:49+00:00\" \/>\n<meta property=\"og:image\" content=\"https:\/\/decofoodshop.nl\/wp-content\/uploads\/2019\/11\/Groen-Gele-Namaak-Mango-13cm-single-e1575371964256.jpg\" \/>\n\t<meta property=\"og:image:width\" content=\"902\" \/>\n\t<meta property=\"og:image:height\" content=\"902\" \/>\n\t<meta property=\"og:image:type\" content=\"image\/jpeg\" \/>\n<meta name=\"twitter:card\" content=\"summary_large_image\" \/>\n<meta name=\"twitter:label1\" content=\"Gesch\u00e4tzte Lesezeit\" \/>\n\t<meta name=\"twitter:data1\" content=\"1\u00a0Minute\" \/>\n<script type=\"application\/ld+json\" class=\"yoast-schema-graph\">{\"@context\":\"https:\\\/\\\/schema.org\",\"@graph\":[{\"@type\":\"WebPage\",\"@id\":\"https:\\\/\\\/decofoodshop.nl\\\/product\\\/groene-namaak-mango\\\/\",\"url\":\"https:\\\/\\\/decofoodshop.nl\\\/product\\\/groene-namaak-mango\\\/\",\"name\":\"Prachtige Groene Namaak Mango - Decofoodshop\",\"isPartOf\":{\"@id\":\"https:\\\/\\\/decofoodshop.nl\\\/#website\"},\"primaryImageOfPage\":{\"@id\":\"https:\\\/\\\/decofoodshop.nl\\\/product\\\/groene-namaak-mango\\\/#primaryimage\"},\"image\":{\"@id\":\"https:\\\/\\\/decofoodshop.nl\\\/product\\\/groene-namaak-mango\\\/#primaryimage\"},\"thumbnailUrl\":\"https:\\\/\\\/decofoodshop.nl\\\/wp-content\\\/uploads\\\/2019\\\/11\\\/Groen-Gele-Namaak-Mango-13cm-single-e1575371964256.jpg\",\"datePublished\":\"2019-11-18T12:23:45+00:00\",\"dateModified\":\"2026-02-28T14:05:49+00:00\",\"description\":\"Wij bieden een breed aanbod kunstfruit waaronder ook deze groene namaak mango. Ook bij Decofoodshop veel namaak groenten en meer namaak eten.\",\"breadcrumb\":{\"@id\":\"https:\\\/\\\/decofoodshop.nl\\\/product\\\/groene-namaak-mango\\\/#breadcrumb\"},\"inLanguage\":\"de\",\"potentialAction\":[{\"@type\":\"ReadAction\",\"target\":[\"https:\\\/\\\/decofoodshop.nl\\\/product\\\/groene-namaak-mango\\\/\"]}]},{\"@type\":\"ImageObject\",\"inLanguage\":\"de\",\"@id\":\"https:\\\/\\\/decofoodshop.nl\\\/product\\\/groene-namaak-mango\\\/#primaryimage\",\"url\":\"https:\\\/\\\/decofoodshop.nl\\\/wp-content\\\/uploads\\\/2019\\\/11\\\/Groen-Gele-Namaak-Mango-13cm-single-e1575371964256.jpg\",\"contentUrl\":\"https:\\\/\\\/decofoodshop.nl\\\/wp-content\\\/uploads\\\/2019\\\/11\\\/Groen-Gele-Namaak-Mango-13cm-single-e1575371964256.jpg\",\"width\":902,\"height\":902,\"caption\":\"Groene namaak mango\"},{\"@type\":\"BreadcrumbList\",\"@id\":\"https:\\\/\\\/decofoodshop.nl\\\/product\\\/groene-namaak-mango\\\/#breadcrumb\",\"itemListElement\":[{\"@type\":\"ListItem\",\"position\":1,\"name\":\"Home\",\"item\":\"https:\\\/\\\/decofoodshop.nl\\\/\"},{\"@type\":\"ListItem\",\"position\":2,\"name\":\"Winkel\",\"item\":\"https:\\\/\\\/decofoodshop.nl\\\/winkel\\\/\"},{\"@type\":\"ListItem\",\"position\":3,\"name\":\"Groene Namaak Mango\"}]},{\"@type\":\"WebSite\",\"@id\":\"https:\\\/\\\/decofoodshop.nl\\\/#website\",\"url\":\"https:\\\/\\\/decofoodshop.nl\\\/\",\"name\":\"Decofoodshop\",\"description\":\"\",\"potentialAction\":[{\"@type\":\"SearchAction\",\"target\":{\"@type\":\"EntryPoint\",\"urlTemplate\":\"https:\\\/\\\/decofoodshop.nl\\\/?s={search_term_string}\"},\"query-input\":{\"@type\":\"PropertyValueSpecification\",\"valueRequired\":true,\"valueName\":\"search_term_string\"}}],\"inLanguage\":\"de\"}]}<\/script>\n<!-- \/ Yoast SEO Premium plugin. -->","yoast_head_json":{"title":"Sch\u00f6ne gr\u00fcne gef\u00e4lschte Mango - Decofoodshop","description":"Wir bieten eine gro\u00dfe Auswahl an k\u00fcnstlichen Fr\u00fcchten an, einschlie\u00dflich dieser gr\u00fcnen gef\u00e4lschten Mango. Auch bei Decofoodshop viel gef\u00e4lschtes Gem\u00fcse und mehr gef\u00e4lschte Lebensmittel.","robots":{"index":"index","follow":"follow","max-snippet":"max-snippet:-1","max-image-preview":"max-image-preview:large","max-video-preview":"max-video-preview:-1"},"canonical":"https:\/\/decofoodshop.nl\/de\/produkt\/grune-gefalschte-mango\/","og_locale":"de_DE","og_type":"article","og_title":"Groene Namaak Mango","og_description":"Wij bieden een breed aanbod kunstfruit waaronder ook deze groene namaak mango. Ook bij Decofoodshop veel namaak groenten en meer namaak eten.","og_url":"https:\/\/decofoodshop.nl\/de\/produkt\/grune-gefalschte-mango\/","og_site_name":"Decofoodshop","article_modified_time":"2026-02-28T14:05:49+00:00","og_image":[{"width":902,"height":902,"url":"https:\/\/decofoodshop.nl\/wp-content\/uploads\/2019\/11\/Groen-Gele-Namaak-Mango-13cm-single-e1575371964256.jpg","type":"image\/jpeg"}],"twitter_card":"summary_large_image","twitter_misc":{"Gesch\u00e4tzte Lesezeit":"1\u00a0Minute"},"schema":{"@context":"https:\/\/schema.org","@graph":[{"@type":"WebPage","@id":"https:\/\/decofoodshop.nl\/product\/groene-namaak-mango\/","url":"https:\/\/decofoodshop.nl\/product\/groene-namaak-mango\/","name":"Sch\u00f6ne gr\u00fcne gef\u00e4lschte Mango - Decofoodshop","isPartOf":{"@id":"https:\/\/decofoodshop.nl\/#website"},"primaryImageOfPage":{"@id":"https:\/\/decofoodshop.nl\/product\/groene-namaak-mango\/#primaryimage"},"image":{"@id":"https:\/\/decofoodshop.nl\/product\/groene-namaak-mango\/#primaryimage"},"thumbnailUrl":"https:\/\/decofoodshop.nl\/wp-content\/uploads\/2019\/11\/Groen-Gele-Namaak-Mango-13cm-single-e1575371964256.jpg","datePublished":"2019-11-18T12:23:45+00:00","dateModified":"2026-02-28T14:05:49+00:00","description":"Wir bieten eine gro\u00dfe Auswahl an k\u00fcnstlichen Fr\u00fcchten an, einschlie\u00dflich dieser gr\u00fcnen gef\u00e4lschten Mango. Auch bei Decofoodshop viel gef\u00e4lschtes Gem\u00fcse und mehr gef\u00e4lschte Lebensmittel.","breadcrumb":{"@id":"https:\/\/decofoodshop.nl\/product\/groene-namaak-mango\/#breadcrumb"},"inLanguage":"de","potentialAction":[{"@type":"ReadAction","target":["https:\/\/decofoodshop.nl\/product\/groene-namaak-mango\/"]}]},{"@type":"ImageObject","inLanguage":"de","@id":"https:\/\/decofoodshop.nl\/product\/groene-namaak-mango\/#primaryimage","url":"https:\/\/decofoodshop.nl\/wp-content\/uploads\/2019\/11\/Groen-Gele-Namaak-Mango-13cm-single-e1575371964256.jpg","contentUrl":"https:\/\/decofoodshop.nl\/wp-content\/uploads\/2019\/11\/Groen-Gele-Namaak-Mango-13cm-single-e1575371964256.jpg","width":902,"height":902,"caption":"Groene namaak mango"},{"@type":"BreadcrumbList","@id":"https:\/\/decofoodshop.nl\/product\/groene-namaak-mango\/#breadcrumb","itemListElement":[{"@type":"ListItem","position":1,"name":"Home","item":"https:\/\/decofoodshop.nl\/"},{"@type":"ListItem","position":2,"name":"Winkel","item":"https:\/\/decofoodshop.nl\/winkel\/"},{"@type":"ListItem","position":3,"name":"Groene Namaak Mango"}]},{"@type":"WebSite","@id":"https:\/\/decofoodshop.nl\/#website","url":"https:\/\/decofoodshop.nl\/","name":"Dekofoodshop","description":"","potentialAction":[{"@type":"SearchAction","target":{"@type":"EntryPoint","urlTemplate":"https:\/\/decofoodshop.nl\/?s={search_term_string}"},"query-input":{"@type":"PropertyValueSpecification","valueRequired":true,"valueName":"search_term_string"}}],"inLanguage":"de"}]}},"_links":{"self":[{"href":"https:\/\/decofoodshop.nl\/de\/wp-json\/wp\/v2\/product\/1517","targetHints":{"allow":["GET"]}}],"collection":[{"href":"https:\/\/decofoodshop.nl\/de\/wp-json\/wp\/v2\/product"}],"about":[{"href":"https:\/\/decofoodshop.nl\/de\/wp-json\/wp\/v2\/types\/product"}],"wp:featuredmedia":[{"embeddable":true,"href":"https:\/\/decofoodshop.nl\/de\/wp-json\/wp\/v2\/media\/1518"}],"wp:attachment":[{"href":"https:\/\/decofoodshop.nl\/de\/wp-json\/wp\/v2\/media?parent=1517"}],"wp:term":[{"taxonomy":"product_brand","embeddable":true,"href":"https:\/\/decofoodshop.nl\/de\/wp-json\/wp\/v2\/product_brand?post=1517"},{"taxonomy":"product_cat","embeddable":true,"href":"https:\/\/decofoodshop.nl\/de\/wp-json\/wp\/v2\/product_cat?post=1517"},{"taxonomy":"product_tag","embeddable":true,"href":"https:\/\/decofoodshop.nl\/de\/wp-json\/wp\/v2\/product_tag?post=1517"}],"curies":[{"name":"wp","href":"https:\/\/api.w.org\/{rel}","templated":true}]}}