{"id":1528,"date":"2019-11-21T09:13:13","date_gmt":"2019-11-21T09:13:13","guid":{"rendered":"https:\/\/decofoodshop.nl\/?post_type=product&#038;p=1528"},"modified":"2026-03-19T04:32:16","modified_gmt":"2026-03-19T03:32:16","slug":"gefalschte-feige","status":"publish","type":"product","link":"https:\/\/decofoodshop.nl\/de\/product\/namaak-vijg\/","title":{"rendered":"Gef\u00e4lschte Abb"},"content":{"rendered":"<p>Diese gef\u00e4lschte Feige ist sehr realistisch.<\/p>\n<p>Seine Farbe ist einer echten reifen Feige nachempfunden.<\/p>\n<p>Durch ihre Unregelm\u00e4\u00dfigkeiten wirkt diese Kunstfeige noch echter.<\/p>\n<p>Volle Gr\u00f6\u00dfe und \u00e4u\u00dferst dekorativ.<\/p>\n<p>Bitte beachten Sie auch unser gro\u00dfes Sortiment: <span style=\"color: #008000;\"><a style=\"color: #008000;\" href=\"https:\/\/decofoodshop.nl\/de\/produktkategorie-2\/kunstliches-gemuse\/\">&quot;K\u00fcnstliches Gem\u00fcse&quot;<\/a><\/span>.<\/p>","protected":false},"excerpt":{"rendered":"<p>Diese Fake Fig ist unglaublich realistisch. Seine Farbe ist einer echten reifen Feige nachempfunden. Aufgrund ihrer Unregelm\u00e4\u00dfigkeiten wirkt diese k\u00fcnstliche Feige noch realer. Volle Gr\u00f6\u00dfe und \u00e4u\u00dferst dekorativ. Schauen Sie sich auch gern unser gro\u00dfes Sortiment \u201eKunstgem\u00fcse\u201c an.<\/p>","protected":false},"featured_media":1615,"template":"","meta":{"_acf_changed":false,"_genesis_hide_title":false,"_genesis_hide_breadcrumbs":false,"_genesis_hide_singular_image":false,"_genesis_hide_footer_widgets":false,"_genesis_custom_body_class":"","_genesis_custom_post_class":"","_genesis_layout":""},"product_brand":[],"product_cat":[47],"product_tag":[],"class_list":{"0":"post-1528","1":"product","2":"type-product","3":"status-publish","4":"has-post-thumbnail","6":"product_cat-kunstfruit","7":"entry","8":"wpx-has-gallery","10":"first","11":"instock","12":"taxable","13":"shipping-taxable","14":"purchasable","15":"product-type-simple"},"acf":[],"yoast_head":"<!-- This site is optimized with the Yoast SEO Premium plugin v27.4 (Yoast SEO v27.4) - https:\/\/yoast.com\/product\/yoast-seo-premium-wordpress\/ -->\n<title>Realistische Namaak Vijg Verkrijgbaar Bij - Decofoodshop<\/title>\n<meta name=\"description\" content=\"Deze namaak vijg en veel natuurlijk namaakfruit verrkijgbaar bij decofoodshop. Ook bieden wij Kunstgroenten en ander namaak voedsel aan.\" \/>\n<meta name=\"robots\" content=\"index, follow, max-snippet:-1, max-image-preview:large, max-video-preview:-1\" \/>\n<link rel=\"canonical\" href=\"https:\/\/decofoodshop.nl\/de\/produkt\/gefalschte-feige\/\" \/>\n<meta property=\"og:locale\" content=\"de_DE\" \/>\n<meta property=\"og:type\" content=\"article\" \/>\n<meta property=\"og:title\" content=\"Namaak Vijg\" \/>\n<meta property=\"og:description\" content=\"Deze namaak vijg en veel natuurlijk namaakfruit verrkijgbaar bij decofoodshop. Ook bieden wij Kunstgroenten en ander namaak voedsel aan.\" \/>\n<meta property=\"og:url\" content=\"https:\/\/decofoodshop.nl\/de\/produkt\/gefalschte-feige\/\" \/>\n<meta property=\"og:site_name\" content=\"Decofoodshop\" \/>\n<meta property=\"article:modified_time\" content=\"2026-03-19T03:32:16+00:00\" \/>\n<meta property=\"og:image\" content=\"https:\/\/decofoodshop.nl\/wp-content\/uploads\/2019\/11\/IMG_7792-1-scaled.jpg\" \/>\n\t<meta property=\"og:image:width\" content=\"2556\" \/>\n\t<meta property=\"og:image:height\" content=\"2560\" \/>\n\t<meta property=\"og:image:type\" content=\"image\/jpeg\" \/>\n<meta name=\"twitter:card\" content=\"summary_large_image\" \/>\n<meta name=\"twitter:label1\" content=\"Gesch\u00e4tzte Lesezeit\" \/>\n\t<meta name=\"twitter:data1\" content=\"1\u00a0Minute\" \/>\n<script type=\"application\/ld+json\" class=\"yoast-schema-graph\">{\"@context\":\"https:\\\/\\\/schema.org\",\"@graph\":[{\"@type\":\"WebPage\",\"@id\":\"https:\\\/\\\/decofoodshop.nl\\\/product\\\/namaak-vijg\\\/\",\"url\":\"https:\\\/\\\/decofoodshop.nl\\\/product\\\/namaak-vijg\\\/\",\"name\":\"Realistische Namaak Vijg Verkrijgbaar Bij - Decofoodshop\",\"isPartOf\":{\"@id\":\"https:\\\/\\\/decofoodshop.nl\\\/#website\"},\"primaryImageOfPage\":{\"@id\":\"https:\\\/\\\/decofoodshop.nl\\\/product\\\/namaak-vijg\\\/#primaryimage\"},\"image\":{\"@id\":\"https:\\\/\\\/decofoodshop.nl\\\/product\\\/namaak-vijg\\\/#primaryimage\"},\"thumbnailUrl\":\"https:\\\/\\\/decofoodshop.nl\\\/wp-content\\\/uploads\\\/2019\\\/11\\\/IMG_7792-1-scaled.jpg\",\"datePublished\":\"2019-11-21T09:13:13+00:00\",\"dateModified\":\"2026-03-19T03:32:16+00:00\",\"description\":\"Deze namaak vijg en veel natuurlijk namaakfruit verrkijgbaar bij decofoodshop. Ook bieden wij Kunstgroenten en ander namaak voedsel aan.\",\"breadcrumb\":{\"@id\":\"https:\\\/\\\/decofoodshop.nl\\\/product\\\/namaak-vijg\\\/#breadcrumb\"},\"inLanguage\":\"de\",\"potentialAction\":[{\"@type\":\"ReadAction\",\"target\":[\"https:\\\/\\\/decofoodshop.nl\\\/product\\\/namaak-vijg\\\/\"]}]},{\"@type\":\"ImageObject\",\"inLanguage\":\"de\",\"@id\":\"https:\\\/\\\/decofoodshop.nl\\\/product\\\/namaak-vijg\\\/#primaryimage\",\"url\":\"https:\\\/\\\/decofoodshop.nl\\\/wp-content\\\/uploads\\\/2019\\\/11\\\/IMG_7792-1-scaled.jpg\",\"contentUrl\":\"https:\\\/\\\/decofoodshop.nl\\\/wp-content\\\/uploads\\\/2019\\\/11\\\/IMG_7792-1-scaled.jpg\",\"width\":2556,\"height\":2560,\"caption\":\"Namaak Vijg\"},{\"@type\":\"BreadcrumbList\",\"@id\":\"https:\\\/\\\/decofoodshop.nl\\\/product\\\/namaak-vijg\\\/#breadcrumb\",\"itemListElement\":[{\"@type\":\"ListItem\",\"position\":1,\"name\":\"Home\",\"item\":\"https:\\\/\\\/decofoodshop.nl\\\/\"},{\"@type\":\"ListItem\",\"position\":2,\"name\":\"Winkel\",\"item\":\"https:\\\/\\\/decofoodshop.nl\\\/winkel\\\/\"},{\"@type\":\"ListItem\",\"position\":3,\"name\":\"Namaak Vijg\"}]},{\"@type\":\"WebSite\",\"@id\":\"https:\\\/\\\/decofoodshop.nl\\\/#website\",\"url\":\"https:\\\/\\\/decofoodshop.nl\\\/\",\"name\":\"Decofoodshop\",\"description\":\"\",\"potentialAction\":[{\"@type\":\"SearchAction\",\"target\":{\"@type\":\"EntryPoint\",\"urlTemplate\":\"https:\\\/\\\/decofoodshop.nl\\\/?s={search_term_string}\"},\"query-input\":{\"@type\":\"PropertyValueSpecification\",\"valueRequired\":true,\"valueName\":\"search_term_string\"}}],\"inLanguage\":\"de\"}]}<\/script>\n<!-- \/ Yoast SEO Premium plugin. -->","yoast_head_json":{"title":"Realistische Kunstfeige erh\u00e4ltlich bei - Decofoodshop","description":"Dieses Feigenimitat und viele nat\u00fcrliche Fruchtimitate sind bei decofoodshop erh\u00e4ltlich. Wir bieten auch k\u00fcnstliches Gem\u00fcse und andere gef\u00e4lschte Lebensmittel an.","robots":{"index":"index","follow":"follow","max-snippet":"max-snippet:-1","max-image-preview":"max-image-preview:large","max-video-preview":"max-video-preview:-1"},"canonical":"https:\/\/decofoodshop.nl\/de\/produkt\/gefalschte-feige\/","og_locale":"de_DE","og_type":"article","og_title":"Namaak Vijg","og_description":"Deze namaak vijg en veel natuurlijk namaakfruit verrkijgbaar bij decofoodshop. Ook bieden wij Kunstgroenten en ander namaak voedsel aan.","og_url":"https:\/\/decofoodshop.nl\/de\/produkt\/gefalschte-feige\/","og_site_name":"Decofoodshop","article_modified_time":"2026-03-19T03:32:16+00:00","og_image":[{"width":2556,"height":2560,"url":"https:\/\/decofoodshop.nl\/wp-content\/uploads\/2019\/11\/IMG_7792-1-scaled.jpg","type":"image\/jpeg"}],"twitter_card":"summary_large_image","twitter_misc":{"Gesch\u00e4tzte Lesezeit":"1\u00a0Minute"},"schema":{"@context":"https:\/\/schema.org","@graph":[{"@type":"WebPage","@id":"https:\/\/decofoodshop.nl\/product\/namaak-vijg\/","url":"https:\/\/decofoodshop.nl\/product\/namaak-vijg\/","name":"Realistische Kunstfeige erh\u00e4ltlich bei - Decofoodshop","isPartOf":{"@id":"https:\/\/decofoodshop.nl\/#website"},"primaryImageOfPage":{"@id":"https:\/\/decofoodshop.nl\/product\/namaak-vijg\/#primaryimage"},"image":{"@id":"https:\/\/decofoodshop.nl\/product\/namaak-vijg\/#primaryimage"},"thumbnailUrl":"https:\/\/decofoodshop.nl\/wp-content\/uploads\/2019\/11\/IMG_7792-1-scaled.jpg","datePublished":"2019-11-21T09:13:13+00:00","dateModified":"2026-03-19T03:32:16+00:00","description":"Dieses Feigenimitat und viele nat\u00fcrliche Fruchtimitate sind bei decofoodshop erh\u00e4ltlich. Wir bieten auch k\u00fcnstliches Gem\u00fcse und andere gef\u00e4lschte Lebensmittel an.","breadcrumb":{"@id":"https:\/\/decofoodshop.nl\/product\/namaak-vijg\/#breadcrumb"},"inLanguage":"de","potentialAction":[{"@type":"ReadAction","target":["https:\/\/decofoodshop.nl\/product\/namaak-vijg\/"]}]},{"@type":"ImageObject","inLanguage":"de","@id":"https:\/\/decofoodshop.nl\/product\/namaak-vijg\/#primaryimage","url":"https:\/\/decofoodshop.nl\/wp-content\/uploads\/2019\/11\/IMG_7792-1-scaled.jpg","contentUrl":"https:\/\/decofoodshop.nl\/wp-content\/uploads\/2019\/11\/IMG_7792-1-scaled.jpg","width":2556,"height":2560,"caption":"Namaak Vijg"},{"@type":"BreadcrumbList","@id":"https:\/\/decofoodshop.nl\/product\/namaak-vijg\/#breadcrumb","itemListElement":[{"@type":"ListItem","position":1,"name":"Home","item":"https:\/\/decofoodshop.nl\/"},{"@type":"ListItem","position":2,"name":"Winkel","item":"https:\/\/decofoodshop.nl\/winkel\/"},{"@type":"ListItem","position":3,"name":"Namaak Vijg"}]},{"@type":"WebSite","@id":"https:\/\/decofoodshop.nl\/#website","url":"https:\/\/decofoodshop.nl\/","name":"Dekofoodshop","description":"","potentialAction":[{"@type":"SearchAction","target":{"@type":"EntryPoint","urlTemplate":"https:\/\/decofoodshop.nl\/?s={search_term_string}"},"query-input":{"@type":"PropertyValueSpecification","valueRequired":true,"valueName":"search_term_string"}}],"inLanguage":"de"}]}},"_links":{"self":[{"href":"https:\/\/decofoodshop.nl\/de\/wp-json\/wp\/v2\/product\/1528","targetHints":{"allow":["GET"]}}],"collection":[{"href":"https:\/\/decofoodshop.nl\/de\/wp-json\/wp\/v2\/product"}],"about":[{"href":"https:\/\/decofoodshop.nl\/de\/wp-json\/wp\/v2\/types\/product"}],"wp:featuredmedia":[{"embeddable":true,"href":"https:\/\/decofoodshop.nl\/de\/wp-json\/wp\/v2\/media\/1615"}],"wp:attachment":[{"href":"https:\/\/decofoodshop.nl\/de\/wp-json\/wp\/v2\/media?parent=1528"}],"wp:term":[{"taxonomy":"product_brand","embeddable":true,"href":"https:\/\/decofoodshop.nl\/de\/wp-json\/wp\/v2\/product_brand?post=1528"},{"taxonomy":"product_cat","embeddable":true,"href":"https:\/\/decofoodshop.nl\/de\/wp-json\/wp\/v2\/product_cat?post=1528"},{"taxonomy":"product_tag","embeddable":true,"href":"https:\/\/decofoodshop.nl\/de\/wp-json\/wp\/v2\/product_tag?post=1528"}],"curies":[{"name":"wp","href":"https:\/\/api.w.org\/{rel}","templated":true}]}}