{"id":1538,"date":"2019-11-28T12:16:40","date_gmt":"2019-11-28T12:16:40","guid":{"rendered":"https:\/\/decofoodshop.nl\/?post_type=product&#038;p=1538"},"modified":"2026-04-07T16:09:57","modified_gmt":"2026-04-07T14:09:57","slug":"roter-falscher-apfel","status":"publish","type":"product","link":"https:\/\/decofoodshop.nl\/de\/product\/rode-namaak-appel\/","title":{"rendered":"Roter gef\u00e4lschter Apfel"},"content":{"rendered":"<p>Dieser rote gef\u00e4lschte Apfel hat eine sch\u00f6ne tiefrote Farbe mit einer helleren Unterfarbe.<\/p>\n<p>Ausgestattet mit Stiel und einigen Sprenkeln f\u00fcr ein besonders sch\u00f6nes und realistisches Aussehen.<\/p>\n<p>Dieses sch\u00f6ne St\u00fcck k\u00fcnstliche Frucht ist unglaublich realistisch und \u00e4u\u00dferst dekorativ.<\/p>\n<p>Besuchen Sie auch unser Sortiment<span style=\"color: #008000;\"> <a style=\"color: #008000;\" href=\"https:\/\/decofoodshop.nl\/de\/produktkategorie-2\/kunstliches-gemuse\/\">&quot;K\u00fcnstliches Gem\u00fcse&quot;<\/a><\/span> sehen.<\/p>","protected":false},"excerpt":{"rendered":"<p>Dieser rote gef\u00e4lschte Apfel hat eine sch\u00f6ne tiefrote Farbe mit einer helleren Unterfarbe. Ausgestattet mit Stiel und einigen Sprenkeln f\u00fcr einen besonders sch\u00f6nen und realistischen Look. Dieses sch\u00f6ne St\u00fcck k\u00fcnstliche Frucht ist unglaublich realistisch und \u00e4u\u00dferst dekorativ. Werfen Sie auch einen Blick in unser Sortiment \u201eKunstgem\u00fcse\u201c.<\/p>","protected":false},"featured_media":1603,"template":"","meta":{"_acf_changed":false,"_genesis_hide_title":false,"_genesis_hide_breadcrumbs":false,"_genesis_hide_singular_image":false,"_genesis_hide_footer_widgets":false,"_genesis_custom_body_class":"","_genesis_custom_post_class":"","_genesis_layout":""},"product_brand":[],"product_cat":[47],"product_tag":[],"class_list":{"0":"post-1538","1":"product","2":"type-product","3":"status-publish","4":"has-post-thumbnail","6":"product_cat-kunstfruit","7":"entry","8":"wpx-has-gallery","10":"first","11":"instock","12":"taxable","13":"shipping-taxable","14":"purchasable","15":"product-type-simple"},"acf":[],"yoast_head":"<!-- This site is optimized with the Yoast SEO Premium plugin v27.3 (Yoast SEO v27.3) - https:\/\/yoast.com\/product\/yoast-seo-premium-wordpress\/ -->\n<title>Rode Namaak Appel - en meer nepappels bij Decofoodshop<\/title>\n<meta name=\"description\" content=\"Prachtige Rode Namaak Appel, ook bieden wij kunstgroenten, namaak brood en gebak, namaak vis en vlees en nog veel meer Decoratie voedsel aan.\" \/>\n<meta name=\"robots\" content=\"index, follow, max-snippet:-1, max-image-preview:large, max-video-preview:-1\" \/>\n<link rel=\"canonical\" href=\"https:\/\/decofoodshop.nl\/de\/produkt\/roter-falscher-apfel\/\" \/>\n<meta property=\"og:locale\" content=\"de_DE\" \/>\n<meta property=\"og:type\" content=\"article\" \/>\n<meta property=\"og:title\" content=\"Rode Namaak Appel\" \/>\n<meta property=\"og:description\" content=\"Prachtige Rode Namaak Appel, ook bieden wij kunstgroenten, namaak brood en gebak, namaak vis en vlees en nog veel meer Decoratie voedsel aan.\" \/>\n<meta property=\"og:url\" content=\"https:\/\/decofoodshop.nl\/de\/produkt\/roter-falscher-apfel\/\" \/>\n<meta property=\"og:site_name\" content=\"Decofoodshop\" \/>\n<meta property=\"article:modified_time\" content=\"2026-04-07T14:09:57+00:00\" \/>\n<meta property=\"og:image\" content=\"https:\/\/decofoodshop.nl\/wp-content\/uploads\/2019\/11\/Rode-Namaak-Appel-8cm-foto-2-1.jpg\" \/>\n\t<meta property=\"og:image:width\" content=\"356\" \/>\n\t<meta property=\"og:image:height\" content=\"364\" \/>\n\t<meta property=\"og:image:type\" content=\"image\/jpeg\" \/>\n<meta name=\"twitter:card\" content=\"summary_large_image\" \/>\n<meta name=\"twitter:label1\" content=\"Gesch\u00e4tzte Lesezeit\" \/>\n\t<meta name=\"twitter:data1\" content=\"1\u00a0Minute\" \/>\n<script type=\"application\/ld+json\" class=\"yoast-schema-graph\">{\"@context\":\"https:\\\/\\\/schema.org\",\"@graph\":[{\"@type\":\"WebPage\",\"@id\":\"https:\\\/\\\/decofoodshop.nl\\\/product\\\/rode-namaak-appel\\\/\",\"url\":\"https:\\\/\\\/decofoodshop.nl\\\/product\\\/rode-namaak-appel\\\/\",\"name\":\"Rode Namaak Appel - en meer nepappels bij Decofoodshop\",\"isPartOf\":{\"@id\":\"https:\\\/\\\/decofoodshop.nl\\\/#website\"},\"primaryImageOfPage\":{\"@id\":\"https:\\\/\\\/decofoodshop.nl\\\/product\\\/rode-namaak-appel\\\/#primaryimage\"},\"image\":{\"@id\":\"https:\\\/\\\/decofoodshop.nl\\\/product\\\/rode-namaak-appel\\\/#primaryimage\"},\"thumbnailUrl\":\"https:\\\/\\\/decofoodshop.nl\\\/wp-content\\\/uploads\\\/2019\\\/11\\\/Rode-Namaak-Appel-8cm-foto-2-1.jpg\",\"datePublished\":\"2019-11-28T12:16:40+00:00\",\"dateModified\":\"2026-04-07T14:09:57+00:00\",\"description\":\"Prachtige Rode Namaak Appel, ook bieden wij kunstgroenten, namaak brood en gebak, namaak vis en vlees en nog veel meer Decoratie voedsel aan.\",\"breadcrumb\":{\"@id\":\"https:\\\/\\\/decofoodshop.nl\\\/product\\\/rode-namaak-appel\\\/#breadcrumb\"},\"inLanguage\":\"de\",\"potentialAction\":[{\"@type\":\"ReadAction\",\"target\":[\"https:\\\/\\\/decofoodshop.nl\\\/product\\\/rode-namaak-appel\\\/\"]}]},{\"@type\":\"ImageObject\",\"inLanguage\":\"de\",\"@id\":\"https:\\\/\\\/decofoodshop.nl\\\/product\\\/rode-namaak-appel\\\/#primaryimage\",\"url\":\"https:\\\/\\\/decofoodshop.nl\\\/wp-content\\\/uploads\\\/2019\\\/11\\\/Rode-Namaak-Appel-8cm-foto-2-1.jpg\",\"contentUrl\":\"https:\\\/\\\/decofoodshop.nl\\\/wp-content\\\/uploads\\\/2019\\\/11\\\/Rode-Namaak-Appel-8cm-foto-2-1.jpg\",\"width\":356,\"height\":364,\"caption\":\"Rode Namaak Appel\"},{\"@type\":\"BreadcrumbList\",\"@id\":\"https:\\\/\\\/decofoodshop.nl\\\/product\\\/rode-namaak-appel\\\/#breadcrumb\",\"itemListElement\":[{\"@type\":\"ListItem\",\"position\":1,\"name\":\"Home\",\"item\":\"https:\\\/\\\/decofoodshop.nl\\\/\"},{\"@type\":\"ListItem\",\"position\":2,\"name\":\"Winkel\",\"item\":\"https:\\\/\\\/decofoodshop.nl\\\/winkel\\\/\"},{\"@type\":\"ListItem\",\"position\":3,\"name\":\"Rode Namaak Appel\"}]},{\"@type\":\"WebSite\",\"@id\":\"https:\\\/\\\/decofoodshop.nl\\\/#website\",\"url\":\"https:\\\/\\\/decofoodshop.nl\\\/\",\"name\":\"Decofoodshop\",\"description\":\"\",\"potentialAction\":[{\"@type\":\"SearchAction\",\"target\":{\"@type\":\"EntryPoint\",\"urlTemplate\":\"https:\\\/\\\/decofoodshop.nl\\\/?s={search_term_string}\"},\"query-input\":{\"@type\":\"PropertyValueSpecification\",\"valueRequired\":true,\"valueName\":\"search_term_string\"}}],\"inLanguage\":\"de\"}]}<\/script>\n<!-- \/ Yoast SEO Premium plugin. -->","yoast_head_json":{"title":"Roter gef\u00e4lschter Apfel - und mehr gef\u00e4lschte \u00c4pfel bei Decofoodshop","description":"Sch\u00f6ner roter Kunstapfel, wir bieten auch Kunstgem\u00fcse, Kunstbrot und -geb\u00e4ck, Kunstfisch und -fleisch und vieles mehr Deko-Lebensmittel an.","robots":{"index":"index","follow":"follow","max-snippet":"max-snippet:-1","max-image-preview":"max-image-preview:large","max-video-preview":"max-video-preview:-1"},"canonical":"https:\/\/decofoodshop.nl\/de\/produkt\/roter-falscher-apfel\/","og_locale":"de_DE","og_type":"article","og_title":"Rode Namaak Appel","og_description":"Prachtige Rode Namaak Appel, ook bieden wij kunstgroenten, namaak brood en gebak, namaak vis en vlees en nog veel meer Decoratie voedsel aan.","og_url":"https:\/\/decofoodshop.nl\/de\/produkt\/roter-falscher-apfel\/","og_site_name":"Decofoodshop","article_modified_time":"2026-04-07T14:09:57+00:00","og_image":[{"width":356,"height":364,"url":"https:\/\/decofoodshop.nl\/wp-content\/uploads\/2019\/11\/Rode-Namaak-Appel-8cm-foto-2-1.jpg","type":"image\/jpeg"}],"twitter_card":"summary_large_image","twitter_misc":{"Gesch\u00e4tzte Lesezeit":"1\u00a0Minute"},"schema":{"@context":"https:\/\/schema.org","@graph":[{"@type":"WebPage","@id":"https:\/\/decofoodshop.nl\/product\/rode-namaak-appel\/","url":"https:\/\/decofoodshop.nl\/product\/rode-namaak-appel\/","name":"Roter gef\u00e4lschter Apfel - und mehr gef\u00e4lschte \u00c4pfel bei Decofoodshop","isPartOf":{"@id":"https:\/\/decofoodshop.nl\/#website"},"primaryImageOfPage":{"@id":"https:\/\/decofoodshop.nl\/product\/rode-namaak-appel\/#primaryimage"},"image":{"@id":"https:\/\/decofoodshop.nl\/product\/rode-namaak-appel\/#primaryimage"},"thumbnailUrl":"https:\/\/decofoodshop.nl\/wp-content\/uploads\/2019\/11\/Rode-Namaak-Appel-8cm-foto-2-1.jpg","datePublished":"2019-11-28T12:16:40+00:00","dateModified":"2026-04-07T14:09:57+00:00","description":"Sch\u00f6ner roter Kunstapfel, wir bieten auch Kunstgem\u00fcse, Kunstbrot und -geb\u00e4ck, Kunstfisch und -fleisch und vieles mehr Deko-Lebensmittel an.","breadcrumb":{"@id":"https:\/\/decofoodshop.nl\/product\/rode-namaak-appel\/#breadcrumb"},"inLanguage":"de","potentialAction":[{"@type":"ReadAction","target":["https:\/\/decofoodshop.nl\/product\/rode-namaak-appel\/"]}]},{"@type":"ImageObject","inLanguage":"de","@id":"https:\/\/decofoodshop.nl\/product\/rode-namaak-appel\/#primaryimage","url":"https:\/\/decofoodshop.nl\/wp-content\/uploads\/2019\/11\/Rode-Namaak-Appel-8cm-foto-2-1.jpg","contentUrl":"https:\/\/decofoodshop.nl\/wp-content\/uploads\/2019\/11\/Rode-Namaak-Appel-8cm-foto-2-1.jpg","width":356,"height":364,"caption":"Rode Namaak Appel"},{"@type":"BreadcrumbList","@id":"https:\/\/decofoodshop.nl\/product\/rode-namaak-appel\/#breadcrumb","itemListElement":[{"@type":"ListItem","position":1,"name":"Home","item":"https:\/\/decofoodshop.nl\/"},{"@type":"ListItem","position":2,"name":"Winkel","item":"https:\/\/decofoodshop.nl\/winkel\/"},{"@type":"ListItem","position":3,"name":"Rode Namaak Appel"}]},{"@type":"WebSite","@id":"https:\/\/decofoodshop.nl\/#website","url":"https:\/\/decofoodshop.nl\/","name":"Dekofoodshop","description":"","potentialAction":[{"@type":"SearchAction","target":{"@type":"EntryPoint","urlTemplate":"https:\/\/decofoodshop.nl\/?s={search_term_string}"},"query-input":{"@type":"PropertyValueSpecification","valueRequired":true,"valueName":"search_term_string"}}],"inLanguage":"de"}]}},"_links":{"self":[{"href":"https:\/\/decofoodshop.nl\/de\/wp-json\/wp\/v2\/product\/1538","targetHints":{"allow":["GET"]}}],"collection":[{"href":"https:\/\/decofoodshop.nl\/de\/wp-json\/wp\/v2\/product"}],"about":[{"href":"https:\/\/decofoodshop.nl\/de\/wp-json\/wp\/v2\/types\/product"}],"wp:featuredmedia":[{"embeddable":true,"href":"https:\/\/decofoodshop.nl\/de\/wp-json\/wp\/v2\/media\/1603"}],"wp:attachment":[{"href":"https:\/\/decofoodshop.nl\/de\/wp-json\/wp\/v2\/media?parent=1538"}],"wp:term":[{"taxonomy":"product_brand","embeddable":true,"href":"https:\/\/decofoodshop.nl\/de\/wp-json\/wp\/v2\/product_brand?post=1538"},{"taxonomy":"product_cat","embeddable":true,"href":"https:\/\/decofoodshop.nl\/de\/wp-json\/wp\/v2\/product_cat?post=1538"},{"taxonomy":"product_tag","embeddable":true,"href":"https:\/\/decofoodshop.nl\/de\/wp-json\/wp\/v2\/product_tag?post=1538"}],"curies":[{"name":"wp","href":"https:\/\/api.w.org\/{rel}","templated":true}]}}