{"id":1546,"date":"2019-11-28T11:50:58","date_gmt":"2019-11-28T11:50:58","guid":{"rendered":"https:\/\/decofoodshop.nl\/?post_type=product&#038;p=1546"},"modified":"2026-04-20T10:33:10","modified_gmt":"2026-04-20T08:33:10","slug":"rot-grun-fake-mango","status":"publish","type":"product","link":"https:\/\/decofoodshop.nl\/de\/product\/rood-groene-namaak-mango\/","title":{"rendered":"Rote gr\u00fcne gef\u00e4lschte Mango"},"content":{"rendered":"<p><span style=\"color: #000000;\">Unglaublich sch\u00f6ne rote gr\u00fcne gef\u00e4lschte Mango.<\/span><\/p>\n<p>Ausgestattet mit Sprenkeln f\u00fcr einen echten Look.<\/p>\n<p>Die Farbe geht sch\u00f6n von gr\u00fcn nach dunkelrot \u00fcber.<\/p>\n<p>Die k\u00fcnstliche Mango ist \u00e4u\u00dferst dekorativ und von der echten nicht zu unterscheiden.<\/p>\n<p>Werfen Sie auch einen Blick auf unser breites Angebot an k\u00fcnstlichen Fr\u00fcchten:\u00a0<span style=\"color: #008000;\"> <a style=\"color: #008000;\" href=\"https:\/\/decofoodshop.nl\/de\/produktkategorie-2\/pakete\/\">&#8216;<strong>Pakete<\/strong>&#8216;<\/a><\/span>.<\/p>","protected":false},"excerpt":{"rendered":"<p>Unglaublich sch\u00f6ne rot-gr\u00fcne gef\u00e4lschte Mango. Mit Sprenkeln f\u00fcr einen echten Look versehen. Die Farbe geht sch\u00f6n von gr\u00fcn nach dunkelrot \u00fcber. Die k\u00fcnstliche Mango ist \u00e4u\u00dferst dekorativ und von der echten nicht zu unterscheiden. Werfen Sie auch einen Blick auf unser breites Angebot an k\u00fcnstlichen Fr\u00fcchten: &#039;Pakete&#039;.<\/p>","protected":false},"featured_media":1547,"template":"","meta":{"_acf_changed":false,"_genesis_hide_title":false,"_genesis_hide_breadcrumbs":false,"_genesis_hide_singular_image":false,"_genesis_hide_footer_widgets":false,"_genesis_custom_body_class":"","_genesis_custom_post_class":"","_genesis_layout":""},"product_brand":[],"product_cat":[47],"product_tag":[],"class_list":{"0":"post-1546","1":"product","2":"type-product","3":"status-publish","4":"has-post-thumbnail","6":"product_cat-kunstfruit","7":"entry","8":"wpx-has-gallery","10":"first","11":"instock","12":"taxable","13":"shipping-taxable","14":"purchasable","15":"product-type-simple"},"acf":[],"yoast_head":"<!-- This site is optimized with the Yoast SEO Premium plugin v27.4 (Yoast SEO v27.4) - https:\/\/yoast.com\/product\/yoast-seo-premium-wordpress\/ -->\n<title>Rood Groene Namaak Mango - en meer nepfruit bij Decofoodshop<\/title>\n<meta name=\"description\" content=\"Prachtige rood groene namaak mango, ook in de groen-gele variant en meer kunstfruit verkrijgbaar bij Decofoodshop.\" \/>\n<meta name=\"robots\" content=\"index, follow, max-snippet:-1, max-image-preview:large, max-video-preview:-1\" \/>\n<link rel=\"canonical\" href=\"https:\/\/decofoodshop.nl\/de\/produkt\/rot-grun-fake-mango\/\" \/>\n<meta property=\"og:locale\" content=\"de_DE\" \/>\n<meta property=\"og:type\" content=\"article\" \/>\n<meta property=\"og:title\" content=\"Rood Groene Namaak Mango\" \/>\n<meta property=\"og:description\" content=\"Prachtige rood groene namaak mango, ook in de groen-gele variant en meer kunstfruit verkrijgbaar bij Decofoodshop.\" \/>\n<meta property=\"og:url\" content=\"https:\/\/decofoodshop.nl\/de\/produkt\/rot-grun-fake-mango\/\" \/>\n<meta property=\"og:site_name\" content=\"Decofoodshop\" \/>\n<meta property=\"article:modified_time\" content=\"2026-04-20T08:33:10+00:00\" \/>\n<meta property=\"og:image\" content=\"https:\/\/decofoodshop.nl\/wp-content\/uploads\/2019\/11\/Rood-Groene-Namaak-Mango-13cm.jpg\" \/>\n\t<meta property=\"og:image:width\" content=\"1008\" \/>\n\t<meta property=\"og:image:height\" content=\"1008\" \/>\n\t<meta property=\"og:image:type\" content=\"image\/jpeg\" \/>\n<meta name=\"twitter:card\" content=\"summary_large_image\" \/>\n<meta name=\"twitter:label1\" content=\"Gesch\u00e4tzte Lesezeit\" \/>\n\t<meta name=\"twitter:data1\" content=\"1\u00a0Minute\" \/>\n<script type=\"application\/ld+json\" class=\"yoast-schema-graph\">{\"@context\":\"https:\\\/\\\/schema.org\",\"@graph\":[{\"@type\":\"WebPage\",\"@id\":\"https:\\\/\\\/decofoodshop.nl\\\/product\\\/rood-groene-namaak-mango\\\/\",\"url\":\"https:\\\/\\\/decofoodshop.nl\\\/product\\\/rood-groene-namaak-mango\\\/\",\"name\":\"Rood Groene Namaak Mango - en meer nepfruit bij Decofoodshop\",\"isPartOf\":{\"@id\":\"https:\\\/\\\/decofoodshop.nl\\\/#website\"},\"primaryImageOfPage\":{\"@id\":\"https:\\\/\\\/decofoodshop.nl\\\/product\\\/rood-groene-namaak-mango\\\/#primaryimage\"},\"image\":{\"@id\":\"https:\\\/\\\/decofoodshop.nl\\\/product\\\/rood-groene-namaak-mango\\\/#primaryimage\"},\"thumbnailUrl\":\"https:\\\/\\\/decofoodshop.nl\\\/wp-content\\\/uploads\\\/2019\\\/11\\\/Rood-Groene-Namaak-Mango-13cm.jpg\",\"datePublished\":\"2019-11-28T11:50:58+00:00\",\"dateModified\":\"2026-04-20T08:33:10+00:00\",\"description\":\"Prachtige rood groene namaak mango, ook in de groen-gele variant en meer kunstfruit verkrijgbaar bij Decofoodshop.\",\"breadcrumb\":{\"@id\":\"https:\\\/\\\/decofoodshop.nl\\\/product\\\/rood-groene-namaak-mango\\\/#breadcrumb\"},\"inLanguage\":\"de\",\"potentialAction\":[{\"@type\":\"ReadAction\",\"target\":[\"https:\\\/\\\/decofoodshop.nl\\\/product\\\/rood-groene-namaak-mango\\\/\"]}]},{\"@type\":\"ImageObject\",\"inLanguage\":\"de\",\"@id\":\"https:\\\/\\\/decofoodshop.nl\\\/product\\\/rood-groene-namaak-mango\\\/#primaryimage\",\"url\":\"https:\\\/\\\/decofoodshop.nl\\\/wp-content\\\/uploads\\\/2019\\\/11\\\/Rood-Groene-Namaak-Mango-13cm.jpg\",\"contentUrl\":\"https:\\\/\\\/decofoodshop.nl\\\/wp-content\\\/uploads\\\/2019\\\/11\\\/Rood-Groene-Namaak-Mango-13cm.jpg\",\"width\":1008,\"height\":1008,\"caption\":\"Rood Groene Namaak Mango\"},{\"@type\":\"BreadcrumbList\",\"@id\":\"https:\\\/\\\/decofoodshop.nl\\\/product\\\/rood-groene-namaak-mango\\\/#breadcrumb\",\"itemListElement\":[{\"@type\":\"ListItem\",\"position\":1,\"name\":\"Home\",\"item\":\"https:\\\/\\\/decofoodshop.nl\\\/\"},{\"@type\":\"ListItem\",\"position\":2,\"name\":\"Winkel\",\"item\":\"https:\\\/\\\/decofoodshop.nl\\\/winkel\\\/\"},{\"@type\":\"ListItem\",\"position\":3,\"name\":\"Rood Groene Namaak Mango\"}]},{\"@type\":\"WebSite\",\"@id\":\"https:\\\/\\\/decofoodshop.nl\\\/#website\",\"url\":\"https:\\\/\\\/decofoodshop.nl\\\/\",\"name\":\"Decofoodshop\",\"description\":\"\",\"potentialAction\":[{\"@type\":\"SearchAction\",\"target\":{\"@type\":\"EntryPoint\",\"urlTemplate\":\"https:\\\/\\\/decofoodshop.nl\\\/?s={search_term_string}\"},\"query-input\":{\"@type\":\"PropertyValueSpecification\",\"valueRequired\":true,\"valueName\":\"search_term_string\"}}],\"inLanguage\":\"de\"}]}<\/script>\n<!-- \/ Yoast SEO Premium plugin. -->","yoast_head_json":{"title":"Red Green Fake Mango - und noch mehr Fake-Obst bei Decofoodshop","description":"Sch\u00f6ne rot-gr\u00fcne Fake-Mango, auch in der gr\u00fcn-gelben Variante und mehr Kunstobst bei Decofoodshop erh\u00e4ltlich.","robots":{"index":"index","follow":"follow","max-snippet":"max-snippet:-1","max-image-preview":"max-image-preview:large","max-video-preview":"max-video-preview:-1"},"canonical":"https:\/\/decofoodshop.nl\/de\/produkt\/rot-grun-fake-mango\/","og_locale":"de_DE","og_type":"article","og_title":"Rood Groene Namaak Mango","og_description":"Prachtige rood groene namaak mango, ook in de groen-gele variant en meer kunstfruit verkrijgbaar bij Decofoodshop.","og_url":"https:\/\/decofoodshop.nl\/de\/produkt\/rot-grun-fake-mango\/","og_site_name":"Decofoodshop","article_modified_time":"2026-04-20T08:33:10+00:00","og_image":[{"width":1008,"height":1008,"url":"https:\/\/decofoodshop.nl\/wp-content\/uploads\/2019\/11\/Rood-Groene-Namaak-Mango-13cm.jpg","type":"image\/jpeg"}],"twitter_card":"summary_large_image","twitter_misc":{"Gesch\u00e4tzte Lesezeit":"1\u00a0Minute"},"schema":{"@context":"https:\/\/schema.org","@graph":[{"@type":"WebPage","@id":"https:\/\/decofoodshop.nl\/product\/rood-groene-namaak-mango\/","url":"https:\/\/decofoodshop.nl\/product\/rood-groene-namaak-mango\/","name":"Red Green Fake Mango - und noch mehr Fake-Obst bei Decofoodshop","isPartOf":{"@id":"https:\/\/decofoodshop.nl\/#website"},"primaryImageOfPage":{"@id":"https:\/\/decofoodshop.nl\/product\/rood-groene-namaak-mango\/#primaryimage"},"image":{"@id":"https:\/\/decofoodshop.nl\/product\/rood-groene-namaak-mango\/#primaryimage"},"thumbnailUrl":"https:\/\/decofoodshop.nl\/wp-content\/uploads\/2019\/11\/Rood-Groene-Namaak-Mango-13cm.jpg","datePublished":"2019-11-28T11:50:58+00:00","dateModified":"2026-04-20T08:33:10+00:00","description":"Sch\u00f6ne rot-gr\u00fcne Fake-Mango, auch in der gr\u00fcn-gelben Variante und mehr Kunstobst bei Decofoodshop erh\u00e4ltlich.","breadcrumb":{"@id":"https:\/\/decofoodshop.nl\/product\/rood-groene-namaak-mango\/#breadcrumb"},"inLanguage":"de","potentialAction":[{"@type":"ReadAction","target":["https:\/\/decofoodshop.nl\/product\/rood-groene-namaak-mango\/"]}]},{"@type":"ImageObject","inLanguage":"de","@id":"https:\/\/decofoodshop.nl\/product\/rood-groene-namaak-mango\/#primaryimage","url":"https:\/\/decofoodshop.nl\/wp-content\/uploads\/2019\/11\/Rood-Groene-Namaak-Mango-13cm.jpg","contentUrl":"https:\/\/decofoodshop.nl\/wp-content\/uploads\/2019\/11\/Rood-Groene-Namaak-Mango-13cm.jpg","width":1008,"height":1008,"caption":"Rood Groene Namaak Mango"},{"@type":"BreadcrumbList","@id":"https:\/\/decofoodshop.nl\/product\/rood-groene-namaak-mango\/#breadcrumb","itemListElement":[{"@type":"ListItem","position":1,"name":"Home","item":"https:\/\/decofoodshop.nl\/"},{"@type":"ListItem","position":2,"name":"Winkel","item":"https:\/\/decofoodshop.nl\/winkel\/"},{"@type":"ListItem","position":3,"name":"Rood Groene Namaak Mango"}]},{"@type":"WebSite","@id":"https:\/\/decofoodshop.nl\/#website","url":"https:\/\/decofoodshop.nl\/","name":"Dekofoodshop","description":"","potentialAction":[{"@type":"SearchAction","target":{"@type":"EntryPoint","urlTemplate":"https:\/\/decofoodshop.nl\/?s={search_term_string}"},"query-input":{"@type":"PropertyValueSpecification","valueRequired":true,"valueName":"search_term_string"}}],"inLanguage":"de"}]}},"_links":{"self":[{"href":"https:\/\/decofoodshop.nl\/de\/wp-json\/wp\/v2\/product\/1546","targetHints":{"allow":["GET"]}}],"collection":[{"href":"https:\/\/decofoodshop.nl\/de\/wp-json\/wp\/v2\/product"}],"about":[{"href":"https:\/\/decofoodshop.nl\/de\/wp-json\/wp\/v2\/types\/product"}],"wp:featuredmedia":[{"embeddable":true,"href":"https:\/\/decofoodshop.nl\/de\/wp-json\/wp\/v2\/media\/1547"}],"wp:attachment":[{"href":"https:\/\/decofoodshop.nl\/de\/wp-json\/wp\/v2\/media?parent=1546"}],"wp:term":[{"taxonomy":"product_brand","embeddable":true,"href":"https:\/\/decofoodshop.nl\/de\/wp-json\/wp\/v2\/product_brand?post=1546"},{"taxonomy":"product_cat","embeddable":true,"href":"https:\/\/decofoodshop.nl\/de\/wp-json\/wp\/v2\/product_cat?post=1546"},{"taxonomy":"product_tag","embeddable":true,"href":"https:\/\/decofoodshop.nl\/de\/wp-json\/wp\/v2\/product_tag?post=1546"}],"curies":[{"name":"wp","href":"https:\/\/api.w.org\/{rel}","templated":true}]}}