{"id":1576,"date":"2019-12-02T11:31:11","date_gmt":"2019-12-02T10:31:11","guid":{"rendered":"https:\/\/decofoodshop.nl\/?post_type=product&#038;p=1576"},"modified":"2026-04-22T17:04:45","modified_gmt":"2026-04-22T15:04:45","slug":"grun-apfel-imitat","status":"publish","type":"product","link":"https:\/\/decofoodshop.nl\/de\/product\/groene-namaak-appel\/","title":{"rendered":"Gr\u00fcner gef\u00e4lschter Apfel"},"content":{"rendered":"<p><span style=\"color: #333333;\">Dieser gr\u00fcne gef\u00e4lschte Apfel ist, genau wie unsere anderen gef\u00e4lschten \u00c4pfel, \u00e4u\u00dferst realistisch.<\/span><\/p>\n<p>Der falsche Apfel hat einige Sprenkel auf der Ober- und Unterseite f\u00fcr ein nat\u00fcrlicheres Aussehen.<\/p>\n<p>Es ist in voller Gr\u00f6\u00dfe und \u00e4u\u00dferst dekorativ.<\/p>\n<p>Wir bieten auch eine gro\u00dfe Auswahl an Kunstgem\u00fcse an: klick<span style=\"color: #008000;\"> <a style=\"color: #008000;\" href=\"https:\/\/decofoodshop.nl\/de\/produktkategorie-2\/kunstliches-gemuse\/\">&#8216;<strong>Hier<\/strong>&#8216;<\/a><\/span> f\u00fcr k\u00fcnstliches Gem\u00fcse.<\/p>","protected":false},"excerpt":{"rendered":"<p>Dieser gr\u00fcne gef\u00e4lschte Apfel ist, genau wie unsere anderen gef\u00e4lschten \u00c4pfel, \u00e4u\u00dferst realistisch. Der k\u00fcnstliche Apfel hat auf der Ober- und Unterseite einige Sprenkel, die ihm ein nat\u00fcrlicheres Aussehen verleihen. Es ist in voller Gr\u00f6\u00dfe und \u00e4u\u00dferst dekorativ. Wir bieten auch eine gro\u00dfe Auswahl an k\u00fcnstlichem Gem\u00fcse an: Klicken Sie auf \u201eHier\u201c, um k\u00fcnstliches Gem\u00fcse anzuzeigen.<\/p>","protected":false},"featured_media":1609,"template":"","meta":{"_acf_changed":false,"_genesis_hide_title":false,"_genesis_hide_breadcrumbs":false,"_genesis_hide_singular_image":false,"_genesis_hide_footer_widgets":false,"_genesis_custom_body_class":"","_genesis_custom_post_class":"","_genesis_layout":""},"product_brand":[],"product_cat":[47],"product_tag":[],"class_list":{"0":"post-1576","1":"product","2":"type-product","3":"status-publish","4":"has-post-thumbnail","6":"product_cat-kunstfruit","7":"entry","8":"wpx-has-gallery","10":"first","11":"instock","12":"taxable","13":"shipping-taxable","14":"purchasable","15":"product-type-simple"},"acf":[],"yoast_head":"<!-- This site is optimized with the Yoast SEO Premium plugin v27.4 (Yoast SEO v27.4) - https:\/\/yoast.com\/product\/yoast-seo-premium-wordpress\/ -->\n<title>Groene Namaak Appel Beschikbaar bij - Decofoodshop<\/title>\n<meta name=\"description\" content=\"Deze natuurlijke groene namaak appel en meer mooie namaak fruit producten. Vindt een ruim assortiment decoratie voedsel bij Decofoodshop.\" \/>\n<meta name=\"robots\" content=\"index, follow, max-snippet:-1, max-image-preview:large, max-video-preview:-1\" \/>\n<link rel=\"canonical\" href=\"https:\/\/decofoodshop.nl\/de\/produkt\/grun-apfel-imitat\/\" \/>\n<meta property=\"og:locale\" content=\"de_DE\" \/>\n<meta property=\"og:type\" content=\"article\" \/>\n<meta property=\"og:title\" content=\"Groene Namaak Appel\" \/>\n<meta property=\"og:description\" content=\"Deze natuurlijke groene namaak appel en meer mooie namaak fruit producten. Vindt een ruim assortiment decoratie voedsel bij Decofoodshop.\" \/>\n<meta property=\"og:url\" content=\"https:\/\/decofoodshop.nl\/de\/produkt\/grun-apfel-imitat\/\" \/>\n<meta property=\"og:site_name\" content=\"Decofoodshop\" \/>\n<meta property=\"article:modified_time\" content=\"2026-04-22T15:04:45+00:00\" \/>\n<meta property=\"og:image\" content=\"https:\/\/decofoodshop.nl\/wp-content\/uploads\/2019\/12\/Groene-Namaak-Appel-3.jpg\" \/>\n\t<meta property=\"og:image:width\" content=\"364\" \/>\n\t<meta property=\"og:image:height\" content=\"369\" \/>\n\t<meta property=\"og:image:type\" content=\"image\/jpeg\" \/>\n<meta name=\"twitter:card\" content=\"summary_large_image\" \/>\n<meta name=\"twitter:label1\" content=\"Gesch\u00e4tzte Lesezeit\" \/>\n\t<meta name=\"twitter:data1\" content=\"1\u00a0Minute\" \/>\n<script type=\"application\/ld+json\" class=\"yoast-schema-graph\">{\"@context\":\"https:\\\/\\\/schema.org\",\"@graph\":[{\"@type\":\"WebPage\",\"@id\":\"https:\\\/\\\/decofoodshop.nl\\\/product\\\/groene-namaak-appel\\\/\",\"url\":\"https:\\\/\\\/decofoodshop.nl\\\/product\\\/groene-namaak-appel\\\/\",\"name\":\"Groene Namaak Appel Beschikbaar bij - Decofoodshop\",\"isPartOf\":{\"@id\":\"https:\\\/\\\/decofoodshop.nl\\\/#website\"},\"primaryImageOfPage\":{\"@id\":\"https:\\\/\\\/decofoodshop.nl\\\/product\\\/groene-namaak-appel\\\/#primaryimage\"},\"image\":{\"@id\":\"https:\\\/\\\/decofoodshop.nl\\\/product\\\/groene-namaak-appel\\\/#primaryimage\"},\"thumbnailUrl\":\"https:\\\/\\\/decofoodshop.nl\\\/wp-content\\\/uploads\\\/2019\\\/12\\\/Groene-Namaak-Appel-3.jpg\",\"datePublished\":\"2019-12-02T10:31:11+00:00\",\"dateModified\":\"2026-04-22T15:04:45+00:00\",\"description\":\"Deze natuurlijke groene namaak appel en meer mooie namaak fruit producten. Vindt een ruim assortiment decoratie voedsel bij Decofoodshop.\",\"breadcrumb\":{\"@id\":\"https:\\\/\\\/decofoodshop.nl\\\/product\\\/groene-namaak-appel\\\/#breadcrumb\"},\"inLanguage\":\"de\",\"potentialAction\":[{\"@type\":\"ReadAction\",\"target\":[\"https:\\\/\\\/decofoodshop.nl\\\/product\\\/groene-namaak-appel\\\/\"]}]},{\"@type\":\"ImageObject\",\"inLanguage\":\"de\",\"@id\":\"https:\\\/\\\/decofoodshop.nl\\\/product\\\/groene-namaak-appel\\\/#primaryimage\",\"url\":\"https:\\\/\\\/decofoodshop.nl\\\/wp-content\\\/uploads\\\/2019\\\/12\\\/Groene-Namaak-Appel-3.jpg\",\"contentUrl\":\"https:\\\/\\\/decofoodshop.nl\\\/wp-content\\\/uploads\\\/2019\\\/12\\\/Groene-Namaak-Appel-3.jpg\",\"width\":364,\"height\":369,\"caption\":\"Groene Namaak Appel\"},{\"@type\":\"BreadcrumbList\",\"@id\":\"https:\\\/\\\/decofoodshop.nl\\\/product\\\/groene-namaak-appel\\\/#breadcrumb\",\"itemListElement\":[{\"@type\":\"ListItem\",\"position\":1,\"name\":\"Home\",\"item\":\"https:\\\/\\\/decofoodshop.nl\\\/\"},{\"@type\":\"ListItem\",\"position\":2,\"name\":\"Winkel\",\"item\":\"https:\\\/\\\/decofoodshop.nl\\\/winkel\\\/\"},{\"@type\":\"ListItem\",\"position\":3,\"name\":\"Groene Namaak Appel\"}]},{\"@type\":\"WebSite\",\"@id\":\"https:\\\/\\\/decofoodshop.nl\\\/#website\",\"url\":\"https:\\\/\\\/decofoodshop.nl\\\/\",\"name\":\"Decofoodshop\",\"description\":\"\",\"potentialAction\":[{\"@type\":\"SearchAction\",\"target\":{\"@type\":\"EntryPoint\",\"urlTemplate\":\"https:\\\/\\\/decofoodshop.nl\\\/?s={search_term_string}\"},\"query-input\":{\"@type\":\"PropertyValueSpecification\",\"valueRequired\":true,\"valueName\":\"search_term_string\"}}],\"inLanguage\":\"de\"}]}<\/script>\n<!-- \/ Yoast SEO Premium plugin. -->","yoast_head_json":{"title":"Gr\u00fcner Kunstapfel Erh\u00e4ltlich bei - Decofoodshop","description":"Dieser nat\u00fcrliche gr\u00fcne gef\u00e4lschte Apfel und sch\u00f6nere gef\u00e4lschte Fruchtprodukte. Bei Decofoodshop finden Sie eine gro\u00dfe Auswahl an dekorativen Lebensmitteln.","robots":{"index":"index","follow":"follow","max-snippet":"max-snippet:-1","max-image-preview":"max-image-preview:large","max-video-preview":"max-video-preview:-1"},"canonical":"https:\/\/decofoodshop.nl\/de\/produkt\/grun-apfel-imitat\/","og_locale":"de_DE","og_type":"article","og_title":"Groene Namaak Appel","og_description":"Deze natuurlijke groene namaak appel en meer mooie namaak fruit producten. Vindt een ruim assortiment decoratie voedsel bij Decofoodshop.","og_url":"https:\/\/decofoodshop.nl\/de\/produkt\/grun-apfel-imitat\/","og_site_name":"Decofoodshop","article_modified_time":"2026-04-22T15:04:45+00:00","og_image":[{"width":364,"height":369,"url":"https:\/\/decofoodshop.nl\/wp-content\/uploads\/2019\/12\/Groene-Namaak-Appel-3.jpg","type":"image\/jpeg"}],"twitter_card":"summary_large_image","twitter_misc":{"Gesch\u00e4tzte Lesezeit":"1\u00a0Minute"},"schema":{"@context":"https:\/\/schema.org","@graph":[{"@type":"WebPage","@id":"https:\/\/decofoodshop.nl\/product\/groene-namaak-appel\/","url":"https:\/\/decofoodshop.nl\/product\/groene-namaak-appel\/","name":"Gr\u00fcner Kunstapfel Erh\u00e4ltlich bei - Decofoodshop","isPartOf":{"@id":"https:\/\/decofoodshop.nl\/#website"},"primaryImageOfPage":{"@id":"https:\/\/decofoodshop.nl\/product\/groene-namaak-appel\/#primaryimage"},"image":{"@id":"https:\/\/decofoodshop.nl\/product\/groene-namaak-appel\/#primaryimage"},"thumbnailUrl":"https:\/\/decofoodshop.nl\/wp-content\/uploads\/2019\/12\/Groene-Namaak-Appel-3.jpg","datePublished":"2019-12-02T10:31:11+00:00","dateModified":"2026-04-22T15:04:45+00:00","description":"Dieser nat\u00fcrliche gr\u00fcne gef\u00e4lschte Apfel und sch\u00f6nere gef\u00e4lschte Fruchtprodukte. Bei Decofoodshop finden Sie eine gro\u00dfe Auswahl an dekorativen Lebensmitteln.","breadcrumb":{"@id":"https:\/\/decofoodshop.nl\/product\/groene-namaak-appel\/#breadcrumb"},"inLanguage":"de","potentialAction":[{"@type":"ReadAction","target":["https:\/\/decofoodshop.nl\/product\/groene-namaak-appel\/"]}]},{"@type":"ImageObject","inLanguage":"de","@id":"https:\/\/decofoodshop.nl\/product\/groene-namaak-appel\/#primaryimage","url":"https:\/\/decofoodshop.nl\/wp-content\/uploads\/2019\/12\/Groene-Namaak-Appel-3.jpg","contentUrl":"https:\/\/decofoodshop.nl\/wp-content\/uploads\/2019\/12\/Groene-Namaak-Appel-3.jpg","width":364,"height":369,"caption":"Groene Namaak Appel"},{"@type":"BreadcrumbList","@id":"https:\/\/decofoodshop.nl\/product\/groene-namaak-appel\/#breadcrumb","itemListElement":[{"@type":"ListItem","position":1,"name":"Home","item":"https:\/\/decofoodshop.nl\/"},{"@type":"ListItem","position":2,"name":"Winkel","item":"https:\/\/decofoodshop.nl\/winkel\/"},{"@type":"ListItem","position":3,"name":"Groene Namaak Appel"}]},{"@type":"WebSite","@id":"https:\/\/decofoodshop.nl\/#website","url":"https:\/\/decofoodshop.nl\/","name":"Dekofoodshop","description":"","potentialAction":[{"@type":"SearchAction","target":{"@type":"EntryPoint","urlTemplate":"https:\/\/decofoodshop.nl\/?s={search_term_string}"},"query-input":{"@type":"PropertyValueSpecification","valueRequired":true,"valueName":"search_term_string"}}],"inLanguage":"de"}]}},"_links":{"self":[{"href":"https:\/\/decofoodshop.nl\/de\/wp-json\/wp\/v2\/product\/1576","targetHints":{"allow":["GET"]}}],"collection":[{"href":"https:\/\/decofoodshop.nl\/de\/wp-json\/wp\/v2\/product"}],"about":[{"href":"https:\/\/decofoodshop.nl\/de\/wp-json\/wp\/v2\/types\/product"}],"wp:featuredmedia":[{"embeddable":true,"href":"https:\/\/decofoodshop.nl\/de\/wp-json\/wp\/v2\/media\/1609"}],"wp:attachment":[{"href":"https:\/\/decofoodshop.nl\/de\/wp-json\/wp\/v2\/media?parent=1576"}],"wp:term":[{"taxonomy":"product_brand","embeddable":true,"href":"https:\/\/decofoodshop.nl\/de\/wp-json\/wp\/v2\/product_brand?post=1576"},{"taxonomy":"product_cat","embeddable":true,"href":"https:\/\/decofoodshop.nl\/de\/wp-json\/wp\/v2\/product_cat?post=1576"},{"taxonomy":"product_tag","embeddable":true,"href":"https:\/\/decofoodshop.nl\/de\/wp-json\/wp\/v2\/product_tag?post=1576"}],"curies":[{"name":"wp","href":"https:\/\/api.w.org\/{rel}","templated":true}]}}