{"id":1584,"date":"2019-12-02T12:20:29","date_gmt":"2019-12-02T12:20:29","guid":{"rendered":"https:\/\/decofoodshop.nl\/?post_type=product&#038;p=1584"},"modified":"2026-04-02T15:02:47","modified_gmt":"2026-04-02T13:02:47","slug":"grun-faux-birne","status":"publish","type":"product","link":"https:\/\/decofoodshop.nl\/de\/product\/groene-namaak-peer\/","title":{"rendered":"Gr\u00fcne gef\u00e4lschte Birne"},"content":{"rendered":"<p><span style=\"color: #333333;\">Diese gr\u00fcne gef\u00e4lschte Birne ist in voller Gr\u00f6\u00dfe.<\/span><\/p>\n<p>Mit einigen Sprenkeln und Farb\u00fcberg\u00e4ngen, um den Look so realistisch wie m\u00f6glich zu gestalten.<\/p>\n<p>Die k\u00fcnstliche Birne ist nicht zerbrechlich, sie ist \u00e4u\u00dferst dekorativ und hat einen Stiel.<\/p>\n<p>Die k\u00fcnstliche Birne hat eine unebene Oberfl\u00e4che, damit sie sich echt anf\u00fchlt.<\/p>\n<p>Bitte werfen Sie auch einen Blick auf unser Angebot an Kunstobst<span style=\"color: #008000;\"> <a style=\"color: #008000;\" href=\"https:\/\/decofoodshop.nl\/de\/produktkategorie-2\/pakete\/\">&#039;Pakete&#039;<\/a><\/span>.<\/p>","protected":false},"excerpt":{"rendered":"<p>Deze Groene Namaak Peer is op ware grootte. Met wat spikkels en kleur overgangen om de uitstraling zo realistisch mogelijk te maken. De nep peer is niet breekbaar, hij is uiterst decoratief inzetbaar en voorzien van steeltje. De kunst peer heeft een oneven oppervlak om te zorgen dat hij echt aanvoelt. Kijkt u gerust ook [&hellip;]<\/p>\n","protected":false},"featured_media":1585,"template":"","meta":{"_acf_changed":false,"_genesis_hide_title":false,"_genesis_hide_breadcrumbs":false,"_genesis_hide_singular_image":false,"_genesis_hide_footer_widgets":false,"_genesis_custom_body_class":"","_genesis_custom_post_class":"","_genesis_layout":""},"product_brand":[],"product_cat":[47],"product_tag":[],"class_list":{"0":"post-1584","1":"product","2":"type-product","3":"status-publish","4":"has-post-thumbnail","6":"product_cat-kunstfruit","7":"entry","8":"wpx-has-gallery","10":"first","11":"instock","12":"taxable","13":"shipping-taxable","14":"purchasable","15":"product-type-simple"},"acf":[],"yoast_head":"<!-- This site is optimized with the Yoast SEO Premium plugin v27.3 (Yoast SEO v27.3) - https:\/\/yoast.com\/product\/yoast-seo-premium-wordpress\/ -->\n<title>Groene Namaak Peer Verkrijgbaar Bij - Decofoodshop<\/title>\n<meta name=\"description\" content=\"Deze mooie groene namaak peer is uiterst decoratief inzetbaar. Op ware grootte en niet van echt te onderscheiden. Bij Decofoodshop!\" \/>\n<meta name=\"robots\" content=\"index, follow, max-snippet:-1, max-image-preview:large, max-video-preview:-1\" \/>\n<link rel=\"canonical\" href=\"https:\/\/decofoodshop.nl\/de\/produkt\/grun-faux-birne\/\" \/>\n<meta property=\"og:locale\" content=\"de_DE\" \/>\n<meta property=\"og:type\" content=\"article\" \/>\n<meta property=\"og:title\" content=\"Groene Namaak Peer\" \/>\n<meta property=\"og:description\" content=\"Deze mooie groene namaak peer is uiterst decoratief inzetbaar. Op ware grootte en niet van echt te onderscheiden. Bij Decofoodshop!\" \/>\n<meta property=\"og:url\" content=\"https:\/\/decofoodshop.nl\/de\/produkt\/grun-faux-birne\/\" \/>\n<meta property=\"og:site_name\" content=\"Decofoodshop\" \/>\n<meta property=\"article:modified_time\" content=\"2026-04-02T13:02:47+00:00\" \/>\n<meta property=\"og:image\" content=\"https:\/\/decofoodshop.nl\/wp-content\/uploads\/2019\/12\/Groene-Namaak-Peer.jpg\" \/>\n\t<meta property=\"og:image:width\" content=\"1500\" \/>\n\t<meta property=\"og:image:height\" content=\"1504\" \/>\n\t<meta property=\"og:image:type\" content=\"image\/jpeg\" \/>\n<meta name=\"twitter:card\" content=\"summary_large_image\" \/>\n<meta name=\"twitter:label1\" content=\"Gesch\u00e4tzte Lesezeit\" \/>\n\t<meta name=\"twitter:data1\" content=\"1\u00a0Minute\" \/>\n<script type=\"application\/ld+json\" class=\"yoast-schema-graph\">{\"@context\":\"https:\\\/\\\/schema.org\",\"@graph\":[{\"@type\":\"WebPage\",\"@id\":\"https:\\\/\\\/decofoodshop.nl\\\/product\\\/groene-namaak-peer\\\/\",\"url\":\"https:\\\/\\\/decofoodshop.nl\\\/product\\\/groene-namaak-peer\\\/\",\"name\":\"Groene Namaak Peer Verkrijgbaar Bij - Decofoodshop\",\"isPartOf\":{\"@id\":\"https:\\\/\\\/decofoodshop.nl\\\/#website\"},\"primaryImageOfPage\":{\"@id\":\"https:\\\/\\\/decofoodshop.nl\\\/product\\\/groene-namaak-peer\\\/#primaryimage\"},\"image\":{\"@id\":\"https:\\\/\\\/decofoodshop.nl\\\/product\\\/groene-namaak-peer\\\/#primaryimage\"},\"thumbnailUrl\":\"https:\\\/\\\/decofoodshop.nl\\\/wp-content\\\/uploads\\\/2019\\\/12\\\/Groene-Namaak-Peer.jpg\",\"datePublished\":\"2019-12-02T12:20:29+00:00\",\"dateModified\":\"2026-04-02T13:02:47+00:00\",\"description\":\"Deze mooie groene namaak peer is uiterst decoratief inzetbaar. Op ware grootte en niet van echt te onderscheiden. Bij Decofoodshop!\",\"breadcrumb\":{\"@id\":\"https:\\\/\\\/decofoodshop.nl\\\/product\\\/groene-namaak-peer\\\/#breadcrumb\"},\"inLanguage\":\"de\",\"potentialAction\":[{\"@type\":\"ReadAction\",\"target\":[\"https:\\\/\\\/decofoodshop.nl\\\/product\\\/groene-namaak-peer\\\/\"]}]},{\"@type\":\"ImageObject\",\"inLanguage\":\"de\",\"@id\":\"https:\\\/\\\/decofoodshop.nl\\\/product\\\/groene-namaak-peer\\\/#primaryimage\",\"url\":\"https:\\\/\\\/decofoodshop.nl\\\/wp-content\\\/uploads\\\/2019\\\/12\\\/Groene-Namaak-Peer.jpg\",\"contentUrl\":\"https:\\\/\\\/decofoodshop.nl\\\/wp-content\\\/uploads\\\/2019\\\/12\\\/Groene-Namaak-Peer.jpg\",\"width\":1500,\"height\":1504,\"caption\":\"Groene Namaak Peer\"},{\"@type\":\"BreadcrumbList\",\"@id\":\"https:\\\/\\\/decofoodshop.nl\\\/product\\\/groene-namaak-peer\\\/#breadcrumb\",\"itemListElement\":[{\"@type\":\"ListItem\",\"position\":1,\"name\":\"Home\",\"item\":\"https:\\\/\\\/decofoodshop.nl\\\/\"},{\"@type\":\"ListItem\",\"position\":2,\"name\":\"Winkel\",\"item\":\"https:\\\/\\\/decofoodshop.nl\\\/winkel\\\/\"},{\"@type\":\"ListItem\",\"position\":3,\"name\":\"Groene Namaak Peer\"}]},{\"@type\":\"WebSite\",\"@id\":\"https:\\\/\\\/decofoodshop.nl\\\/#website\",\"url\":\"https:\\\/\\\/decofoodshop.nl\\\/\",\"name\":\"Decofoodshop\",\"description\":\"\",\"potentialAction\":[{\"@type\":\"SearchAction\",\"target\":{\"@type\":\"EntryPoint\",\"urlTemplate\":\"https:\\\/\\\/decofoodshop.nl\\\/?s={search_term_string}\"},\"query-input\":{\"@type\":\"PropertyValueSpecification\",\"valueRequired\":true,\"valueName\":\"search_term_string\"}}],\"inLanguage\":\"de\"}]}<\/script>\n<!-- \/ Yoast SEO Premium plugin. -->","yoast_head_json":{"title":"Gr\u00fcne Kunstbirne Erh\u00e4ltlich bei - Decofoodshop","description":"Diese sch\u00f6ne gr\u00fcne Birnenimitation ist \u00e4u\u00dferst dekorativ. Tats\u00e4chliche Gr\u00f6\u00dfe und nicht von der Realit\u00e4t zu unterscheiden. Bei Decofoodshop!","robots":{"index":"index","follow":"follow","max-snippet":"max-snippet:-1","max-image-preview":"max-image-preview:large","max-video-preview":"max-video-preview:-1"},"canonical":"https:\/\/decofoodshop.nl\/de\/produkt\/grun-faux-birne\/","og_locale":"de_DE","og_type":"article","og_title":"Groene Namaak Peer","og_description":"Deze mooie groene namaak peer is uiterst decoratief inzetbaar. Op ware grootte en niet van echt te onderscheiden. Bij Decofoodshop!","og_url":"https:\/\/decofoodshop.nl\/de\/produkt\/grun-faux-birne\/","og_site_name":"Decofoodshop","article_modified_time":"2026-04-02T13:02:47+00:00","og_image":[{"width":1500,"height":1504,"url":"https:\/\/decofoodshop.nl\/wp-content\/uploads\/2019\/12\/Groene-Namaak-Peer.jpg","type":"image\/jpeg"}],"twitter_card":"summary_large_image","twitter_misc":{"Gesch\u00e4tzte Lesezeit":"1\u00a0Minute"},"schema":{"@context":"https:\/\/schema.org","@graph":[{"@type":"WebPage","@id":"https:\/\/decofoodshop.nl\/product\/groene-namaak-peer\/","url":"https:\/\/decofoodshop.nl\/product\/groene-namaak-peer\/","name":"Gr\u00fcne Kunstbirne Erh\u00e4ltlich bei - Decofoodshop","isPartOf":{"@id":"https:\/\/decofoodshop.nl\/#website"},"primaryImageOfPage":{"@id":"https:\/\/decofoodshop.nl\/product\/groene-namaak-peer\/#primaryimage"},"image":{"@id":"https:\/\/decofoodshop.nl\/product\/groene-namaak-peer\/#primaryimage"},"thumbnailUrl":"https:\/\/decofoodshop.nl\/wp-content\/uploads\/2019\/12\/Groene-Namaak-Peer.jpg","datePublished":"2019-12-02T12:20:29+00:00","dateModified":"2026-04-02T13:02:47+00:00","description":"Diese sch\u00f6ne gr\u00fcne Birnenimitation ist \u00e4u\u00dferst dekorativ. Tats\u00e4chliche Gr\u00f6\u00dfe und nicht von der Realit\u00e4t zu unterscheiden. Bei Decofoodshop!","breadcrumb":{"@id":"https:\/\/decofoodshop.nl\/product\/groene-namaak-peer\/#breadcrumb"},"inLanguage":"de","potentialAction":[{"@type":"ReadAction","target":["https:\/\/decofoodshop.nl\/product\/groene-namaak-peer\/"]}]},{"@type":"ImageObject","inLanguage":"de","@id":"https:\/\/decofoodshop.nl\/product\/groene-namaak-peer\/#primaryimage","url":"https:\/\/decofoodshop.nl\/wp-content\/uploads\/2019\/12\/Groene-Namaak-Peer.jpg","contentUrl":"https:\/\/decofoodshop.nl\/wp-content\/uploads\/2019\/12\/Groene-Namaak-Peer.jpg","width":1500,"height":1504,"caption":"Groene Namaak Peer"},{"@type":"BreadcrumbList","@id":"https:\/\/decofoodshop.nl\/product\/groene-namaak-peer\/#breadcrumb","itemListElement":[{"@type":"ListItem","position":1,"name":"Home","item":"https:\/\/decofoodshop.nl\/"},{"@type":"ListItem","position":2,"name":"Winkel","item":"https:\/\/decofoodshop.nl\/winkel\/"},{"@type":"ListItem","position":3,"name":"Groene Namaak Peer"}]},{"@type":"WebSite","@id":"https:\/\/decofoodshop.nl\/#website","url":"https:\/\/decofoodshop.nl\/","name":"Dekofoodshop","description":"","potentialAction":[{"@type":"SearchAction","target":{"@type":"EntryPoint","urlTemplate":"https:\/\/decofoodshop.nl\/?s={search_term_string}"},"query-input":{"@type":"PropertyValueSpecification","valueRequired":true,"valueName":"search_term_string"}}],"inLanguage":"de"}]}},"_links":{"self":[{"href":"https:\/\/decofoodshop.nl\/de\/wp-json\/wp\/v2\/product\/1584","targetHints":{"allow":["GET"]}}],"collection":[{"href":"https:\/\/decofoodshop.nl\/de\/wp-json\/wp\/v2\/product"}],"about":[{"href":"https:\/\/decofoodshop.nl\/de\/wp-json\/wp\/v2\/types\/product"}],"wp:featuredmedia":[{"embeddable":true,"href":"https:\/\/decofoodshop.nl\/de\/wp-json\/wp\/v2\/media\/1585"}],"wp:attachment":[{"href":"https:\/\/decofoodshop.nl\/de\/wp-json\/wp\/v2\/media?parent=1584"}],"wp:term":[{"taxonomy":"product_brand","embeddable":true,"href":"https:\/\/decofoodshop.nl\/de\/wp-json\/wp\/v2\/product_brand?post=1584"},{"taxonomy":"product_cat","embeddable":true,"href":"https:\/\/decofoodshop.nl\/de\/wp-json\/wp\/v2\/product_cat?post=1584"},{"taxonomy":"product_tag","embeddable":true,"href":"https:\/\/decofoodshop.nl\/de\/wp-json\/wp\/v2\/product_tag?post=1584"}],"curies":[{"name":"wp","href":"https:\/\/api.w.org\/{rel}","templated":true}]}}