{"id":1618,"date":"2019-12-03T12:03:27","date_gmt":"2019-12-03T12:03:27","guid":{"rendered":"https:\/\/decofoodshop.nl\/?post_type=product&#038;p=1618"},"modified":"2026-04-10T23:26:06","modified_gmt":"2026-04-10T21:26:06","slug":"roter-gefalschter-granatapfel","status":"publish","type":"product","link":"https:\/\/decofoodshop.nl\/de\/product\/rode-namaak-granaatappel\/","title":{"rendered":"Roter gef\u00e4lschter Granatapfel"},"content":{"rendered":"<p><span style=\"color: #333333;\">Einzigartiger roter gef\u00e4lschter Granatapfel.<\/span><\/p>\n<p>Es ist gesprenkelt f\u00fcr eine echtere Farbe mit einer unteren Farbe von sch\u00f6nem Rot bis Orange an der Spitze.<\/p>\n<p>Der k\u00fcnstliche Granatapfel hat auch eine sch\u00f6ne Spitze mit 5 Punkten.<\/p>\n<p>Es ist reale Gr\u00f6\u00dfe und nicht von der Realit\u00e4t zu unterscheiden.<\/p>\n<p>Sie k\u00f6nnen auch einen Blick auf unser breites Angebot werfen<span style=\"color: #008000;\"> <a style=\"color: #008000;\" href=\"https:\/\/decofoodshop.nl\/de\/produktkategorie-2\/kunstliches-gemuse\/\">\u201eK\u00fcnstliches Gem\u00fcse\u201c<\/a><\/span>.<\/p>","protected":false},"excerpt":{"rendered":"<p>Unieke Rode Namaak Granaatappel. Hij is voorzien van spikkels voor een echtere kleur met een onder kleur van mooi rood naar oranje aan de bovenkant. De nep granaatappel heeft ook een mooie bovenkant met 5 puntjes. Hij is op ware grootte en niet van echt te onderscheiden. U kunt ook even een kijkje nemen bij [&hellip;]<\/p>\n","protected":false},"featured_media":1741,"template":"","meta":{"_acf_changed":false,"_genesis_hide_title":false,"_genesis_hide_breadcrumbs":false,"_genesis_hide_singular_image":false,"_genesis_hide_footer_widgets":false,"_genesis_custom_body_class":"","_genesis_custom_post_class":"","_genesis_layout":""},"product_brand":[],"product_cat":[47],"product_tag":[],"class_list":{"0":"post-1618","1":"product","2":"type-product","3":"status-publish","4":"has-post-thumbnail","6":"product_cat-kunstfruit","7":"entry","8":"wpx-has-gallery","10":"first","11":"instock","12":"taxable","13":"shipping-taxable","14":"purchasable","15":"product-type-simple"},"acf":[],"yoast_head":"<!-- This site is optimized with the Yoast SEO Premium plugin v27.3 (Yoast SEO v27.4) - https:\/\/yoast.com\/product\/yoast-seo-premium-wordpress\/ -->\n<title>Rode Namaak Granaatappel Verkrijgbaar Bij - Decofoodshop<\/title>\n<meta name=\"description\" content=\"Wij hebben een ruim aanbod aan namaak eten. Ook deze rode namaak granaatappel. Kijk voor meer decoratie fruit bij Decofoodshop.nl\" \/>\n<meta name=\"robots\" content=\"index, follow, max-snippet:-1, max-image-preview:large, max-video-preview:-1\" \/>\n<link rel=\"canonical\" href=\"https:\/\/decofoodshop.nl\/de\/produkt\/roter-gefalschter-granatapfel\/\" \/>\n<meta property=\"og:locale\" content=\"de_DE\" \/>\n<meta property=\"og:type\" content=\"article\" \/>\n<meta property=\"og:title\" content=\"Rode Namaak Granaatappel\" \/>\n<meta property=\"og:description\" content=\"Wij hebben een ruim aanbod aan namaak eten. Ook deze rode namaak granaatappel. Kijk voor meer decoratie fruit bij Decofoodshop.nl\" \/>\n<meta property=\"og:url\" content=\"https:\/\/decofoodshop.nl\/de\/produkt\/roter-gefalschter-granatapfel\/\" \/>\n<meta property=\"og:site_name\" content=\"Decofoodshop\" \/>\n<meta property=\"article:modified_time\" content=\"2026-04-10T21:26:06+00:00\" \/>\n<meta property=\"og:image\" content=\"https:\/\/decofoodshop.nl\/wp-content\/uploads\/2019\/12\/rode-namak-granaatappel.jpg\" \/>\n\t<meta property=\"og:image:width\" content=\"1200\" \/>\n\t<meta property=\"og:image:height\" content=\"1200\" \/>\n\t<meta property=\"og:image:type\" content=\"image\/jpeg\" \/>\n<meta name=\"twitter:card\" content=\"summary_large_image\" \/>\n<meta name=\"twitter:label1\" content=\"Gesch\u00e4tzte Lesezeit\" \/>\n\t<meta name=\"twitter:data1\" content=\"1\u00a0Minute\" \/>\n<script type=\"application\/ld+json\" class=\"yoast-schema-graph\">{\"@context\":\"https:\\\/\\\/schema.org\",\"@graph\":[{\"@type\":\"WebPage\",\"@id\":\"https:\\\/\\\/decofoodshop.nl\\\/product\\\/rode-namaak-granaatappel\\\/\",\"url\":\"https:\\\/\\\/decofoodshop.nl\\\/product\\\/rode-namaak-granaatappel\\\/\",\"name\":\"Rode Namaak Granaatappel Verkrijgbaar Bij - Decofoodshop\",\"isPartOf\":{\"@id\":\"https:\\\/\\\/decofoodshop.nl\\\/#website\"},\"primaryImageOfPage\":{\"@id\":\"https:\\\/\\\/decofoodshop.nl\\\/product\\\/rode-namaak-granaatappel\\\/#primaryimage\"},\"image\":{\"@id\":\"https:\\\/\\\/decofoodshop.nl\\\/product\\\/rode-namaak-granaatappel\\\/#primaryimage\"},\"thumbnailUrl\":\"https:\\\/\\\/decofoodshop.nl\\\/wp-content\\\/uploads\\\/2019\\\/12\\\/rode-namak-granaatappel.jpg\",\"datePublished\":\"2019-12-03T12:03:27+00:00\",\"dateModified\":\"2026-04-10T21:26:06+00:00\",\"description\":\"Wij hebben een ruim aanbod aan namaak eten. Ook deze rode namaak granaatappel. Kijk voor meer decoratie fruit bij Decofoodshop.nl\",\"breadcrumb\":{\"@id\":\"https:\\\/\\\/decofoodshop.nl\\\/product\\\/rode-namaak-granaatappel\\\/#breadcrumb\"},\"inLanguage\":\"de\",\"potentialAction\":[{\"@type\":\"ReadAction\",\"target\":[\"https:\\\/\\\/decofoodshop.nl\\\/product\\\/rode-namaak-granaatappel\\\/\"]}]},{\"@type\":\"ImageObject\",\"inLanguage\":\"de\",\"@id\":\"https:\\\/\\\/decofoodshop.nl\\\/product\\\/rode-namaak-granaatappel\\\/#primaryimage\",\"url\":\"https:\\\/\\\/decofoodshop.nl\\\/wp-content\\\/uploads\\\/2019\\\/12\\\/rode-namak-granaatappel.jpg\",\"contentUrl\":\"https:\\\/\\\/decofoodshop.nl\\\/wp-content\\\/uploads\\\/2019\\\/12\\\/rode-namak-granaatappel.jpg\",\"width\":1200,\"height\":1200,\"caption\":\"Rode Namaak Granaatappel\"},{\"@type\":\"BreadcrumbList\",\"@id\":\"https:\\\/\\\/decofoodshop.nl\\\/product\\\/rode-namaak-granaatappel\\\/#breadcrumb\",\"itemListElement\":[{\"@type\":\"ListItem\",\"position\":1,\"name\":\"Home\",\"item\":\"https:\\\/\\\/decofoodshop.nl\\\/\"},{\"@type\":\"ListItem\",\"position\":2,\"name\":\"Winkel\",\"item\":\"https:\\\/\\\/decofoodshop.nl\\\/winkel\\\/\"},{\"@type\":\"ListItem\",\"position\":3,\"name\":\"Rode Namaak Granaatappel\"}]},{\"@type\":\"WebSite\",\"@id\":\"https:\\\/\\\/decofoodshop.nl\\\/#website\",\"url\":\"https:\\\/\\\/decofoodshop.nl\\\/\",\"name\":\"Decofoodshop\",\"description\":\"\",\"potentialAction\":[{\"@type\":\"SearchAction\",\"target\":{\"@type\":\"EntryPoint\",\"urlTemplate\":\"https:\\\/\\\/decofoodshop.nl\\\/?s={search_term_string}\"},\"query-input\":{\"@type\":\"PropertyValueSpecification\",\"valueRequired\":true,\"valueName\":\"search_term_string\"}}],\"inLanguage\":\"de\"}]}<\/script>\n<!-- \/ Yoast SEO Premium plugin. -->","yoast_head_json":{"title":"Roter gef\u00e4lschter Granatapfel erh\u00e4ltlich bei - Decofoodshop","description":"Wir haben eine gro\u00dfe Auswahl an gef\u00e4lschten Lebensmitteln. Auch dieser rote falsche Granatapfel. Weitere dekorative Fr\u00fcchte finden Sie unter Decofoodshop.nl","robots":{"index":"index","follow":"follow","max-snippet":"max-snippet:-1","max-image-preview":"max-image-preview:large","max-video-preview":"max-video-preview:-1"},"canonical":"https:\/\/decofoodshop.nl\/de\/produkt\/roter-gefalschter-granatapfel\/","og_locale":"de_DE","og_type":"article","og_title":"Rode Namaak Granaatappel","og_description":"Wij hebben een ruim aanbod aan namaak eten. Ook deze rode namaak granaatappel. Kijk voor meer decoratie fruit bij Decofoodshop.nl","og_url":"https:\/\/decofoodshop.nl\/de\/produkt\/roter-gefalschter-granatapfel\/","og_site_name":"Decofoodshop","article_modified_time":"2026-04-10T21:26:06+00:00","og_image":[{"width":1200,"height":1200,"url":"https:\/\/decofoodshop.nl\/wp-content\/uploads\/2019\/12\/rode-namak-granaatappel.jpg","type":"image\/jpeg"}],"twitter_card":"summary_large_image","twitter_misc":{"Gesch\u00e4tzte Lesezeit":"1\u00a0Minute"},"schema":{"@context":"https:\/\/schema.org","@graph":[{"@type":"WebPage","@id":"https:\/\/decofoodshop.nl\/product\/rode-namaak-granaatappel\/","url":"https:\/\/decofoodshop.nl\/product\/rode-namaak-granaatappel\/","name":"Roter gef\u00e4lschter Granatapfel erh\u00e4ltlich bei - Decofoodshop","isPartOf":{"@id":"https:\/\/decofoodshop.nl\/#website"},"primaryImageOfPage":{"@id":"https:\/\/decofoodshop.nl\/product\/rode-namaak-granaatappel\/#primaryimage"},"image":{"@id":"https:\/\/decofoodshop.nl\/product\/rode-namaak-granaatappel\/#primaryimage"},"thumbnailUrl":"https:\/\/decofoodshop.nl\/wp-content\/uploads\/2019\/12\/rode-namak-granaatappel.jpg","datePublished":"2019-12-03T12:03:27+00:00","dateModified":"2026-04-10T21:26:06+00:00","description":"Wir haben eine gro\u00dfe Auswahl an gef\u00e4lschten Lebensmitteln. Auch dieser rote falsche Granatapfel. Weitere dekorative Fr\u00fcchte finden Sie unter Decofoodshop.nl","breadcrumb":{"@id":"https:\/\/decofoodshop.nl\/product\/rode-namaak-granaatappel\/#breadcrumb"},"inLanguage":"de","potentialAction":[{"@type":"ReadAction","target":["https:\/\/decofoodshop.nl\/product\/rode-namaak-granaatappel\/"]}]},{"@type":"ImageObject","inLanguage":"de","@id":"https:\/\/decofoodshop.nl\/product\/rode-namaak-granaatappel\/#primaryimage","url":"https:\/\/decofoodshop.nl\/wp-content\/uploads\/2019\/12\/rode-namak-granaatappel.jpg","contentUrl":"https:\/\/decofoodshop.nl\/wp-content\/uploads\/2019\/12\/rode-namak-granaatappel.jpg","width":1200,"height":1200,"caption":"Rode Namaak Granaatappel"},{"@type":"BreadcrumbList","@id":"https:\/\/decofoodshop.nl\/product\/rode-namaak-granaatappel\/#breadcrumb","itemListElement":[{"@type":"ListItem","position":1,"name":"Home","item":"https:\/\/decofoodshop.nl\/"},{"@type":"ListItem","position":2,"name":"Winkel","item":"https:\/\/decofoodshop.nl\/winkel\/"},{"@type":"ListItem","position":3,"name":"Rode Namaak Granaatappel"}]},{"@type":"WebSite","@id":"https:\/\/decofoodshop.nl\/#website","url":"https:\/\/decofoodshop.nl\/","name":"Dekofoodshop","description":"","potentialAction":[{"@type":"SearchAction","target":{"@type":"EntryPoint","urlTemplate":"https:\/\/decofoodshop.nl\/?s={search_term_string}"},"query-input":{"@type":"PropertyValueSpecification","valueRequired":true,"valueName":"search_term_string"}}],"inLanguage":"de"}]}},"_links":{"self":[{"href":"https:\/\/decofoodshop.nl\/de\/wp-json\/wp\/v2\/product\/1618","targetHints":{"allow":["GET"]}}],"collection":[{"href":"https:\/\/decofoodshop.nl\/de\/wp-json\/wp\/v2\/product"}],"about":[{"href":"https:\/\/decofoodshop.nl\/de\/wp-json\/wp\/v2\/types\/product"}],"wp:featuredmedia":[{"embeddable":true,"href":"https:\/\/decofoodshop.nl\/de\/wp-json\/wp\/v2\/media\/1741"}],"wp:attachment":[{"href":"https:\/\/decofoodshop.nl\/de\/wp-json\/wp\/v2\/media?parent=1618"}],"wp:term":[{"taxonomy":"product_brand","embeddable":true,"href":"https:\/\/decofoodshop.nl\/de\/wp-json\/wp\/v2\/product_brand?post=1618"},{"taxonomy":"product_cat","embeddable":true,"href":"https:\/\/decofoodshop.nl\/de\/wp-json\/wp\/v2\/product_cat?post=1618"},{"taxonomy":"product_tag","embeddable":true,"href":"https:\/\/decofoodshop.nl\/de\/wp-json\/wp\/v2\/product_tag?post=1618"}],"curies":[{"name":"wp","href":"https:\/\/api.w.org\/{rel}","templated":true}]}}