{"id":1631,"date":"2019-12-04T10:47:46","date_gmt":"2019-12-04T09:47:46","guid":{"rendered":"https:\/\/decofoodshop.nl\/?post_type=product&#038;p=1631"},"modified":"2026-04-09T14:21:02","modified_gmt":"2026-04-09T12:21:02","slug":"kunstliche-kartoffel","status":"publish","type":"product","link":"https:\/\/decofoodshop.nl\/de\/product\/kunst-aardappel\/","title":{"rendered":"Kunstkartoffel"},"content":{"rendered":"<p>Diese wundersch\u00f6ne Art Potato ist wie echt.<\/p>\n<p>Es verf\u00fcgt \u00fcber eine unebene Oberfl\u00e4che f\u00fcr eine echte Note.<\/p>\n<p>Die gef\u00e4lschte Kartoffel ist in voller Gr\u00f6\u00dfe und \u00e4u\u00dferst dekorativ.<\/p>\n<p>Auch die Farbe und die Oberfl\u00e4che des Kartoffeldummys ist wie echt.<\/p>\n<p>Sto\u00dffest und nicht zerbrechlich.<\/p>\n<p>Hier finden Sie unser Angebot an k\u00fcnstlichem Gem\u00fcse:<span style=\"color: #008000;\"> <a style=\"color: #008000;\" href=\"https:\/\/decofoodshop.nl\/de\/produktkategorie-2\/kunstliches-gemuse\/\">\u201eK\u00fcnstliches Gem\u00fcse\u201c<\/a>.<\/span><\/p>","protected":false},"excerpt":{"rendered":"<p>Diese wundersch\u00f6ne k\u00fcnstliche Kartoffel ist genau wie das Original. Es hat eine unebene Oberfl\u00e4che f\u00fcr eine echte Haptik. Die Kunstkartoffel ist in voller Gr\u00f6\u00dfe verwendbar und l\u00e4sst sich sehr dekorativ einsetzen. Auch die Farbe und Oberfl\u00e4che der Kartoffelattrappe entspricht dem Original. Sto\u00dffest und unzerbrechlich. Hier finden Sie unser Sortiment an Kunstgem\u00fcse: \u201eK\u00fcnstliches Gem\u00fcse\u201c.<\/p>","protected":false},"featured_media":2526,"template":"","meta":{"_acf_changed":false,"_genesis_hide_title":false,"_genesis_hide_breadcrumbs":false,"_genesis_hide_singular_image":false,"_genesis_hide_footer_widgets":false,"_genesis_custom_body_class":"","_genesis_custom_post_class":"","_genesis_layout":""},"product_brand":[],"product_cat":[48],"product_tag":[],"class_list":{"0":"post-1631","1":"product","2":"type-product","3":"status-publish","4":"has-post-thumbnail","6":"product_cat-kunstgroenten","7":"entry","8":"wpx-has-gallery","10":"first","11":"instock","12":"taxable","13":"shipping-taxable","14":"purchasable","15":"product-type-simple"},"acf":[],"yoast_head":"<!-- This site is optimized with the Yoast SEO Premium plugin v27.4 (Yoast SEO v27.4) - https:\/\/yoast.com\/product\/yoast-seo-premium-wordpress\/ -->\n<title>Kunst Aardappel en meer nepgroenten - Aangeboden bij Decofoodshop<\/title>\n<meta name=\"description\" content=\"Kunst aardappel en veel meer decoratie groenten bestellen? Voor meer informatie en meer kunstgroenten kijk bij Decofoodshop.\" \/>\n<meta name=\"robots\" content=\"index, follow, max-snippet:-1, max-image-preview:large, max-video-preview:-1\" \/>\n<link rel=\"canonical\" href=\"https:\/\/decofoodshop.nl\/de\/produkt\/kunstliche-kartoffel\/\" \/>\n<meta property=\"og:locale\" content=\"de_DE\" \/>\n<meta property=\"og:type\" content=\"article\" \/>\n<meta property=\"og:title\" content=\"Kunst Aardappel\" \/>\n<meta property=\"og:description\" content=\"Kunst aardappel en veel meer decoratie groenten bestellen? Voor meer informatie en meer kunstgroenten kijk bij Decofoodshop.\" \/>\n<meta property=\"og:url\" content=\"https:\/\/decofoodshop.nl\/de\/produkt\/kunstliche-kartoffel\/\" \/>\n<meta property=\"og:site_name\" content=\"Decofoodshop\" \/>\n<meta property=\"article:modified_time\" content=\"2026-04-09T12:21:02+00:00\" \/>\n<meta property=\"og:image\" content=\"https:\/\/decofoodshop.nl\/wp-content\/uploads\/2019\/12\/Kunst-Aardappel-single-10cm-1.jpg\" \/>\n\t<meta property=\"og:image:width\" content=\"1200\" \/>\n\t<meta property=\"og:image:height\" content=\"1201\" \/>\n\t<meta property=\"og:image:type\" content=\"image\/jpeg\" \/>\n<meta name=\"twitter:card\" content=\"summary_large_image\" \/>\n<meta name=\"twitter:label1\" content=\"Gesch\u00e4tzte Lesezeit\" \/>\n\t<meta name=\"twitter:data1\" content=\"1\u00a0Minute\" \/>\n<script type=\"application\/ld+json\" class=\"yoast-schema-graph\">{\"@context\":\"https:\\\/\\\/schema.org\",\"@graph\":[{\"@type\":\"WebPage\",\"@id\":\"https:\\\/\\\/decofoodshop.nl\\\/product\\\/kunst-aardappel\\\/\",\"url\":\"https:\\\/\\\/decofoodshop.nl\\\/product\\\/kunst-aardappel\\\/\",\"name\":\"Kunst Aardappel en meer nepgroenten - Aangeboden bij Decofoodshop\",\"isPartOf\":{\"@id\":\"https:\\\/\\\/decofoodshop.nl\\\/#website\"},\"primaryImageOfPage\":{\"@id\":\"https:\\\/\\\/decofoodshop.nl\\\/product\\\/kunst-aardappel\\\/#primaryimage\"},\"image\":{\"@id\":\"https:\\\/\\\/decofoodshop.nl\\\/product\\\/kunst-aardappel\\\/#primaryimage\"},\"thumbnailUrl\":\"https:\\\/\\\/decofoodshop.nl\\\/wp-content\\\/uploads\\\/2019\\\/12\\\/Kunst-Aardappel-single-10cm-1.jpg\",\"datePublished\":\"2019-12-04T09:47:46+00:00\",\"dateModified\":\"2026-04-09T12:21:02+00:00\",\"description\":\"Kunst aardappel en veel meer decoratie groenten bestellen? Voor meer informatie en meer kunstgroenten kijk bij Decofoodshop.\",\"breadcrumb\":{\"@id\":\"https:\\\/\\\/decofoodshop.nl\\\/product\\\/kunst-aardappel\\\/#breadcrumb\"},\"inLanguage\":\"de\",\"potentialAction\":[{\"@type\":\"ReadAction\",\"target\":[\"https:\\\/\\\/decofoodshop.nl\\\/product\\\/kunst-aardappel\\\/\"]}]},{\"@type\":\"ImageObject\",\"inLanguage\":\"de\",\"@id\":\"https:\\\/\\\/decofoodshop.nl\\\/product\\\/kunst-aardappel\\\/#primaryimage\",\"url\":\"https:\\\/\\\/decofoodshop.nl\\\/wp-content\\\/uploads\\\/2019\\\/12\\\/Kunst-Aardappel-single-10cm-1.jpg\",\"contentUrl\":\"https:\\\/\\\/decofoodshop.nl\\\/wp-content\\\/uploads\\\/2019\\\/12\\\/Kunst-Aardappel-single-10cm-1.jpg\",\"width\":1200,\"height\":1201,\"caption\":\"Kunst Aardappel\"},{\"@type\":\"BreadcrumbList\",\"@id\":\"https:\\\/\\\/decofoodshop.nl\\\/product\\\/kunst-aardappel\\\/#breadcrumb\",\"itemListElement\":[{\"@type\":\"ListItem\",\"position\":1,\"name\":\"Home\",\"item\":\"https:\\\/\\\/decofoodshop.nl\\\/\"},{\"@type\":\"ListItem\",\"position\":2,\"name\":\"Winkel\",\"item\":\"https:\\\/\\\/decofoodshop.nl\\\/winkel\\\/\"},{\"@type\":\"ListItem\",\"position\":3,\"name\":\"Kunst Aardappel\"}]},{\"@type\":\"WebSite\",\"@id\":\"https:\\\/\\\/decofoodshop.nl\\\/#website\",\"url\":\"https:\\\/\\\/decofoodshop.nl\\\/\",\"name\":\"Decofoodshop\",\"description\":\"\",\"potentialAction\":[{\"@type\":\"SearchAction\",\"target\":{\"@type\":\"EntryPoint\",\"urlTemplate\":\"https:\\\/\\\/decofoodshop.nl\\\/?s={search_term_string}\"},\"query-input\":{\"@type\":\"PropertyValueSpecification\",\"valueRequired\":true,\"valueName\":\"search_term_string\"}}],\"inLanguage\":\"de\"}]}<\/script>\n<!-- \/ Yoast SEO Premium plugin. -->","yoast_head_json":{"title":"Kunstkartoffel und mehr Kunstgem\u00fcse - Angeboten bei Decofoodshop","description":"Kunstkartoffeln und viele weitere Ziergem\u00fcse bestellen? Weitere Informationen und mehr k\u00fcnstliches Gem\u00fcse finden Sie im Decofoodshop.","robots":{"index":"index","follow":"follow","max-snippet":"max-snippet:-1","max-image-preview":"max-image-preview:large","max-video-preview":"max-video-preview:-1"},"canonical":"https:\/\/decofoodshop.nl\/de\/produkt\/kunstliche-kartoffel\/","og_locale":"de_DE","og_type":"article","og_title":"Kunst Aardappel","og_description":"Kunst aardappel en veel meer decoratie groenten bestellen? Voor meer informatie en meer kunstgroenten kijk bij Decofoodshop.","og_url":"https:\/\/decofoodshop.nl\/de\/produkt\/kunstliche-kartoffel\/","og_site_name":"Decofoodshop","article_modified_time":"2026-04-09T12:21:02+00:00","og_image":[{"width":1200,"height":1201,"url":"https:\/\/decofoodshop.nl\/wp-content\/uploads\/2019\/12\/Kunst-Aardappel-single-10cm-1.jpg","type":"image\/jpeg"}],"twitter_card":"summary_large_image","twitter_misc":{"Gesch\u00e4tzte Lesezeit":"1\u00a0Minute"},"schema":{"@context":"https:\/\/schema.org","@graph":[{"@type":"WebPage","@id":"https:\/\/decofoodshop.nl\/product\/kunst-aardappel\/","url":"https:\/\/decofoodshop.nl\/product\/kunst-aardappel\/","name":"Kunstkartoffel und mehr Kunstgem\u00fcse - Angeboten bei Decofoodshop","isPartOf":{"@id":"https:\/\/decofoodshop.nl\/#website"},"primaryImageOfPage":{"@id":"https:\/\/decofoodshop.nl\/product\/kunst-aardappel\/#primaryimage"},"image":{"@id":"https:\/\/decofoodshop.nl\/product\/kunst-aardappel\/#primaryimage"},"thumbnailUrl":"https:\/\/decofoodshop.nl\/wp-content\/uploads\/2019\/12\/Kunst-Aardappel-single-10cm-1.jpg","datePublished":"2019-12-04T09:47:46+00:00","dateModified":"2026-04-09T12:21:02+00:00","description":"Kunstkartoffeln und viele weitere Ziergem\u00fcse bestellen? Weitere Informationen und mehr k\u00fcnstliches Gem\u00fcse finden Sie im Decofoodshop.","breadcrumb":{"@id":"https:\/\/decofoodshop.nl\/product\/kunst-aardappel\/#breadcrumb"},"inLanguage":"de","potentialAction":[{"@type":"ReadAction","target":["https:\/\/decofoodshop.nl\/product\/kunst-aardappel\/"]}]},{"@type":"ImageObject","inLanguage":"de","@id":"https:\/\/decofoodshop.nl\/product\/kunst-aardappel\/#primaryimage","url":"https:\/\/decofoodshop.nl\/wp-content\/uploads\/2019\/12\/Kunst-Aardappel-single-10cm-1.jpg","contentUrl":"https:\/\/decofoodshop.nl\/wp-content\/uploads\/2019\/12\/Kunst-Aardappel-single-10cm-1.jpg","width":1200,"height":1201,"caption":"Kunst Aardappel"},{"@type":"BreadcrumbList","@id":"https:\/\/decofoodshop.nl\/product\/kunst-aardappel\/#breadcrumb","itemListElement":[{"@type":"ListItem","position":1,"name":"Home","item":"https:\/\/decofoodshop.nl\/"},{"@type":"ListItem","position":2,"name":"Winkel","item":"https:\/\/decofoodshop.nl\/winkel\/"},{"@type":"ListItem","position":3,"name":"Kunst Aardappel"}]},{"@type":"WebSite","@id":"https:\/\/decofoodshop.nl\/#website","url":"https:\/\/decofoodshop.nl\/","name":"Dekofoodshop","description":"","potentialAction":[{"@type":"SearchAction","target":{"@type":"EntryPoint","urlTemplate":"https:\/\/decofoodshop.nl\/?s={search_term_string}"},"query-input":{"@type":"PropertyValueSpecification","valueRequired":true,"valueName":"search_term_string"}}],"inLanguage":"de"}]}},"_links":{"self":[{"href":"https:\/\/decofoodshop.nl\/de\/wp-json\/wp\/v2\/product\/1631","targetHints":{"allow":["GET"]}}],"collection":[{"href":"https:\/\/decofoodshop.nl\/de\/wp-json\/wp\/v2\/product"}],"about":[{"href":"https:\/\/decofoodshop.nl\/de\/wp-json\/wp\/v2\/types\/product"}],"wp:featuredmedia":[{"embeddable":true,"href":"https:\/\/decofoodshop.nl\/de\/wp-json\/wp\/v2\/media\/2526"}],"wp:attachment":[{"href":"https:\/\/decofoodshop.nl\/de\/wp-json\/wp\/v2\/media?parent=1631"}],"wp:term":[{"taxonomy":"product_brand","embeddable":true,"href":"https:\/\/decofoodshop.nl\/de\/wp-json\/wp\/v2\/product_brand?post=1631"},{"taxonomy":"product_cat","embeddable":true,"href":"https:\/\/decofoodshop.nl\/de\/wp-json\/wp\/v2\/product_cat?post=1631"},{"taxonomy":"product_tag","embeddable":true,"href":"https:\/\/decofoodshop.nl\/de\/wp-json\/wp\/v2\/product_tag?post=1631"}],"curies":[{"name":"wp","href":"https:\/\/api.w.org\/{rel}","templated":true}]}}