{"id":1657,"date":"2019-12-04T11:01:06","date_gmt":"2019-12-04T11:01:06","guid":{"rendered":"https:\/\/decofoodshop.nl\/?post_type=product&#038;p=1657"},"modified":"2026-03-16T20:53:19","modified_gmt":"2026-03-16T19:53:19","slug":"gefalschte-kartoffel","status":"publish","type":"product","link":"https:\/\/decofoodshop.nl\/de\/product\/namaak-aardappel\/","title":{"rendered":"Gef\u00e4lschte Kartoffel"},"content":{"rendered":"<p>Diese gef\u00e4lschte Kartoffel eignet sich hervorragend f\u00fcr dekorative Zwecke.<\/p>\n<p>Es ist eines unserer vielen k\u00fcnstlichen Lebensmittelprodukte.<\/p>\n<p>Es hat eine leicht gl\u00e4nzende und unebene Oberfl\u00e4che.<\/p>\n<p>Die gef\u00e4lschte Kartoffel ist nicht zerbrechlich und sehr robust.<\/p>\n<p>Hier finden Sie unser Angebot an gef\u00e4lschten Lebensmittelverpackungen:<span style=\"color: #008000;\"> <a style=\"color: #008000;\" href=\"https:\/\/decofoodshop.nl\/de\/produktkategorie-2\/pakete\/\"><strong>&#039;Pakete&#039;<\/strong><\/a>.<\/span><\/p>","protected":false},"excerpt":{"rendered":"<p>Diese gef\u00e4lschte Kartoffel eignet sich hervorragend f\u00fcr dekorative Zwecke. Es ist eines unserer vielen k\u00fcnstlichen Lebensmittelprodukte. Es hat eine leicht gl\u00e4nzende und unebene Oberfl\u00e4che. Die gef\u00e4lschte Kartoffel ist nicht zerbrechlich und sehr robust. Suchen Sie hier nach unserem Angebot an gef\u00e4lschten Lebensmittelverpackungen: \u201eVerpackungen\u201c.<\/p>","protected":false},"featured_media":2529,"template":"","meta":{"_acf_changed":false,"_genesis_hide_title":false,"_genesis_hide_breadcrumbs":false,"_genesis_hide_singular_image":false,"_genesis_hide_footer_widgets":false,"_genesis_custom_body_class":"","_genesis_custom_post_class":"","_genesis_layout":""},"product_brand":[],"product_cat":[48],"product_tag":[],"class_list":{"0":"post-1657","1":"product","2":"type-product","3":"status-publish","4":"has-post-thumbnail","6":"product_cat-kunstgroenten","7":"entry","8":"wpx-has-gallery","10":"first","11":"instock","12":"taxable","13":"shipping-taxable","14":"purchasable","15":"product-type-simple"},"acf":[],"yoast_head":"<!-- This site is optimized with the Yoast SEO Premium plugin v27.3 (Yoast SEO v27.4) - https:\/\/yoast.com\/product\/yoast-seo-premium-wordpress\/ -->\n<title>Namaak Aardappel - kunstgroenten bestellen | Decofoodshop<\/title>\n<meta name=\"description\" content=\"Deze net echte namaak aardappel is uiterst decoratief. Wij bieden een ruim assortiment aan Kunstgroenten en Kunstfruit en meer namaak eten.\" \/>\n<meta name=\"robots\" content=\"index, follow, max-snippet:-1, max-image-preview:large, max-video-preview:-1\" \/>\n<link rel=\"canonical\" href=\"https:\/\/decofoodshop.nl\/de\/produkt\/gefalschte-kartoffel\/\" \/>\n<meta property=\"og:locale\" content=\"de_DE\" \/>\n<meta property=\"og:type\" content=\"article\" \/>\n<meta property=\"og:title\" content=\"Namaak Aardappel\" \/>\n<meta property=\"og:description\" content=\"Deze net echte namaak aardappel is uiterst decoratief. Wij bieden een ruim assortiment aan Kunstgroenten en Kunstfruit en meer namaak eten.\" \/>\n<meta property=\"og:url\" content=\"https:\/\/decofoodshop.nl\/de\/produkt\/gefalschte-kartoffel\/\" \/>\n<meta property=\"og:site_name\" content=\"Decofoodshop\" \/>\n<meta property=\"article:modified_time\" content=\"2026-03-16T19:53:19+00:00\" \/>\n<meta property=\"og:image\" content=\"https:\/\/decofoodshop.nl\/wp-content\/uploads\/2019\/12\/Namaak-Aardappel-10cm-b-1.jpg\" \/>\n\t<meta property=\"og:image:width\" content=\"1200\" \/>\n\t<meta property=\"og:image:height\" content=\"1203\" \/>\n\t<meta property=\"og:image:type\" content=\"image\/jpeg\" \/>\n<meta name=\"twitter:card\" content=\"summary_large_image\" \/>\n<meta name=\"twitter:label1\" content=\"Gesch\u00e4tzte Lesezeit\" \/>\n\t<meta name=\"twitter:data1\" content=\"1\u00a0Minute\" \/>\n<script type=\"application\/ld+json\" class=\"yoast-schema-graph\">{\"@context\":\"https:\\\/\\\/schema.org\",\"@graph\":[{\"@type\":\"WebPage\",\"@id\":\"https:\\\/\\\/decofoodshop.nl\\\/product\\\/namaak-aardappel\\\/\",\"url\":\"https:\\\/\\\/decofoodshop.nl\\\/product\\\/namaak-aardappel\\\/\",\"name\":\"Namaak Aardappel - kunstgroenten bestellen | Decofoodshop\",\"isPartOf\":{\"@id\":\"https:\\\/\\\/decofoodshop.nl\\\/#website\"},\"primaryImageOfPage\":{\"@id\":\"https:\\\/\\\/decofoodshop.nl\\\/product\\\/namaak-aardappel\\\/#primaryimage\"},\"image\":{\"@id\":\"https:\\\/\\\/decofoodshop.nl\\\/product\\\/namaak-aardappel\\\/#primaryimage\"},\"thumbnailUrl\":\"https:\\\/\\\/decofoodshop.nl\\\/wp-content\\\/uploads\\\/2019\\\/12\\\/Namaak-Aardappel-10cm-b-1.jpg\",\"datePublished\":\"2019-12-04T11:01:06+00:00\",\"dateModified\":\"2026-03-16T19:53:19+00:00\",\"description\":\"Deze net echte namaak aardappel is uiterst decoratief. Wij bieden een ruim assortiment aan Kunstgroenten en Kunstfruit en meer namaak eten.\",\"breadcrumb\":{\"@id\":\"https:\\\/\\\/decofoodshop.nl\\\/product\\\/namaak-aardappel\\\/#breadcrumb\"},\"inLanguage\":\"de\",\"potentialAction\":[{\"@type\":\"ReadAction\",\"target\":[\"https:\\\/\\\/decofoodshop.nl\\\/product\\\/namaak-aardappel\\\/\"]}]},{\"@type\":\"ImageObject\",\"inLanguage\":\"de\",\"@id\":\"https:\\\/\\\/decofoodshop.nl\\\/product\\\/namaak-aardappel\\\/#primaryimage\",\"url\":\"https:\\\/\\\/decofoodshop.nl\\\/wp-content\\\/uploads\\\/2019\\\/12\\\/Namaak-Aardappel-10cm-b-1.jpg\",\"contentUrl\":\"https:\\\/\\\/decofoodshop.nl\\\/wp-content\\\/uploads\\\/2019\\\/12\\\/Namaak-Aardappel-10cm-b-1.jpg\",\"width\":1200,\"height\":1203,\"caption\":\"Namaak Aardappel\"},{\"@type\":\"BreadcrumbList\",\"@id\":\"https:\\\/\\\/decofoodshop.nl\\\/product\\\/namaak-aardappel\\\/#breadcrumb\",\"itemListElement\":[{\"@type\":\"ListItem\",\"position\":1,\"name\":\"Home\",\"item\":\"https:\\\/\\\/decofoodshop.nl\\\/\"},{\"@type\":\"ListItem\",\"position\":2,\"name\":\"Winkel\",\"item\":\"https:\\\/\\\/decofoodshop.nl\\\/winkel\\\/\"},{\"@type\":\"ListItem\",\"position\":3,\"name\":\"Namaak Aardappel\"}]},{\"@type\":\"WebSite\",\"@id\":\"https:\\\/\\\/decofoodshop.nl\\\/#website\",\"url\":\"https:\\\/\\\/decofoodshop.nl\\\/\",\"name\":\"Decofoodshop\",\"description\":\"\",\"potentialAction\":[{\"@type\":\"SearchAction\",\"target\":{\"@type\":\"EntryPoint\",\"urlTemplate\":\"https:\\\/\\\/decofoodshop.nl\\\/?s={search_term_string}\"},\"query-input\":{\"@type\":\"PropertyValueSpecification\",\"valueRequired\":true,\"valueName\":\"search_term_string\"}}],\"inLanguage\":\"de\"}]}<\/script>\n<!-- \/ Yoast SEO Premium plugin. -->","yoast_head_json":{"title":"Gef\u00e4lschte Kartoffel - k\u00fcnstliches Gem\u00fcse bestellen | Dekofoodshop","description":"Diese k\u00fcnstliche Kartoffel ist, genau wie die echte, \u00e4u\u00dferst dekorativ. Wir bieten eine gro\u00dfe Auswahl an k\u00fcnstlichem Gem\u00fcse und k\u00fcnstlichem Obst und mehr gef\u00e4lschten Lebensmitteln.","robots":{"index":"index","follow":"follow","max-snippet":"max-snippet:-1","max-image-preview":"max-image-preview:large","max-video-preview":"max-video-preview:-1"},"canonical":"https:\/\/decofoodshop.nl\/de\/produkt\/gefalschte-kartoffel\/","og_locale":"de_DE","og_type":"article","og_title":"Namaak Aardappel","og_description":"Deze net echte namaak aardappel is uiterst decoratief. Wij bieden een ruim assortiment aan Kunstgroenten en Kunstfruit en meer namaak eten.","og_url":"https:\/\/decofoodshop.nl\/de\/produkt\/gefalschte-kartoffel\/","og_site_name":"Decofoodshop","article_modified_time":"2026-03-16T19:53:19+00:00","og_image":[{"width":1200,"height":1203,"url":"https:\/\/decofoodshop.nl\/wp-content\/uploads\/2019\/12\/Namaak-Aardappel-10cm-b-1.jpg","type":"image\/jpeg"}],"twitter_card":"summary_large_image","twitter_misc":{"Gesch\u00e4tzte Lesezeit":"1\u00a0Minute"},"schema":{"@context":"https:\/\/schema.org","@graph":[{"@type":"WebPage","@id":"https:\/\/decofoodshop.nl\/product\/namaak-aardappel\/","url":"https:\/\/decofoodshop.nl\/product\/namaak-aardappel\/","name":"Gef\u00e4lschte Kartoffel - k\u00fcnstliches Gem\u00fcse bestellen | Dekofoodshop","isPartOf":{"@id":"https:\/\/decofoodshop.nl\/#website"},"primaryImageOfPage":{"@id":"https:\/\/decofoodshop.nl\/product\/namaak-aardappel\/#primaryimage"},"image":{"@id":"https:\/\/decofoodshop.nl\/product\/namaak-aardappel\/#primaryimage"},"thumbnailUrl":"https:\/\/decofoodshop.nl\/wp-content\/uploads\/2019\/12\/Namaak-Aardappel-10cm-b-1.jpg","datePublished":"2019-12-04T11:01:06+00:00","dateModified":"2026-03-16T19:53:19+00:00","description":"Diese k\u00fcnstliche Kartoffel ist, genau wie die echte, \u00e4u\u00dferst dekorativ. Wir bieten eine gro\u00dfe Auswahl an k\u00fcnstlichem Gem\u00fcse und k\u00fcnstlichem Obst und mehr gef\u00e4lschten Lebensmitteln.","breadcrumb":{"@id":"https:\/\/decofoodshop.nl\/product\/namaak-aardappel\/#breadcrumb"},"inLanguage":"de","potentialAction":[{"@type":"ReadAction","target":["https:\/\/decofoodshop.nl\/product\/namaak-aardappel\/"]}]},{"@type":"ImageObject","inLanguage":"de","@id":"https:\/\/decofoodshop.nl\/product\/namaak-aardappel\/#primaryimage","url":"https:\/\/decofoodshop.nl\/wp-content\/uploads\/2019\/12\/Namaak-Aardappel-10cm-b-1.jpg","contentUrl":"https:\/\/decofoodshop.nl\/wp-content\/uploads\/2019\/12\/Namaak-Aardappel-10cm-b-1.jpg","width":1200,"height":1203,"caption":"Namaak Aardappel"},{"@type":"BreadcrumbList","@id":"https:\/\/decofoodshop.nl\/product\/namaak-aardappel\/#breadcrumb","itemListElement":[{"@type":"ListItem","position":1,"name":"Home","item":"https:\/\/decofoodshop.nl\/"},{"@type":"ListItem","position":2,"name":"Winkel","item":"https:\/\/decofoodshop.nl\/winkel\/"},{"@type":"ListItem","position":3,"name":"Namaak Aardappel"}]},{"@type":"WebSite","@id":"https:\/\/decofoodshop.nl\/#website","url":"https:\/\/decofoodshop.nl\/","name":"Dekofoodshop","description":"","potentialAction":[{"@type":"SearchAction","target":{"@type":"EntryPoint","urlTemplate":"https:\/\/decofoodshop.nl\/?s={search_term_string}"},"query-input":{"@type":"PropertyValueSpecification","valueRequired":true,"valueName":"search_term_string"}}],"inLanguage":"de"}]}},"_links":{"self":[{"href":"https:\/\/decofoodshop.nl\/de\/wp-json\/wp\/v2\/product\/1657","targetHints":{"allow":["GET"]}}],"collection":[{"href":"https:\/\/decofoodshop.nl\/de\/wp-json\/wp\/v2\/product"}],"about":[{"href":"https:\/\/decofoodshop.nl\/de\/wp-json\/wp\/v2\/types\/product"}],"wp:featuredmedia":[{"embeddable":true,"href":"https:\/\/decofoodshop.nl\/de\/wp-json\/wp\/v2\/media\/2529"}],"wp:attachment":[{"href":"https:\/\/decofoodshop.nl\/de\/wp-json\/wp\/v2\/media?parent=1657"}],"wp:term":[{"taxonomy":"product_brand","embeddable":true,"href":"https:\/\/decofoodshop.nl\/de\/wp-json\/wp\/v2\/product_brand?post=1657"},{"taxonomy":"product_cat","embeddable":true,"href":"https:\/\/decofoodshop.nl\/de\/wp-json\/wp\/v2\/product_cat?post=1657"},{"taxonomy":"product_tag","embeddable":true,"href":"https:\/\/decofoodshop.nl\/de\/wp-json\/wp\/v2\/product_tag?post=1657"}],"curies":[{"name":"wp","href":"https:\/\/api.w.org\/{rel}","templated":true}]}}