{"id":1675,"date":"2019-12-04T11:20:36","date_gmt":"2019-12-04T10:20:36","guid":{"rendered":"https:\/\/decofoodshop.nl\/?post_type=product&#038;p=1675"},"modified":"2026-04-17T08:50:36","modified_gmt":"2026-04-17T06:50:36","slug":"rot-grun-faux-birne","status":"publish","type":"product","link":"https:\/\/decofoodshop.nl\/de\/product\/rood-groene-namaak-peer\/","title":{"rendered":"Rote gr\u00fcne gef\u00e4lschte Birne"},"content":{"rendered":"<p>Wundersch\u00f6ne rote gr\u00fcne Kunstbirne mit umfangreichen Farbdetails.<\/p>\n<p>Die k\u00fcnstliche Birne ist in voller Gr\u00f6\u00dfe und liegt angenehm in der Hand.<\/p>\n<p>Es kann auch aufrecht stehen und ist nicht zerbrechlich.<\/p>\n<p>Ausgestattet mit Griff und sch\u00f6nem Finish an der Unterseite.<\/p>\n<p>F\u00fcr Gem\u00fcsepakete und Obstpakete klicken<strong><span style=\"color: #008000;\"> <a style=\"color: #008000;\" href=\"https:\/\/decofoodshop.nl\/de\/produktkategorie-2\/pakete\/\">&#039;hier&#039;<\/a>.<\/span><\/strong><\/p>","protected":false},"excerpt":{"rendered":"<p>Mooie Rood Groene Namaak Peer met uitgebreide details in kleur. De kunst peer is op ware grootte en ligt fijn in de hand. Ook kan hij recht op blijven staan en is niet breekbaar. Voorzien van steeltje en mooie afwerking aan de onderkant. Voor groenten pakketten en fruitpakketten klik &#8216;hier&#8217;.<\/p>","protected":false},"featured_media":1592,"template":"","meta":{"_acf_changed":false,"_genesis_hide_title":false,"_genesis_hide_breadcrumbs":false,"_genesis_hide_singular_image":false,"_genesis_hide_footer_widgets":false,"_genesis_custom_body_class":"","_genesis_custom_post_class":"","_genesis_layout":""},"product_brand":[],"product_cat":[47],"product_tag":[],"class_list":{"0":"post-1675","1":"product","2":"type-product","3":"status-publish","4":"has-post-thumbnail","6":"product_cat-kunstfruit","7":"entry","8":"wpx-has-gallery","10":"first","11":"instock","12":"taxable","13":"shipping-taxable","14":"purchasable","15":"product-type-simple"},"acf":[],"yoast_head":"<!-- This site is optimized with the Yoast SEO Premium plugin v27.3 (Yoast SEO v27.4) - https:\/\/yoast.com\/product\/yoast-seo-premium-wordpress\/ -->\n<title>Docratieve Rood Groene Namaak Peer - Decofoodshop<\/title>\n<meta name=\"description\" content=\"Prachtige decoratieve rood groene namaak peer. Kijk op decofoodshop voor meer info en een breed aanbod kunstfruit en meer decoratief voedsel\" \/>\n<meta name=\"robots\" content=\"index, follow, max-snippet:-1, max-image-preview:large, max-video-preview:-1\" \/>\n<link rel=\"canonical\" href=\"https:\/\/decofoodshop.nl\/de\/produkt\/rot-grun-faux-birne\/\" \/>\n<meta property=\"og:locale\" content=\"de_DE\" \/>\n<meta property=\"og:type\" content=\"article\" \/>\n<meta property=\"og:title\" content=\"Rood Groene Namaak Peer\" \/>\n<meta property=\"og:description\" content=\"Prachtige decoratieve rood groene namaak peer. Kijk op decofoodshop voor meer info en een breed aanbod kunstfruit en meer decoratief voedsel\" \/>\n<meta property=\"og:url\" content=\"https:\/\/decofoodshop.nl\/de\/produkt\/rot-grun-faux-birne\/\" \/>\n<meta property=\"og:site_name\" content=\"Decofoodshop\" \/>\n<meta property=\"article:modified_time\" content=\"2026-04-17T06:50:36+00:00\" \/>\n<meta property=\"og:image\" content=\"https:\/\/decofoodshop.nl\/wp-content\/uploads\/2019\/12\/Rood-Groene-Namaak-Peer-12cm-1-scaled.jpg\" \/>\n\t<meta property=\"og:image:width\" content=\"2547\" \/>\n\t<meta property=\"og:image:height\" content=\"2560\" \/>\n\t<meta property=\"og:image:type\" content=\"image\/jpeg\" \/>\n<meta name=\"twitter:card\" content=\"summary_large_image\" \/>\n<meta name=\"twitter:label1\" content=\"Gesch\u00e4tzte Lesezeit\" \/>\n\t<meta name=\"twitter:data1\" content=\"1\u00a0Minute\" \/>\n<script type=\"application\/ld+json\" class=\"yoast-schema-graph\">{\"@context\":\"https:\\\/\\\/schema.org\",\"@graph\":[{\"@type\":\"WebPage\",\"@id\":\"https:\\\/\\\/decofoodshop.nl\\\/product\\\/rood-groene-namaak-peer\\\/\",\"url\":\"https:\\\/\\\/decofoodshop.nl\\\/product\\\/rood-groene-namaak-peer\\\/\",\"name\":\"Docratieve Rood Groene Namaak Peer - Decofoodshop\",\"isPartOf\":{\"@id\":\"https:\\\/\\\/decofoodshop.nl\\\/#website\"},\"primaryImageOfPage\":{\"@id\":\"https:\\\/\\\/decofoodshop.nl\\\/product\\\/rood-groene-namaak-peer\\\/#primaryimage\"},\"image\":{\"@id\":\"https:\\\/\\\/decofoodshop.nl\\\/product\\\/rood-groene-namaak-peer\\\/#primaryimage\"},\"thumbnailUrl\":\"https:\\\/\\\/decofoodshop.nl\\\/wp-content\\\/uploads\\\/2019\\\/12\\\/Rood-Groene-Namaak-Peer-12cm-1-scaled.jpg\",\"datePublished\":\"2019-12-04T10:20:36+00:00\",\"dateModified\":\"2026-04-17T06:50:36+00:00\",\"description\":\"Prachtige decoratieve rood groene namaak peer. Kijk op decofoodshop voor meer info en een breed aanbod kunstfruit en meer decoratief voedsel\",\"breadcrumb\":{\"@id\":\"https:\\\/\\\/decofoodshop.nl\\\/product\\\/rood-groene-namaak-peer\\\/#breadcrumb\"},\"inLanguage\":\"de\",\"potentialAction\":[{\"@type\":\"ReadAction\",\"target\":[\"https:\\\/\\\/decofoodshop.nl\\\/product\\\/rood-groene-namaak-peer\\\/\"]}]},{\"@type\":\"ImageObject\",\"inLanguage\":\"de\",\"@id\":\"https:\\\/\\\/decofoodshop.nl\\\/product\\\/rood-groene-namaak-peer\\\/#primaryimage\",\"url\":\"https:\\\/\\\/decofoodshop.nl\\\/wp-content\\\/uploads\\\/2019\\\/12\\\/Rood-Groene-Namaak-Peer-12cm-1-scaled.jpg\",\"contentUrl\":\"https:\\\/\\\/decofoodshop.nl\\\/wp-content\\\/uploads\\\/2019\\\/12\\\/Rood-Groene-Namaak-Peer-12cm-1-scaled.jpg\",\"width\":2547,\"height\":2560,\"caption\":\"Rood Groene Namaak Peer\"},{\"@type\":\"BreadcrumbList\",\"@id\":\"https:\\\/\\\/decofoodshop.nl\\\/product\\\/rood-groene-namaak-peer\\\/#breadcrumb\",\"itemListElement\":[{\"@type\":\"ListItem\",\"position\":1,\"name\":\"Home\",\"item\":\"https:\\\/\\\/decofoodshop.nl\\\/\"},{\"@type\":\"ListItem\",\"position\":2,\"name\":\"Winkel\",\"item\":\"https:\\\/\\\/decofoodshop.nl\\\/winkel\\\/\"},{\"@type\":\"ListItem\",\"position\":3,\"name\":\"Rood Groene Namaak Peer\"}]},{\"@type\":\"WebSite\",\"@id\":\"https:\\\/\\\/decofoodshop.nl\\\/#website\",\"url\":\"https:\\\/\\\/decofoodshop.nl\\\/\",\"name\":\"Decofoodshop\",\"description\":\"\",\"potentialAction\":[{\"@type\":\"SearchAction\",\"target\":{\"@type\":\"EntryPoint\",\"urlTemplate\":\"https:\\\/\\\/decofoodshop.nl\\\/?s={search_term_string}\"},\"query-input\":{\"@type\":\"PropertyValueSpecification\",\"valueRequired\":true,\"valueName\":\"search_term_string\"}}],\"inLanguage\":\"de\"}]}<\/script>\n<!-- \/ Yoast SEO Premium plugin. -->","yoast_head_json":{"title":"Docrative Red Green Fake Birne - Decofoodshop","description":"Sch\u00f6ne dekorative rote gr\u00fcne Kunstbirne. Besuchen Sie decofoodshop f\u00fcr weitere Informationen und eine gro\u00dfe Auswahl an k\u00fcnstlichen Fr\u00fcchten und dekorativeren Lebensmitteln","robots":{"index":"index","follow":"follow","max-snippet":"max-snippet:-1","max-image-preview":"max-image-preview:large","max-video-preview":"max-video-preview:-1"},"canonical":"https:\/\/decofoodshop.nl\/de\/produkt\/rot-grun-faux-birne\/","og_locale":"de_DE","og_type":"article","og_title":"Rood Groene Namaak Peer","og_description":"Prachtige decoratieve rood groene namaak peer. Kijk op decofoodshop voor meer info en een breed aanbod kunstfruit en meer decoratief voedsel","og_url":"https:\/\/decofoodshop.nl\/de\/produkt\/rot-grun-faux-birne\/","og_site_name":"Decofoodshop","article_modified_time":"2026-04-17T06:50:36+00:00","og_image":[{"width":2547,"height":2560,"url":"https:\/\/decofoodshop.nl\/wp-content\/uploads\/2019\/12\/Rood-Groene-Namaak-Peer-12cm-1-scaled.jpg","type":"image\/jpeg"}],"twitter_card":"summary_large_image","twitter_misc":{"Gesch\u00e4tzte Lesezeit":"1\u00a0Minute"},"schema":{"@context":"https:\/\/schema.org","@graph":[{"@type":"WebPage","@id":"https:\/\/decofoodshop.nl\/product\/rood-groene-namaak-peer\/","url":"https:\/\/decofoodshop.nl\/product\/rood-groene-namaak-peer\/","name":"Docrative Red Green Fake Birne - Decofoodshop","isPartOf":{"@id":"https:\/\/decofoodshop.nl\/#website"},"primaryImageOfPage":{"@id":"https:\/\/decofoodshop.nl\/product\/rood-groene-namaak-peer\/#primaryimage"},"image":{"@id":"https:\/\/decofoodshop.nl\/product\/rood-groene-namaak-peer\/#primaryimage"},"thumbnailUrl":"https:\/\/decofoodshop.nl\/wp-content\/uploads\/2019\/12\/Rood-Groene-Namaak-Peer-12cm-1-scaled.jpg","datePublished":"2019-12-04T10:20:36+00:00","dateModified":"2026-04-17T06:50:36+00:00","description":"Sch\u00f6ne dekorative rote gr\u00fcne Kunstbirne. Besuchen Sie decofoodshop f\u00fcr weitere Informationen und eine gro\u00dfe Auswahl an k\u00fcnstlichen Fr\u00fcchten und dekorativeren Lebensmitteln","breadcrumb":{"@id":"https:\/\/decofoodshop.nl\/product\/rood-groene-namaak-peer\/#breadcrumb"},"inLanguage":"de","potentialAction":[{"@type":"ReadAction","target":["https:\/\/decofoodshop.nl\/product\/rood-groene-namaak-peer\/"]}]},{"@type":"ImageObject","inLanguage":"de","@id":"https:\/\/decofoodshop.nl\/product\/rood-groene-namaak-peer\/#primaryimage","url":"https:\/\/decofoodshop.nl\/wp-content\/uploads\/2019\/12\/Rood-Groene-Namaak-Peer-12cm-1-scaled.jpg","contentUrl":"https:\/\/decofoodshop.nl\/wp-content\/uploads\/2019\/12\/Rood-Groene-Namaak-Peer-12cm-1-scaled.jpg","width":2547,"height":2560,"caption":"Rood Groene Namaak Peer"},{"@type":"BreadcrumbList","@id":"https:\/\/decofoodshop.nl\/product\/rood-groene-namaak-peer\/#breadcrumb","itemListElement":[{"@type":"ListItem","position":1,"name":"Home","item":"https:\/\/decofoodshop.nl\/"},{"@type":"ListItem","position":2,"name":"Winkel","item":"https:\/\/decofoodshop.nl\/winkel\/"},{"@type":"ListItem","position":3,"name":"Rood Groene Namaak Peer"}]},{"@type":"WebSite","@id":"https:\/\/decofoodshop.nl\/#website","url":"https:\/\/decofoodshop.nl\/","name":"Dekofoodshop","description":"","potentialAction":[{"@type":"SearchAction","target":{"@type":"EntryPoint","urlTemplate":"https:\/\/decofoodshop.nl\/?s={search_term_string}"},"query-input":{"@type":"PropertyValueSpecification","valueRequired":true,"valueName":"search_term_string"}}],"inLanguage":"de"}]}},"_links":{"self":[{"href":"https:\/\/decofoodshop.nl\/de\/wp-json\/wp\/v2\/product\/1675","targetHints":{"allow":["GET"]}}],"collection":[{"href":"https:\/\/decofoodshop.nl\/de\/wp-json\/wp\/v2\/product"}],"about":[{"href":"https:\/\/decofoodshop.nl\/de\/wp-json\/wp\/v2\/types\/product"}],"wp:featuredmedia":[{"embeddable":true,"href":"https:\/\/decofoodshop.nl\/de\/wp-json\/wp\/v2\/media\/1592"}],"wp:attachment":[{"href":"https:\/\/decofoodshop.nl\/de\/wp-json\/wp\/v2\/media?parent=1675"}],"wp:term":[{"taxonomy":"product_brand","embeddable":true,"href":"https:\/\/decofoodshop.nl\/de\/wp-json\/wp\/v2\/product_brand?post=1675"},{"taxonomy":"product_cat","embeddable":true,"href":"https:\/\/decofoodshop.nl\/de\/wp-json\/wp\/v2\/product_cat?post=1675"},{"taxonomy":"product_tag","embeddable":true,"href":"https:\/\/decofoodshop.nl\/de\/wp-json\/wp\/v2\/product_tag?post=1675"}],"curies":[{"name":"wp","href":"https:\/\/api.w.org\/{rel}","templated":true}]}}