{"id":1698,"date":"2019-12-10T12:45:21","date_gmt":"2019-12-10T12:45:21","guid":{"rendered":"https:\/\/decofoodshop.nl\/?post_type=product&#038;p=1698"},"modified":"2026-04-02T15:02:47","modified_gmt":"2026-04-02T13:02:47","slug":"gelb-roter-apfel-imitat","status":"publish","type":"product","link":"https:\/\/decofoodshop.nl\/de\/product\/geel-rode-namaak-appel\/","title":{"rendered":"Gelber roter gef\u00e4lschter Apfel"},"content":{"rendered":"<p>Dieser wundersch\u00f6ne gelb-rote Kunstapfel ist extrem detailliert.<\/p>\n<p>Eine dunkelgelbe Unterschicht mit Rot dar\u00fcber und Sprenkeln als Finish l\u00e4sst es sehr echt aussehen.<\/p>\n<p>Sehr nat\u00fcrliche Form.<\/p>\n<p>Au\u00dferdem ist dieser gef\u00e4lschte Apfel in voller Gr\u00f6\u00dfe und nicht zerbrechlich.<\/p>\n<p>Ansehen<span style=\"color: #008000;\"> <a style=\"color: #008000;\" href=\"https:\/\/decofoodshop.nl\/de\/produktkategorie-2\/pakete\/\"><strong>&#039;Pakete&#039;<\/strong><\/a> <\/span>f\u00fcr eine gro\u00dfe Auswahl an k\u00fcnstlichen Fruchtverpackungen.<\/p>","protected":false},"excerpt":{"rendered":"<p>Dieser wundersch\u00f6ne gelb-rote gef\u00e4lschte Apfel ist \u00e4u\u00dferst detailliert. Eine dunkelgelbe Unterschicht mit Rot dar\u00fcber und Sprenkeln als Abschluss l\u00e4sst es sehr echt aussehen. Sehr nat\u00fcrliche Form. Au\u00dferdem ist dieser k\u00fcnstliche Apfel in voller Gr\u00f6\u00dfe und nicht zerbrechlich. Unter \u201eVerpackungen\u201c finden Sie eine gro\u00dfe Auswahl an Verpackungen f\u00fcr k\u00fcnstliches Obst.<\/p>","protected":false},"featured_media":1606,"template":"","meta":{"_acf_changed":false,"_genesis_hide_title":false,"_genesis_hide_breadcrumbs":false,"_genesis_hide_singular_image":false,"_genesis_hide_footer_widgets":false,"_genesis_custom_body_class":"","_genesis_custom_post_class":"","_genesis_layout":""},"product_brand":[],"product_cat":[47],"product_tag":[],"class_list":{"0":"post-1698","1":"product","2":"type-product","3":"status-publish","4":"has-post-thumbnail","6":"product_cat-kunstfruit","7":"entry","8":"wpx-has-gallery","10":"first","11":"instock","12":"taxable","13":"shipping-taxable","14":"purchasable","15":"product-type-simple"},"acf":[],"yoast_head":"<!-- This site is optimized with the Yoast SEO Premium plugin v27.3 (Yoast SEO v27.4) - https:\/\/yoast.com\/product\/yoast-seo-premium-wordpress\/ -->\n<title>Natuurlijke Geel Rode Namaak Appel - Te koop bij Decofoodshop<\/title>\n<meta name=\"description\" content=\"Deze mooie unieke geel rode namaak appel is \u00e9\u00e9n van de vele prachtige decoratie fruit producten die wij aanbieden bij Decofoodshop\" \/>\n<meta name=\"robots\" content=\"index, follow, max-snippet:-1, max-image-preview:large, max-video-preview:-1\" \/>\n<link rel=\"canonical\" href=\"https:\/\/decofoodshop.nl\/de\/produkt\/gelb-roter-apfel-imitat\/\" \/>\n<meta property=\"og:locale\" content=\"de_DE\" \/>\n<meta property=\"og:type\" content=\"article\" \/>\n<meta property=\"og:title\" content=\"Geel Rode Namaak Appel\" \/>\n<meta property=\"og:description\" content=\"Deze mooie unieke geel rode namaak appel is \u00e9\u00e9n van de vele prachtige decoratie fruit producten die wij aanbieden bij Decofoodshop\" \/>\n<meta property=\"og:url\" content=\"https:\/\/decofoodshop.nl\/de\/produkt\/gelb-roter-apfel-imitat\/\" \/>\n<meta property=\"og:site_name\" content=\"Decofoodshop\" \/>\n<meta property=\"article:modified_time\" content=\"2026-04-02T13:02:47+00:00\" \/>\n<meta property=\"og:image\" content=\"https:\/\/decofoodshop.nl\/wp-content\/uploads\/2019\/12\/Geel-Rode-Namaak-Appel-8cm-1.jpg\" \/>\n\t<meta property=\"og:image:width\" content=\"380\" \/>\n\t<meta property=\"og:image:height\" content=\"371\" \/>\n\t<meta property=\"og:image:type\" content=\"image\/jpeg\" \/>\n<meta name=\"twitter:card\" content=\"summary_large_image\" \/>\n<meta name=\"twitter:label1\" content=\"Gesch\u00e4tzte Lesezeit\" \/>\n\t<meta name=\"twitter:data1\" content=\"1\u00a0Minute\" \/>\n<script type=\"application\/ld+json\" class=\"yoast-schema-graph\">{\"@context\":\"https:\\\/\\\/schema.org\",\"@graph\":[{\"@type\":\"WebPage\",\"@id\":\"https:\\\/\\\/decofoodshop.nl\\\/product\\\/geel-rode-namaak-appel\\\/\",\"url\":\"https:\\\/\\\/decofoodshop.nl\\\/product\\\/geel-rode-namaak-appel\\\/\",\"name\":\"Natuurlijke Geel Rode Namaak Appel - Te koop bij Decofoodshop\",\"isPartOf\":{\"@id\":\"https:\\\/\\\/decofoodshop.nl\\\/#website\"},\"primaryImageOfPage\":{\"@id\":\"https:\\\/\\\/decofoodshop.nl\\\/product\\\/geel-rode-namaak-appel\\\/#primaryimage\"},\"image\":{\"@id\":\"https:\\\/\\\/decofoodshop.nl\\\/product\\\/geel-rode-namaak-appel\\\/#primaryimage\"},\"thumbnailUrl\":\"https:\\\/\\\/decofoodshop.nl\\\/wp-content\\\/uploads\\\/2019\\\/12\\\/Geel-Rode-Namaak-Appel-8cm-1.jpg\",\"datePublished\":\"2019-12-10T12:45:21+00:00\",\"dateModified\":\"2026-04-02T13:02:47+00:00\",\"description\":\"Deze mooie unieke geel rode namaak appel is \u00e9\u00e9n van de vele prachtige decoratie fruit producten die wij aanbieden bij Decofoodshop\",\"breadcrumb\":{\"@id\":\"https:\\\/\\\/decofoodshop.nl\\\/product\\\/geel-rode-namaak-appel\\\/#breadcrumb\"},\"inLanguage\":\"de\",\"potentialAction\":[{\"@type\":\"ReadAction\",\"target\":[\"https:\\\/\\\/decofoodshop.nl\\\/product\\\/geel-rode-namaak-appel\\\/\"]}]},{\"@type\":\"ImageObject\",\"inLanguage\":\"de\",\"@id\":\"https:\\\/\\\/decofoodshop.nl\\\/product\\\/geel-rode-namaak-appel\\\/#primaryimage\",\"url\":\"https:\\\/\\\/decofoodshop.nl\\\/wp-content\\\/uploads\\\/2019\\\/12\\\/Geel-Rode-Namaak-Appel-8cm-1.jpg\",\"contentUrl\":\"https:\\\/\\\/decofoodshop.nl\\\/wp-content\\\/uploads\\\/2019\\\/12\\\/Geel-Rode-Namaak-Appel-8cm-1.jpg\",\"width\":380,\"height\":371,\"caption\":\"Geel Rode Namaak Appel\"},{\"@type\":\"BreadcrumbList\",\"@id\":\"https:\\\/\\\/decofoodshop.nl\\\/product\\\/geel-rode-namaak-appel\\\/#breadcrumb\",\"itemListElement\":[{\"@type\":\"ListItem\",\"position\":1,\"name\":\"Home\",\"item\":\"https:\\\/\\\/decofoodshop.nl\\\/\"},{\"@type\":\"ListItem\",\"position\":2,\"name\":\"Winkel\",\"item\":\"https:\\\/\\\/decofoodshop.nl\\\/winkel\\\/\"},{\"@type\":\"ListItem\",\"position\":3,\"name\":\"Geel Rode Namaak Appel\"}]},{\"@type\":\"WebSite\",\"@id\":\"https:\\\/\\\/decofoodshop.nl\\\/#website\",\"url\":\"https:\\\/\\\/decofoodshop.nl\\\/\",\"name\":\"Decofoodshop\",\"description\":\"\",\"potentialAction\":[{\"@type\":\"SearchAction\",\"target\":{\"@type\":\"EntryPoint\",\"urlTemplate\":\"https:\\\/\\\/decofoodshop.nl\\\/?s={search_term_string}\"},\"query-input\":{\"@type\":\"PropertyValueSpecification\",\"valueRequired\":true,\"valueName\":\"search_term_string\"}}],\"inLanguage\":\"de\"}]}<\/script>\n<!-- \/ Yoast SEO Premium plugin. -->","yoast_head_json":{"title":"Naturgelber roter Kunstapfel - Zu kaufen bei Decofoodshop","description":"Dieser sch\u00f6ne, einzigartige gelb-rote Kunstapfel ist eines der vielen sch\u00f6nen dekorativen Obstprodukte, die wir bei Decofoodshop anbieten","robots":{"index":"index","follow":"follow","max-snippet":"max-snippet:-1","max-image-preview":"max-image-preview:large","max-video-preview":"max-video-preview:-1"},"canonical":"https:\/\/decofoodshop.nl\/de\/produkt\/gelb-roter-apfel-imitat\/","og_locale":"de_DE","og_type":"article","og_title":"Geel Rode Namaak Appel","og_description":"Deze mooie unieke geel rode namaak appel is \u00e9\u00e9n van de vele prachtige decoratie fruit producten die wij aanbieden bij Decofoodshop","og_url":"https:\/\/decofoodshop.nl\/de\/produkt\/gelb-roter-apfel-imitat\/","og_site_name":"Decofoodshop","article_modified_time":"2026-04-02T13:02:47+00:00","og_image":[{"width":380,"height":371,"url":"https:\/\/decofoodshop.nl\/wp-content\/uploads\/2019\/12\/Geel-Rode-Namaak-Appel-8cm-1.jpg","type":"image\/jpeg"}],"twitter_card":"summary_large_image","twitter_misc":{"Gesch\u00e4tzte Lesezeit":"1\u00a0Minute"},"schema":{"@context":"https:\/\/schema.org","@graph":[{"@type":"WebPage","@id":"https:\/\/decofoodshop.nl\/product\/geel-rode-namaak-appel\/","url":"https:\/\/decofoodshop.nl\/product\/geel-rode-namaak-appel\/","name":"Naturgelber roter Kunstapfel - Zu kaufen bei Decofoodshop","isPartOf":{"@id":"https:\/\/decofoodshop.nl\/#website"},"primaryImageOfPage":{"@id":"https:\/\/decofoodshop.nl\/product\/geel-rode-namaak-appel\/#primaryimage"},"image":{"@id":"https:\/\/decofoodshop.nl\/product\/geel-rode-namaak-appel\/#primaryimage"},"thumbnailUrl":"https:\/\/decofoodshop.nl\/wp-content\/uploads\/2019\/12\/Geel-Rode-Namaak-Appel-8cm-1.jpg","datePublished":"2019-12-10T12:45:21+00:00","dateModified":"2026-04-02T13:02:47+00:00","description":"Dieser sch\u00f6ne, einzigartige gelb-rote Kunstapfel ist eines der vielen sch\u00f6nen dekorativen Obstprodukte, die wir bei Decofoodshop anbieten","breadcrumb":{"@id":"https:\/\/decofoodshop.nl\/product\/geel-rode-namaak-appel\/#breadcrumb"},"inLanguage":"de","potentialAction":[{"@type":"ReadAction","target":["https:\/\/decofoodshop.nl\/product\/geel-rode-namaak-appel\/"]}]},{"@type":"ImageObject","inLanguage":"de","@id":"https:\/\/decofoodshop.nl\/product\/geel-rode-namaak-appel\/#primaryimage","url":"https:\/\/decofoodshop.nl\/wp-content\/uploads\/2019\/12\/Geel-Rode-Namaak-Appel-8cm-1.jpg","contentUrl":"https:\/\/decofoodshop.nl\/wp-content\/uploads\/2019\/12\/Geel-Rode-Namaak-Appel-8cm-1.jpg","width":380,"height":371,"caption":"Geel Rode Namaak Appel"},{"@type":"BreadcrumbList","@id":"https:\/\/decofoodshop.nl\/product\/geel-rode-namaak-appel\/#breadcrumb","itemListElement":[{"@type":"ListItem","position":1,"name":"Home","item":"https:\/\/decofoodshop.nl\/"},{"@type":"ListItem","position":2,"name":"Winkel","item":"https:\/\/decofoodshop.nl\/winkel\/"},{"@type":"ListItem","position":3,"name":"Geel Rode Namaak Appel"}]},{"@type":"WebSite","@id":"https:\/\/decofoodshop.nl\/#website","url":"https:\/\/decofoodshop.nl\/","name":"Dekofoodshop","description":"","potentialAction":[{"@type":"SearchAction","target":{"@type":"EntryPoint","urlTemplate":"https:\/\/decofoodshop.nl\/?s={search_term_string}"},"query-input":{"@type":"PropertyValueSpecification","valueRequired":true,"valueName":"search_term_string"}}],"inLanguage":"de"}]}},"_links":{"self":[{"href":"https:\/\/decofoodshop.nl\/de\/wp-json\/wp\/v2\/product\/1698","targetHints":{"allow":["GET"]}}],"collection":[{"href":"https:\/\/decofoodshop.nl\/de\/wp-json\/wp\/v2\/product"}],"about":[{"href":"https:\/\/decofoodshop.nl\/de\/wp-json\/wp\/v2\/types\/product"}],"wp:featuredmedia":[{"embeddable":true,"href":"https:\/\/decofoodshop.nl\/de\/wp-json\/wp\/v2\/media\/1606"}],"wp:attachment":[{"href":"https:\/\/decofoodshop.nl\/de\/wp-json\/wp\/v2\/media?parent=1698"}],"wp:term":[{"taxonomy":"product_brand","embeddable":true,"href":"https:\/\/decofoodshop.nl\/de\/wp-json\/wp\/v2\/product_brand?post=1698"},{"taxonomy":"product_cat","embeddable":true,"href":"https:\/\/decofoodshop.nl\/de\/wp-json\/wp\/v2\/product_cat?post=1698"},{"taxonomy":"product_tag","embeddable":true,"href":"https:\/\/decofoodshop.nl\/de\/wp-json\/wp\/v2\/product_tag?post=1698"}],"curies":[{"name":"wp","href":"https:\/\/api.w.org\/{rel}","templated":true}]}}