{"id":1711,"date":"2019-12-11T10:27:26","date_gmt":"2019-12-11T09:27:26","guid":{"rendered":"https:\/\/decofoodshop.nl\/?post_type=product&#038;p=1711"},"modified":"2026-04-22T17:04:45","modified_gmt":"2026-04-22T15:04:45","slug":"kunstkalk","status":"publish","type":"product","link":"https:\/\/decofoodshop.nl\/de\/product\/kunst-limoen\/","title":{"rendered":"Kunst Kalk"},"content":{"rendered":"<p>Durch sein leicht raues \u00c4u\u00dferes ist dieser Art Lime wie echt.<\/p>\n<p>Die Farbe ist auch super realistisch, eine frische gr\u00fcne Farbe.<\/p>\n<p>Ausgestattet mit einem nat\u00fcrlichen Oberteil.<\/p>\n<p>Die k\u00fcnstliche Limette liegt gut in der Hand und ist in voller Gr\u00f6\u00dfe.<\/p>\n<p>Werfen Sie auch einen Blick auf unser breites Angebot an Kunstgem\u00fcse unter: <span style=\"color: #008000;\"><a style=\"color: #008000;\" href=\"https:\/\/decofoodshop.nl\/de\/produktkategorie-2\/kunstliches-gemuse\/\">&#8216;<strong>K\u00fcnstliches Gem\u00fcse<\/strong>&#8216;<\/a>.<\/span><\/p>\n<p>&nbsp;<\/p>","protected":false},"excerpt":{"rendered":"<p>Aufgrund seiner leicht rauen Au\u00dfenseite sieht dieser k\u00fcnstliche Kalk genauso aus wie das Original. Auch die Farbe ist super realistisch, ein frisches Gr\u00fcn. Ausgestattet mit einem lebensechten Oberteil. Das Limettenimitat liegt gut in der Hand und hat die volle Gr\u00f6\u00dfe. Schauen Sie sich auch unser gro\u00dfes Sortiment an Kunstgem\u00fcse an unter: \u201eK\u00fcnstliches Gem\u00fcse\u201c. &nbsp;<\/p>","protected":false},"featured_media":7024,"template":"","meta":{"_acf_changed":false,"_genesis_hide_title":false,"_genesis_hide_breadcrumbs":false,"_genesis_hide_singular_image":false,"_genesis_hide_footer_widgets":false,"_genesis_custom_body_class":"","_genesis_custom_post_class":"","_genesis_layout":""},"product_brand":[],"product_cat":[47],"product_tag":[],"class_list":{"0":"post-1711","1":"product","2":"type-product","3":"status-publish","4":"has-post-thumbnail","6":"product_cat-kunstfruit","7":"entry","8":"wpx-has-gallery","10":"first","11":"instock","12":"taxable","13":"shipping-taxable","14":"purchasable","15":"product-type-simple"},"acf":[],"yoast_head":"<!-- This site is optimized with the Yoast SEO Premium plugin v27.4 (Yoast SEO v27.4) - https:\/\/yoast.com\/product\/yoast-seo-premium-wordpress\/ -->\n<title>Decoratieve Kunst Limoen - Te Koop Bij Decofoodshop<\/title>\n<meta name=\"description\" content=\"Deze decoratieve kunst limoen en veel meer deco voedsel zoals kunstgroenten en kunstfruit verkrijgbaar bij Decofoodshop.\" \/>\n<meta name=\"robots\" content=\"index, follow, max-snippet:-1, max-image-preview:large, max-video-preview:-1\" \/>\n<link rel=\"canonical\" href=\"https:\/\/decofoodshop.nl\/de\/produktkategorie-2\/kunstliche-fruchte\/\" \/>\n<meta property=\"og:locale\" content=\"de_DE\" \/>\n<meta property=\"og:type\" content=\"article\" \/>\n<meta property=\"og:title\" content=\"Kunst Limoen\" \/>\n<meta property=\"og:description\" content=\"Deze decoratieve kunst limoen en veel meer deco voedsel zoals kunstgroenten en kunstfruit verkrijgbaar bij Decofoodshop.\" \/>\n<meta property=\"og:url\" content=\"https:\/\/decofoodshop.nl\/de\/produktkategorie-2\/kunstliche-fruchte\/\" \/>\n<meta property=\"og:site_name\" content=\"Decofoodshop\" \/>\n<meta property=\"article:modified_time\" content=\"2026-04-22T15:04:45+00:00\" \/>\n<meta property=\"og:image\" content=\"https:\/\/decofoodshop.nl\/wp-content\/uploads\/2019\/12\/kunst-limoen-vooraanzicht-1.jpg\" \/>\n\t<meta property=\"og:image:width\" content=\"672\" \/>\n\t<meta property=\"og:image:height\" content=\"672\" \/>\n\t<meta property=\"og:image:type\" content=\"image\/jpeg\" \/>\n<meta name=\"twitter:card\" content=\"summary_large_image\" \/>\n<meta name=\"twitter:label1\" content=\"Gesch\u00e4tzte Lesezeit\" \/>\n\t<meta name=\"twitter:data1\" content=\"1\u00a0Minute\" \/>\n<script type=\"application\/ld+json\" class=\"yoast-schema-graph\">{\"@context\":\"https:\\\/\\\/schema.org\",\"@graph\":[{\"@type\":\"WebPage\",\"@id\":\"https:\\\/\\\/decofoodshop.nl\\\/product\\\/kunst-limoen\\\/\",\"url\":\"https:\\\/\\\/decofoodshop.nl\\\/product-categorie\\\/kunstfruit\\\/\",\"name\":\"Decoratieve Kunst Limoen - Te Koop Bij Decofoodshop\",\"isPartOf\":{\"@id\":\"https:\\\/\\\/decofoodshop.nl\\\/#website\"},\"primaryImageOfPage\":{\"@id\":\"https:\\\/\\\/decofoodshop.nl\\\/product-categorie\\\/kunstfruit\\\/#primaryimage\"},\"image\":{\"@id\":\"https:\\\/\\\/decofoodshop.nl\\\/product-categorie\\\/kunstfruit\\\/#primaryimage\"},\"thumbnailUrl\":\"https:\\\/\\\/decofoodshop.nl\\\/wp-content\\\/uploads\\\/2019\\\/12\\\/kunst-limoen-vooraanzicht-1.jpg\",\"datePublished\":\"2019-12-11T09:27:26+00:00\",\"dateModified\":\"2026-04-22T15:04:45+00:00\",\"description\":\"Deze decoratieve kunst limoen en veel meer deco voedsel zoals kunstgroenten en kunstfruit verkrijgbaar bij Decofoodshop.\",\"breadcrumb\":{\"@id\":\"https:\\\/\\\/decofoodshop.nl\\\/product-categorie\\\/kunstfruit\\\/#breadcrumb\"},\"inLanguage\":\"de\",\"potentialAction\":[{\"@type\":\"ReadAction\",\"target\":[\"https:\\\/\\\/decofoodshop.nl\\\/product-categorie\\\/kunstfruit\\\/\"]}]},{\"@type\":\"ImageObject\",\"inLanguage\":\"de\",\"@id\":\"https:\\\/\\\/decofoodshop.nl\\\/product-categorie\\\/kunstfruit\\\/#primaryimage\",\"url\":\"https:\\\/\\\/decofoodshop.nl\\\/wp-content\\\/uploads\\\/2019\\\/12\\\/kunst-limoen-vooraanzicht-1.jpg\",\"contentUrl\":\"https:\\\/\\\/decofoodshop.nl\\\/wp-content\\\/uploads\\\/2019\\\/12\\\/kunst-limoen-vooraanzicht-1.jpg\",\"width\":672,\"height\":672,\"caption\":\"kunst limoen vooraanzicht\"},{\"@type\":\"BreadcrumbList\",\"@id\":\"https:\\\/\\\/decofoodshop.nl\\\/product-categorie\\\/kunstfruit\\\/#breadcrumb\",\"itemListElement\":[{\"@type\":\"ListItem\",\"position\":1,\"name\":\"Home\",\"item\":\"https:\\\/\\\/decofoodshop.nl\\\/\"},{\"@type\":\"ListItem\",\"position\":2,\"name\":\"Winkel\",\"item\":\"https:\\\/\\\/decofoodshop.nl\\\/winkel\\\/\"},{\"@type\":\"ListItem\",\"position\":3,\"name\":\"Kunst Limoen\"}]},{\"@type\":\"WebSite\",\"@id\":\"https:\\\/\\\/decofoodshop.nl\\\/#website\",\"url\":\"https:\\\/\\\/decofoodshop.nl\\\/\",\"name\":\"Decofoodshop\",\"description\":\"\",\"potentialAction\":[{\"@type\":\"SearchAction\",\"target\":{\"@type\":\"EntryPoint\",\"urlTemplate\":\"https:\\\/\\\/decofoodshop.nl\\\/?s={search_term_string}\"},\"query-input\":{\"@type\":\"PropertyValueSpecification\",\"valueRequired\":true,\"valueName\":\"search_term_string\"}}],\"inLanguage\":\"de\"}]}<\/script>\n<!-- \/ Yoast SEO Premium plugin. -->","yoast_head_json":{"title":"Dekorative Kunst Limette - zum Verkauf bei Decofoodshop","description":"Diese dekorative Kunst-Limette und viele weitere Deko-Lebensmittel wie k\u00fcnstliches Gem\u00fcse und Obst sind bei Decofoodshop erh\u00e4ltlich.","robots":{"index":"index","follow":"follow","max-snippet":"max-snippet:-1","max-image-preview":"max-image-preview:large","max-video-preview":"max-video-preview:-1"},"canonical":"https:\/\/decofoodshop.nl\/de\/produktkategorie-2\/kunstliche-fruchte\/","og_locale":"de_DE","og_type":"article","og_title":"Kunst Limoen","og_description":"Deze decoratieve kunst limoen en veel meer deco voedsel zoals kunstgroenten en kunstfruit verkrijgbaar bij Decofoodshop.","og_url":"https:\/\/decofoodshop.nl\/de\/produktkategorie-2\/kunstliche-fruchte\/","og_site_name":"Decofoodshop","article_modified_time":"2026-04-22T15:04:45+00:00","og_image":[{"width":672,"height":672,"url":"https:\/\/decofoodshop.nl\/wp-content\/uploads\/2019\/12\/kunst-limoen-vooraanzicht-1.jpg","type":"image\/jpeg"}],"twitter_card":"summary_large_image","twitter_misc":{"Gesch\u00e4tzte Lesezeit":"1\u00a0Minute"},"schema":{"@context":"https:\/\/schema.org","@graph":[{"@type":"WebPage","@id":"https:\/\/decofoodshop.nl\/product\/kunst-limoen\/","url":"https:\/\/decofoodshop.nl\/product-categorie\/kunstfruit\/","name":"Dekorative Kunst Limette - zum Verkauf bei Decofoodshop","isPartOf":{"@id":"https:\/\/decofoodshop.nl\/#website"},"primaryImageOfPage":{"@id":"https:\/\/decofoodshop.nl\/product-categorie\/kunstfruit\/#primaryimage"},"image":{"@id":"https:\/\/decofoodshop.nl\/product-categorie\/kunstfruit\/#primaryimage"},"thumbnailUrl":"https:\/\/decofoodshop.nl\/wp-content\/uploads\/2019\/12\/kunst-limoen-vooraanzicht-1.jpg","datePublished":"2019-12-11T09:27:26+00:00","dateModified":"2026-04-22T15:04:45+00:00","description":"Diese dekorative Kunst-Limette und viele weitere Deko-Lebensmittel wie k\u00fcnstliches Gem\u00fcse und Obst sind bei Decofoodshop erh\u00e4ltlich.","breadcrumb":{"@id":"https:\/\/decofoodshop.nl\/product-categorie\/kunstfruit\/#breadcrumb"},"inLanguage":"de","potentialAction":[{"@type":"ReadAction","target":["https:\/\/decofoodshop.nl\/product-categorie\/kunstfruit\/"]}]},{"@type":"ImageObject","inLanguage":"de","@id":"https:\/\/decofoodshop.nl\/product-categorie\/kunstfruit\/#primaryimage","url":"https:\/\/decofoodshop.nl\/wp-content\/uploads\/2019\/12\/kunst-limoen-vooraanzicht-1.jpg","contentUrl":"https:\/\/decofoodshop.nl\/wp-content\/uploads\/2019\/12\/kunst-limoen-vooraanzicht-1.jpg","width":672,"height":672,"caption":"kunst limoen vooraanzicht"},{"@type":"BreadcrumbList","@id":"https:\/\/decofoodshop.nl\/product-categorie\/kunstfruit\/#breadcrumb","itemListElement":[{"@type":"ListItem","position":1,"name":"Home","item":"https:\/\/decofoodshop.nl\/"},{"@type":"ListItem","position":2,"name":"Winkel","item":"https:\/\/decofoodshop.nl\/winkel\/"},{"@type":"ListItem","position":3,"name":"Kunst Limoen"}]},{"@type":"WebSite","@id":"https:\/\/decofoodshop.nl\/#website","url":"https:\/\/decofoodshop.nl\/","name":"Dekofoodshop","description":"","potentialAction":[{"@type":"SearchAction","target":{"@type":"EntryPoint","urlTemplate":"https:\/\/decofoodshop.nl\/?s={search_term_string}"},"query-input":{"@type":"PropertyValueSpecification","valueRequired":true,"valueName":"search_term_string"}}],"inLanguage":"de"}]}},"_links":{"self":[{"href":"https:\/\/decofoodshop.nl\/de\/wp-json\/wp\/v2\/product\/1711","targetHints":{"allow":["GET"]}}],"collection":[{"href":"https:\/\/decofoodshop.nl\/de\/wp-json\/wp\/v2\/product"}],"about":[{"href":"https:\/\/decofoodshop.nl\/de\/wp-json\/wp\/v2\/types\/product"}],"wp:featuredmedia":[{"embeddable":true,"href":"https:\/\/decofoodshop.nl\/de\/wp-json\/wp\/v2\/media\/7024"}],"wp:attachment":[{"href":"https:\/\/decofoodshop.nl\/de\/wp-json\/wp\/v2\/media?parent=1711"}],"wp:term":[{"taxonomy":"product_brand","embeddable":true,"href":"https:\/\/decofoodshop.nl\/de\/wp-json\/wp\/v2\/product_brand?post=1711"},{"taxonomy":"product_cat","embeddable":true,"href":"https:\/\/decofoodshop.nl\/de\/wp-json\/wp\/v2\/product_cat?post=1711"},{"taxonomy":"product_tag","embeddable":true,"href":"https:\/\/decofoodshop.nl\/de\/wp-json\/wp\/v2\/product_tag?post=1711"}],"curies":[{"name":"wp","href":"https:\/\/api.w.org\/{rel}","templated":true}]}}