{"id":1721,"date":"2019-12-11T10:52:14","date_gmt":"2019-12-11T10:52:14","guid":{"rendered":"https:\/\/decofoodshop.nl\/?post_type=product&#038;p=1721"},"modified":"2026-04-10T14:48:39","modified_gmt":"2026-04-10T12:48:39","slug":"gefalschte-mandarine","status":"publish","type":"product","link":"https:\/\/decofoodshop.nl\/de\/product\/namaak-mandarijn\/","title":{"rendered":"Gef\u00e4lschter Mandarin"},"content":{"rendered":"<p>Diese Fake Mandarin liegt gut in der Hand und hat ein angenehmes Gewicht.<\/p>\n<p>An der Spitze der gef\u00e4lschten Mandarine f\u00e4rbt sie sich etwas dunkler f\u00fcr ein realistisches Aussehen.<\/p>\n<p>Die Oberfl\u00e4che ist rau mit kleinen Unebenheiten, sodass sie sich echt anf\u00fchlt.<\/p>\n<p>Suchen Sie ein bereits zusammengestelltes Obstpaket? dann klick<strong><span style=\"color: #008000;\"> <a style=\"color: #008000;\" href=\"https:\/\/decofoodshop.nl\/de\/produktkategorie-2\/pakete\/\">&#039;Hier&#039;<\/a>.<\/span><\/strong><\/p>","protected":false},"excerpt":{"rendered":"<p>Dieser Fake Mandarin liegt gut in der Hand und hat ein angenehmes Gewicht. An der Spitze der gef\u00e4lschten Mandarine f\u00e4rbt sie sich etwas dunkler f\u00fcr ein realistisches Aussehen. Die Oberfl\u00e4che ist rau mit kleinen Unebenheiten, sodass sie sich echt anf\u00fchlt. Suchen Sie ein bereits zusammengestelltes Obstpaket? Klicken Sie dann auf &#039;Hier&#039;.<\/p>","protected":false},"featured_media":1722,"template":"","meta":{"_acf_changed":false,"_genesis_hide_title":false,"_genesis_hide_breadcrumbs":false,"_genesis_hide_singular_image":false,"_genesis_hide_footer_widgets":false,"_genesis_custom_body_class":"","_genesis_custom_post_class":"","_genesis_layout":""},"product_brand":[],"product_cat":[47],"product_tag":[],"class_list":{"0":"post-1721","1":"product","2":"type-product","3":"status-publish","4":"has-post-thumbnail","6":"product_cat-kunstfruit","7":"entry","8":"wpx-has-gallery","10":"first","11":"instock","12":"taxable","13":"shipping-taxable","14":"purchasable","15":"product-type-simple"},"acf":[],"yoast_head":"<!-- This site is optimized with the Yoast SEO Premium plugin v27.3 (Yoast SEO v27.4) - https:\/\/yoast.com\/product\/yoast-seo-premium-wordpress\/ -->\n<title>Namaak Mandarijn - Aangeboden Door Decofoodshop<\/title>\n<meta name=\"description\" content=\"Deze decoratieve namaak mandarijn is net echt. Ook verkrijgbaar zijn namaak groenten en complete samengestelde pakketten.\" \/>\n<meta name=\"robots\" content=\"index, follow, max-snippet:-1, max-image-preview:large, max-video-preview:-1\" \/>\n<link rel=\"canonical\" href=\"https:\/\/decofoodshop.nl\/de\/produkt\/gefalschte-mandarine\/\" \/>\n<meta property=\"og:locale\" content=\"de_DE\" \/>\n<meta property=\"og:type\" content=\"article\" \/>\n<meta property=\"og:title\" content=\"Namaak Mandarijn\" \/>\n<meta property=\"og:description\" content=\"Deze decoratieve namaak mandarijn is net echt. Ook verkrijgbaar zijn namaak groenten en complete samengestelde pakketten.\" \/>\n<meta property=\"og:url\" content=\"https:\/\/decofoodshop.nl\/de\/produkt\/gefalschte-mandarine\/\" \/>\n<meta property=\"og:site_name\" content=\"Decofoodshop\" \/>\n<meta property=\"article:modified_time\" content=\"2026-04-10T12:48:39+00:00\" \/>\n<meta property=\"og:image\" content=\"https:\/\/decofoodshop.nl\/wp-content\/uploads\/2019\/12\/Namaak-Mandarijn-7cm.jpg\" \/>\n\t<meta property=\"og:image:width\" content=\"1037\" \/>\n\t<meta property=\"og:image:height\" content=\"894\" \/>\n\t<meta property=\"og:image:type\" content=\"image\/jpeg\" \/>\n<meta name=\"twitter:card\" content=\"summary_large_image\" \/>\n<meta name=\"twitter:label1\" content=\"Gesch\u00e4tzte Lesezeit\" \/>\n\t<meta name=\"twitter:data1\" content=\"1\u00a0Minute\" \/>\n<script type=\"application\/ld+json\" class=\"yoast-schema-graph\">{\"@context\":\"https:\\\/\\\/schema.org\",\"@graph\":[{\"@type\":\"WebPage\",\"@id\":\"https:\\\/\\\/decofoodshop.nl\\\/product\\\/namaak-mandarijn\\\/\",\"url\":\"https:\\\/\\\/decofoodshop.nl\\\/product\\\/namaak-mandarijn\\\/\",\"name\":\"Namaak Mandarijn - Aangeboden Door Decofoodshop\",\"isPartOf\":{\"@id\":\"https:\\\/\\\/decofoodshop.nl\\\/#website\"},\"primaryImageOfPage\":{\"@id\":\"https:\\\/\\\/decofoodshop.nl\\\/product\\\/namaak-mandarijn\\\/#primaryimage\"},\"image\":{\"@id\":\"https:\\\/\\\/decofoodshop.nl\\\/product\\\/namaak-mandarijn\\\/#primaryimage\"},\"thumbnailUrl\":\"https:\\\/\\\/decofoodshop.nl\\\/wp-content\\\/uploads\\\/2019\\\/12\\\/Namaak-Mandarijn-7cm.jpg\",\"datePublished\":\"2019-12-11T10:52:14+00:00\",\"dateModified\":\"2026-04-10T12:48:39+00:00\",\"description\":\"Deze decoratieve namaak mandarijn is net echt. Ook verkrijgbaar zijn namaak groenten en complete samengestelde pakketten.\",\"breadcrumb\":{\"@id\":\"https:\\\/\\\/decofoodshop.nl\\\/product\\\/namaak-mandarijn\\\/#breadcrumb\"},\"inLanguage\":\"de\",\"potentialAction\":[{\"@type\":\"ReadAction\",\"target\":[\"https:\\\/\\\/decofoodshop.nl\\\/product\\\/namaak-mandarijn\\\/\"]}]},{\"@type\":\"ImageObject\",\"inLanguage\":\"de\",\"@id\":\"https:\\\/\\\/decofoodshop.nl\\\/product\\\/namaak-mandarijn\\\/#primaryimage\",\"url\":\"https:\\\/\\\/decofoodshop.nl\\\/wp-content\\\/uploads\\\/2019\\\/12\\\/Namaak-Mandarijn-7cm.jpg\",\"contentUrl\":\"https:\\\/\\\/decofoodshop.nl\\\/wp-content\\\/uploads\\\/2019\\\/12\\\/Namaak-Mandarijn-7cm.jpg\",\"width\":1037,\"height\":894,\"caption\":\"Namaak Mandarijn\"},{\"@type\":\"BreadcrumbList\",\"@id\":\"https:\\\/\\\/decofoodshop.nl\\\/product\\\/namaak-mandarijn\\\/#breadcrumb\",\"itemListElement\":[{\"@type\":\"ListItem\",\"position\":1,\"name\":\"Home\",\"item\":\"https:\\\/\\\/decofoodshop.nl\\\/\"},{\"@type\":\"ListItem\",\"position\":2,\"name\":\"Winkel\",\"item\":\"https:\\\/\\\/decofoodshop.nl\\\/winkel\\\/\"},{\"@type\":\"ListItem\",\"position\":3,\"name\":\"Namaak Mandarijn\"}]},{\"@type\":\"WebSite\",\"@id\":\"https:\\\/\\\/decofoodshop.nl\\\/#website\",\"url\":\"https:\\\/\\\/decofoodshop.nl\\\/\",\"name\":\"Decofoodshop\",\"description\":\"\",\"potentialAction\":[{\"@type\":\"SearchAction\",\"target\":{\"@type\":\"EntryPoint\",\"urlTemplate\":\"https:\\\/\\\/decofoodshop.nl\\\/?s={search_term_string}\"},\"query-input\":{\"@type\":\"PropertyValueSpecification\",\"valueRequired\":true,\"valueName\":\"search_term_string\"}}],\"inLanguage\":\"de\"}]}<\/script>\n<!-- \/ Yoast SEO Premium plugin. -->","yoast_head_json":{"title":"Gef\u00e4lschte Mandarine \u2013 bereitgestellt von Decofoodshop","description":"Diese dekorative gef\u00e4lschte Mandarine ist wie echt. Ebenfalls erh\u00e4ltlich sind gef\u00e4lschtes Gem\u00fcse und komplette zusammengesetzte Verpackungen.","robots":{"index":"index","follow":"follow","max-snippet":"max-snippet:-1","max-image-preview":"max-image-preview:large","max-video-preview":"max-video-preview:-1"},"canonical":"https:\/\/decofoodshop.nl\/de\/produkt\/gefalschte-mandarine\/","og_locale":"de_DE","og_type":"article","og_title":"Namaak Mandarijn","og_description":"Deze decoratieve namaak mandarijn is net echt. Ook verkrijgbaar zijn namaak groenten en complete samengestelde pakketten.","og_url":"https:\/\/decofoodshop.nl\/de\/produkt\/gefalschte-mandarine\/","og_site_name":"Decofoodshop","article_modified_time":"2026-04-10T12:48:39+00:00","og_image":[{"width":1037,"height":894,"url":"https:\/\/decofoodshop.nl\/wp-content\/uploads\/2019\/12\/Namaak-Mandarijn-7cm.jpg","type":"image\/jpeg"}],"twitter_card":"summary_large_image","twitter_misc":{"Gesch\u00e4tzte Lesezeit":"1\u00a0Minute"},"schema":{"@context":"https:\/\/schema.org","@graph":[{"@type":"WebPage","@id":"https:\/\/decofoodshop.nl\/product\/namaak-mandarijn\/","url":"https:\/\/decofoodshop.nl\/product\/namaak-mandarijn\/","name":"Gef\u00e4lschte Mandarine \u2013 bereitgestellt von Decofoodshop","isPartOf":{"@id":"https:\/\/decofoodshop.nl\/#website"},"primaryImageOfPage":{"@id":"https:\/\/decofoodshop.nl\/product\/namaak-mandarijn\/#primaryimage"},"image":{"@id":"https:\/\/decofoodshop.nl\/product\/namaak-mandarijn\/#primaryimage"},"thumbnailUrl":"https:\/\/decofoodshop.nl\/wp-content\/uploads\/2019\/12\/Namaak-Mandarijn-7cm.jpg","datePublished":"2019-12-11T10:52:14+00:00","dateModified":"2026-04-10T12:48:39+00:00","description":"Diese dekorative gef\u00e4lschte Mandarine ist wie echt. Ebenfalls erh\u00e4ltlich sind gef\u00e4lschtes Gem\u00fcse und komplette zusammengesetzte Verpackungen.","breadcrumb":{"@id":"https:\/\/decofoodshop.nl\/product\/namaak-mandarijn\/#breadcrumb"},"inLanguage":"de","potentialAction":[{"@type":"ReadAction","target":["https:\/\/decofoodshop.nl\/product\/namaak-mandarijn\/"]}]},{"@type":"ImageObject","inLanguage":"de","@id":"https:\/\/decofoodshop.nl\/product\/namaak-mandarijn\/#primaryimage","url":"https:\/\/decofoodshop.nl\/wp-content\/uploads\/2019\/12\/Namaak-Mandarijn-7cm.jpg","contentUrl":"https:\/\/decofoodshop.nl\/wp-content\/uploads\/2019\/12\/Namaak-Mandarijn-7cm.jpg","width":1037,"height":894,"caption":"Namaak Mandarijn"},{"@type":"BreadcrumbList","@id":"https:\/\/decofoodshop.nl\/product\/namaak-mandarijn\/#breadcrumb","itemListElement":[{"@type":"ListItem","position":1,"name":"Home","item":"https:\/\/decofoodshop.nl\/"},{"@type":"ListItem","position":2,"name":"Winkel","item":"https:\/\/decofoodshop.nl\/winkel\/"},{"@type":"ListItem","position":3,"name":"Namaak Mandarijn"}]},{"@type":"WebSite","@id":"https:\/\/decofoodshop.nl\/#website","url":"https:\/\/decofoodshop.nl\/","name":"Dekofoodshop","description":"","potentialAction":[{"@type":"SearchAction","target":{"@type":"EntryPoint","urlTemplate":"https:\/\/decofoodshop.nl\/?s={search_term_string}"},"query-input":{"@type":"PropertyValueSpecification","valueRequired":true,"valueName":"search_term_string"}}],"inLanguage":"de"}]}},"_links":{"self":[{"href":"https:\/\/decofoodshop.nl\/de\/wp-json\/wp\/v2\/product\/1721","targetHints":{"allow":["GET"]}}],"collection":[{"href":"https:\/\/decofoodshop.nl\/de\/wp-json\/wp\/v2\/product"}],"about":[{"href":"https:\/\/decofoodshop.nl\/de\/wp-json\/wp\/v2\/types\/product"}],"wp:featuredmedia":[{"embeddable":true,"href":"https:\/\/decofoodshop.nl\/de\/wp-json\/wp\/v2\/media\/1722"}],"wp:attachment":[{"href":"https:\/\/decofoodshop.nl\/de\/wp-json\/wp\/v2\/media?parent=1721"}],"wp:term":[{"taxonomy":"product_brand","embeddable":true,"href":"https:\/\/decofoodshop.nl\/de\/wp-json\/wp\/v2\/product_brand?post=1721"},{"taxonomy":"product_cat","embeddable":true,"href":"https:\/\/decofoodshop.nl\/de\/wp-json\/wp\/v2\/product_cat?post=1721"},{"taxonomy":"product_tag","embeddable":true,"href":"https:\/\/decofoodshop.nl\/de\/wp-json\/wp\/v2\/product_tag?post=1721"}],"curies":[{"name":"wp","href":"https:\/\/api.w.org\/{rel}","templated":true}]}}