{"id":1728,"date":"2019-12-11T11:34:18","date_gmt":"2019-12-11T10:34:18","guid":{"rendered":"https:\/\/decofoodshop.nl\/?post_type=product&#038;p=1728"},"modified":"2026-04-22T17:04:45","modified_gmt":"2026-04-22T15:04:45","slug":"falsche-pflaume","status":"publish","type":"product","link":"https:\/\/decofoodshop.nl\/de\/product\/namaak-pruim\/","title":{"rendered":"Gef\u00e4lschte Pflaume"},"content":{"rendered":"<p>Die Fake Plum hat eine dunkle Farbe mit einigen Sprenkeln f\u00fcr ein realistisches Aussehen.<\/p>\n<p>Es ist in voller Gr\u00f6\u00dfe und die Form ist auch wie echt.<\/p>\n<p>Ausgestattet mit realistischem Oberteil mit Entengr\u00fctze.<\/p>\n<p>Die k\u00fcnstliche Pflaume hat eine glatte Oberfl\u00e4che und Sie k\u00f6nnen sie etwas hineindr\u00fccken.<\/p>\n<p>Klicken <a href=\"https:\/\/decofoodshop.nl\/de\/produktkategorie-2\/kunstliche-fruchte\/\">&#8216;<span style=\"color: #008000;\"><strong>Hier<\/strong><\/span>&#8216;<\/a> f\u00fcr mehr k\u00fcnstliche Fr\u00fcchte.<\/p>\n<p>&nbsp;<\/p>","protected":false},"excerpt":{"rendered":"<p>Die gef\u00e4lschte Pflaume hat eine dunkle Farbe mit einigen Sprenkeln f\u00fcr ein realistisches Aussehen. Es ist in voller Gr\u00f6\u00dfe und die Form ist genau wie das Original. Ausgestattet mit realistischem Oberteil mit Entengr\u00fctze. Die k\u00fcnstliche Pflaume hat eine glatte Oberfl\u00e4che und Sie k\u00f6nnen sie etwas hineindr\u00fccken. Klicken Sie &#039;hier&#039; f\u00fcr mehr k\u00fcnstliche Fr\u00fcchte. &nbsp;<\/p>","protected":false},"featured_media":1770,"template":"","meta":{"_acf_changed":false,"_genesis_hide_title":false,"_genesis_hide_breadcrumbs":false,"_genesis_hide_singular_image":false,"_genesis_hide_footer_widgets":false,"_genesis_custom_body_class":"","_genesis_custom_post_class":"","_genesis_layout":""},"product_brand":[],"product_cat":[47],"product_tag":[],"class_list":{"0":"post-1728","1":"product","2":"type-product","3":"status-publish","4":"has-post-thumbnail","6":"product_cat-kunstfruit","7":"entry","8":"wpx-has-gallery","10":"first","11":"instock","12":"taxable","13":"shipping-taxable","14":"purchasable","15":"product-type-simple"},"acf":[],"yoast_head":"<!-- This site is optimized with the Yoast SEO Premium plugin v27.4 (Yoast SEO v27.4) - https:\/\/yoast.com\/product\/yoast-seo-premium-wordpress\/ -->\n<title>Namaak Pruim - Kunstfruit | Bestellen Bij Decofoodshop<\/title>\n<meta name=\"description\" content=\"Prachtige namaak pruim. Ook de groene versie van deze mooie namaak pruim te koop bij Decofoodshop.nl Kijk snel voor levensecht kunstfruit.\" \/>\n<meta name=\"robots\" content=\"index, follow, max-snippet:-1, max-image-preview:large, max-video-preview:-1\" \/>\n<link rel=\"canonical\" href=\"https:\/\/decofoodshop.nl\/de\/produkt\/falsche-pflaume\/\" \/>\n<meta property=\"og:locale\" content=\"de_DE\" \/>\n<meta property=\"og:type\" content=\"article\" \/>\n<meta property=\"og:title\" content=\"Namaak Pruim\" \/>\n<meta property=\"og:description\" content=\"Prachtige namaak pruim. Ook de groene versie van deze mooie namaak pruim te koop bij Decofoodshop.nl Kijk snel voor levensecht kunstfruit.\" \/>\n<meta property=\"og:url\" content=\"https:\/\/decofoodshop.nl\/de\/produkt\/falsche-pflaume\/\" \/>\n<meta property=\"og:site_name\" content=\"Decofoodshop\" \/>\n<meta property=\"article:modified_time\" content=\"2026-04-22T15:04:45+00:00\" \/>\n<meta property=\"og:image\" content=\"https:\/\/decofoodshop.nl\/wp-content\/uploads\/2019\/12\/pruim-belicht-2.jpg\" \/>\n\t<meta property=\"og:image:width\" content=\"2100\" \/>\n\t<meta property=\"og:image:height\" content=\"2104\" \/>\n\t<meta property=\"og:image:type\" content=\"image\/jpeg\" \/>\n<meta name=\"twitter:card\" content=\"summary_large_image\" \/>\n<meta name=\"twitter:label1\" content=\"Gesch\u00e4tzte Lesezeit\" \/>\n\t<meta name=\"twitter:data1\" content=\"1\u00a0Minute\" \/>\n<script type=\"application\/ld+json\" class=\"yoast-schema-graph\">{\"@context\":\"https:\\\/\\\/schema.org\",\"@graph\":[{\"@type\":\"WebPage\",\"@id\":\"https:\\\/\\\/decofoodshop.nl\\\/product\\\/namaak-pruim\\\/\",\"url\":\"https:\\\/\\\/decofoodshop.nl\\\/product\\\/namaak-pruim\\\/\",\"name\":\"Namaak Pruim - Kunstfruit | Bestellen Bij Decofoodshop\",\"isPartOf\":{\"@id\":\"https:\\\/\\\/decofoodshop.nl\\\/#website\"},\"primaryImageOfPage\":{\"@id\":\"https:\\\/\\\/decofoodshop.nl\\\/product\\\/namaak-pruim\\\/#primaryimage\"},\"image\":{\"@id\":\"https:\\\/\\\/decofoodshop.nl\\\/product\\\/namaak-pruim\\\/#primaryimage\"},\"thumbnailUrl\":\"https:\\\/\\\/decofoodshop.nl\\\/wp-content\\\/uploads\\\/2019\\\/12\\\/pruim-belicht-2.jpg\",\"datePublished\":\"2019-12-11T10:34:18+00:00\",\"dateModified\":\"2026-04-22T15:04:45+00:00\",\"description\":\"Prachtige namaak pruim. Ook de groene versie van deze mooie namaak pruim te koop bij Decofoodshop.nl Kijk snel voor levensecht kunstfruit.\",\"breadcrumb\":{\"@id\":\"https:\\\/\\\/decofoodshop.nl\\\/product\\\/namaak-pruim\\\/#breadcrumb\"},\"inLanguage\":\"de\",\"potentialAction\":[{\"@type\":\"ReadAction\",\"target\":[\"https:\\\/\\\/decofoodshop.nl\\\/product\\\/namaak-pruim\\\/\"]}]},{\"@type\":\"ImageObject\",\"inLanguage\":\"de\",\"@id\":\"https:\\\/\\\/decofoodshop.nl\\\/product\\\/namaak-pruim\\\/#primaryimage\",\"url\":\"https:\\\/\\\/decofoodshop.nl\\\/wp-content\\\/uploads\\\/2019\\\/12\\\/pruim-belicht-2.jpg\",\"contentUrl\":\"https:\\\/\\\/decofoodshop.nl\\\/wp-content\\\/uploads\\\/2019\\\/12\\\/pruim-belicht-2.jpg\",\"width\":2100,\"height\":2104,\"caption\":\"Pruim\"},{\"@type\":\"BreadcrumbList\",\"@id\":\"https:\\\/\\\/decofoodshop.nl\\\/product\\\/namaak-pruim\\\/#breadcrumb\",\"itemListElement\":[{\"@type\":\"ListItem\",\"position\":1,\"name\":\"Home\",\"item\":\"https:\\\/\\\/decofoodshop.nl\\\/\"},{\"@type\":\"ListItem\",\"position\":2,\"name\":\"Winkel\",\"item\":\"https:\\\/\\\/decofoodshop.nl\\\/winkel\\\/\"},{\"@type\":\"ListItem\",\"position\":3,\"name\":\"Namaak Pruim\"}]},{\"@type\":\"WebSite\",\"@id\":\"https:\\\/\\\/decofoodshop.nl\\\/#website\",\"url\":\"https:\\\/\\\/decofoodshop.nl\\\/\",\"name\":\"Decofoodshop\",\"description\":\"\",\"potentialAction\":[{\"@type\":\"SearchAction\",\"target\":{\"@type\":\"EntryPoint\",\"urlTemplate\":\"https:\\\/\\\/decofoodshop.nl\\\/?s={search_term_string}\"},\"query-input\":{\"@type\":\"PropertyValueSpecification\",\"valueRequired\":true,\"valueName\":\"search_term_string\"}}],\"inLanguage\":\"de\"}]}<\/script>\n<!-- \/ Yoast SEO Premium plugin. -->","yoast_head_json":{"title":"Gef\u00e4lschte Pflaume - K\u00fcnstliche Frucht | Bestellen Sie bei Decofoodshop","description":"Sch\u00f6ne gef\u00e4lschte Pflaume. Die gr\u00fcne Version dieser sch\u00f6nen Pflaumenimitation ist auch bei Decofoodshop.nl erh\u00e4ltlich Suchen Sie schnell nach naturgetreuen k\u00fcnstlichen Fr\u00fcchten.","robots":{"index":"index","follow":"follow","max-snippet":"max-snippet:-1","max-image-preview":"max-image-preview:large","max-video-preview":"max-video-preview:-1"},"canonical":"https:\/\/decofoodshop.nl\/de\/produkt\/falsche-pflaume\/","og_locale":"de_DE","og_type":"article","og_title":"Namaak Pruim","og_description":"Prachtige namaak pruim. Ook de groene versie van deze mooie namaak pruim te koop bij Decofoodshop.nl Kijk snel voor levensecht kunstfruit.","og_url":"https:\/\/decofoodshop.nl\/de\/produkt\/falsche-pflaume\/","og_site_name":"Decofoodshop","article_modified_time":"2026-04-22T15:04:45+00:00","og_image":[{"width":2100,"height":2104,"url":"https:\/\/decofoodshop.nl\/wp-content\/uploads\/2019\/12\/pruim-belicht-2.jpg","type":"image\/jpeg"}],"twitter_card":"summary_large_image","twitter_misc":{"Gesch\u00e4tzte Lesezeit":"1\u00a0Minute"},"schema":{"@context":"https:\/\/schema.org","@graph":[{"@type":"WebPage","@id":"https:\/\/decofoodshop.nl\/product\/namaak-pruim\/","url":"https:\/\/decofoodshop.nl\/product\/namaak-pruim\/","name":"Gef\u00e4lschte Pflaume - K\u00fcnstliche Frucht | Bestellen Sie bei Decofoodshop","isPartOf":{"@id":"https:\/\/decofoodshop.nl\/#website"},"primaryImageOfPage":{"@id":"https:\/\/decofoodshop.nl\/product\/namaak-pruim\/#primaryimage"},"image":{"@id":"https:\/\/decofoodshop.nl\/product\/namaak-pruim\/#primaryimage"},"thumbnailUrl":"https:\/\/decofoodshop.nl\/wp-content\/uploads\/2019\/12\/pruim-belicht-2.jpg","datePublished":"2019-12-11T10:34:18+00:00","dateModified":"2026-04-22T15:04:45+00:00","description":"Sch\u00f6ne gef\u00e4lschte Pflaume. Die gr\u00fcne Version dieser sch\u00f6nen Pflaumenimitation ist auch bei Decofoodshop.nl erh\u00e4ltlich Suchen Sie schnell nach naturgetreuen k\u00fcnstlichen Fr\u00fcchten.","breadcrumb":{"@id":"https:\/\/decofoodshop.nl\/product\/namaak-pruim\/#breadcrumb"},"inLanguage":"de","potentialAction":[{"@type":"ReadAction","target":["https:\/\/decofoodshop.nl\/product\/namaak-pruim\/"]}]},{"@type":"ImageObject","inLanguage":"de","@id":"https:\/\/decofoodshop.nl\/product\/namaak-pruim\/#primaryimage","url":"https:\/\/decofoodshop.nl\/wp-content\/uploads\/2019\/12\/pruim-belicht-2.jpg","contentUrl":"https:\/\/decofoodshop.nl\/wp-content\/uploads\/2019\/12\/pruim-belicht-2.jpg","width":2100,"height":2104,"caption":"Pruim"},{"@type":"BreadcrumbList","@id":"https:\/\/decofoodshop.nl\/product\/namaak-pruim\/#breadcrumb","itemListElement":[{"@type":"ListItem","position":1,"name":"Home","item":"https:\/\/decofoodshop.nl\/"},{"@type":"ListItem","position":2,"name":"Winkel","item":"https:\/\/decofoodshop.nl\/winkel\/"},{"@type":"ListItem","position":3,"name":"Namaak Pruim"}]},{"@type":"WebSite","@id":"https:\/\/decofoodshop.nl\/#website","url":"https:\/\/decofoodshop.nl\/","name":"Dekofoodshop","description":"","potentialAction":[{"@type":"SearchAction","target":{"@type":"EntryPoint","urlTemplate":"https:\/\/decofoodshop.nl\/?s={search_term_string}"},"query-input":{"@type":"PropertyValueSpecification","valueRequired":true,"valueName":"search_term_string"}}],"inLanguage":"de"}]}},"_links":{"self":[{"href":"https:\/\/decofoodshop.nl\/de\/wp-json\/wp\/v2\/product\/1728","targetHints":{"allow":["GET"]}}],"collection":[{"href":"https:\/\/decofoodshop.nl\/de\/wp-json\/wp\/v2\/product"}],"about":[{"href":"https:\/\/decofoodshop.nl\/de\/wp-json\/wp\/v2\/types\/product"}],"wp:featuredmedia":[{"embeddable":true,"href":"https:\/\/decofoodshop.nl\/de\/wp-json\/wp\/v2\/media\/1770"}],"wp:attachment":[{"href":"https:\/\/decofoodshop.nl\/de\/wp-json\/wp\/v2\/media?parent=1728"}],"wp:term":[{"taxonomy":"product_brand","embeddable":true,"href":"https:\/\/decofoodshop.nl\/de\/wp-json\/wp\/v2\/product_brand?post=1728"},{"taxonomy":"product_cat","embeddable":true,"href":"https:\/\/decofoodshop.nl\/de\/wp-json\/wp\/v2\/product_cat?post=1728"},{"taxonomy":"product_tag","embeddable":true,"href":"https:\/\/decofoodshop.nl\/de\/wp-json\/wp\/v2\/product_tag?post=1728"}],"curies":[{"name":"wp","href":"https:\/\/api.w.org\/{rel}","templated":true}]}}