{"id":1744,"date":"2019-12-12T08:04:48","date_gmt":"2019-12-12T07:04:48","guid":{"rendered":"https:\/\/decofoodshop.nl\/?post_type=product&#038;p=1744"},"modified":"2026-04-06T10:06:44","modified_gmt":"2026-04-06T08:06:44","slug":"grun-faux-pflaume","status":"publish","type":"product","link":"https:\/\/decofoodshop.nl\/de\/product\/groene-namaak-pruim\/","title":{"rendered":"Gr\u00fcne gef\u00e4lschte Pflaume"},"content":{"rendered":"<p>Diese gr\u00fcne gef\u00e4lschte Pflaume hat eine sch\u00f6ne realistische Farbe.<\/p>\n<p>Die frische gr\u00fcne Grundfarbe mit etwas Orange verleiht ein nat\u00fcrliches Aussehen.<\/p>\n<p>Ausgestattet mit Wasserlinsen und einer nat\u00fcrlichen Form.<\/p>\n<p>Die k\u00fcnstliche Pflaume liegt gut in der Hand und ist nicht zerbrechlich.<\/p>\n<p>Schauen Sie sich auch unsere Fruchtpakete an. Klicken <strong><span style=\"color: #008000;\"><a style=\"color: #008000;\" href=\"https:\/\/decofoodshop.nl\/de\/produktkategorie-2\/pakete\/\">&#039;hier&#039;<\/a> <\/span><\/strong>f\u00fcr Pakete.<\/p>","protected":false},"excerpt":{"rendered":"<p>Deze Groene Namaak Pruim heeft een prachtige realistische kleur. De frisse groene onderliggende kleur met wat oranje geeft een natuurlijk uiterlijk. Voorzien van kroosje en een natuurlijke vorm. De kunst pruim ligt fijn in de hand en is niet breekbaar. U kunt ook even kijken bij onze fruitpakketten. Klik &#8216;hier&#8217; voor pakketten.<\/p>","protected":false},"featured_media":1767,"template":"","meta":{"_acf_changed":false,"_genesis_hide_title":false,"_genesis_hide_breadcrumbs":false,"_genesis_hide_singular_image":false,"_genesis_hide_footer_widgets":false,"_genesis_custom_body_class":"","_genesis_custom_post_class":"","_genesis_layout":""},"product_brand":[],"product_cat":[47],"product_tag":[],"class_list":{"0":"post-1744","1":"product","2":"type-product","3":"status-publish","4":"has-post-thumbnail","6":"product_cat-kunstfruit","7":"entry","8":"wpx-has-gallery","10":"first","11":"instock","12":"taxable","13":"shipping-taxable","14":"purchasable","15":"product-type-simple"},"acf":[],"yoast_head":"<!-- This site is optimized with the Yoast SEO Premium plugin v27.3 (Yoast SEO v27.4) - https:\/\/yoast.com\/product\/yoast-seo-premium-wordpress\/ -->\n<title>Decoratie Groene Namaak Pruim - Bestellen bij Decofoodshop<\/title>\n<meta name=\"description\" content=\"Deze groene namaak pruim is super natuurgetrouw. Ook een donkere namaak pruim hebben wij en nog veel meer kunstfruit. Kijk bij Decofoodshop!\" \/>\n<meta name=\"robots\" content=\"index, follow, max-snippet:-1, max-image-preview:large, max-video-preview:-1\" \/>\n<link rel=\"canonical\" href=\"https:\/\/decofoodshop.nl\/de\/produkt\/grun-faux-pflaume\/\" \/>\n<meta property=\"og:locale\" content=\"de_DE\" \/>\n<meta property=\"og:type\" content=\"article\" \/>\n<meta property=\"og:title\" content=\"Groene Namaak Pruim\" \/>\n<meta property=\"og:description\" content=\"Deze groene namaak pruim is super natuurgetrouw. Ook een donkere namaak pruim hebben wij en nog veel meer kunstfruit. Kijk bij Decofoodshop!\" \/>\n<meta property=\"og:url\" content=\"https:\/\/decofoodshop.nl\/de\/produkt\/grun-faux-pflaume\/\" \/>\n<meta property=\"og:site_name\" content=\"Decofoodshop\" \/>\n<meta property=\"article:modified_time\" content=\"2026-04-06T08:06:44+00:00\" \/>\n<meta property=\"og:image\" content=\"https:\/\/decofoodshop.nl\/wp-content\/uploads\/2019\/12\/groene-pruim-belicht.jpg\" \/>\n\t<meta property=\"og:image:width\" content=\"1200\" \/>\n\t<meta property=\"og:image:height\" content=\"1197\" \/>\n\t<meta property=\"og:image:type\" content=\"image\/jpeg\" \/>\n<meta name=\"twitter:card\" content=\"summary_large_image\" \/>\n<meta name=\"twitter:label1\" content=\"Gesch\u00e4tzte Lesezeit\" \/>\n\t<meta name=\"twitter:data1\" content=\"1\u00a0Minute\" \/>\n<script type=\"application\/ld+json\" class=\"yoast-schema-graph\">{\"@context\":\"https:\\\/\\\/schema.org\",\"@graph\":[{\"@type\":\"WebPage\",\"@id\":\"https:\\\/\\\/decofoodshop.nl\\\/product\\\/groene-namaak-pruim\\\/\",\"url\":\"https:\\\/\\\/decofoodshop.nl\\\/product\\\/groene-namaak-pruim\\\/\",\"name\":\"Decoratie Groene Namaak Pruim - Bestellen bij Decofoodshop\",\"isPartOf\":{\"@id\":\"https:\\\/\\\/decofoodshop.nl\\\/#website\"},\"primaryImageOfPage\":{\"@id\":\"https:\\\/\\\/decofoodshop.nl\\\/product\\\/groene-namaak-pruim\\\/#primaryimage\"},\"image\":{\"@id\":\"https:\\\/\\\/decofoodshop.nl\\\/product\\\/groene-namaak-pruim\\\/#primaryimage\"},\"thumbnailUrl\":\"https:\\\/\\\/decofoodshop.nl\\\/wp-content\\\/uploads\\\/2019\\\/12\\\/groene-pruim-belicht.jpg\",\"datePublished\":\"2019-12-12T07:04:48+00:00\",\"dateModified\":\"2026-04-06T08:06:44+00:00\",\"description\":\"Deze groene namaak pruim is super natuurgetrouw. Ook een donkere namaak pruim hebben wij en nog veel meer kunstfruit. Kijk bij Decofoodshop!\",\"breadcrumb\":{\"@id\":\"https:\\\/\\\/decofoodshop.nl\\\/product\\\/groene-namaak-pruim\\\/#breadcrumb\"},\"inLanguage\":\"de\",\"potentialAction\":[{\"@type\":\"ReadAction\",\"target\":[\"https:\\\/\\\/decofoodshop.nl\\\/product\\\/groene-namaak-pruim\\\/\"]}]},{\"@type\":\"ImageObject\",\"inLanguage\":\"de\",\"@id\":\"https:\\\/\\\/decofoodshop.nl\\\/product\\\/groene-namaak-pruim\\\/#primaryimage\",\"url\":\"https:\\\/\\\/decofoodshop.nl\\\/wp-content\\\/uploads\\\/2019\\\/12\\\/groene-pruim-belicht.jpg\",\"contentUrl\":\"https:\\\/\\\/decofoodshop.nl\\\/wp-content\\\/uploads\\\/2019\\\/12\\\/groene-pruim-belicht.jpg\",\"width\":1200,\"height\":1197,\"caption\":\"Groene Pruim\"},{\"@type\":\"BreadcrumbList\",\"@id\":\"https:\\\/\\\/decofoodshop.nl\\\/product\\\/groene-namaak-pruim\\\/#breadcrumb\",\"itemListElement\":[{\"@type\":\"ListItem\",\"position\":1,\"name\":\"Home\",\"item\":\"https:\\\/\\\/decofoodshop.nl\\\/\"},{\"@type\":\"ListItem\",\"position\":2,\"name\":\"Winkel\",\"item\":\"https:\\\/\\\/decofoodshop.nl\\\/winkel\\\/\"},{\"@type\":\"ListItem\",\"position\":3,\"name\":\"Groene Namaak Pruim\"}]},{\"@type\":\"WebSite\",\"@id\":\"https:\\\/\\\/decofoodshop.nl\\\/#website\",\"url\":\"https:\\\/\\\/decofoodshop.nl\\\/\",\"name\":\"Decofoodshop\",\"description\":\"\",\"potentialAction\":[{\"@type\":\"SearchAction\",\"target\":{\"@type\":\"EntryPoint\",\"urlTemplate\":\"https:\\\/\\\/decofoodshop.nl\\\/?s={search_term_string}\"},\"query-input\":{\"@type\":\"PropertyValueSpecification\",\"valueRequired\":true,\"valueName\":\"search_term_string\"}}],\"inLanguage\":\"de\"}]}<\/script>\n<!-- \/ Yoast SEO Premium plugin. -->","yoast_head_json":{"title":"Dekoration Green Fake Plum - Bei Decofoodshop bestellen","description":"Dieses gr\u00fcne Pflaumenimitat ist super nat\u00fcrlich. Wir haben auch ein dunkles Pflaumenimitat und viele weitere k\u00fcnstliche Fr\u00fcchte. Schauen Sie sich Decofoodshop an!","robots":{"index":"index","follow":"follow","max-snippet":"max-snippet:-1","max-image-preview":"max-image-preview:large","max-video-preview":"max-video-preview:-1"},"canonical":"https:\/\/decofoodshop.nl\/de\/produkt\/grun-faux-pflaume\/","og_locale":"de_DE","og_type":"article","og_title":"Groene Namaak Pruim","og_description":"Deze groene namaak pruim is super natuurgetrouw. Ook een donkere namaak pruim hebben wij en nog veel meer kunstfruit. Kijk bij Decofoodshop!","og_url":"https:\/\/decofoodshop.nl\/de\/produkt\/grun-faux-pflaume\/","og_site_name":"Decofoodshop","article_modified_time":"2026-04-06T08:06:44+00:00","og_image":[{"width":1200,"height":1197,"url":"https:\/\/decofoodshop.nl\/wp-content\/uploads\/2019\/12\/groene-pruim-belicht.jpg","type":"image\/jpeg"}],"twitter_card":"summary_large_image","twitter_misc":{"Gesch\u00e4tzte Lesezeit":"1\u00a0Minute"},"schema":{"@context":"https:\/\/schema.org","@graph":[{"@type":"WebPage","@id":"https:\/\/decofoodshop.nl\/product\/groene-namaak-pruim\/","url":"https:\/\/decofoodshop.nl\/product\/groene-namaak-pruim\/","name":"Dekoration Green Fake Plum - Bei Decofoodshop bestellen","isPartOf":{"@id":"https:\/\/decofoodshop.nl\/#website"},"primaryImageOfPage":{"@id":"https:\/\/decofoodshop.nl\/product\/groene-namaak-pruim\/#primaryimage"},"image":{"@id":"https:\/\/decofoodshop.nl\/product\/groene-namaak-pruim\/#primaryimage"},"thumbnailUrl":"https:\/\/decofoodshop.nl\/wp-content\/uploads\/2019\/12\/groene-pruim-belicht.jpg","datePublished":"2019-12-12T07:04:48+00:00","dateModified":"2026-04-06T08:06:44+00:00","description":"Dieses gr\u00fcne Pflaumenimitat ist super nat\u00fcrlich. Wir haben auch ein dunkles Pflaumenimitat und viele weitere k\u00fcnstliche Fr\u00fcchte. Schauen Sie sich Decofoodshop an!","breadcrumb":{"@id":"https:\/\/decofoodshop.nl\/product\/groene-namaak-pruim\/#breadcrumb"},"inLanguage":"de","potentialAction":[{"@type":"ReadAction","target":["https:\/\/decofoodshop.nl\/product\/groene-namaak-pruim\/"]}]},{"@type":"ImageObject","inLanguage":"de","@id":"https:\/\/decofoodshop.nl\/product\/groene-namaak-pruim\/#primaryimage","url":"https:\/\/decofoodshop.nl\/wp-content\/uploads\/2019\/12\/groene-pruim-belicht.jpg","contentUrl":"https:\/\/decofoodshop.nl\/wp-content\/uploads\/2019\/12\/groene-pruim-belicht.jpg","width":1200,"height":1197,"caption":"Groene Pruim"},{"@type":"BreadcrumbList","@id":"https:\/\/decofoodshop.nl\/product\/groene-namaak-pruim\/#breadcrumb","itemListElement":[{"@type":"ListItem","position":1,"name":"Home","item":"https:\/\/decofoodshop.nl\/"},{"@type":"ListItem","position":2,"name":"Winkel","item":"https:\/\/decofoodshop.nl\/winkel\/"},{"@type":"ListItem","position":3,"name":"Groene Namaak Pruim"}]},{"@type":"WebSite","@id":"https:\/\/decofoodshop.nl\/#website","url":"https:\/\/decofoodshop.nl\/","name":"Dekofoodshop","description":"","potentialAction":[{"@type":"SearchAction","target":{"@type":"EntryPoint","urlTemplate":"https:\/\/decofoodshop.nl\/?s={search_term_string}"},"query-input":{"@type":"PropertyValueSpecification","valueRequired":true,"valueName":"search_term_string"}}],"inLanguage":"de"}]}},"_links":{"self":[{"href":"https:\/\/decofoodshop.nl\/de\/wp-json\/wp\/v2\/product\/1744","targetHints":{"allow":["GET"]}}],"collection":[{"href":"https:\/\/decofoodshop.nl\/de\/wp-json\/wp\/v2\/product"}],"about":[{"href":"https:\/\/decofoodshop.nl\/de\/wp-json\/wp\/v2\/types\/product"}],"wp:featuredmedia":[{"embeddable":true,"href":"https:\/\/decofoodshop.nl\/de\/wp-json\/wp\/v2\/media\/1767"}],"wp:attachment":[{"href":"https:\/\/decofoodshop.nl\/de\/wp-json\/wp\/v2\/media?parent=1744"}],"wp:term":[{"taxonomy":"product_brand","embeddable":true,"href":"https:\/\/decofoodshop.nl\/de\/wp-json\/wp\/v2\/product_brand?post=1744"},{"taxonomy":"product_cat","embeddable":true,"href":"https:\/\/decofoodshop.nl\/de\/wp-json\/wp\/v2\/product_cat?post=1744"},{"taxonomy":"product_tag","embeddable":true,"href":"https:\/\/decofoodshop.nl\/de\/wp-json\/wp\/v2\/product_tag?post=1744"}],"curies":[{"name":"wp","href":"https:\/\/api.w.org\/{rel}","templated":true}]}}