{"id":1754,"date":"2019-12-12T08:22:33","date_gmt":"2019-12-12T08:22:33","guid":{"rendered":"https:\/\/decofoodshop.nl\/?post_type=product&#038;p=1754"},"modified":"2026-02-28T15:05:02","modified_gmt":"2026-02-28T14:05:02","slug":"xl-art-wassermelone","status":"publish","type":"product","link":"https:\/\/decofoodshop.nl\/de\/product\/xl-kunst-watermeloen\/","title":{"rendered":"XL Art Wassermelone"},"content":{"rendered":"<p>Gro\u00dfe k\u00fcnstliche Wassermelone XL mit Stiel.<\/p>\n<p>Es ist sehr detailliert in Farbe und Verarbeitung.<\/p>\n<p>Die Melone hat einen gr\u00fcnen Hintergrund mit dunkelgr\u00fcnen Streifen f\u00fcr eine nat\u00fcrliche Farbe.<\/p>\n<p>Der Stiel der gef\u00e4lschten Wassermelone ist mit einer realistischen Locke versehen, wie sie im wirklichen Leben w\u00e4chst.<\/p>\n<p>Schau auch mal rein <span style=\"color: #008000;\"><strong><a style=\"color: #008000;\" href=\"https:\/\/decofoodshop.nl\/de\/produktkategorie-2\/kunstliche-fruchte\/\">&quot;K\u00fcnstliche Frucht&quot;<\/a><\/strong><\/span> f\u00fcr mehr k\u00fcnstliche Fr\u00fcchte.<\/p>","protected":false},"excerpt":{"rendered":"<p>Grote XL Kunst Watermeloen voorzien van steeltje. Hij is ontzettend gedetailleerd in kleur en afwerking. De meloen heeft een groene ondergrond met donker groene strepen voor een natuurlijke kleur. Het steeltje van de nep watermeloen is met een realistische krul gemaakt zoals ze in het echt ook groeien. Kijk ook even bij &#8216;Kunstfruit&#8217; voor meer [&hellip;]<\/p>\n","protected":false},"featured_media":1755,"template":"","meta":{"_acf_changed":false,"_genesis_hide_title":false,"_genesis_hide_breadcrumbs":false,"_genesis_hide_singular_image":false,"_genesis_hide_footer_widgets":false,"_genesis_custom_body_class":"","_genesis_custom_post_class":"","_genesis_layout":""},"product_brand":[],"product_cat":[47],"product_tag":[],"class_list":{"0":"post-1754","1":"product","2":"type-product","3":"status-publish","4":"has-post-thumbnail","6":"product_cat-kunstfruit","7":"entry","8":"wpx-has-gallery","10":"first","11":"instock","12":"taxable","13":"shipping-taxable","14":"purchasable","15":"product-type-simple"},"acf":[],"yoast_head":"<!-- This site is optimized with the Yoast SEO Premium plugin v27.3 (Yoast SEO v27.4) - https:\/\/yoast.com\/product\/yoast-seo-premium-wordpress\/ -->\n<title>Decoratieve XL Kunst Watermeloen - Decofoodshop<\/title>\n<meta name=\"description\" content=\"Deze grote XL kunst watermeloen is uiterst decoratief en een echte eye-catcher. Kijk voor meer nepmeloenen bij decofooshop.\" \/>\n<meta name=\"robots\" content=\"index, follow, max-snippet:-1, max-image-preview:large, max-video-preview:-1\" \/>\n<link rel=\"canonical\" href=\"https:\/\/decofoodshop.nl\/de\/produkt\/xl-art-wassermelone\/\" \/>\n<meta property=\"og:locale\" content=\"de_DE\" \/>\n<meta property=\"og:type\" content=\"article\" \/>\n<meta property=\"og:title\" content=\"XL Kunst Watermeloen\" \/>\n<meta property=\"og:description\" content=\"Deze grote XL kunst watermeloen is uiterst decoratief en een echte eye-catcher. Kijk voor meer nepmeloenen bij decofooshop.\" \/>\n<meta property=\"og:url\" content=\"https:\/\/decofoodshop.nl\/de\/produkt\/xl-art-wassermelone\/\" \/>\n<meta property=\"og:site_name\" content=\"Decofoodshop\" \/>\n<meta property=\"article:modified_time\" content=\"2026-02-28T14:05:02+00:00\" \/>\n<meta property=\"og:image\" content=\"https:\/\/decofoodshop.nl\/wp-content\/uploads\/2019\/12\/XL-Kunst-Water-Meloen-30cm-second-pic.jpg\" \/>\n\t<meta property=\"og:image:width\" content=\"1000\" \/>\n\t<meta property=\"og:image:height\" content=\"1000\" \/>\n\t<meta property=\"og:image:type\" content=\"image\/jpeg\" \/>\n<meta name=\"twitter:card\" content=\"summary_large_image\" \/>\n<meta name=\"twitter:label1\" content=\"Gesch\u00e4tzte Lesezeit\" \/>\n\t<meta name=\"twitter:data1\" content=\"1\u00a0Minute\" \/>\n<script type=\"application\/ld+json\" class=\"yoast-schema-graph\">{\"@context\":\"https:\\\/\\\/schema.org\",\"@graph\":[{\"@type\":\"WebPage\",\"@id\":\"https:\\\/\\\/decofoodshop.nl\\\/product\\\/xl-kunst-watermeloen\\\/\",\"url\":\"https:\\\/\\\/decofoodshop.nl\\\/product\\\/xl-kunst-watermeloen\\\/\",\"name\":\"Decoratieve XL Kunst Watermeloen - Decofoodshop\",\"isPartOf\":{\"@id\":\"https:\\\/\\\/decofoodshop.nl\\\/#website\"},\"primaryImageOfPage\":{\"@id\":\"https:\\\/\\\/decofoodshop.nl\\\/product\\\/xl-kunst-watermeloen\\\/#primaryimage\"},\"image\":{\"@id\":\"https:\\\/\\\/decofoodshop.nl\\\/product\\\/xl-kunst-watermeloen\\\/#primaryimage\"},\"thumbnailUrl\":\"https:\\\/\\\/decofoodshop.nl\\\/wp-content\\\/uploads\\\/2019\\\/12\\\/XL-Kunst-Water-Meloen-30cm-second-pic.jpg\",\"datePublished\":\"2019-12-12T08:22:33+00:00\",\"dateModified\":\"2026-02-28T14:05:02+00:00\",\"description\":\"Deze grote XL kunst watermeloen is uiterst decoratief en een echte eye-catcher. Kijk voor meer nepmeloenen bij decofooshop.\",\"breadcrumb\":{\"@id\":\"https:\\\/\\\/decofoodshop.nl\\\/product\\\/xl-kunst-watermeloen\\\/#breadcrumb\"},\"inLanguage\":\"de\",\"potentialAction\":[{\"@type\":\"ReadAction\",\"target\":[\"https:\\\/\\\/decofoodshop.nl\\\/product\\\/xl-kunst-watermeloen\\\/\"]}]},{\"@type\":\"ImageObject\",\"inLanguage\":\"de\",\"@id\":\"https:\\\/\\\/decofoodshop.nl\\\/product\\\/xl-kunst-watermeloen\\\/#primaryimage\",\"url\":\"https:\\\/\\\/decofoodshop.nl\\\/wp-content\\\/uploads\\\/2019\\\/12\\\/XL-Kunst-Water-Meloen-30cm-second-pic.jpg\",\"contentUrl\":\"https:\\\/\\\/decofoodshop.nl\\\/wp-content\\\/uploads\\\/2019\\\/12\\\/XL-Kunst-Water-Meloen-30cm-second-pic.jpg\",\"width\":1000,\"height\":1000,\"caption\":\"XL Kunst Watermeloen\"},{\"@type\":\"BreadcrumbList\",\"@id\":\"https:\\\/\\\/decofoodshop.nl\\\/product\\\/xl-kunst-watermeloen\\\/#breadcrumb\",\"itemListElement\":[{\"@type\":\"ListItem\",\"position\":1,\"name\":\"Home\",\"item\":\"https:\\\/\\\/decofoodshop.nl\\\/\"},{\"@type\":\"ListItem\",\"position\":2,\"name\":\"Winkel\",\"item\":\"https:\\\/\\\/decofoodshop.nl\\\/winkel\\\/\"},{\"@type\":\"ListItem\",\"position\":3,\"name\":\"XL Kunst Watermeloen\"}]},{\"@type\":\"WebSite\",\"@id\":\"https:\\\/\\\/decofoodshop.nl\\\/#website\",\"url\":\"https:\\\/\\\/decofoodshop.nl\\\/\",\"name\":\"Decofoodshop\",\"description\":\"\",\"potentialAction\":[{\"@type\":\"SearchAction\",\"target\":{\"@type\":\"EntryPoint\",\"urlTemplate\":\"https:\\\/\\\/decofoodshop.nl\\\/?s={search_term_string}\"},\"query-input\":{\"@type\":\"PropertyValueSpecification\",\"valueRequired\":true,\"valueName\":\"search_term_string\"}}],\"inLanguage\":\"de\"}]}<\/script>\n<!-- \/ Yoast SEO Premium plugin. -->","yoast_head_json":{"title":"Deko XL Art Wassermelone - Decofoodshop","description":"Diese gro\u00dfe k\u00fcnstliche Wassermelone im XL-Format ist \u00e4u\u00dferst dekorativ und ein echter Hingucker. Suchen Sie nach mehr gef\u00e4lschten Melonen bei decofooshop.","robots":{"index":"index","follow":"follow","max-snippet":"max-snippet:-1","max-image-preview":"max-image-preview:large","max-video-preview":"max-video-preview:-1"},"canonical":"https:\/\/decofoodshop.nl\/de\/produkt\/xl-art-wassermelone\/","og_locale":"de_DE","og_type":"article","og_title":"XL Kunst Watermeloen","og_description":"Deze grote XL kunst watermeloen is uiterst decoratief en een echte eye-catcher. Kijk voor meer nepmeloenen bij decofooshop.","og_url":"https:\/\/decofoodshop.nl\/de\/produkt\/xl-art-wassermelone\/","og_site_name":"Decofoodshop","article_modified_time":"2026-02-28T14:05:02+00:00","og_image":[{"width":1000,"height":1000,"url":"https:\/\/decofoodshop.nl\/wp-content\/uploads\/2019\/12\/XL-Kunst-Water-Meloen-30cm-second-pic.jpg","type":"image\/jpeg"}],"twitter_card":"summary_large_image","twitter_misc":{"Gesch\u00e4tzte Lesezeit":"1\u00a0Minute"},"schema":{"@context":"https:\/\/schema.org","@graph":[{"@type":"WebPage","@id":"https:\/\/decofoodshop.nl\/product\/xl-kunst-watermeloen\/","url":"https:\/\/decofoodshop.nl\/product\/xl-kunst-watermeloen\/","name":"Deko XL Art Wassermelone - Decofoodshop","isPartOf":{"@id":"https:\/\/decofoodshop.nl\/#website"},"primaryImageOfPage":{"@id":"https:\/\/decofoodshop.nl\/product\/xl-kunst-watermeloen\/#primaryimage"},"image":{"@id":"https:\/\/decofoodshop.nl\/product\/xl-kunst-watermeloen\/#primaryimage"},"thumbnailUrl":"https:\/\/decofoodshop.nl\/wp-content\/uploads\/2019\/12\/XL-Kunst-Water-Meloen-30cm-second-pic.jpg","datePublished":"2019-12-12T08:22:33+00:00","dateModified":"2026-02-28T14:05:02+00:00","description":"Diese gro\u00dfe k\u00fcnstliche Wassermelone im XL-Format ist \u00e4u\u00dferst dekorativ und ein echter Hingucker. Suchen Sie nach mehr gef\u00e4lschten Melonen bei decofooshop.","breadcrumb":{"@id":"https:\/\/decofoodshop.nl\/product\/xl-kunst-watermeloen\/#breadcrumb"},"inLanguage":"de","potentialAction":[{"@type":"ReadAction","target":["https:\/\/decofoodshop.nl\/product\/xl-kunst-watermeloen\/"]}]},{"@type":"ImageObject","inLanguage":"de","@id":"https:\/\/decofoodshop.nl\/product\/xl-kunst-watermeloen\/#primaryimage","url":"https:\/\/decofoodshop.nl\/wp-content\/uploads\/2019\/12\/XL-Kunst-Water-Meloen-30cm-second-pic.jpg","contentUrl":"https:\/\/decofoodshop.nl\/wp-content\/uploads\/2019\/12\/XL-Kunst-Water-Meloen-30cm-second-pic.jpg","width":1000,"height":1000,"caption":"XL Kunst Watermeloen"},{"@type":"BreadcrumbList","@id":"https:\/\/decofoodshop.nl\/product\/xl-kunst-watermeloen\/#breadcrumb","itemListElement":[{"@type":"ListItem","position":1,"name":"Home","item":"https:\/\/decofoodshop.nl\/"},{"@type":"ListItem","position":2,"name":"Winkel","item":"https:\/\/decofoodshop.nl\/winkel\/"},{"@type":"ListItem","position":3,"name":"XL Kunst Watermeloen"}]},{"@type":"WebSite","@id":"https:\/\/decofoodshop.nl\/#website","url":"https:\/\/decofoodshop.nl\/","name":"Dekofoodshop","description":"","potentialAction":[{"@type":"SearchAction","target":{"@type":"EntryPoint","urlTemplate":"https:\/\/decofoodshop.nl\/?s={search_term_string}"},"query-input":{"@type":"PropertyValueSpecification","valueRequired":true,"valueName":"search_term_string"}}],"inLanguage":"de"}]}},"_links":{"self":[{"href":"https:\/\/decofoodshop.nl\/de\/wp-json\/wp\/v2\/product\/1754","targetHints":{"allow":["GET"]}}],"collection":[{"href":"https:\/\/decofoodshop.nl\/de\/wp-json\/wp\/v2\/product"}],"about":[{"href":"https:\/\/decofoodshop.nl\/de\/wp-json\/wp\/v2\/types\/product"}],"wp:featuredmedia":[{"embeddable":true,"href":"https:\/\/decofoodshop.nl\/de\/wp-json\/wp\/v2\/media\/1755"}],"wp:attachment":[{"href":"https:\/\/decofoodshop.nl\/de\/wp-json\/wp\/v2\/media?parent=1754"}],"wp:term":[{"taxonomy":"product_brand","embeddable":true,"href":"https:\/\/decofoodshop.nl\/de\/wp-json\/wp\/v2\/product_brand?post=1754"},{"taxonomy":"product_cat","embeddable":true,"href":"https:\/\/decofoodshop.nl\/de\/wp-json\/wp\/v2\/product_cat?post=1754"},{"taxonomy":"product_tag","embeddable":true,"href":"https:\/\/decofoodshop.nl\/de\/wp-json\/wp\/v2\/product_tag?post=1754"}],"curies":[{"name":"wp","href":"https:\/\/api.w.org\/{rel}","templated":true}]}}