{"id":1758,"date":"2019-12-12T09:28:34","date_gmt":"2019-12-12T08:28:34","guid":{"rendered":"https:\/\/decofoodshop.nl\/?post_type=product&#038;p=1758"},"modified":"2026-03-14T12:40:25","modified_gmt":"2026-03-14T11:40:25","slug":"gefalschte-persimone","status":"publish","type":"product","link":"https:\/\/decofoodshop.nl\/de\/product\/namaak-persimmon\/","title":{"rendered":"Gef\u00e4lschte Persimone"},"content":{"rendered":"<p>Sch\u00f6ne und realistische gef\u00e4lschte Persimone.<\/p>\n<p>Ausgestattet mit sch\u00f6nen Bl\u00e4ttern mit einer Ader an der Spitze.<\/p>\n<p>Die Kunstpersimone ist lebensgro\u00df und der Boden ist genau wie das Original.<\/p>\n<p>Mit nat\u00fcrlicher Farbe und einigen wei\u00dfen Details f\u00fcr einen noch echteren Look.<\/p>\n<p>Wir bieten auch fertige Fruchtpakete an unter:<span style=\"color: #008000;\"> <a style=\"color: #008000;\" href=\"https:\/\/decofoodshop.nl\/de\/produktkategorie-2\/pakete\/\">&#8216;<strong>Pakete<\/strong>&#8216;<\/a>.<\/span><\/p>","protected":false},"excerpt":{"rendered":"<p>Sch\u00f6ne und realistische gef\u00e4lschte Persimone. Ausgestattet mit sch\u00f6nen Bl\u00e4ttern mit einer Ader an der Spitze. Die k\u00fcnstliche Persimone ist lebensgro\u00df und der Boden ist genau wie das Original. Mit nat\u00fcrlicher Farbe und einigen wei\u00dfen Details f\u00fcr einen noch echteren Look. Wir bieten auch fertige Fruchtpakete an unter: &#039;Pakete&#039;.<\/p>","protected":false},"featured_media":2563,"template":"","meta":{"_acf_changed":false,"_genesis_hide_title":false,"_genesis_hide_breadcrumbs":false,"_genesis_hide_singular_image":false,"_genesis_hide_footer_widgets":false,"_genesis_custom_body_class":"","_genesis_custom_post_class":"","_genesis_layout":""},"product_brand":[],"product_cat":[47],"product_tag":[],"class_list":{"0":"post-1758","1":"product","2":"type-product","3":"status-publish","4":"has-post-thumbnail","6":"product_cat-kunstfruit","7":"entry","8":"wpx-has-gallery","10":"first","11":"instock","12":"taxable","13":"shipping-taxable","14":"purchasable","15":"product-type-simple"},"acf":[],"yoast_head":"<!-- This site is optimized with the Yoast SEO Premium plugin v27.3 (Yoast SEO v27.3) - https:\/\/yoast.com\/product\/yoast-seo-premium-wordpress\/ -->\n<title>Decoratieve Namaak Persimmon Bij - Decofoodshop<\/title>\n<meta name=\"description\" content=\"Deze mooie namaak persimmon is een goed voorbeeld van wat wij bieden. Nep groenten en ook nepvissen en nepvlees bij Decofoodshop.\" \/>\n<meta name=\"robots\" content=\"index, follow, max-snippet:-1, max-image-preview:large, max-video-preview:-1\" \/>\n<link rel=\"canonical\" href=\"https:\/\/decofoodshop.nl\/de\/produkt\/gefalschte-persimone\/\" \/>\n<meta property=\"og:locale\" content=\"de_DE\" \/>\n<meta property=\"og:type\" content=\"article\" \/>\n<meta property=\"og:title\" content=\"Namaak Persimmon\" \/>\n<meta property=\"og:description\" content=\"Deze mooie namaak persimmon is een goed voorbeeld van wat wij bieden. Nep groenten en ook nepvissen en nepvlees bij Decofoodshop.\" \/>\n<meta property=\"og:url\" content=\"https:\/\/decofoodshop.nl\/de\/produkt\/gefalschte-persimone\/\" \/>\n<meta property=\"og:site_name\" content=\"Decofoodshop\" \/>\n<meta property=\"article:modified_time\" content=\"2026-03-14T11:40:25+00:00\" \/>\n<meta property=\"og:image\" content=\"https:\/\/decofoodshop.nl\/wp-content\/uploads\/2019\/12\/Namaak-Persimmon-1.jpg\" \/>\n\t<meta property=\"og:image:width\" content=\"1200\" \/>\n\t<meta property=\"og:image:height\" content=\"1200\" \/>\n\t<meta property=\"og:image:type\" content=\"image\/jpeg\" \/>\n<meta name=\"twitter:card\" content=\"summary_large_image\" \/>\n<meta name=\"twitter:label1\" content=\"Gesch\u00e4tzte Lesezeit\" \/>\n\t<meta name=\"twitter:data1\" content=\"1\u00a0Minute\" \/>\n<script type=\"application\/ld+json\" class=\"yoast-schema-graph\">{\"@context\":\"https:\\\/\\\/schema.org\",\"@graph\":[{\"@type\":\"WebPage\",\"@id\":\"https:\\\/\\\/decofoodshop.nl\\\/product\\\/namaak-persimmon\\\/\",\"url\":\"https:\\\/\\\/decofoodshop.nl\\\/product\\\/namaak-persimmon\\\/\",\"name\":\"Decoratieve Namaak Persimmon Bij - Decofoodshop\",\"isPartOf\":{\"@id\":\"https:\\\/\\\/decofoodshop.nl\\\/#website\"},\"primaryImageOfPage\":{\"@id\":\"https:\\\/\\\/decofoodshop.nl\\\/product\\\/namaak-persimmon\\\/#primaryimage\"},\"image\":{\"@id\":\"https:\\\/\\\/decofoodshop.nl\\\/product\\\/namaak-persimmon\\\/#primaryimage\"},\"thumbnailUrl\":\"https:\\\/\\\/decofoodshop.nl\\\/wp-content\\\/uploads\\\/2019\\\/12\\\/Namaak-Persimmon-1.jpg\",\"datePublished\":\"2019-12-12T08:28:34+00:00\",\"dateModified\":\"2026-03-14T11:40:25+00:00\",\"description\":\"Deze mooie namaak persimmon is een goed voorbeeld van wat wij bieden. Nep groenten en ook nepvissen en nepvlees bij Decofoodshop.\",\"breadcrumb\":{\"@id\":\"https:\\\/\\\/decofoodshop.nl\\\/product\\\/namaak-persimmon\\\/#breadcrumb\"},\"inLanguage\":\"de\",\"potentialAction\":[{\"@type\":\"ReadAction\",\"target\":[\"https:\\\/\\\/decofoodshop.nl\\\/product\\\/namaak-persimmon\\\/\"]}]},{\"@type\":\"ImageObject\",\"inLanguage\":\"de\",\"@id\":\"https:\\\/\\\/decofoodshop.nl\\\/product\\\/namaak-persimmon\\\/#primaryimage\",\"url\":\"https:\\\/\\\/decofoodshop.nl\\\/wp-content\\\/uploads\\\/2019\\\/12\\\/Namaak-Persimmon-1.jpg\",\"contentUrl\":\"https:\\\/\\\/decofoodshop.nl\\\/wp-content\\\/uploads\\\/2019\\\/12\\\/Namaak-Persimmon-1.jpg\",\"width\":1200,\"height\":1200,\"caption\":\"Namaak Persimmon\"},{\"@type\":\"BreadcrumbList\",\"@id\":\"https:\\\/\\\/decofoodshop.nl\\\/product\\\/namaak-persimmon\\\/#breadcrumb\",\"itemListElement\":[{\"@type\":\"ListItem\",\"position\":1,\"name\":\"Home\",\"item\":\"https:\\\/\\\/decofoodshop.nl\\\/\"},{\"@type\":\"ListItem\",\"position\":2,\"name\":\"Winkel\",\"item\":\"https:\\\/\\\/decofoodshop.nl\\\/winkel\\\/\"},{\"@type\":\"ListItem\",\"position\":3,\"name\":\"Namaak Persimmon\"}]},{\"@type\":\"WebSite\",\"@id\":\"https:\\\/\\\/decofoodshop.nl\\\/#website\",\"url\":\"https:\\\/\\\/decofoodshop.nl\\\/\",\"name\":\"Decofoodshop\",\"description\":\"\",\"potentialAction\":[{\"@type\":\"SearchAction\",\"target\":{\"@type\":\"EntryPoint\",\"urlTemplate\":\"https:\\\/\\\/decofoodshop.nl\\\/?s={search_term_string}\"},\"query-input\":{\"@type\":\"PropertyValueSpecification\",\"valueRequired\":true,\"valueName\":\"search_term_string\"}}],\"inLanguage\":\"de\"}]}<\/script>\n<!-- \/ Yoast SEO Premium plugin. -->","yoast_head_json":{"title":"Dekorative gef\u00e4lschte Kaki-Biene - Decofoodshop","description":"Diese sch\u00f6ne gef\u00e4lschte Persimone ist ein gutes Beispiel f\u00fcr unser Angebot. Gef\u00e4lschtes Gem\u00fcse und auch gef\u00e4lschter Fisch und gef\u00e4lschtes Fleisch bei Decofoodshop.","robots":{"index":"index","follow":"follow","max-snippet":"max-snippet:-1","max-image-preview":"max-image-preview:large","max-video-preview":"max-video-preview:-1"},"canonical":"https:\/\/decofoodshop.nl\/de\/produkt\/gefalschte-persimone\/","og_locale":"de_DE","og_type":"article","og_title":"Namaak Persimmon","og_description":"Deze mooie namaak persimmon is een goed voorbeeld van wat wij bieden. Nep groenten en ook nepvissen en nepvlees bij Decofoodshop.","og_url":"https:\/\/decofoodshop.nl\/de\/produkt\/gefalschte-persimone\/","og_site_name":"Decofoodshop","article_modified_time":"2026-03-14T11:40:25+00:00","og_image":[{"width":1200,"height":1200,"url":"https:\/\/decofoodshop.nl\/wp-content\/uploads\/2019\/12\/Namaak-Persimmon-1.jpg","type":"image\/jpeg"}],"twitter_card":"summary_large_image","twitter_misc":{"Gesch\u00e4tzte Lesezeit":"1\u00a0Minute"},"schema":{"@context":"https:\/\/schema.org","@graph":[{"@type":"WebPage","@id":"https:\/\/decofoodshop.nl\/product\/namaak-persimmon\/","url":"https:\/\/decofoodshop.nl\/product\/namaak-persimmon\/","name":"Dekorative gef\u00e4lschte Kaki-Biene - Decofoodshop","isPartOf":{"@id":"https:\/\/decofoodshop.nl\/#website"},"primaryImageOfPage":{"@id":"https:\/\/decofoodshop.nl\/product\/namaak-persimmon\/#primaryimage"},"image":{"@id":"https:\/\/decofoodshop.nl\/product\/namaak-persimmon\/#primaryimage"},"thumbnailUrl":"https:\/\/decofoodshop.nl\/wp-content\/uploads\/2019\/12\/Namaak-Persimmon-1.jpg","datePublished":"2019-12-12T08:28:34+00:00","dateModified":"2026-03-14T11:40:25+00:00","description":"Diese sch\u00f6ne gef\u00e4lschte Persimone ist ein gutes Beispiel f\u00fcr unser Angebot. Gef\u00e4lschtes Gem\u00fcse und auch gef\u00e4lschter Fisch und gef\u00e4lschtes Fleisch bei Decofoodshop.","breadcrumb":{"@id":"https:\/\/decofoodshop.nl\/product\/namaak-persimmon\/#breadcrumb"},"inLanguage":"de","potentialAction":[{"@type":"ReadAction","target":["https:\/\/decofoodshop.nl\/product\/namaak-persimmon\/"]}]},{"@type":"ImageObject","inLanguage":"de","@id":"https:\/\/decofoodshop.nl\/product\/namaak-persimmon\/#primaryimage","url":"https:\/\/decofoodshop.nl\/wp-content\/uploads\/2019\/12\/Namaak-Persimmon-1.jpg","contentUrl":"https:\/\/decofoodshop.nl\/wp-content\/uploads\/2019\/12\/Namaak-Persimmon-1.jpg","width":1200,"height":1200,"caption":"Namaak Persimmon"},{"@type":"BreadcrumbList","@id":"https:\/\/decofoodshop.nl\/product\/namaak-persimmon\/#breadcrumb","itemListElement":[{"@type":"ListItem","position":1,"name":"Home","item":"https:\/\/decofoodshop.nl\/"},{"@type":"ListItem","position":2,"name":"Winkel","item":"https:\/\/decofoodshop.nl\/winkel\/"},{"@type":"ListItem","position":3,"name":"Namaak Persimmon"}]},{"@type":"WebSite","@id":"https:\/\/decofoodshop.nl\/#website","url":"https:\/\/decofoodshop.nl\/","name":"Dekofoodshop","description":"","potentialAction":[{"@type":"SearchAction","target":{"@type":"EntryPoint","urlTemplate":"https:\/\/decofoodshop.nl\/?s={search_term_string}"},"query-input":{"@type":"PropertyValueSpecification","valueRequired":true,"valueName":"search_term_string"}}],"inLanguage":"de"}]}},"_links":{"self":[{"href":"https:\/\/decofoodshop.nl\/de\/wp-json\/wp\/v2\/product\/1758","targetHints":{"allow":["GET"]}}],"collection":[{"href":"https:\/\/decofoodshop.nl\/de\/wp-json\/wp\/v2\/product"}],"about":[{"href":"https:\/\/decofoodshop.nl\/de\/wp-json\/wp\/v2\/types\/product"}],"wp:featuredmedia":[{"embeddable":true,"href":"https:\/\/decofoodshop.nl\/de\/wp-json\/wp\/v2\/media\/2563"}],"wp:attachment":[{"href":"https:\/\/decofoodshop.nl\/de\/wp-json\/wp\/v2\/media?parent=1758"}],"wp:term":[{"taxonomy":"product_brand","embeddable":true,"href":"https:\/\/decofoodshop.nl\/de\/wp-json\/wp\/v2\/product_brand?post=1758"},{"taxonomy":"product_cat","embeddable":true,"href":"https:\/\/decofoodshop.nl\/de\/wp-json\/wp\/v2\/product_cat?post=1758"},{"taxonomy":"product_tag","embeddable":true,"href":"https:\/\/decofoodshop.nl\/de\/wp-json\/wp\/v2\/product_tag?post=1758"}],"curies":[{"name":"wp","href":"https:\/\/api.w.org\/{rel}","templated":true}]}}