{"id":1773,"date":"2019-12-16T12:44:07","date_gmt":"2019-12-16T12:44:07","guid":{"rendered":"https:\/\/decofoodshop.nl\/?post_type=product&#038;p=1773"},"modified":"2026-02-28T15:04:51","modified_gmt":"2026-02-28T14:04:51","slug":"fake-carambola-grun-gelb","status":"publish","type":"product","link":"https:\/\/decofoodshop.nl\/de\/product\/namaak-carambola-groen-geel\/","title":{"rendered":"Gef\u00e4lschte Carambola Gr\u00fcn Gelb"},"content":{"rendered":"<p>Dies ist ein wundersch\u00f6nes und naturgetreues Fake Carambola Green Yellow.<\/p>\n<p>Es hat eine hellgr\u00fcn-gelbe Grundfarbe mit dunkleren Punkten f\u00fcr ein realistischeres Aussehen.<\/p>\n<p>Diese Karambolenimitation hat auch eine nat\u00fcrliche Unterseite und Oberseite.<\/p>\n<p>Volle Gr\u00f6\u00dfe und liegt gut in der Hand.<\/p>\n<p>Werfen Sie auch einen Blick auf unser gef\u00e4lschtes Brot &amp; Geb\u00e4ck:<span style=\"color: #008000;\"> <a style=\"color: #008000;\" href=\"https:\/\/decofoodshop.nl\/de\/produktkategorie-2\/brotkuchen\/\">&#039;Brot &amp; Geb\u00e4ck&#039;<\/a>.<\/span><\/p>","protected":false},"excerpt":{"rendered":"<p>Dit is een mooie en natuurgetrouwe Namaak Carambola Groen Geel. Hij heeft een lichte groen gele basiskleur met wat donkerdere stippels voor een realistischer uiterlijk. Ook heeft deze imitatie carambola een natuurlijke onder en bovenkant. Op ware grootte en ligt fijn in de hand. Kijk ook even bij ons namaak Brood &amp; Gebak: &#8216;Brood &amp; [&hellip;]<\/p>\n","protected":false},"featured_media":1774,"template":"","meta":{"_acf_changed":false,"_genesis_hide_title":false,"_genesis_hide_breadcrumbs":false,"_genesis_hide_singular_image":false,"_genesis_hide_footer_widgets":false,"_genesis_custom_body_class":"","_genesis_custom_post_class":"","_genesis_layout":""},"product_brand":[],"product_cat":[47],"product_tag":[],"class_list":{"0":"post-1773","1":"product","2":"type-product","3":"status-publish","4":"has-post-thumbnail","6":"product_cat-kunstfruit","7":"entry","8":"wpx-has-gallery","10":"first","11":"instock","12":"taxable","13":"shipping-taxable","14":"purchasable","15":"product-type-simple"},"acf":[],"yoast_head":"<!-- This site is optimized with the Yoast SEO Premium plugin v27.3 (Yoast SEO v27.3) - https:\/\/yoast.com\/product\/yoast-seo-premium-wordpress\/ -->\n<title>Deco Namaak Carambola Groen Geel - Decofoodshop<\/title>\n<meta name=\"description\" content=\"Deze prachtige namaak carambola groen geel is ook verkijgbaar in oranje groen. Wij bieden een groot aanbod Namaak fruit en ander decoratie voedsel aan.\" \/>\n<meta name=\"robots\" content=\"index, follow, max-snippet:-1, max-image-preview:large, max-video-preview:-1\" \/>\n<link rel=\"canonical\" href=\"https:\/\/decofoodshop.nl\/de\/produkt\/fake-carambola-grun-gelb\/\" \/>\n<meta property=\"og:locale\" content=\"de_DE\" \/>\n<meta property=\"og:type\" content=\"article\" \/>\n<meta property=\"og:title\" content=\"Namaak Carambola Groen Geel\" \/>\n<meta property=\"og:description\" content=\"Deze prachtige namaak carambola groen geel is ook verkijgbaar in oranje groen. Wij bieden een groot aanbod Namaak fruit en ander decoratie voedsel aan.\" \/>\n<meta property=\"og:url\" content=\"https:\/\/decofoodshop.nl\/de\/produkt\/fake-carambola-grun-gelb\/\" \/>\n<meta property=\"og:site_name\" content=\"Decofoodshop\" \/>\n<meta property=\"article:modified_time\" content=\"2026-02-28T14:04:51+00:00\" \/>\n<meta property=\"og:image\" content=\"https:\/\/decofoodshop.nl\/wp-content\/uploads\/2019\/12\/IMG_7829.jpg\" \/>\n\t<meta property=\"og:image:width\" content=\"1200\" \/>\n\t<meta property=\"og:image:height\" content=\"1200\" \/>\n\t<meta property=\"og:image:type\" content=\"image\/jpeg\" \/>\n<meta name=\"twitter:card\" content=\"summary_large_image\" \/>\n<meta name=\"twitter:label1\" content=\"Gesch\u00e4tzte Lesezeit\" \/>\n\t<meta name=\"twitter:data1\" content=\"1\u00a0Minute\" \/>\n<script type=\"application\/ld+json\" class=\"yoast-schema-graph\">{\"@context\":\"https:\\\/\\\/schema.org\",\"@graph\":[{\"@type\":\"WebPage\",\"@id\":\"https:\\\/\\\/decofoodshop.nl\\\/product\\\/namaak-carambola-groen-geel\\\/\",\"url\":\"https:\\\/\\\/decofoodshop.nl\\\/product\\\/namaak-carambola-groen-geel\\\/\",\"name\":\"Deco Namaak Carambola Groen Geel - Decofoodshop\",\"isPartOf\":{\"@id\":\"https:\\\/\\\/decofoodshop.nl\\\/#website\"},\"primaryImageOfPage\":{\"@id\":\"https:\\\/\\\/decofoodshop.nl\\\/product\\\/namaak-carambola-groen-geel\\\/#primaryimage\"},\"image\":{\"@id\":\"https:\\\/\\\/decofoodshop.nl\\\/product\\\/namaak-carambola-groen-geel\\\/#primaryimage\"},\"thumbnailUrl\":\"https:\\\/\\\/decofoodshop.nl\\\/wp-content\\\/uploads\\\/2019\\\/12\\\/IMG_7829.jpg\",\"datePublished\":\"2019-12-16T12:44:07+00:00\",\"dateModified\":\"2026-02-28T14:04:51+00:00\",\"description\":\"Deze prachtige namaak carambola groen geel is ook verkijgbaar in oranje groen. Wij bieden een groot aanbod Namaak fruit en ander decoratie voedsel aan.\",\"breadcrumb\":{\"@id\":\"https:\\\/\\\/decofoodshop.nl\\\/product\\\/namaak-carambola-groen-geel\\\/#breadcrumb\"},\"inLanguage\":\"de\",\"potentialAction\":[{\"@type\":\"ReadAction\",\"target\":[\"https:\\\/\\\/decofoodshop.nl\\\/product\\\/namaak-carambola-groen-geel\\\/\"]}]},{\"@type\":\"ImageObject\",\"inLanguage\":\"de\",\"@id\":\"https:\\\/\\\/decofoodshop.nl\\\/product\\\/namaak-carambola-groen-geel\\\/#primaryimage\",\"url\":\"https:\\\/\\\/decofoodshop.nl\\\/wp-content\\\/uploads\\\/2019\\\/12\\\/IMG_7829.jpg\",\"contentUrl\":\"https:\\\/\\\/decofoodshop.nl\\\/wp-content\\\/uploads\\\/2019\\\/12\\\/IMG_7829.jpg\",\"width\":1200,\"height\":1200,\"caption\":\"Namaak Carambola Groen Geel\"},{\"@type\":\"BreadcrumbList\",\"@id\":\"https:\\\/\\\/decofoodshop.nl\\\/product\\\/namaak-carambola-groen-geel\\\/#breadcrumb\",\"itemListElement\":[{\"@type\":\"ListItem\",\"position\":1,\"name\":\"Home\",\"item\":\"https:\\\/\\\/decofoodshop.nl\\\/\"},{\"@type\":\"ListItem\",\"position\":2,\"name\":\"Winkel\",\"item\":\"https:\\\/\\\/decofoodshop.nl\\\/winkel\\\/\"},{\"@type\":\"ListItem\",\"position\":3,\"name\":\"Namaak Carambola Groen Geel\"}]},{\"@type\":\"WebSite\",\"@id\":\"https:\\\/\\\/decofoodshop.nl\\\/#website\",\"url\":\"https:\\\/\\\/decofoodshop.nl\\\/\",\"name\":\"Decofoodshop\",\"description\":\"\",\"potentialAction\":[{\"@type\":\"SearchAction\",\"target\":{\"@type\":\"EntryPoint\",\"urlTemplate\":\"https:\\\/\\\/decofoodshop.nl\\\/?s={search_term_string}\"},\"query-input\":{\"@type\":\"PropertyValueSpecification\",\"valueRequired\":true,\"valueName\":\"search_term_string\"}}],\"inLanguage\":\"de\"}]}<\/script>\n<!-- \/ Yoast SEO Premium plugin. -->","yoast_head_json":{"title":"Deko Fake Carambola Gr\u00fcn Gelb - Decofoodshop","description":"Dieses sch\u00f6ne Karambolen-Gr\u00fcn-Gelb-Imitat ist auch in Orange-Gr\u00fcn erh\u00e4ltlich. Wir bieten eine gro\u00dfe Auswahl an k\u00fcnstlichen Fr\u00fcchten und anderen dekorativen Lebensmitteln.","robots":{"index":"index","follow":"follow","max-snippet":"max-snippet:-1","max-image-preview":"max-image-preview:large","max-video-preview":"max-video-preview:-1"},"canonical":"https:\/\/decofoodshop.nl\/de\/produkt\/fake-carambola-grun-gelb\/","og_locale":"de_DE","og_type":"article","og_title":"Namaak Carambola Groen Geel","og_description":"Deze prachtige namaak carambola groen geel is ook verkijgbaar in oranje groen. Wij bieden een groot aanbod Namaak fruit en ander decoratie voedsel aan.","og_url":"https:\/\/decofoodshop.nl\/de\/produkt\/fake-carambola-grun-gelb\/","og_site_name":"Decofoodshop","article_modified_time":"2026-02-28T14:04:51+00:00","og_image":[{"width":1200,"height":1200,"url":"https:\/\/decofoodshop.nl\/wp-content\/uploads\/2019\/12\/IMG_7829.jpg","type":"image\/jpeg"}],"twitter_card":"summary_large_image","twitter_misc":{"Gesch\u00e4tzte Lesezeit":"1\u00a0Minute"},"schema":{"@context":"https:\/\/schema.org","@graph":[{"@type":"WebPage","@id":"https:\/\/decofoodshop.nl\/product\/namaak-carambola-groen-geel\/","url":"https:\/\/decofoodshop.nl\/product\/namaak-carambola-groen-geel\/","name":"Deko Fake Carambola Gr\u00fcn Gelb - Decofoodshop","isPartOf":{"@id":"https:\/\/decofoodshop.nl\/#website"},"primaryImageOfPage":{"@id":"https:\/\/decofoodshop.nl\/product\/namaak-carambola-groen-geel\/#primaryimage"},"image":{"@id":"https:\/\/decofoodshop.nl\/product\/namaak-carambola-groen-geel\/#primaryimage"},"thumbnailUrl":"https:\/\/decofoodshop.nl\/wp-content\/uploads\/2019\/12\/IMG_7829.jpg","datePublished":"2019-12-16T12:44:07+00:00","dateModified":"2026-02-28T14:04:51+00:00","description":"Dieses sch\u00f6ne Karambolen-Gr\u00fcn-Gelb-Imitat ist auch in Orange-Gr\u00fcn erh\u00e4ltlich. Wir bieten eine gro\u00dfe Auswahl an k\u00fcnstlichen Fr\u00fcchten und anderen dekorativen Lebensmitteln.","breadcrumb":{"@id":"https:\/\/decofoodshop.nl\/product\/namaak-carambola-groen-geel\/#breadcrumb"},"inLanguage":"de","potentialAction":[{"@type":"ReadAction","target":["https:\/\/decofoodshop.nl\/product\/namaak-carambola-groen-geel\/"]}]},{"@type":"ImageObject","inLanguage":"de","@id":"https:\/\/decofoodshop.nl\/product\/namaak-carambola-groen-geel\/#primaryimage","url":"https:\/\/decofoodshop.nl\/wp-content\/uploads\/2019\/12\/IMG_7829.jpg","contentUrl":"https:\/\/decofoodshop.nl\/wp-content\/uploads\/2019\/12\/IMG_7829.jpg","width":1200,"height":1200,"caption":"Namaak Carambola Groen Geel"},{"@type":"BreadcrumbList","@id":"https:\/\/decofoodshop.nl\/product\/namaak-carambola-groen-geel\/#breadcrumb","itemListElement":[{"@type":"ListItem","position":1,"name":"Home","item":"https:\/\/decofoodshop.nl\/"},{"@type":"ListItem","position":2,"name":"Winkel","item":"https:\/\/decofoodshop.nl\/winkel\/"},{"@type":"ListItem","position":3,"name":"Namaak Carambola Groen Geel"}]},{"@type":"WebSite","@id":"https:\/\/decofoodshop.nl\/#website","url":"https:\/\/decofoodshop.nl\/","name":"Dekofoodshop","description":"","potentialAction":[{"@type":"SearchAction","target":{"@type":"EntryPoint","urlTemplate":"https:\/\/decofoodshop.nl\/?s={search_term_string}"},"query-input":{"@type":"PropertyValueSpecification","valueRequired":true,"valueName":"search_term_string"}}],"inLanguage":"de"}]}},"_links":{"self":[{"href":"https:\/\/decofoodshop.nl\/de\/wp-json\/wp\/v2\/product\/1773","targetHints":{"allow":["GET"]}}],"collection":[{"href":"https:\/\/decofoodshop.nl\/de\/wp-json\/wp\/v2\/product"}],"about":[{"href":"https:\/\/decofoodshop.nl\/de\/wp-json\/wp\/v2\/types\/product"}],"wp:featuredmedia":[{"embeddable":true,"href":"https:\/\/decofoodshop.nl\/de\/wp-json\/wp\/v2\/media\/1774"}],"wp:attachment":[{"href":"https:\/\/decofoodshop.nl\/de\/wp-json\/wp\/v2\/media?parent=1773"}],"wp:term":[{"taxonomy":"product_brand","embeddable":true,"href":"https:\/\/decofoodshop.nl\/de\/wp-json\/wp\/v2\/product_brand?post=1773"},{"taxonomy":"product_cat","embeddable":true,"href":"https:\/\/decofoodshop.nl\/de\/wp-json\/wp\/v2\/product_cat?post=1773"},{"taxonomy":"product_tag","embeddable":true,"href":"https:\/\/decofoodshop.nl\/de\/wp-json\/wp\/v2\/product_tag?post=1773"}],"curies":[{"name":"wp","href":"https:\/\/api.w.org\/{rel}","templated":true}]}}