{"id":1780,"date":"2019-12-17T09:18:19","date_gmt":"2019-12-17T08:18:19","guid":{"rendered":"https:\/\/decofoodshop.nl\/?post_type=product&#038;p=1780"},"modified":"2026-03-19T04:32:16","modified_gmt":"2026-03-19T03:32:16","slug":"fake-carambola-orange-grun","status":"publish","type":"product","link":"https:\/\/decofoodshop.nl\/de\/product\/namaak-carambola-oranje-groen\/","title":{"rendered":"Gef\u00e4lschte Carambola Orange Gr\u00fcn"},"content":{"rendered":"<p>Diese sch\u00f6ne k\u00fcnstliche Karambole Orange Green ist, genau wie ihre gr\u00fcn-gelbe Verwandte, ein sch\u00f6nes dekoratives St\u00fcck Kunstobst.<\/p>\n<p>Durch die orange Farbe hebt es sich besonders gut ab und strahlt einen warmen Glanz aus.<\/p>\n<p>Die Kunstkarambole ist lebensgro\u00df und der Form wurde viel Aufmerksamkeit geschenkt, damit sie so nat\u00fcrlich wie m\u00f6glich aussieht.<\/p>\n<p>Verf\u00fcgt auch \u00fcber einen realistischen Boden.<\/p>\n<p>Suchen Sie auch k\u00fcnstliches Gem\u00fcse? dann klick<strong><span style=\"color: #008000;\"> <a style=\"color: #008000;\" href=\"https:\/\/decofoodshop.nl\/de\/produktkategorie-2\/kunstliches-gemuse\/\">&#039;hier&#039;<\/a>.<\/span><\/strong><\/p>","protected":false},"excerpt":{"rendered":"<p>Deze mooie Namaak Carambola Oranje Groen is net als zijn groen gele verwant een mooi decoratief stuk kunst fruit. Door de oranje kleur valt hij extra goed op en straalt hij een warme gloed uit. De kunst carambola is op ware grootte en er is veel aandacht gestoken in de vorm om hem zo natuurlijk [&hellip;]<\/p>\n","protected":false},"featured_media":1923,"template":"","meta":{"_acf_changed":false,"_genesis_hide_title":false,"_genesis_hide_breadcrumbs":false,"_genesis_hide_singular_image":false,"_genesis_hide_footer_widgets":false,"_genesis_custom_body_class":"","_genesis_custom_post_class":"","_genesis_layout":""},"product_brand":[],"product_cat":[47],"product_tag":[],"class_list":{"0":"post-1780","1":"product","2":"type-product","3":"status-publish","4":"has-post-thumbnail","6":"product_cat-kunstfruit","7":"entry","8":"wpx-has-gallery","10":"first","11":"instock","12":"taxable","13":"shipping-taxable","14":"purchasable","15":"product-type-simple"},"acf":[],"yoast_head":"<!-- This site is optimized with the Yoast SEO Premium plugin v27.3 (Yoast SEO v27.3) - https:\/\/yoast.com\/product\/yoast-seo-premium-wordpress\/ -->\n<title>Namaak Carambola Oranje Groen - Decofoodshop<\/title>\n<meta name=\"description\" content=\"Dit is een zeer realistische Namaak Carambola Oranje Groen. Ook verkijgbaar in een groen gele variant. Ons kunstfruit is heel natuurlijk en decoratief.\" \/>\n<meta name=\"robots\" content=\"index, follow, max-snippet:-1, max-image-preview:large, max-video-preview:-1\" \/>\n<link rel=\"canonical\" href=\"https:\/\/decofoodshop.nl\/de\/produkt\/fake-carambola-orange-grun\/\" \/>\n<meta property=\"og:locale\" content=\"de_DE\" \/>\n<meta property=\"og:type\" content=\"article\" \/>\n<meta property=\"og:title\" content=\"Namaak Carambola Oranje Groen\" \/>\n<meta property=\"og:description\" content=\"Dit is een zeer realistische Namaak Carambola Oranje Groen. Ook verkijgbaar in een groen gele variant. Ons kunstfruit is heel natuurlijk en decoratief.\" \/>\n<meta property=\"og:url\" content=\"https:\/\/decofoodshop.nl\/de\/produkt\/fake-carambola-orange-grun\/\" \/>\n<meta property=\"og:site_name\" content=\"Decofoodshop\" \/>\n<meta property=\"article:modified_time\" content=\"2026-03-19T03:32:16+00:00\" \/>\n<meta property=\"og:image\" content=\"https:\/\/decofoodshop.nl\/wp-content\/uploads\/2019\/12\/IMG_7972-2.jpg\" \/>\n\t<meta property=\"og:image:width\" content=\"1082\" \/>\n\t<meta property=\"og:image:height\" content=\"1076\" \/>\n\t<meta property=\"og:image:type\" content=\"image\/jpeg\" \/>\n<meta name=\"twitter:card\" content=\"summary_large_image\" \/>\n<meta name=\"twitter:label1\" content=\"Gesch\u00e4tzte Lesezeit\" \/>\n\t<meta name=\"twitter:data1\" content=\"1\u00a0Minute\" \/>\n<script type=\"application\/ld+json\" class=\"yoast-schema-graph\">{\"@context\":\"https:\\\/\\\/schema.org\",\"@graph\":[{\"@type\":\"WebPage\",\"@id\":\"https:\\\/\\\/decofoodshop.nl\\\/product\\\/namaak-carambola-oranje-groen\\\/\",\"url\":\"https:\\\/\\\/decofoodshop.nl\\\/product\\\/namaak-carambola-oranje-groen\\\/\",\"name\":\"Namaak Carambola Oranje Groen - Decofoodshop\",\"isPartOf\":{\"@id\":\"https:\\\/\\\/decofoodshop.nl\\\/#website\"},\"primaryImageOfPage\":{\"@id\":\"https:\\\/\\\/decofoodshop.nl\\\/product\\\/namaak-carambola-oranje-groen\\\/#primaryimage\"},\"image\":{\"@id\":\"https:\\\/\\\/decofoodshop.nl\\\/product\\\/namaak-carambola-oranje-groen\\\/#primaryimage\"},\"thumbnailUrl\":\"https:\\\/\\\/decofoodshop.nl\\\/wp-content\\\/uploads\\\/2019\\\/12\\\/IMG_7972-2.jpg\",\"datePublished\":\"2019-12-17T08:18:19+00:00\",\"dateModified\":\"2026-03-19T03:32:16+00:00\",\"description\":\"Dit is een zeer realistische Namaak Carambola Oranje Groen. Ook verkijgbaar in een groen gele variant. Ons kunstfruit is heel natuurlijk en decoratief.\",\"breadcrumb\":{\"@id\":\"https:\\\/\\\/decofoodshop.nl\\\/product\\\/namaak-carambola-oranje-groen\\\/#breadcrumb\"},\"inLanguage\":\"de\",\"potentialAction\":[{\"@type\":\"ReadAction\",\"target\":[\"https:\\\/\\\/decofoodshop.nl\\\/product\\\/namaak-carambola-oranje-groen\\\/\"]}]},{\"@type\":\"ImageObject\",\"inLanguage\":\"de\",\"@id\":\"https:\\\/\\\/decofoodshop.nl\\\/product\\\/namaak-carambola-oranje-groen\\\/#primaryimage\",\"url\":\"https:\\\/\\\/decofoodshop.nl\\\/wp-content\\\/uploads\\\/2019\\\/12\\\/IMG_7972-2.jpg\",\"contentUrl\":\"https:\\\/\\\/decofoodshop.nl\\\/wp-content\\\/uploads\\\/2019\\\/12\\\/IMG_7972-2.jpg\",\"width\":1082,\"height\":1076,\"caption\":\"Namaak Carambola Oranje Groen\"},{\"@type\":\"BreadcrumbList\",\"@id\":\"https:\\\/\\\/decofoodshop.nl\\\/product\\\/namaak-carambola-oranje-groen\\\/#breadcrumb\",\"itemListElement\":[{\"@type\":\"ListItem\",\"position\":1,\"name\":\"Home\",\"item\":\"https:\\\/\\\/decofoodshop.nl\\\/\"},{\"@type\":\"ListItem\",\"position\":2,\"name\":\"Winkel\",\"item\":\"https:\\\/\\\/decofoodshop.nl\\\/winkel\\\/\"},{\"@type\":\"ListItem\",\"position\":3,\"name\":\"Namaak Carambola Oranje Groen\"}]},{\"@type\":\"WebSite\",\"@id\":\"https:\\\/\\\/decofoodshop.nl\\\/#website\",\"url\":\"https:\\\/\\\/decofoodshop.nl\\\/\",\"name\":\"Decofoodshop\",\"description\":\"\",\"potentialAction\":[{\"@type\":\"SearchAction\",\"target\":{\"@type\":\"EntryPoint\",\"urlTemplate\":\"https:\\\/\\\/decofoodshop.nl\\\/?s={search_term_string}\"},\"query-input\":{\"@type\":\"PropertyValueSpecification\",\"valueRequired\":true,\"valueName\":\"search_term_string\"}}],\"inLanguage\":\"de\"}]}<\/script>\n<!-- \/ Yoast SEO Premium plugin. -->","yoast_head_json":{"title":"K\u00fcnstliche Karambole Orangegr\u00fcn - Decofoodshop","description":"Dies ist eine sehr realistische gef\u00e4lschte Carambola Orange Green. Auch in einer gr\u00fcnen und gelben Variante erh\u00e4ltlich. Unser k\u00fcnstliches Obst ist sehr nat\u00fcrlich und dekorativ.","robots":{"index":"index","follow":"follow","max-snippet":"max-snippet:-1","max-image-preview":"max-image-preview:large","max-video-preview":"max-video-preview:-1"},"canonical":"https:\/\/decofoodshop.nl\/de\/produkt\/fake-carambola-orange-grun\/","og_locale":"de_DE","og_type":"article","og_title":"Namaak Carambola Oranje Groen","og_description":"Dit is een zeer realistische Namaak Carambola Oranje Groen. Ook verkijgbaar in een groen gele variant. Ons kunstfruit is heel natuurlijk en decoratief.","og_url":"https:\/\/decofoodshop.nl\/de\/produkt\/fake-carambola-orange-grun\/","og_site_name":"Decofoodshop","article_modified_time":"2026-03-19T03:32:16+00:00","og_image":[{"width":1082,"height":1076,"url":"https:\/\/decofoodshop.nl\/wp-content\/uploads\/2019\/12\/IMG_7972-2.jpg","type":"image\/jpeg"}],"twitter_card":"summary_large_image","twitter_misc":{"Gesch\u00e4tzte Lesezeit":"1\u00a0Minute"},"schema":{"@context":"https:\/\/schema.org","@graph":[{"@type":"WebPage","@id":"https:\/\/decofoodshop.nl\/product\/namaak-carambola-oranje-groen\/","url":"https:\/\/decofoodshop.nl\/product\/namaak-carambola-oranje-groen\/","name":"K\u00fcnstliche Karambole Orangegr\u00fcn - Decofoodshop","isPartOf":{"@id":"https:\/\/decofoodshop.nl\/#website"},"primaryImageOfPage":{"@id":"https:\/\/decofoodshop.nl\/product\/namaak-carambola-oranje-groen\/#primaryimage"},"image":{"@id":"https:\/\/decofoodshop.nl\/product\/namaak-carambola-oranje-groen\/#primaryimage"},"thumbnailUrl":"https:\/\/decofoodshop.nl\/wp-content\/uploads\/2019\/12\/IMG_7972-2.jpg","datePublished":"2019-12-17T08:18:19+00:00","dateModified":"2026-03-19T03:32:16+00:00","description":"Dies ist eine sehr realistische gef\u00e4lschte Carambola Orange Green. Auch in einer gr\u00fcnen und gelben Variante erh\u00e4ltlich. Unser k\u00fcnstliches Obst ist sehr nat\u00fcrlich und dekorativ.","breadcrumb":{"@id":"https:\/\/decofoodshop.nl\/product\/namaak-carambola-oranje-groen\/#breadcrumb"},"inLanguage":"de","potentialAction":[{"@type":"ReadAction","target":["https:\/\/decofoodshop.nl\/product\/namaak-carambola-oranje-groen\/"]}]},{"@type":"ImageObject","inLanguage":"de","@id":"https:\/\/decofoodshop.nl\/product\/namaak-carambola-oranje-groen\/#primaryimage","url":"https:\/\/decofoodshop.nl\/wp-content\/uploads\/2019\/12\/IMG_7972-2.jpg","contentUrl":"https:\/\/decofoodshop.nl\/wp-content\/uploads\/2019\/12\/IMG_7972-2.jpg","width":1082,"height":1076,"caption":"Namaak Carambola Oranje Groen"},{"@type":"BreadcrumbList","@id":"https:\/\/decofoodshop.nl\/product\/namaak-carambola-oranje-groen\/#breadcrumb","itemListElement":[{"@type":"ListItem","position":1,"name":"Home","item":"https:\/\/decofoodshop.nl\/"},{"@type":"ListItem","position":2,"name":"Winkel","item":"https:\/\/decofoodshop.nl\/winkel\/"},{"@type":"ListItem","position":3,"name":"Namaak Carambola Oranje Groen"}]},{"@type":"WebSite","@id":"https:\/\/decofoodshop.nl\/#website","url":"https:\/\/decofoodshop.nl\/","name":"Dekofoodshop","description":"","potentialAction":[{"@type":"SearchAction","target":{"@type":"EntryPoint","urlTemplate":"https:\/\/decofoodshop.nl\/?s={search_term_string}"},"query-input":{"@type":"PropertyValueSpecification","valueRequired":true,"valueName":"search_term_string"}}],"inLanguage":"de"}]}},"_links":{"self":[{"href":"https:\/\/decofoodshop.nl\/de\/wp-json\/wp\/v2\/product\/1780","targetHints":{"allow":["GET"]}}],"collection":[{"href":"https:\/\/decofoodshop.nl\/de\/wp-json\/wp\/v2\/product"}],"about":[{"href":"https:\/\/decofoodshop.nl\/de\/wp-json\/wp\/v2\/types\/product"}],"wp:featuredmedia":[{"embeddable":true,"href":"https:\/\/decofoodshop.nl\/de\/wp-json\/wp\/v2\/media\/1923"}],"wp:attachment":[{"href":"https:\/\/decofoodshop.nl\/de\/wp-json\/wp\/v2\/media?parent=1780"}],"wp:term":[{"taxonomy":"product_brand","embeddable":true,"href":"https:\/\/decofoodshop.nl\/de\/wp-json\/wp\/v2\/product_brand?post=1780"},{"taxonomy":"product_cat","embeddable":true,"href":"https:\/\/decofoodshop.nl\/de\/wp-json\/wp\/v2\/product_cat?post=1780"},{"taxonomy":"product_tag","embeddable":true,"href":"https:\/\/decofoodshop.nl\/de\/wp-json\/wp\/v2\/product_tag?post=1780"}],"curies":[{"name":"wp","href":"https:\/\/api.w.org\/{rel}","templated":true}]}}