{"id":1801,"date":"2019-12-17T10:36:12","date_gmt":"2019-12-17T10:36:12","guid":{"rendered":"https:\/\/decofoodshop.nl\/?post_type=product&#038;p=1801"},"modified":"2026-03-19T11:49:36","modified_gmt":"2026-03-19T10:49:36","slug":"gefalschte-bananenstaude","status":"publish","type":"product","link":"https:\/\/decofoodshop.nl\/de\/product\/namaak-bananen-tros\/","title":{"rendered":"Gef\u00e4lschter Bananenbund"},"content":{"rendered":"<p>Dieses gef\u00e4lschte Bananenb\u00fcndel enth\u00e4lt 7 Bananen.<\/p>\n<p>Sie haben eine sch\u00f6ne dunkelgelbe Farbe mit etwas Gr\u00fcn oben und unten.<\/p>\n<p>Die gef\u00e4lschten Bananenb\u00fcschel haben auch einige Sprenkel f\u00fcr ein nat\u00fcrliches Aussehen.<\/p>\n<p>Der gef\u00e4lschte Bananenbinder ist nicht zerbrechlich und hervorragend als Dekoration geeignet.<\/p>\n<p>Ein sch\u00f6nes und robustes Produkt in professioneller Qualit\u00e4t.<\/p>\n<p>Suchen Sie noch mehr k\u00fcnstliche Fr\u00fcchte? dann klick<span style=\"color: #008000;\"> <a style=\"color: #008000;\" href=\"https:\/\/decofoodshop.nl\/de\/produktkategorie-2\/kunstliche-fruchte\/\"><strong>&#039;Hier<\/strong>&#8216;<\/a>.<\/span><\/p>\n<p>&nbsp;<\/p>","protected":false},"excerpt":{"rendered":"<p>Aan deze Namaak Bananen Tros zitten 7 bananen. Ze hebben een mooie, donker gele kleur met boven en onder een klein beetje groen. Ook hebben de nep bananen trossen wat spikkels voor een natuurgetrouw uiterlijk. De namaak bananen tros is niet breekbaar en uiterst geschikt als decoratie. Een fraai en stevig product van professionele kwaliteit. [&hellip;]<\/p>\n","protected":false},"featured_media":1802,"template":"","meta":{"_acf_changed":false,"_genesis_hide_title":false,"_genesis_hide_breadcrumbs":false,"_genesis_hide_singular_image":false,"_genesis_hide_footer_widgets":false,"_genesis_custom_body_class":"","_genesis_custom_post_class":"","_genesis_layout":""},"product_brand":[],"product_cat":[47],"product_tag":[],"class_list":{"0":"post-1801","1":"product","2":"type-product","3":"status-publish","4":"has-post-thumbnail","6":"product_cat-kunstfruit","7":"entry","8":"wpx-has-gallery","10":"first","11":"instock","12":"taxable","13":"shipping-taxable","14":"purchasable","15":"product-type-simple"},"acf":[],"yoast_head":"<!-- This site is optimized with the Yoast SEO Premium plugin v27.3 (Yoast SEO v27.3) - https:\/\/yoast.com\/product\/yoast-seo-premium-wordpress\/ -->\n<title>Namaak Bananen Tros - Decofoodshop<\/title>\n<meta name=\"description\" content=\"Namaak Bananen Tros met 7 bananen per tros. Heel realistisch uiterlijk en de kleur komt overeen met een echte banaan. Uiterst decoratief.\" \/>\n<meta name=\"robots\" content=\"index, follow, max-snippet:-1, max-image-preview:large, max-video-preview:-1\" \/>\n<link rel=\"canonical\" href=\"https:\/\/decofoodshop.nl\/de\/produkt\/gefalschte-bananenstaude\/\" \/>\n<meta property=\"og:locale\" content=\"de_DE\" \/>\n<meta property=\"og:type\" content=\"article\" \/>\n<meta property=\"og:title\" content=\"Namaak Bananen Tros\" \/>\n<meta property=\"og:description\" content=\"Namaak Bananen Tros met 7 bananen per tros. Heel realistisch uiterlijk en de kleur komt overeen met een echte banaan. Uiterst decoratief.\" \/>\n<meta property=\"og:url\" content=\"https:\/\/decofoodshop.nl\/de\/produkt\/gefalschte-bananenstaude\/\" \/>\n<meta property=\"og:site_name\" content=\"Decofoodshop\" \/>\n<meta property=\"article:modified_time\" content=\"2026-03-19T10:49:36+00:00\" \/>\n<meta property=\"og:image\" content=\"https:\/\/decofoodshop.nl\/wp-content\/uploads\/2019\/12\/Namaak-Bananen-Tros-22cm.jpg\" \/>\n\t<meta property=\"og:image:width\" content=\"1750\" \/>\n\t<meta property=\"og:image:height\" content=\"1752\" \/>\n\t<meta property=\"og:image:type\" content=\"image\/jpeg\" \/>\n<meta name=\"twitter:card\" content=\"summary_large_image\" \/>\n<meta name=\"twitter:label1\" content=\"Gesch\u00e4tzte Lesezeit\" \/>\n\t<meta name=\"twitter:data1\" content=\"1\u00a0Minute\" \/>\n<script type=\"application\/ld+json\" class=\"yoast-schema-graph\">{\"@context\":\"https:\\\/\\\/schema.org\",\"@graph\":[{\"@type\":\"WebPage\",\"@id\":\"https:\\\/\\\/decofoodshop.nl\\\/product\\\/namaak-bananen-tros\\\/\",\"url\":\"https:\\\/\\\/decofoodshop.nl\\\/product\\\/namaak-bananen-tros\\\/\",\"name\":\"Namaak Bananen Tros - Decofoodshop\",\"isPartOf\":{\"@id\":\"https:\\\/\\\/decofoodshop.nl\\\/#website\"},\"primaryImageOfPage\":{\"@id\":\"https:\\\/\\\/decofoodshop.nl\\\/product\\\/namaak-bananen-tros\\\/#primaryimage\"},\"image\":{\"@id\":\"https:\\\/\\\/decofoodshop.nl\\\/product\\\/namaak-bananen-tros\\\/#primaryimage\"},\"thumbnailUrl\":\"https:\\\/\\\/decofoodshop.nl\\\/wp-content\\\/uploads\\\/2019\\\/12\\\/Namaak-Bananen-Tros-22cm.jpg\",\"datePublished\":\"2019-12-17T10:36:12+00:00\",\"dateModified\":\"2026-03-19T10:49:36+00:00\",\"description\":\"Namaak Bananen Tros met 7 bananen per tros. Heel realistisch uiterlijk en de kleur komt overeen met een echte banaan. Uiterst decoratief.\",\"breadcrumb\":{\"@id\":\"https:\\\/\\\/decofoodshop.nl\\\/product\\\/namaak-bananen-tros\\\/#breadcrumb\"},\"inLanguage\":\"de\",\"potentialAction\":[{\"@type\":\"ReadAction\",\"target\":[\"https:\\\/\\\/decofoodshop.nl\\\/product\\\/namaak-bananen-tros\\\/\"]}]},{\"@type\":\"ImageObject\",\"inLanguage\":\"de\",\"@id\":\"https:\\\/\\\/decofoodshop.nl\\\/product\\\/namaak-bananen-tros\\\/#primaryimage\",\"url\":\"https:\\\/\\\/decofoodshop.nl\\\/wp-content\\\/uploads\\\/2019\\\/12\\\/Namaak-Bananen-Tros-22cm.jpg\",\"contentUrl\":\"https:\\\/\\\/decofoodshop.nl\\\/wp-content\\\/uploads\\\/2019\\\/12\\\/Namaak-Bananen-Tros-22cm.jpg\",\"width\":1750,\"height\":1752,\"caption\":\"Namaak Bananen Tros\"},{\"@type\":\"BreadcrumbList\",\"@id\":\"https:\\\/\\\/decofoodshop.nl\\\/product\\\/namaak-bananen-tros\\\/#breadcrumb\",\"itemListElement\":[{\"@type\":\"ListItem\",\"position\":1,\"name\":\"Home\",\"item\":\"https:\\\/\\\/decofoodshop.nl\\\/\"},{\"@type\":\"ListItem\",\"position\":2,\"name\":\"Winkel\",\"item\":\"https:\\\/\\\/decofoodshop.nl\\\/winkel\\\/\"},{\"@type\":\"ListItem\",\"position\":3,\"name\":\"Namaak Bananen Tros\"}]},{\"@type\":\"WebSite\",\"@id\":\"https:\\\/\\\/decofoodshop.nl\\\/#website\",\"url\":\"https:\\\/\\\/decofoodshop.nl\\\/\",\"name\":\"Decofoodshop\",\"description\":\"\",\"potentialAction\":[{\"@type\":\"SearchAction\",\"target\":{\"@type\":\"EntryPoint\",\"urlTemplate\":\"https:\\\/\\\/decofoodshop.nl\\\/?s={search_term_string}\"},\"query-input\":{\"@type\":\"PropertyValueSpecification\",\"valueRequired\":true,\"valueName\":\"search_term_string\"}}],\"inLanguage\":\"de\"}]}<\/script>\n<!-- \/ Yoast SEO Premium plugin. -->","yoast_head_json":{"title":"Gef\u00e4lschtes Bananenb\u00fcndel - Decofoodshop","description":"Fake Banana Bunch mit 7 Bananen pro Traverse. Sehr realistisches Aussehen und die Farbe entspricht einer echten Banane. \u00c4u\u00dferst dekorativ.","robots":{"index":"index","follow":"follow","max-snippet":"max-snippet:-1","max-image-preview":"max-image-preview:large","max-video-preview":"max-video-preview:-1"},"canonical":"https:\/\/decofoodshop.nl\/de\/produkt\/gefalschte-bananenstaude\/","og_locale":"de_DE","og_type":"article","og_title":"Namaak Bananen Tros","og_description":"Namaak Bananen Tros met 7 bananen per tros. Heel realistisch uiterlijk en de kleur komt overeen met een echte banaan. Uiterst decoratief.","og_url":"https:\/\/decofoodshop.nl\/de\/produkt\/gefalschte-bananenstaude\/","og_site_name":"Decofoodshop","article_modified_time":"2026-03-19T10:49:36+00:00","og_image":[{"width":1750,"height":1752,"url":"https:\/\/decofoodshop.nl\/wp-content\/uploads\/2019\/12\/Namaak-Bananen-Tros-22cm.jpg","type":"image\/jpeg"}],"twitter_card":"summary_large_image","twitter_misc":{"Gesch\u00e4tzte Lesezeit":"1\u00a0Minute"},"schema":{"@context":"https:\/\/schema.org","@graph":[{"@type":"WebPage","@id":"https:\/\/decofoodshop.nl\/product\/namaak-bananen-tros\/","url":"https:\/\/decofoodshop.nl\/product\/namaak-bananen-tros\/","name":"Gef\u00e4lschtes Bananenb\u00fcndel - Decofoodshop","isPartOf":{"@id":"https:\/\/decofoodshop.nl\/#website"},"primaryImageOfPage":{"@id":"https:\/\/decofoodshop.nl\/product\/namaak-bananen-tros\/#primaryimage"},"image":{"@id":"https:\/\/decofoodshop.nl\/product\/namaak-bananen-tros\/#primaryimage"},"thumbnailUrl":"https:\/\/decofoodshop.nl\/wp-content\/uploads\/2019\/12\/Namaak-Bananen-Tros-22cm.jpg","datePublished":"2019-12-17T10:36:12+00:00","dateModified":"2026-03-19T10:49:36+00:00","description":"Fake Banana Bunch mit 7 Bananen pro Traverse. Sehr realistisches Aussehen und die Farbe entspricht einer echten Banane. \u00c4u\u00dferst dekorativ.","breadcrumb":{"@id":"https:\/\/decofoodshop.nl\/product\/namaak-bananen-tros\/#breadcrumb"},"inLanguage":"de","potentialAction":[{"@type":"ReadAction","target":["https:\/\/decofoodshop.nl\/product\/namaak-bananen-tros\/"]}]},{"@type":"ImageObject","inLanguage":"de","@id":"https:\/\/decofoodshop.nl\/product\/namaak-bananen-tros\/#primaryimage","url":"https:\/\/decofoodshop.nl\/wp-content\/uploads\/2019\/12\/Namaak-Bananen-Tros-22cm.jpg","contentUrl":"https:\/\/decofoodshop.nl\/wp-content\/uploads\/2019\/12\/Namaak-Bananen-Tros-22cm.jpg","width":1750,"height":1752,"caption":"Namaak Bananen Tros"},{"@type":"BreadcrumbList","@id":"https:\/\/decofoodshop.nl\/product\/namaak-bananen-tros\/#breadcrumb","itemListElement":[{"@type":"ListItem","position":1,"name":"Home","item":"https:\/\/decofoodshop.nl\/"},{"@type":"ListItem","position":2,"name":"Winkel","item":"https:\/\/decofoodshop.nl\/winkel\/"},{"@type":"ListItem","position":3,"name":"Namaak Bananen Tros"}]},{"@type":"WebSite","@id":"https:\/\/decofoodshop.nl\/#website","url":"https:\/\/decofoodshop.nl\/","name":"Dekofoodshop","description":"","potentialAction":[{"@type":"SearchAction","target":{"@type":"EntryPoint","urlTemplate":"https:\/\/decofoodshop.nl\/?s={search_term_string}"},"query-input":{"@type":"PropertyValueSpecification","valueRequired":true,"valueName":"search_term_string"}}],"inLanguage":"de"}]}},"_links":{"self":[{"href":"https:\/\/decofoodshop.nl\/de\/wp-json\/wp\/v2\/product\/1801","targetHints":{"allow":["GET"]}}],"collection":[{"href":"https:\/\/decofoodshop.nl\/de\/wp-json\/wp\/v2\/product"}],"about":[{"href":"https:\/\/decofoodshop.nl\/de\/wp-json\/wp\/v2\/types\/product"}],"wp:featuredmedia":[{"embeddable":true,"href":"https:\/\/decofoodshop.nl\/de\/wp-json\/wp\/v2\/media\/1802"}],"wp:attachment":[{"href":"https:\/\/decofoodshop.nl\/de\/wp-json\/wp\/v2\/media?parent=1801"}],"wp:term":[{"taxonomy":"product_brand","embeddable":true,"href":"https:\/\/decofoodshop.nl\/de\/wp-json\/wp\/v2\/product_brand?post=1801"},{"taxonomy":"product_cat","embeddable":true,"href":"https:\/\/decofoodshop.nl\/de\/wp-json\/wp\/v2\/product_cat?post=1801"},{"taxonomy":"product_tag","embeddable":true,"href":"https:\/\/decofoodshop.nl\/de\/wp-json\/wp\/v2\/product_tag?post=1801"}],"curies":[{"name":"wp","href":"https:\/\/api.w.org\/{rel}","templated":true}]}}