{"id":1815,"date":"2019-12-17T11:48:18","date_gmt":"2019-12-17T11:48:18","guid":{"rendered":"https:\/\/decofoodshop.nl\/?post_type=product&#038;p=1815"},"modified":"2026-04-10T12:50:17","modified_gmt":"2026-04-10T10:50:17","slug":"kunst-kokosnusse","status":"publish","type":"product","link":"https:\/\/decofoodshop.nl\/de\/product\/kunst-kokosnoten\/","title":{"rendered":"Kunst Kokosn\u00fcsse"},"content":{"rendered":"<p>Sch\u00f6ne dekorative Art Kokosn\u00fcsse.<\/p>\n<p>Dies ist ein Zweig, der in drei Stielen mit einer Kokosnuss an jedem Stiel endet.<\/p>\n<p>Der Stiel und die Kokosn\u00fcsse sind gr\u00fcn mit einigen braunen Streifen auf den gef\u00e4lschten Kokosn\u00fcssen.<\/p>\n<p>Der Zweig hat detaillierte Adern und sie setzen sich von einem dicken zu einem d\u00fcnnen Ende fort.<\/p>\n<p>Eine der gef\u00e4lschten Kokosn\u00fcsse ist gr\u00f6\u00dfer als die anderen beiden und die gro\u00dfe gef\u00e4lschte Kokosnuss hat auch Rillen.<\/p>\n<p>Suchen Sie noch dekorativere Lebensmittel, werfen Sie einen Blick in unser Sortiment an Fisch &amp; Fleisch<span style=\"color: #008000;\"> <a style=\"color: #008000;\" href=\"https:\/\/decofoodshop.nl\/de\/produktkategorie-2\/visenvlees\/\">&#8216;<strong>Hier<\/strong>&#8216;<\/a>.<\/span><\/p>\n<p>&nbsp;<\/p>","protected":false},"excerpt":{"rendered":"<p>Prachtige decoratieve Kunst Kokosnoten. Dit is een tak die uitloopt in drie stelen met aan iedere steel een kokosnoot. De steel en de kokosnoten zijn groen met op de nep kokosnoten wat bruine vegen. De tak is voorzien van gedetailleerde nerven en ze lopen door van dik naar een dun uiteinde. E\u00e9n van de namaak [&hellip;]<\/p>\n","protected":false},"featured_media":1816,"template":"","meta":{"_acf_changed":false,"_genesis_hide_title":false,"_genesis_hide_breadcrumbs":false,"_genesis_hide_singular_image":false,"_genesis_hide_footer_widgets":false,"_genesis_custom_body_class":"","_genesis_custom_post_class":"","_genesis_layout":""},"product_brand":[],"product_cat":[47],"product_tag":[],"class_list":{"0":"post-1815","1":"product","2":"type-product","3":"status-publish","4":"has-post-thumbnail","6":"product_cat-kunstfruit","7":"entry","8":"wpx-has-gallery","10":"first","11":"instock","12":"taxable","13":"shipping-taxable","14":"purchasable","15":"product-type-simple"},"acf":[],"yoast_head":"<!-- This site is optimized with the Yoast SEO Premium plugin v27.4 (Yoast SEO v27.4) - https:\/\/yoast.com\/product\/yoast-seo-premium-wordpress\/ -->\n<title>Kunst Kokosnoten - en meer kunstfruit bij Decofoodshop<\/title>\n<meta name=\"description\" content=\"Kunst kokosnoten met 3 aan 1 tak. Ze zijn uiterst decoratief inzetbaar, licht en niet breekbaar. Wij bieden nog veel meer kunstfruit aan.\" \/>\n<meta name=\"robots\" content=\"index, follow, max-snippet:-1, max-image-preview:large, max-video-preview:-1\" \/>\n<link rel=\"canonical\" href=\"https:\/\/decofoodshop.nl\/de\/produkt\/kunst-kokosnusse\/\" \/>\n<meta property=\"og:locale\" content=\"de_DE\" \/>\n<meta property=\"og:type\" content=\"article\" \/>\n<meta property=\"og:title\" content=\"Kunst Kokosnoten\" \/>\n<meta property=\"og:description\" content=\"Kunst kokosnoten met 3 aan 1 tak. Ze zijn uiterst decoratief inzetbaar, licht en niet breekbaar. Wij bieden nog veel meer kunstfruit aan.\" \/>\n<meta property=\"og:url\" content=\"https:\/\/decofoodshop.nl\/de\/produkt\/kunst-kokosnusse\/\" \/>\n<meta property=\"og:site_name\" content=\"Decofoodshop\" \/>\n<meta property=\"article:modified_time\" content=\"2026-04-10T10:50:17+00:00\" \/>\n<meta property=\"og:image\" content=\"https:\/\/decofoodshop.nl\/wp-content\/uploads\/2019\/12\/kunstkokosnoten-2.jpg\" \/>\n\t<meta property=\"og:image:width\" content=\"485\" \/>\n\t<meta property=\"og:image:height\" content=\"436\" \/>\n\t<meta property=\"og:image:type\" content=\"image\/jpeg\" \/>\n<meta name=\"twitter:card\" content=\"summary_large_image\" \/>\n<meta name=\"twitter:label1\" content=\"Gesch\u00e4tzte Lesezeit\" \/>\n\t<meta name=\"twitter:data1\" content=\"1\u00a0Minute\" \/>\n<script type=\"application\/ld+json\" class=\"yoast-schema-graph\">{\"@context\":\"https:\\\/\\\/schema.org\",\"@graph\":[{\"@type\":\"WebPage\",\"@id\":\"https:\\\/\\\/decofoodshop.nl\\\/product\\\/kunst-kokosnoten\\\/\",\"url\":\"https:\\\/\\\/decofoodshop.nl\\\/product\\\/kunst-kokosnoten\\\/\",\"name\":\"Kunst Kokosnoten - en meer kunstfruit bij Decofoodshop\",\"isPartOf\":{\"@id\":\"https:\\\/\\\/decofoodshop.nl\\\/#website\"},\"primaryImageOfPage\":{\"@id\":\"https:\\\/\\\/decofoodshop.nl\\\/product\\\/kunst-kokosnoten\\\/#primaryimage\"},\"image\":{\"@id\":\"https:\\\/\\\/decofoodshop.nl\\\/product\\\/kunst-kokosnoten\\\/#primaryimage\"},\"thumbnailUrl\":\"https:\\\/\\\/decofoodshop.nl\\\/wp-content\\\/uploads\\\/2019\\\/12\\\/kunstkokosnoten-2.jpg\",\"datePublished\":\"2019-12-17T11:48:18+00:00\",\"dateModified\":\"2026-04-10T10:50:17+00:00\",\"description\":\"Kunst kokosnoten met 3 aan 1 tak. Ze zijn uiterst decoratief inzetbaar, licht en niet breekbaar. Wij bieden nog veel meer kunstfruit aan.\",\"breadcrumb\":{\"@id\":\"https:\\\/\\\/decofoodshop.nl\\\/product\\\/kunst-kokosnoten\\\/#breadcrumb\"},\"inLanguage\":\"de\",\"potentialAction\":[{\"@type\":\"ReadAction\",\"target\":[\"https:\\\/\\\/decofoodshop.nl\\\/product\\\/kunst-kokosnoten\\\/\"]}]},{\"@type\":\"ImageObject\",\"inLanguage\":\"de\",\"@id\":\"https:\\\/\\\/decofoodshop.nl\\\/product\\\/kunst-kokosnoten\\\/#primaryimage\",\"url\":\"https:\\\/\\\/decofoodshop.nl\\\/wp-content\\\/uploads\\\/2019\\\/12\\\/kunstkokosnoten-2.jpg\",\"contentUrl\":\"https:\\\/\\\/decofoodshop.nl\\\/wp-content\\\/uploads\\\/2019\\\/12\\\/kunstkokosnoten-2.jpg\",\"width\":485,\"height\":436,\"caption\":\"Kunst Kokosnoten\"},{\"@type\":\"BreadcrumbList\",\"@id\":\"https:\\\/\\\/decofoodshop.nl\\\/product\\\/kunst-kokosnoten\\\/#breadcrumb\",\"itemListElement\":[{\"@type\":\"ListItem\",\"position\":1,\"name\":\"Home\",\"item\":\"https:\\\/\\\/decofoodshop.nl\\\/\"},{\"@type\":\"ListItem\",\"position\":2,\"name\":\"Winkel\",\"item\":\"https:\\\/\\\/decofoodshop.nl\\\/winkel\\\/\"},{\"@type\":\"ListItem\",\"position\":3,\"name\":\"Kunst Kokosnoten\"}]},{\"@type\":\"WebSite\",\"@id\":\"https:\\\/\\\/decofoodshop.nl\\\/#website\",\"url\":\"https:\\\/\\\/decofoodshop.nl\\\/\",\"name\":\"Decofoodshop\",\"description\":\"\",\"potentialAction\":[{\"@type\":\"SearchAction\",\"target\":{\"@type\":\"EntryPoint\",\"urlTemplate\":\"https:\\\/\\\/decofoodshop.nl\\\/?s={search_term_string}\"},\"query-input\":{\"@type\":\"PropertyValueSpecification\",\"valueRequired\":true,\"valueName\":\"search_term_string\"}}],\"inLanguage\":\"de\"}]}<\/script>\n<!-- \/ Yoast SEO Premium plugin. -->","yoast_head_json":{"title":"Art Coconuts - und mehr k\u00fcnstliche Fr\u00fcchte bei Decofoodshop","description":"K\u00fcnstliche Kokosn\u00fcsse mit 3 bis 1 Zweig. Sie sind \u00e4u\u00dferst dekorativ, leicht und nicht zerbrechlich. Wir bieten noch viele weitere k\u00fcnstliche Fr\u00fcchte an.","robots":{"index":"index","follow":"follow","max-snippet":"max-snippet:-1","max-image-preview":"max-image-preview:large","max-video-preview":"max-video-preview:-1"},"canonical":"https:\/\/decofoodshop.nl\/de\/produkt\/kunst-kokosnusse\/","og_locale":"de_DE","og_type":"article","og_title":"Kunst Kokosnoten","og_description":"Kunst kokosnoten met 3 aan 1 tak. Ze zijn uiterst decoratief inzetbaar, licht en niet breekbaar. Wij bieden nog veel meer kunstfruit aan.","og_url":"https:\/\/decofoodshop.nl\/de\/produkt\/kunst-kokosnusse\/","og_site_name":"Decofoodshop","article_modified_time":"2026-04-10T10:50:17+00:00","og_image":[{"width":485,"height":436,"url":"https:\/\/decofoodshop.nl\/wp-content\/uploads\/2019\/12\/kunstkokosnoten-2.jpg","type":"image\/jpeg"}],"twitter_card":"summary_large_image","twitter_misc":{"Gesch\u00e4tzte Lesezeit":"1\u00a0Minute"},"schema":{"@context":"https:\/\/schema.org","@graph":[{"@type":"WebPage","@id":"https:\/\/decofoodshop.nl\/product\/kunst-kokosnoten\/","url":"https:\/\/decofoodshop.nl\/product\/kunst-kokosnoten\/","name":"Art Coconuts - und mehr k\u00fcnstliche Fr\u00fcchte bei Decofoodshop","isPartOf":{"@id":"https:\/\/decofoodshop.nl\/#website"},"primaryImageOfPage":{"@id":"https:\/\/decofoodshop.nl\/product\/kunst-kokosnoten\/#primaryimage"},"image":{"@id":"https:\/\/decofoodshop.nl\/product\/kunst-kokosnoten\/#primaryimage"},"thumbnailUrl":"https:\/\/decofoodshop.nl\/wp-content\/uploads\/2019\/12\/kunstkokosnoten-2.jpg","datePublished":"2019-12-17T11:48:18+00:00","dateModified":"2026-04-10T10:50:17+00:00","description":"K\u00fcnstliche Kokosn\u00fcsse mit 3 bis 1 Zweig. Sie sind \u00e4u\u00dferst dekorativ, leicht und nicht zerbrechlich. Wir bieten noch viele weitere k\u00fcnstliche Fr\u00fcchte an.","breadcrumb":{"@id":"https:\/\/decofoodshop.nl\/product\/kunst-kokosnoten\/#breadcrumb"},"inLanguage":"de","potentialAction":[{"@type":"ReadAction","target":["https:\/\/decofoodshop.nl\/product\/kunst-kokosnoten\/"]}]},{"@type":"ImageObject","inLanguage":"de","@id":"https:\/\/decofoodshop.nl\/product\/kunst-kokosnoten\/#primaryimage","url":"https:\/\/decofoodshop.nl\/wp-content\/uploads\/2019\/12\/kunstkokosnoten-2.jpg","contentUrl":"https:\/\/decofoodshop.nl\/wp-content\/uploads\/2019\/12\/kunstkokosnoten-2.jpg","width":485,"height":436,"caption":"Kunst Kokosnoten"},{"@type":"BreadcrumbList","@id":"https:\/\/decofoodshop.nl\/product\/kunst-kokosnoten\/#breadcrumb","itemListElement":[{"@type":"ListItem","position":1,"name":"Home","item":"https:\/\/decofoodshop.nl\/"},{"@type":"ListItem","position":2,"name":"Winkel","item":"https:\/\/decofoodshop.nl\/winkel\/"},{"@type":"ListItem","position":3,"name":"Kunst Kokosnoten"}]},{"@type":"WebSite","@id":"https:\/\/decofoodshop.nl\/#website","url":"https:\/\/decofoodshop.nl\/","name":"Dekofoodshop","description":"","potentialAction":[{"@type":"SearchAction","target":{"@type":"EntryPoint","urlTemplate":"https:\/\/decofoodshop.nl\/?s={search_term_string}"},"query-input":{"@type":"PropertyValueSpecification","valueRequired":true,"valueName":"search_term_string"}}],"inLanguage":"de"}]}},"_links":{"self":[{"href":"https:\/\/decofoodshop.nl\/de\/wp-json\/wp\/v2\/product\/1815","targetHints":{"allow":["GET"]}}],"collection":[{"href":"https:\/\/decofoodshop.nl\/de\/wp-json\/wp\/v2\/product"}],"about":[{"href":"https:\/\/decofoodshop.nl\/de\/wp-json\/wp\/v2\/types\/product"}],"wp:featuredmedia":[{"embeddable":true,"href":"https:\/\/decofoodshop.nl\/de\/wp-json\/wp\/v2\/media\/1816"}],"wp:attachment":[{"href":"https:\/\/decofoodshop.nl\/de\/wp-json\/wp\/v2\/media?parent=1815"}],"wp:term":[{"taxonomy":"product_brand","embeddable":true,"href":"https:\/\/decofoodshop.nl\/de\/wp-json\/wp\/v2\/product_brand?post=1815"},{"taxonomy":"product_cat","embeddable":true,"href":"https:\/\/decofoodshop.nl\/de\/wp-json\/wp\/v2\/product_cat?post=1815"},{"taxonomy":"product_tag","embeddable":true,"href":"https:\/\/decofoodshop.nl\/de\/wp-json\/wp\/v2\/product_tag?post=1815"}],"curies":[{"name":"wp","href":"https:\/\/api.w.org\/{rel}","templated":true}]}}