{"id":1822,"date":"2019-12-19T07:54:33","date_gmt":"2019-12-19T06:54:33","guid":{"rendered":"https:\/\/decofoodshop.nl\/?post_type=product&#038;p=1822"},"modified":"2026-04-06T17:24:16","modified_gmt":"2026-04-06T15:24:16","slug":"kunstliche-weintraube-klein-rot","status":"publish","type":"product","link":"https:\/\/decofoodshop.nl\/de\/product\/kunst-druiventros-klein-rood\/","title":{"rendered":"Art Weintraube klein rot"},"content":{"rendered":"<p>Dies ist unsere Art Grape Bunch Small Red.<\/p>\n<p>Diese gef\u00e4lschte Weintraube ist super realistisch und von der echten nicht zu unterscheiden.<\/p>\n<p>Die Traverse ist flexibel und enth\u00e4lt am Ende des Stiels eine \u00d6se, an der sie bequem aufgeh\u00e4ngt werden kann.<\/p>\n<p>Die Trauben sind gl\u00e4nzend, haben aber einen wei\u00dfen \u00dcberzug, der sie sehr nat\u00fcrlich aussehen l\u00e4sst.<\/p>\n<p>Mit seinen zwei gr\u00fcnen Bl\u00e4ttern mit hellgr\u00fcnen Details und Adern ist diese dekorative Weintraube \u00e4u\u00dferst detailliert.<\/p>\n<p>Wir haben auch eine gro\u00dfe Variante dieser kleinen roten Weintraube.<\/p>\n<p>Schauen Sie sich auch an: <span style=\"color: #008000;\"><strong><a style=\"color: #008000;\" href=\"https:\/\/decofoodshop.nl\/de\/produktkategorie-2\/andere\/\">&#039;Andere&#039;<\/a>,<\/strong><\/span> dort bieten wir auch Filialen und \u00e4hnliches an.<\/p>","protected":false},"excerpt":{"rendered":"<p>Dit is onze kunst Druiventros Klein Rood. Deze namaak druiventros is super realistisch en niet van echt te onderscheiden. Het trosje is flexibel en bevat een oog aan het uiteinde van het steeltje dat hij handig opgehangen kan worden. De druiven zijn glanzend maar hebben een coating van wit waardoor hij er extreem natuurlijk uitziet. [&hellip;]<\/p>\n","protected":false},"featured_media":1926,"template":"","meta":{"_acf_changed":false,"_genesis_hide_title":false,"_genesis_hide_breadcrumbs":false,"_genesis_hide_singular_image":false,"_genesis_hide_footer_widgets":false,"_genesis_custom_body_class":"","_genesis_custom_post_class":"","_genesis_layout":""},"product_brand":[],"product_cat":[47],"product_tag":[],"class_list":{"0":"post-1822","1":"product","2":"type-product","3":"status-publish","4":"has-post-thumbnail","6":"product_cat-kunstfruit","7":"entry","8":"wpx-has-gallery","10":"first","11":"instock","12":"taxable","13":"shipping-taxable","14":"purchasable","15":"product-type-simple"},"acf":[],"yoast_head":"<!-- This site is optimized with the Yoast SEO Premium plugin v27.3 (Yoast SEO v27.3) - https:\/\/yoast.com\/product\/yoast-seo-premium-wordpress\/ -->\n<title>Deco Kunst Druiventros Klein Rood - Decofoodshop<\/title>\n<meta name=\"description\" content=\"Hyper realistische kunst druiventros klein rood. Super goed voor decoratieve doeleinden. Verkrijgbaar in 3 kleuren en 2 maten.\" \/>\n<meta name=\"robots\" content=\"index, follow, max-snippet:-1, max-image-preview:large, max-video-preview:-1\" \/>\n<link rel=\"canonical\" href=\"https:\/\/decofoodshop.nl\/de\/produkt\/kunstliche-weintraube-klein-rot\/\" \/>\n<meta property=\"og:locale\" content=\"de_DE\" \/>\n<meta property=\"og:type\" content=\"article\" \/>\n<meta property=\"og:title\" content=\"Kunst Druiventros Klein Rood\" \/>\n<meta property=\"og:description\" content=\"Hyper realistische kunst druiventros klein rood. Super goed voor decoratieve doeleinden. Verkrijgbaar in 3 kleuren en 2 maten.\" \/>\n<meta property=\"og:url\" content=\"https:\/\/decofoodshop.nl\/de\/produkt\/kunstliche-weintraube-klein-rot\/\" \/>\n<meta property=\"og:site_name\" content=\"Decofoodshop\" \/>\n<meta property=\"article:modified_time\" content=\"2026-04-06T15:24:16+00:00\" \/>\n<meta property=\"og:image\" content=\"https:\/\/decofoodshop.nl\/wp-content\/uploads\/2019\/12\/IMG_7998.jpg\" \/>\n\t<meta property=\"og:image:width\" content=\"1200\" \/>\n\t<meta property=\"og:image:height\" content=\"1200\" \/>\n\t<meta property=\"og:image:type\" content=\"image\/jpeg\" \/>\n<meta name=\"twitter:card\" content=\"summary_large_image\" \/>\n<meta name=\"twitter:label1\" content=\"Gesch\u00e4tzte Lesezeit\" \/>\n\t<meta name=\"twitter:data1\" content=\"1\u00a0Minute\" \/>\n<script type=\"application\/ld+json\" class=\"yoast-schema-graph\">{\"@context\":\"https:\\\/\\\/schema.org\",\"@graph\":[{\"@type\":\"WebPage\",\"@id\":\"https:\\\/\\\/decofoodshop.nl\\\/product\\\/kunst-druiventros-klein-rood\\\/\",\"url\":\"https:\\\/\\\/decofoodshop.nl\\\/product\\\/kunst-druiventros-klein-rood\\\/\",\"name\":\"Deco Kunst Druiventros Klein Rood - Decofoodshop\",\"isPartOf\":{\"@id\":\"https:\\\/\\\/decofoodshop.nl\\\/#website\"},\"primaryImageOfPage\":{\"@id\":\"https:\\\/\\\/decofoodshop.nl\\\/product\\\/kunst-druiventros-klein-rood\\\/#primaryimage\"},\"image\":{\"@id\":\"https:\\\/\\\/decofoodshop.nl\\\/product\\\/kunst-druiventros-klein-rood\\\/#primaryimage\"},\"thumbnailUrl\":\"https:\\\/\\\/decofoodshop.nl\\\/wp-content\\\/uploads\\\/2019\\\/12\\\/IMG_7998.jpg\",\"datePublished\":\"2019-12-19T06:54:33+00:00\",\"dateModified\":\"2026-04-06T15:24:16+00:00\",\"description\":\"Hyper realistische kunst druiventros klein rood. Super goed voor decoratieve doeleinden. Verkrijgbaar in 3 kleuren en 2 maten.\",\"breadcrumb\":{\"@id\":\"https:\\\/\\\/decofoodshop.nl\\\/product\\\/kunst-druiventros-klein-rood\\\/#breadcrumb\"},\"inLanguage\":\"de\",\"potentialAction\":[{\"@type\":\"ReadAction\",\"target\":[\"https:\\\/\\\/decofoodshop.nl\\\/product\\\/kunst-druiventros-klein-rood\\\/\"]}]},{\"@type\":\"ImageObject\",\"inLanguage\":\"de\",\"@id\":\"https:\\\/\\\/decofoodshop.nl\\\/product\\\/kunst-druiventros-klein-rood\\\/#primaryimage\",\"url\":\"https:\\\/\\\/decofoodshop.nl\\\/wp-content\\\/uploads\\\/2019\\\/12\\\/IMG_7998.jpg\",\"contentUrl\":\"https:\\\/\\\/decofoodshop.nl\\\/wp-content\\\/uploads\\\/2019\\\/12\\\/IMG_7998.jpg\",\"width\":1200,\"height\":1200},{\"@type\":\"BreadcrumbList\",\"@id\":\"https:\\\/\\\/decofoodshop.nl\\\/product\\\/kunst-druiventros-klein-rood\\\/#breadcrumb\",\"itemListElement\":[{\"@type\":\"ListItem\",\"position\":1,\"name\":\"Home\",\"item\":\"https:\\\/\\\/decofoodshop.nl\\\/\"},{\"@type\":\"ListItem\",\"position\":2,\"name\":\"Winkel\",\"item\":\"https:\\\/\\\/decofoodshop.nl\\\/winkel\\\/\"},{\"@type\":\"ListItem\",\"position\":3,\"name\":\"Kunst Druiventros Klein Rood\"}]},{\"@type\":\"WebSite\",\"@id\":\"https:\\\/\\\/decofoodshop.nl\\\/#website\",\"url\":\"https:\\\/\\\/decofoodshop.nl\\\/\",\"name\":\"Decofoodshop\",\"description\":\"\",\"potentialAction\":[{\"@type\":\"SearchAction\",\"target\":{\"@type\":\"EntryPoint\",\"urlTemplate\":\"https:\\\/\\\/decofoodshop.nl\\\/?s={search_term_string}\"},\"query-input\":{\"@type\":\"PropertyValueSpecification\",\"valueRequired\":true,\"valueName\":\"search_term_string\"}}],\"inLanguage\":\"de\"}]}<\/script>\n<!-- \/ Yoast SEO Premium plugin. -->","yoast_head_json":{"title":"Deco Art Weintraube Klein Rot - Decofoodshop","description":"Hyperrealistische Kunsttraube klein rot. Sehr gut f\u00fcr dekorative Zwecke. Erh\u00e4ltlich in 3 Farben und 2 Gr\u00f6\u00dfen.","robots":{"index":"index","follow":"follow","max-snippet":"max-snippet:-1","max-image-preview":"max-image-preview:large","max-video-preview":"max-video-preview:-1"},"canonical":"https:\/\/decofoodshop.nl\/de\/produkt\/kunstliche-weintraube-klein-rot\/","og_locale":"de_DE","og_type":"article","og_title":"Kunst Druiventros Klein Rood","og_description":"Hyper realistische kunst druiventros klein rood. Super goed voor decoratieve doeleinden. Verkrijgbaar in 3 kleuren en 2 maten.","og_url":"https:\/\/decofoodshop.nl\/de\/produkt\/kunstliche-weintraube-klein-rot\/","og_site_name":"Decofoodshop","article_modified_time":"2026-04-06T15:24:16+00:00","og_image":[{"width":1200,"height":1200,"url":"https:\/\/decofoodshop.nl\/wp-content\/uploads\/2019\/12\/IMG_7998.jpg","type":"image\/jpeg"}],"twitter_card":"summary_large_image","twitter_misc":{"Gesch\u00e4tzte Lesezeit":"1\u00a0Minute"},"schema":{"@context":"https:\/\/schema.org","@graph":[{"@type":"WebPage","@id":"https:\/\/decofoodshop.nl\/product\/kunst-druiventros-klein-rood\/","url":"https:\/\/decofoodshop.nl\/product\/kunst-druiventros-klein-rood\/","name":"Deco Art Weintraube Klein Rot - Decofoodshop","isPartOf":{"@id":"https:\/\/decofoodshop.nl\/#website"},"primaryImageOfPage":{"@id":"https:\/\/decofoodshop.nl\/product\/kunst-druiventros-klein-rood\/#primaryimage"},"image":{"@id":"https:\/\/decofoodshop.nl\/product\/kunst-druiventros-klein-rood\/#primaryimage"},"thumbnailUrl":"https:\/\/decofoodshop.nl\/wp-content\/uploads\/2019\/12\/IMG_7998.jpg","datePublished":"2019-12-19T06:54:33+00:00","dateModified":"2026-04-06T15:24:16+00:00","description":"Hyperrealistische Kunsttraube klein rot. Sehr gut f\u00fcr dekorative Zwecke. Erh\u00e4ltlich in 3 Farben und 2 Gr\u00f6\u00dfen.","breadcrumb":{"@id":"https:\/\/decofoodshop.nl\/product\/kunst-druiventros-klein-rood\/#breadcrumb"},"inLanguage":"de","potentialAction":[{"@type":"ReadAction","target":["https:\/\/decofoodshop.nl\/product\/kunst-druiventros-klein-rood\/"]}]},{"@type":"ImageObject","inLanguage":"de","@id":"https:\/\/decofoodshop.nl\/product\/kunst-druiventros-klein-rood\/#primaryimage","url":"https:\/\/decofoodshop.nl\/wp-content\/uploads\/2019\/12\/IMG_7998.jpg","contentUrl":"https:\/\/decofoodshop.nl\/wp-content\/uploads\/2019\/12\/IMG_7998.jpg","width":1200,"height":1200},{"@type":"BreadcrumbList","@id":"https:\/\/decofoodshop.nl\/product\/kunst-druiventros-klein-rood\/#breadcrumb","itemListElement":[{"@type":"ListItem","position":1,"name":"Home","item":"https:\/\/decofoodshop.nl\/"},{"@type":"ListItem","position":2,"name":"Winkel","item":"https:\/\/decofoodshop.nl\/winkel\/"},{"@type":"ListItem","position":3,"name":"Kunst Druiventros Klein Rood"}]},{"@type":"WebSite","@id":"https:\/\/decofoodshop.nl\/#website","url":"https:\/\/decofoodshop.nl\/","name":"Dekofoodshop","description":"","potentialAction":[{"@type":"SearchAction","target":{"@type":"EntryPoint","urlTemplate":"https:\/\/decofoodshop.nl\/?s={search_term_string}"},"query-input":{"@type":"PropertyValueSpecification","valueRequired":true,"valueName":"search_term_string"}}],"inLanguage":"de"}]}},"_links":{"self":[{"href":"https:\/\/decofoodshop.nl\/de\/wp-json\/wp\/v2\/product\/1822","targetHints":{"allow":["GET"]}}],"collection":[{"href":"https:\/\/decofoodshop.nl\/de\/wp-json\/wp\/v2\/product"}],"about":[{"href":"https:\/\/decofoodshop.nl\/de\/wp-json\/wp\/v2\/types\/product"}],"wp:featuredmedia":[{"embeddable":true,"href":"https:\/\/decofoodshop.nl\/de\/wp-json\/wp\/v2\/media\/1926"}],"wp:attachment":[{"href":"https:\/\/decofoodshop.nl\/de\/wp-json\/wp\/v2\/media?parent=1822"}],"wp:term":[{"taxonomy":"product_brand","embeddable":true,"href":"https:\/\/decofoodshop.nl\/de\/wp-json\/wp\/v2\/product_brand?post=1822"},{"taxonomy":"product_cat","embeddable":true,"href":"https:\/\/decofoodshop.nl\/de\/wp-json\/wp\/v2\/product_cat?post=1822"},{"taxonomy":"product_tag","embeddable":true,"href":"https:\/\/decofoodshop.nl\/de\/wp-json\/wp\/v2\/product_tag?post=1822"}],"curies":[{"name":"wp","href":"https:\/\/api.w.org\/{rel}","templated":true}]}}