{"id":1833,"date":"2019-12-19T09:47:11","date_gmt":"2019-12-19T09:47:11","guid":{"rendered":"https:\/\/decofoodshop.nl\/?post_type=product&#038;p=1833"},"modified":"2026-04-06T12:26:39","modified_gmt":"2026-04-06T10:26:39","slug":"kunstlicher-weintrauben-klein-blau","status":"publish","type":"product","link":"https:\/\/decofoodshop.nl\/de\/product\/kunst-druiventros-klein-blauw\/","title":{"rendered":"Art Weintraube klein blau"},"content":{"rendered":"<p>Diese k\u00fcnstliche Weintraube klein blau ist \u00e4u\u00dferst dekorativ.<\/p>\n<p>Der Vollbinder sorgt f\u00fcr ein nat\u00fcrliches Erscheinungsbild.<\/p>\n<p>Mit detaillierten dunkelgr\u00fcnen Bl\u00e4ttern mit einer hellgr\u00fcnen Ader.<\/p>\n<p>Der Stiel hat eine violette Farbe und an der Spitze befindet sich eine \u00d6se, um die falsche Weintraube einfach aufzuh\u00e4ngen.<\/p>\n<p>Sie haben eine sch\u00f6ne dunkelblaue Farbe mit etwas Wei\u00df dar\u00fcber f\u00fcr ein nat\u00fcrliches Aussehen.<\/p>\n<p>Die Trauben sind beeindruckend und nachhaltig sch\u00f6n.<\/p>\n<p>Sie k\u00f6nnen auch einen Blick auf unser Angebot an bereits komponierten werfen<strong><span style=\"color: #008000;\"> <a style=\"color: #008000;\" href=\"https:\/\/decofoodshop.nl\/de\/produktkategorie-2\/pakete\/\">&#039;Pakete&#039;<\/a>.<\/span><\/strong><\/p>","protected":false},"excerpt":{"rendered":"<p>Deze Kunst Druiventros Klein Blauw is uiterst decoratief. Het volle trosje zorgt voor een natuurlijk uiterlijk. Voorzien van gedetailleerde donker groene blaadjes met een licht groene nerf. Het steeltje heeft een paarse kleur en aan de bovenkant zit een oog om de namaak druiventros makkelijk op te kunnen hangen. Ze hebben een mooie donker blauwe [&hellip;]<\/p>\n","protected":false},"featured_media":1866,"template":"","meta":{"_acf_changed":false,"_genesis_hide_title":false,"_genesis_hide_breadcrumbs":false,"_genesis_hide_singular_image":false,"_genesis_hide_footer_widgets":false,"_genesis_custom_body_class":"","_genesis_custom_post_class":"","_genesis_layout":""},"product_brand":[],"product_cat":[47],"product_tag":[],"class_list":{"0":"post-1833","1":"product","2":"type-product","3":"status-publish","4":"has-post-thumbnail","6":"product_cat-kunstfruit","7":"entry","8":"wpx-has-gallery","10":"first","11":"instock","12":"taxable","13":"shipping-taxable","14":"purchasable","15":"product-type-simple"},"acf":[],"yoast_head":"<!-- This site is optimized with the Yoast SEO Premium plugin v27.3 (Yoast SEO v27.3) - https:\/\/yoast.com\/product\/yoast-seo-premium-wordpress\/ -->\n<title>Kunst Druiventros Klein Blauw Verkrijgbaar Bij - Decofoodshop<\/title>\n<meta name=\"description\" content=\"Kunst druiventros klein blauw verkrijgbaar bij Decofoodshop. Kijk voor alle soorten nep druiventrossen en meer nepfruit bij Decofoodshop.\" \/>\n<meta name=\"robots\" content=\"index, follow, max-snippet:-1, max-image-preview:large, max-video-preview:-1\" \/>\n<link rel=\"canonical\" href=\"https:\/\/decofoodshop.nl\/de\/produkt\/kunstlicher-weintrauben-klein-blau\/\" \/>\n<meta property=\"og:locale\" content=\"de_DE\" \/>\n<meta property=\"og:type\" content=\"article\" \/>\n<meta property=\"og:title\" content=\"Kunst Druiventros Klein Blauw\" \/>\n<meta property=\"og:description\" content=\"Kunst druiventros klein blauw verkrijgbaar bij Decofoodshop. Kijk voor alle soorten nep druiventrossen en meer nepfruit bij Decofoodshop.\" \/>\n<meta property=\"og:url\" content=\"https:\/\/decofoodshop.nl\/de\/produkt\/kunstlicher-weintrauben-klein-blau\/\" \/>\n<meta property=\"og:site_name\" content=\"Decofoodshop\" \/>\n<meta property=\"article:modified_time\" content=\"2026-04-06T10:26:39+00:00\" \/>\n<meta property=\"og:image\" content=\"https:\/\/decofoodshop.nl\/wp-content\/uploads\/2019\/12\/Kunstdruiven-Tros-Blauw-16cm.jpg\" \/>\n\t<meta property=\"og:image:width\" content=\"1748\" \/>\n\t<meta property=\"og:image:height\" content=\"1748\" \/>\n\t<meta property=\"og:image:type\" content=\"image\/jpeg\" \/>\n<meta name=\"twitter:card\" content=\"summary_large_image\" \/>\n<meta name=\"twitter:label1\" content=\"Gesch\u00e4tzte Lesezeit\" \/>\n\t<meta name=\"twitter:data1\" content=\"1\u00a0Minute\" \/>\n<script type=\"application\/ld+json\" class=\"yoast-schema-graph\">{\"@context\":\"https:\\\/\\\/schema.org\",\"@graph\":[{\"@type\":\"WebPage\",\"@id\":\"https:\\\/\\\/decofoodshop.nl\\\/product\\\/kunst-druiventros-klein-blauw\\\/\",\"url\":\"https:\\\/\\\/decofoodshop.nl\\\/product\\\/kunst-druiventros-klein-blauw\\\/\",\"name\":\"Kunst Druiventros Klein Blauw Verkrijgbaar Bij - Decofoodshop\",\"isPartOf\":{\"@id\":\"https:\\\/\\\/decofoodshop.nl\\\/#website\"},\"primaryImageOfPage\":{\"@id\":\"https:\\\/\\\/decofoodshop.nl\\\/product\\\/kunst-druiventros-klein-blauw\\\/#primaryimage\"},\"image\":{\"@id\":\"https:\\\/\\\/decofoodshop.nl\\\/product\\\/kunst-druiventros-klein-blauw\\\/#primaryimage\"},\"thumbnailUrl\":\"https:\\\/\\\/decofoodshop.nl\\\/wp-content\\\/uploads\\\/2019\\\/12\\\/Kunstdruiven-Tros-Blauw-16cm.jpg\",\"datePublished\":\"2019-12-19T09:47:11+00:00\",\"dateModified\":\"2026-04-06T10:26:39+00:00\",\"description\":\"Kunst druiventros klein blauw verkrijgbaar bij Decofoodshop. Kijk voor alle soorten nep druiventrossen en meer nepfruit bij Decofoodshop.\",\"breadcrumb\":{\"@id\":\"https:\\\/\\\/decofoodshop.nl\\\/product\\\/kunst-druiventros-klein-blauw\\\/#breadcrumb\"},\"inLanguage\":\"de\",\"potentialAction\":[{\"@type\":\"ReadAction\",\"target\":[\"https:\\\/\\\/decofoodshop.nl\\\/product\\\/kunst-druiventros-klein-blauw\\\/\"]}]},{\"@type\":\"ImageObject\",\"inLanguage\":\"de\",\"@id\":\"https:\\\/\\\/decofoodshop.nl\\\/product\\\/kunst-druiventros-klein-blauw\\\/#primaryimage\",\"url\":\"https:\\\/\\\/decofoodshop.nl\\\/wp-content\\\/uploads\\\/2019\\\/12\\\/Kunstdruiven-Tros-Blauw-16cm.jpg\",\"contentUrl\":\"https:\\\/\\\/decofoodshop.nl\\\/wp-content\\\/uploads\\\/2019\\\/12\\\/Kunstdruiven-Tros-Blauw-16cm.jpg\",\"width\":1748,\"height\":1748,\"caption\":\"Kunst Druiventros Klein Blauw\"},{\"@type\":\"BreadcrumbList\",\"@id\":\"https:\\\/\\\/decofoodshop.nl\\\/product\\\/kunst-druiventros-klein-blauw\\\/#breadcrumb\",\"itemListElement\":[{\"@type\":\"ListItem\",\"position\":1,\"name\":\"Home\",\"item\":\"https:\\\/\\\/decofoodshop.nl\\\/\"},{\"@type\":\"ListItem\",\"position\":2,\"name\":\"Winkel\",\"item\":\"https:\\\/\\\/decofoodshop.nl\\\/winkel\\\/\"},{\"@type\":\"ListItem\",\"position\":3,\"name\":\"Kunst Druiventros Klein Blauw\"}]},{\"@type\":\"WebSite\",\"@id\":\"https:\\\/\\\/decofoodshop.nl\\\/#website\",\"url\":\"https:\\\/\\\/decofoodshop.nl\\\/\",\"name\":\"Decofoodshop\",\"description\":\"\",\"potentialAction\":[{\"@type\":\"SearchAction\",\"target\":{\"@type\":\"EntryPoint\",\"urlTemplate\":\"https:\\\/\\\/decofoodshop.nl\\\/?s={search_term_string}\"},\"query-input\":{\"@type\":\"PropertyValueSpecification\",\"valueRequired\":true,\"valueName\":\"search_term_string\"}}],\"inLanguage\":\"de\"}]}<\/script>\n<!-- \/ Yoast SEO Premium plugin. -->","yoast_head_json":{"title":"K\u00fcnstliche Weintraube Klein Blau Erh\u00e4ltlich bei - Decofoodshop","description":"K\u00fcnstliche Weintraube klein blau bei Decofoodshop erh\u00e4ltlich. Suchen Sie bei Decofoodshop nach allen Arten von falschen Weintrauben und mehr falschen Fr\u00fcchten.","robots":{"index":"index","follow":"follow","max-snippet":"max-snippet:-1","max-image-preview":"max-image-preview:large","max-video-preview":"max-video-preview:-1"},"canonical":"https:\/\/decofoodshop.nl\/de\/produkt\/kunstlicher-weintrauben-klein-blau\/","og_locale":"de_DE","og_type":"article","og_title":"Kunst Druiventros Klein Blauw","og_description":"Kunst druiventros klein blauw verkrijgbaar bij Decofoodshop. Kijk voor alle soorten nep druiventrossen en meer nepfruit bij Decofoodshop.","og_url":"https:\/\/decofoodshop.nl\/de\/produkt\/kunstlicher-weintrauben-klein-blau\/","og_site_name":"Decofoodshop","article_modified_time":"2026-04-06T10:26:39+00:00","og_image":[{"width":1748,"height":1748,"url":"https:\/\/decofoodshop.nl\/wp-content\/uploads\/2019\/12\/Kunstdruiven-Tros-Blauw-16cm.jpg","type":"image\/jpeg"}],"twitter_card":"summary_large_image","twitter_misc":{"Gesch\u00e4tzte Lesezeit":"1\u00a0Minute"},"schema":{"@context":"https:\/\/schema.org","@graph":[{"@type":"WebPage","@id":"https:\/\/decofoodshop.nl\/product\/kunst-druiventros-klein-blauw\/","url":"https:\/\/decofoodshop.nl\/product\/kunst-druiventros-klein-blauw\/","name":"K\u00fcnstliche Weintraube Klein Blau Erh\u00e4ltlich bei - Decofoodshop","isPartOf":{"@id":"https:\/\/decofoodshop.nl\/#website"},"primaryImageOfPage":{"@id":"https:\/\/decofoodshop.nl\/product\/kunst-druiventros-klein-blauw\/#primaryimage"},"image":{"@id":"https:\/\/decofoodshop.nl\/product\/kunst-druiventros-klein-blauw\/#primaryimage"},"thumbnailUrl":"https:\/\/decofoodshop.nl\/wp-content\/uploads\/2019\/12\/Kunstdruiven-Tros-Blauw-16cm.jpg","datePublished":"2019-12-19T09:47:11+00:00","dateModified":"2026-04-06T10:26:39+00:00","description":"K\u00fcnstliche Weintraube klein blau bei Decofoodshop erh\u00e4ltlich. Suchen Sie bei Decofoodshop nach allen Arten von falschen Weintrauben und mehr falschen Fr\u00fcchten.","breadcrumb":{"@id":"https:\/\/decofoodshop.nl\/product\/kunst-druiventros-klein-blauw\/#breadcrumb"},"inLanguage":"de","potentialAction":[{"@type":"ReadAction","target":["https:\/\/decofoodshop.nl\/product\/kunst-druiventros-klein-blauw\/"]}]},{"@type":"ImageObject","inLanguage":"de","@id":"https:\/\/decofoodshop.nl\/product\/kunst-druiventros-klein-blauw\/#primaryimage","url":"https:\/\/decofoodshop.nl\/wp-content\/uploads\/2019\/12\/Kunstdruiven-Tros-Blauw-16cm.jpg","contentUrl":"https:\/\/decofoodshop.nl\/wp-content\/uploads\/2019\/12\/Kunstdruiven-Tros-Blauw-16cm.jpg","width":1748,"height":1748,"caption":"Kunst Druiventros Klein Blauw"},{"@type":"BreadcrumbList","@id":"https:\/\/decofoodshop.nl\/product\/kunst-druiventros-klein-blauw\/#breadcrumb","itemListElement":[{"@type":"ListItem","position":1,"name":"Home","item":"https:\/\/decofoodshop.nl\/"},{"@type":"ListItem","position":2,"name":"Winkel","item":"https:\/\/decofoodshop.nl\/winkel\/"},{"@type":"ListItem","position":3,"name":"Kunst Druiventros Klein Blauw"}]},{"@type":"WebSite","@id":"https:\/\/decofoodshop.nl\/#website","url":"https:\/\/decofoodshop.nl\/","name":"Dekofoodshop","description":"","potentialAction":[{"@type":"SearchAction","target":{"@type":"EntryPoint","urlTemplate":"https:\/\/decofoodshop.nl\/?s={search_term_string}"},"query-input":{"@type":"PropertyValueSpecification","valueRequired":true,"valueName":"search_term_string"}}],"inLanguage":"de"}]}},"_links":{"self":[{"href":"https:\/\/decofoodshop.nl\/de\/wp-json\/wp\/v2\/product\/1833","targetHints":{"allow":["GET"]}}],"collection":[{"href":"https:\/\/decofoodshop.nl\/de\/wp-json\/wp\/v2\/product"}],"about":[{"href":"https:\/\/decofoodshop.nl\/de\/wp-json\/wp\/v2\/types\/product"}],"wp:featuredmedia":[{"embeddable":true,"href":"https:\/\/decofoodshop.nl\/de\/wp-json\/wp\/v2\/media\/1866"}],"wp:attachment":[{"href":"https:\/\/decofoodshop.nl\/de\/wp-json\/wp\/v2\/media?parent=1833"}],"wp:term":[{"taxonomy":"product_brand","embeddable":true,"href":"https:\/\/decofoodshop.nl\/de\/wp-json\/wp\/v2\/product_brand?post=1833"},{"taxonomy":"product_cat","embeddable":true,"href":"https:\/\/decofoodshop.nl\/de\/wp-json\/wp\/v2\/product_cat?post=1833"},{"taxonomy":"product_tag","embeddable":true,"href":"https:\/\/decofoodshop.nl\/de\/wp-json\/wp\/v2\/product_tag?post=1833"}],"curies":[{"name":"wp","href":"https:\/\/api.w.org\/{rel}","templated":true}]}}