{"id":1845,"date":"2019-12-19T09:01:43","date_gmt":"2019-12-19T08:01:43","guid":{"rendered":"https:\/\/decofoodshop.nl\/?post_type=product&#038;p=1845"},"modified":"2026-04-06T17:24:16","modified_gmt":"2026-04-06T15:24:16","slug":"fake-duo-kirsche","status":"publish","type":"product","link":"https:\/\/decofoodshop.nl\/de\/product\/namaak-duo-kers\/","title":{"rendered":"Gef\u00e4lschte Duo-Kirsche"},"content":{"rendered":"<p>Dies ist ein Set aus 6 gef\u00e4lschten Duo-Kirschen.<\/p>\n<p>De nepkersen hebben een natuurlijke dieprode kleur met diverse rode kleuraccenten.<\/p>\n<p>Sie sind leicht komprimierbar und sie sind auch leicht.<\/p>\n<p>Deze serie Namaak Duo Kersen bevat een groot formaat duo nepkersen.<\/p>\n<p>De doorsnede van de namaak kersen is ongeveer 3 cm per kers.<\/p>\n<p>Die k\u00fcnstlichen Kirschen sind mit einem gr\u00fcnen Stiel verbunden.<\/p>\n<p>Aufgrund ihres nat\u00fcrlichen Aussehens l\u00e4sst sich diese k\u00fcnstliche Duo-Kirsche \u00e4u\u00dferst dekorativ einsetzen.<\/p>\n<p>Kijk ook eens even bij: <span style=\"color: #008000;\"><a style=\"color: #008000;\" href=\"https:\/\/decofoodshop.nl\/de\/produktkategorie-2\/kunstliche-fruchte\/\">&#8216;<strong>k\u00fcnstliche Fr\u00fcchte<\/strong>&#8216;<\/a> <\/span>voor meer soorten professioneel kunstfruit.<\/p>\n<p>Heel veel soorten kunstvoeding voor horeca en thuisgebruik van Decofoodshop.nl<\/p>\n<p>&nbsp;<\/p>","protected":false},"excerpt":{"rendered":"<p>Dit is een set van 6 Namaak Duo Kersen. De nepkersen hebben een natuurlijke dieprode kleur met diverse rode kleuraccenten. Ze zijn licht indrukbaar en ook zijn ze licht van gewicht. Deze serie Namaak Duo Kersen bevat een groot formaat duo nepkersen. De doorsnede van de namaak kersen is ongeveer 3 cm per kers. De [&hellip;]<\/p>\n","protected":false},"featured_media":1846,"template":"","meta":{"_acf_changed":false,"_genesis_hide_title":false,"_genesis_hide_breadcrumbs":false,"_genesis_hide_singular_image":false,"_genesis_hide_footer_widgets":false,"_genesis_custom_body_class":"","_genesis_custom_post_class":"","_genesis_layout":""},"product_brand":[],"product_cat":[47],"product_tag":[],"class_list":{"0":"post-1845","1":"product","2":"type-product","3":"status-publish","4":"has-post-thumbnail","6":"product_cat-kunstfruit","7":"entry","8":"wpx-has-gallery","10":"first","11":"instock","12":"taxable","13":"shipping-taxable","14":"purchasable","15":"product-type-simple"},"acf":[],"yoast_head":"<!-- This site is optimized with the Yoast SEO Premium plugin v27.3 (Yoast SEO v27.4) - https:\/\/yoast.com\/product\/yoast-seo-premium-wordpress\/ -->\n<title>Namaak Duo Kers Bij - en meer nepfruit kopen bij Decofoodshop<\/title>\n<meta name=\"description\" content=\"Namaak duo kers en meer nepkersen kopen bij Decofoodshop. Alle soorten nepfruit en decofruit van topkwaliteit direct leverbaar.\" \/>\n<meta name=\"robots\" content=\"index, follow, max-snippet:-1, max-image-preview:large, max-video-preview:-1\" \/>\n<link rel=\"canonical\" href=\"https:\/\/decofoodshop.nl\/de\/produktkategorie-2\/kunstliche-fruchte\/\" \/>\n<meta property=\"og:locale\" content=\"de_DE\" \/>\n<meta property=\"og:type\" content=\"article\" \/>\n<meta property=\"og:title\" content=\"Namaak Duo Kers\" \/>\n<meta property=\"og:description\" content=\"Namaak duo kers en meer nepkersen kopen bij Decofoodshop. Alle soorten nepfruit en decofruit van topkwaliteit direct leverbaar.\" \/>\n<meta property=\"og:url\" content=\"https:\/\/decofoodshop.nl\/de\/produktkategorie-2\/kunstliche-fruchte\/\" \/>\n<meta property=\"og:site_name\" content=\"Decofoodshop\" \/>\n<meta property=\"article:modified_time\" content=\"2026-04-06T15:24:16+00:00\" \/>\n<meta property=\"og:image\" content=\"https:\/\/decofoodshop.nl\/wp-content\/uploads\/2019\/12\/20190708_163152-scaled.jpg\" \/>\n\t<meta property=\"og:image:width\" content=\"2560\" \/>\n\t<meta property=\"og:image:height\" content=\"2560\" \/>\n\t<meta property=\"og:image:type\" content=\"image\/jpeg\" \/>\n<meta name=\"twitter:card\" content=\"summary_large_image\" \/>\n<meta name=\"twitter:label1\" content=\"Gesch\u00e4tzte Lesezeit\" \/>\n\t<meta name=\"twitter:data1\" content=\"1\u00a0Minute\" \/>\n<script type=\"application\/ld+json\" class=\"yoast-schema-graph\">{\"@context\":\"https:\\\/\\\/schema.org\",\"@graph\":[{\"@type\":\"WebPage\",\"@id\":\"https:\\\/\\\/decofoodshop.nl\\\/product\\\/namaak-duo-kers\\\/\",\"url\":\"https:\\\/\\\/decofoodshop.nl\\\/product-categorie\\\/kunstfruit\\\/\",\"name\":\"Namaak Duo Kers Bij - en meer nepfruit kopen bij Decofoodshop\",\"isPartOf\":{\"@id\":\"https:\\\/\\\/decofoodshop.nl\\\/#website\"},\"primaryImageOfPage\":{\"@id\":\"https:\\\/\\\/decofoodshop.nl\\\/product-categorie\\\/kunstfruit\\\/#primaryimage\"},\"image\":{\"@id\":\"https:\\\/\\\/decofoodshop.nl\\\/product-categorie\\\/kunstfruit\\\/#primaryimage\"},\"thumbnailUrl\":\"https:\\\/\\\/decofoodshop.nl\\\/wp-content\\\/uploads\\\/2019\\\/12\\\/20190708_163152-scaled.jpg\",\"datePublished\":\"2019-12-19T08:01:43+00:00\",\"dateModified\":\"2026-04-06T15:24:16+00:00\",\"description\":\"Namaak duo kers en meer nepkersen kopen bij Decofoodshop. Alle soorten nepfruit en decofruit van topkwaliteit direct leverbaar.\",\"breadcrumb\":{\"@id\":\"https:\\\/\\\/decofoodshop.nl\\\/product-categorie\\\/kunstfruit\\\/#breadcrumb\"},\"inLanguage\":\"de\",\"potentialAction\":[{\"@type\":\"ReadAction\",\"target\":[\"https:\\\/\\\/decofoodshop.nl\\\/product-categorie\\\/kunstfruit\\\/\"]}]},{\"@type\":\"ImageObject\",\"inLanguage\":\"de\",\"@id\":\"https:\\\/\\\/decofoodshop.nl\\\/product-categorie\\\/kunstfruit\\\/#primaryimage\",\"url\":\"https:\\\/\\\/decofoodshop.nl\\\/wp-content\\\/uploads\\\/2019\\\/12\\\/20190708_163152-scaled.jpg\",\"contentUrl\":\"https:\\\/\\\/decofoodshop.nl\\\/wp-content\\\/uploads\\\/2019\\\/12\\\/20190708_163152-scaled.jpg\",\"width\":2560,\"height\":2560,\"caption\":\"Namaak Duo Kersen\"},{\"@type\":\"BreadcrumbList\",\"@id\":\"https:\\\/\\\/decofoodshop.nl\\\/product-categorie\\\/kunstfruit\\\/#breadcrumb\",\"itemListElement\":[{\"@type\":\"ListItem\",\"position\":1,\"name\":\"Home\",\"item\":\"https:\\\/\\\/decofoodshop.nl\\\/\"},{\"@type\":\"ListItem\",\"position\":2,\"name\":\"Winkel\",\"item\":\"https:\\\/\\\/decofoodshop.nl\\\/winkel\\\/\"},{\"@type\":\"ListItem\",\"position\":3,\"name\":\"Namaak Duo Kers\"}]},{\"@type\":\"WebSite\",\"@id\":\"https:\\\/\\\/decofoodshop.nl\\\/#website\",\"url\":\"https:\\\/\\\/decofoodshop.nl\\\/\",\"name\":\"Decofoodshop\",\"description\":\"\",\"potentialAction\":[{\"@type\":\"SearchAction\",\"target\":{\"@type\":\"EntryPoint\",\"urlTemplate\":\"https:\\\/\\\/decofoodshop.nl\\\/?s={search_term_string}\"},\"query-input\":{\"@type\":\"PropertyValueSpecification\",\"valueRequired\":true,\"valueName\":\"search_term_string\"}}],\"inLanguage\":\"de\"}]}<\/script>\n<!-- \/ Yoast SEO Premium plugin. -->","yoast_head_json":{"title":"Fake Duo Cherry Bee - und kaufen Sie noch mehr Fake-Obst bei Decofoodshop","description":"Kaufen Sie gef\u00e4lschte Duo-Kirschen und weitere gef\u00e4lschte Kirschen bei Decofoodshop. Alle Arten von Kunstobst und Dekoobst in Top-Qualit\u00e4t sofort verf\u00fcgbar.","robots":{"index":"index","follow":"follow","max-snippet":"max-snippet:-1","max-image-preview":"max-image-preview:large","max-video-preview":"max-video-preview:-1"},"canonical":"https:\/\/decofoodshop.nl\/de\/produktkategorie-2\/kunstliche-fruchte\/","og_locale":"de_DE","og_type":"article","og_title":"Namaak Duo Kers","og_description":"Namaak duo kers en meer nepkersen kopen bij Decofoodshop. Alle soorten nepfruit en decofruit van topkwaliteit direct leverbaar.","og_url":"https:\/\/decofoodshop.nl\/de\/produktkategorie-2\/kunstliche-fruchte\/","og_site_name":"Decofoodshop","article_modified_time":"2026-04-06T15:24:16+00:00","og_image":[{"width":2560,"height":2560,"url":"https:\/\/decofoodshop.nl\/wp-content\/uploads\/2019\/12\/20190708_163152-scaled.jpg","type":"image\/jpeg"}],"twitter_card":"summary_large_image","twitter_misc":{"Gesch\u00e4tzte Lesezeit":"1\u00a0Minute"},"schema":{"@context":"https:\/\/schema.org","@graph":[{"@type":"WebPage","@id":"https:\/\/decofoodshop.nl\/product\/namaak-duo-kers\/","url":"https:\/\/decofoodshop.nl\/product-categorie\/kunstfruit\/","name":"Fake Duo Cherry Bee - und kaufen Sie noch mehr Fake-Obst bei Decofoodshop","isPartOf":{"@id":"https:\/\/decofoodshop.nl\/#website"},"primaryImageOfPage":{"@id":"https:\/\/decofoodshop.nl\/product-categorie\/kunstfruit\/#primaryimage"},"image":{"@id":"https:\/\/decofoodshop.nl\/product-categorie\/kunstfruit\/#primaryimage"},"thumbnailUrl":"https:\/\/decofoodshop.nl\/wp-content\/uploads\/2019\/12\/20190708_163152-scaled.jpg","datePublished":"2019-12-19T08:01:43+00:00","dateModified":"2026-04-06T15:24:16+00:00","description":"Kaufen Sie gef\u00e4lschte Duo-Kirschen und weitere gef\u00e4lschte Kirschen bei Decofoodshop. Alle Arten von Kunstobst und Dekoobst in Top-Qualit\u00e4t sofort verf\u00fcgbar.","breadcrumb":{"@id":"https:\/\/decofoodshop.nl\/product-categorie\/kunstfruit\/#breadcrumb"},"inLanguage":"de","potentialAction":[{"@type":"ReadAction","target":["https:\/\/decofoodshop.nl\/product-categorie\/kunstfruit\/"]}]},{"@type":"ImageObject","inLanguage":"de","@id":"https:\/\/decofoodshop.nl\/product-categorie\/kunstfruit\/#primaryimage","url":"https:\/\/decofoodshop.nl\/wp-content\/uploads\/2019\/12\/20190708_163152-scaled.jpg","contentUrl":"https:\/\/decofoodshop.nl\/wp-content\/uploads\/2019\/12\/20190708_163152-scaled.jpg","width":2560,"height":2560,"caption":"Namaak Duo Kersen"},{"@type":"BreadcrumbList","@id":"https:\/\/decofoodshop.nl\/product-categorie\/kunstfruit\/#breadcrumb","itemListElement":[{"@type":"ListItem","position":1,"name":"Home","item":"https:\/\/decofoodshop.nl\/"},{"@type":"ListItem","position":2,"name":"Winkel","item":"https:\/\/decofoodshop.nl\/winkel\/"},{"@type":"ListItem","position":3,"name":"Namaak Duo Kers"}]},{"@type":"WebSite","@id":"https:\/\/decofoodshop.nl\/#website","url":"https:\/\/decofoodshop.nl\/","name":"Dekofoodshop","description":"","potentialAction":[{"@type":"SearchAction","target":{"@type":"EntryPoint","urlTemplate":"https:\/\/decofoodshop.nl\/?s={search_term_string}"},"query-input":{"@type":"PropertyValueSpecification","valueRequired":true,"valueName":"search_term_string"}}],"inLanguage":"de"}]}},"_links":{"self":[{"href":"https:\/\/decofoodshop.nl\/de\/wp-json\/wp\/v2\/product\/1845","targetHints":{"allow":["GET"]}}],"collection":[{"href":"https:\/\/decofoodshop.nl\/de\/wp-json\/wp\/v2\/product"}],"about":[{"href":"https:\/\/decofoodshop.nl\/de\/wp-json\/wp\/v2\/types\/product"}],"wp:featuredmedia":[{"embeddable":true,"href":"https:\/\/decofoodshop.nl\/de\/wp-json\/wp\/v2\/media\/1846"}],"wp:attachment":[{"href":"https:\/\/decofoodshop.nl\/de\/wp-json\/wp\/v2\/media?parent=1845"}],"wp:term":[{"taxonomy":"product_brand","embeddable":true,"href":"https:\/\/decofoodshop.nl\/de\/wp-json\/wp\/v2\/product_brand?post=1845"},{"taxonomy":"product_cat","embeddable":true,"href":"https:\/\/decofoodshop.nl\/de\/wp-json\/wp\/v2\/product_cat?post=1845"},{"taxonomy":"product_tag","embeddable":true,"href":"https:\/\/decofoodshop.nl\/de\/wp-json\/wp\/v2\/product_tag?post=1845"}],"curies":[{"name":"wp","href":"https:\/\/api.w.org\/{rel}","templated":true}]}}