{"id":1855,"date":"2019-12-19T09:20:39","date_gmt":"2019-12-19T08:20:39","guid":{"rendered":"https:\/\/decofoodshop.nl\/?post_type=product&#038;p=1855"},"modified":"2026-04-01T00:03:41","modified_gmt":"2026-03-31T22:03:41","slug":"kunstliche-weintraube-klein-weiss","status":"publish","type":"product","link":"https:\/\/decofoodshop.nl\/de\/product\/kunst-druiventros-klein-wit\/","title":{"rendered":"Art Weintraube klein wei\u00df"},"content":{"rendered":"<p>Dies ist die wundersch\u00f6ne Art Grape Bunch Small White.<\/p>\n<p>Es ist ein wundersch\u00f6ner vollst\u00e4ndiger gef\u00e4lschter Traubenstrau\u00df mit 2 detaillierten Bl\u00e4ttern oben in Farbe und Form.<\/p>\n<p>Das Ende des Stiels hat eine \u00d6se, damit Sie die k\u00fcnstliche Weintraube einfach aufh\u00e4ngen k\u00f6nnen.<\/p>\n<p>Die Artificial Grape Bunch Small White hat eine gl\u00e4nzend gr\u00fcne Basis mit einem wei\u00dfen Schleier dar\u00fcber. Fast echt!<\/p>\n<p>Diese falschen Weintrauben eignen sich hervorragend f\u00fcr dekorative Zwecke.<\/p>\n<p>Tipp: F\u00fcr einen abwechslungsreichen Look k\u00f6nnen Sie auch Farben mischen.<\/p>\n<p>Schauen Sie sich auch an: <span style=\"color: #339966;\"><a style=\"color: #339966;\" href=\"https:\/\/decofoodshop.nl\/de\/produktkategorie-2\/kunstliches-gemuse\/\">&#8216;<strong>k\u00fcnstliches Gem\u00fcse<\/strong><\/a><\/span>, f\u00fcr eine gro\u00dfe Auswahl an k\u00fcnstlichem Gem\u00fcse.<\/p>","protected":false},"excerpt":{"rendered":"<p>Dit is de prachtige Kunst Druiventros Klein Wit. Het is een mooie volle namaak druiventros met bovenaan 2 gedetailleerde blaadjes in zowel kleur als vorm. Het uiteinde van het steeltje heeft een oog waardoor U het kunst druiventrosje eenvoudig kunt ophangen. De Kunst Druiventros Klein Wit heeft een glanzende groene basis met daar overheen een [&hellip;]<\/p>\n","protected":false},"featured_media":1856,"template":"","meta":{"_acf_changed":false,"_genesis_hide_title":false,"_genesis_hide_breadcrumbs":false,"_genesis_hide_singular_image":false,"_genesis_hide_footer_widgets":false,"_genesis_custom_body_class":"","_genesis_custom_post_class":"","_genesis_layout":""},"product_brand":[],"product_cat":[47],"product_tag":[],"class_list":{"0":"post-1855","1":"product","2":"type-product","3":"status-publish","4":"has-post-thumbnail","6":"product_cat-kunstfruit","7":"entry","8":"wpx-has-gallery","10":"first","11":"instock","12":"taxable","13":"shipping-taxable","14":"purchasable","15":"product-type-simple"},"acf":[],"yoast_head":"<!-- This site is optimized with the Yoast SEO Premium plugin v27.3 (Yoast SEO v27.4) - https:\/\/yoast.com\/product\/yoast-seo-premium-wordpress\/ -->\n<title>Kunst Druiventros Klein Wit | Nep druiventrossen bij Decofoodshop<\/title>\n<meta name=\"description\" content=\"Kunst druiventros klein wit. Levensechte kwaliteit en direct leverbaar. Kijk voor alle soorten kunstfruit bij Decofoodshop.\" \/>\n<meta name=\"robots\" content=\"index, follow, max-snippet:-1, max-image-preview:large, max-video-preview:-1\" \/>\n<link rel=\"canonical\" href=\"https:\/\/decofoodshop.nl\/de\/produkt\/kunstliche-weintraube-klein-weiss\/\" \/>\n<meta property=\"og:locale\" content=\"de_DE\" \/>\n<meta property=\"og:type\" content=\"article\" \/>\n<meta property=\"og:title\" content=\"Kunst Druiventros Klein Wit\" \/>\n<meta property=\"og:description\" content=\"Kunst druiventros klein wit. Levensechte kwaliteit en direct leverbaar. Kijk voor alle soorten kunstfruit bij Decofoodshop.\" \/>\n<meta property=\"og:url\" content=\"https:\/\/decofoodshop.nl\/de\/produkt\/kunstliche-weintraube-klein-weiss\/\" \/>\n<meta property=\"og:site_name\" content=\"Decofoodshop\" \/>\n<meta property=\"article:modified_time\" content=\"2026-03-31T22:03:41+00:00\" \/>\n<meta property=\"og:image\" content=\"https:\/\/decofoodshop.nl\/wp-content\/uploads\/2019\/12\/Kunstdruiven-wit-klein-16cm.jpg\" \/>\n\t<meta property=\"og:image:width\" content=\"1764\" \/>\n\t<meta property=\"og:image:height\" content=\"1768\" \/>\n\t<meta property=\"og:image:type\" content=\"image\/jpeg\" \/>\n<meta name=\"twitter:card\" content=\"summary_large_image\" \/>\n<meta name=\"twitter:label1\" content=\"Gesch\u00e4tzte Lesezeit\" \/>\n\t<meta name=\"twitter:data1\" content=\"1\u00a0Minute\" \/>\n<script type=\"application\/ld+json\" class=\"yoast-schema-graph\">{\"@context\":\"https:\\\/\\\/schema.org\",\"@graph\":[{\"@type\":\"WebPage\",\"@id\":\"https:\\\/\\\/decofoodshop.nl\\\/product\\\/kunst-druiventros-klein-wit\\\/\",\"url\":\"https:\\\/\\\/decofoodshop.nl\\\/product\\\/kunst-druiventros-klein-wit\\\/\",\"name\":\"Kunst Druiventros Klein Wit | Nep druiventrossen bij Decofoodshop\",\"isPartOf\":{\"@id\":\"https:\\\/\\\/decofoodshop.nl\\\/#website\"},\"primaryImageOfPage\":{\"@id\":\"https:\\\/\\\/decofoodshop.nl\\\/product\\\/kunst-druiventros-klein-wit\\\/#primaryimage\"},\"image\":{\"@id\":\"https:\\\/\\\/decofoodshop.nl\\\/product\\\/kunst-druiventros-klein-wit\\\/#primaryimage\"},\"thumbnailUrl\":\"https:\\\/\\\/decofoodshop.nl\\\/wp-content\\\/uploads\\\/2019\\\/12\\\/Kunstdruiven-wit-klein-16cm.jpg\",\"datePublished\":\"2019-12-19T08:20:39+00:00\",\"dateModified\":\"2026-03-31T22:03:41+00:00\",\"description\":\"Kunst druiventros klein wit. Levensechte kwaliteit en direct leverbaar. Kijk voor alle soorten kunstfruit bij Decofoodshop.\",\"breadcrumb\":{\"@id\":\"https:\\\/\\\/decofoodshop.nl\\\/product\\\/kunst-druiventros-klein-wit\\\/#breadcrumb\"},\"inLanguage\":\"de\",\"potentialAction\":[{\"@type\":\"ReadAction\",\"target\":[\"https:\\\/\\\/decofoodshop.nl\\\/product\\\/kunst-druiventros-klein-wit\\\/\"]}]},{\"@type\":\"ImageObject\",\"inLanguage\":\"de\",\"@id\":\"https:\\\/\\\/decofoodshop.nl\\\/product\\\/kunst-druiventros-klein-wit\\\/#primaryimage\",\"url\":\"https:\\\/\\\/decofoodshop.nl\\\/wp-content\\\/uploads\\\/2019\\\/12\\\/Kunstdruiven-wit-klein-16cm.jpg\",\"contentUrl\":\"https:\\\/\\\/decofoodshop.nl\\\/wp-content\\\/uploads\\\/2019\\\/12\\\/Kunstdruiven-wit-klein-16cm.jpg\",\"width\":1764,\"height\":1768,\"caption\":\"Kunst Druiventros Klein Wit\"},{\"@type\":\"BreadcrumbList\",\"@id\":\"https:\\\/\\\/decofoodshop.nl\\\/product\\\/kunst-druiventros-klein-wit\\\/#breadcrumb\",\"itemListElement\":[{\"@type\":\"ListItem\",\"position\":1,\"name\":\"Home\",\"item\":\"https:\\\/\\\/decofoodshop.nl\\\/\"},{\"@type\":\"ListItem\",\"position\":2,\"name\":\"Winkel\",\"item\":\"https:\\\/\\\/decofoodshop.nl\\\/winkel\\\/\"},{\"@type\":\"ListItem\",\"position\":3,\"name\":\"Kunst Druiventros Klein Wit\"}]},{\"@type\":\"WebSite\",\"@id\":\"https:\\\/\\\/decofoodshop.nl\\\/#website\",\"url\":\"https:\\\/\\\/decofoodshop.nl\\\/\",\"name\":\"Decofoodshop\",\"description\":\"\",\"potentialAction\":[{\"@type\":\"SearchAction\",\"target\":{\"@type\":\"EntryPoint\",\"urlTemplate\":\"https:\\\/\\\/decofoodshop.nl\\\/?s={search_term_string}\"},\"query-input\":{\"@type\":\"PropertyValueSpecification\",\"valueRequired\":true,\"valueName\":\"search_term_string\"}}],\"inLanguage\":\"de\"}]}<\/script>\n<!-- \/ Yoast SEO Premium plugin. -->","yoast_head_json":{"title":"Art Weintraube klein wei\u00df | Gef\u00e4lschte Weintrauben bei Decofoodshop","description":"K\u00fcnstliche Weintraube klein wei\u00df. Lebensechte Qualit\u00e4t und sofort verf\u00fcgbar. Suchen Sie bei Decofoodshop nach allen Arten von k\u00fcnstlichen Fr\u00fcchten.","robots":{"index":"index","follow":"follow","max-snippet":"max-snippet:-1","max-image-preview":"max-image-preview:large","max-video-preview":"max-video-preview:-1"},"canonical":"https:\/\/decofoodshop.nl\/de\/produkt\/kunstliche-weintraube-klein-weiss\/","og_locale":"de_DE","og_type":"article","og_title":"Kunst Druiventros Klein Wit","og_description":"Kunst druiventros klein wit. Levensechte kwaliteit en direct leverbaar. Kijk voor alle soorten kunstfruit bij Decofoodshop.","og_url":"https:\/\/decofoodshop.nl\/de\/produkt\/kunstliche-weintraube-klein-weiss\/","og_site_name":"Decofoodshop","article_modified_time":"2026-03-31T22:03:41+00:00","og_image":[{"width":1764,"height":1768,"url":"https:\/\/decofoodshop.nl\/wp-content\/uploads\/2019\/12\/Kunstdruiven-wit-klein-16cm.jpg","type":"image\/jpeg"}],"twitter_card":"summary_large_image","twitter_misc":{"Gesch\u00e4tzte Lesezeit":"1\u00a0Minute"},"schema":{"@context":"https:\/\/schema.org","@graph":[{"@type":"WebPage","@id":"https:\/\/decofoodshop.nl\/product\/kunst-druiventros-klein-wit\/","url":"https:\/\/decofoodshop.nl\/product\/kunst-druiventros-klein-wit\/","name":"Art Weintraube klein wei\u00df | Gef\u00e4lschte Weintrauben bei Decofoodshop","isPartOf":{"@id":"https:\/\/decofoodshop.nl\/#website"},"primaryImageOfPage":{"@id":"https:\/\/decofoodshop.nl\/product\/kunst-druiventros-klein-wit\/#primaryimage"},"image":{"@id":"https:\/\/decofoodshop.nl\/product\/kunst-druiventros-klein-wit\/#primaryimage"},"thumbnailUrl":"https:\/\/decofoodshop.nl\/wp-content\/uploads\/2019\/12\/Kunstdruiven-wit-klein-16cm.jpg","datePublished":"2019-12-19T08:20:39+00:00","dateModified":"2026-03-31T22:03:41+00:00","description":"K\u00fcnstliche Weintraube klein wei\u00df. Lebensechte Qualit\u00e4t und sofort verf\u00fcgbar. Suchen Sie bei Decofoodshop nach allen Arten von k\u00fcnstlichen Fr\u00fcchten.","breadcrumb":{"@id":"https:\/\/decofoodshop.nl\/product\/kunst-druiventros-klein-wit\/#breadcrumb"},"inLanguage":"de","potentialAction":[{"@type":"ReadAction","target":["https:\/\/decofoodshop.nl\/product\/kunst-druiventros-klein-wit\/"]}]},{"@type":"ImageObject","inLanguage":"de","@id":"https:\/\/decofoodshop.nl\/product\/kunst-druiventros-klein-wit\/#primaryimage","url":"https:\/\/decofoodshop.nl\/wp-content\/uploads\/2019\/12\/Kunstdruiven-wit-klein-16cm.jpg","contentUrl":"https:\/\/decofoodshop.nl\/wp-content\/uploads\/2019\/12\/Kunstdruiven-wit-klein-16cm.jpg","width":1764,"height":1768,"caption":"Kunst Druiventros Klein Wit"},{"@type":"BreadcrumbList","@id":"https:\/\/decofoodshop.nl\/product\/kunst-druiventros-klein-wit\/#breadcrumb","itemListElement":[{"@type":"ListItem","position":1,"name":"Home","item":"https:\/\/decofoodshop.nl\/"},{"@type":"ListItem","position":2,"name":"Winkel","item":"https:\/\/decofoodshop.nl\/winkel\/"},{"@type":"ListItem","position":3,"name":"Kunst Druiventros Klein Wit"}]},{"@type":"WebSite","@id":"https:\/\/decofoodshop.nl\/#website","url":"https:\/\/decofoodshop.nl\/","name":"Dekofoodshop","description":"","potentialAction":[{"@type":"SearchAction","target":{"@type":"EntryPoint","urlTemplate":"https:\/\/decofoodshop.nl\/?s={search_term_string}"},"query-input":{"@type":"PropertyValueSpecification","valueRequired":true,"valueName":"search_term_string"}}],"inLanguage":"de"}]}},"_links":{"self":[{"href":"https:\/\/decofoodshop.nl\/de\/wp-json\/wp\/v2\/product\/1855","targetHints":{"allow":["GET"]}}],"collection":[{"href":"https:\/\/decofoodshop.nl\/de\/wp-json\/wp\/v2\/product"}],"about":[{"href":"https:\/\/decofoodshop.nl\/de\/wp-json\/wp\/v2\/types\/product"}],"wp:featuredmedia":[{"embeddable":true,"href":"https:\/\/decofoodshop.nl\/de\/wp-json\/wp\/v2\/media\/1856"}],"wp:attachment":[{"href":"https:\/\/decofoodshop.nl\/de\/wp-json\/wp\/v2\/media?parent=1855"}],"wp:term":[{"taxonomy":"product_brand","embeddable":true,"href":"https:\/\/decofoodshop.nl\/de\/wp-json\/wp\/v2\/product_brand?post=1855"},{"taxonomy":"product_cat","embeddable":true,"href":"https:\/\/decofoodshop.nl\/de\/wp-json\/wp\/v2\/product_cat?post=1855"},{"taxonomy":"product_tag","embeddable":true,"href":"https:\/\/decofoodshop.nl\/de\/wp-json\/wp\/v2\/product_tag?post=1855"}],"curies":[{"name":"wp","href":"https:\/\/api.w.org\/{rel}","templated":true}]}}