{"id":1874,"date":"2019-12-19T10:24:12","date_gmt":"2019-12-19T10:24:12","guid":{"rendered":"https:\/\/decofoodshop.nl\/?post_type=product&#038;p=1874"},"modified":"2026-04-10T14:48:39","modified_gmt":"2026-04-10T12:48:39","slug":"rot-gelb-falsche-mango","status":"publish","type":"product","link":"https:\/\/decofoodshop.nl\/de\/product\/rood-gele-namaak-mango\/","title":{"rendered":"Rote gelbe gef\u00e4lschte Mango"},"content":{"rendered":"<p>Diese rot-gelbe gef\u00e4lschte Mango hat ein exotisches Aussehen.<\/p>\n<p>Aufgrund seiner sch\u00f6nen leuchtenden Farben sieht es aus, als w\u00e4re es gerade vom Baum gepfl\u00fcckt worden.<\/p>\n<p>Oben mit gr\u00fcner Entengr\u00fctze ausgestattet.<\/p>\n<p>Diese auff\u00e4llige gef\u00e4lschte Mango f\u00fchlt sich sogar echt an!<\/p>\n<p>Die k\u00fcnstliche Mango ist leicht komprimierbar und nicht zerbrechlich.<\/p>\n<p>Sie k\u00f6nnen sich auch unser Angebot ansehen<span style=\"color: #008000;\"> <a style=\"color: #008000;\" href=\"https:\/\/decofoodshop.nl\/de\/produktkategorie-2\/visenvlees\/\">&#8216;<strong>Fisch Fleisch<\/strong>&#8216;<\/a>.<\/span><\/p>","protected":false},"excerpt":{"rendered":"<p>Deze Rood Gele Namaak Mango heeft een exotisch uiterlijk. Door zijn mooie felle kleuren lijkt het wel alsof hij net van de boom geplukt is. Voorzien van groen kroosje aan de bovenkant. Deze opvallende nepmango voelt zelfs echt aan! De kunst mango is licht indrukbaar en niet breekbaar. U kunt ook even kijken bij ons [&hellip;]<\/p>\n","protected":false},"featured_media":7305,"template":"","meta":{"_acf_changed":false,"_genesis_hide_title":false,"_genesis_hide_breadcrumbs":false,"_genesis_hide_singular_image":false,"_genesis_hide_footer_widgets":false,"_genesis_custom_body_class":"","_genesis_custom_post_class":"","_genesis_layout":""},"product_brand":[],"product_cat":[47],"product_tag":[],"class_list":{"0":"post-1874","1":"product","2":"type-product","3":"status-publish","4":"has-post-thumbnail","6":"product_cat-kunstfruit","7":"entry","8":"wpx-has-gallery","10":"first","11":"instock","12":"taxable","13":"shipping-taxable","14":"purchasable","15":"product-type-simple"},"acf":[],"yoast_head":"<!-- This site is optimized with the Yoast SEO Premium plugin v27.3 (Yoast SEO v27.4) - https:\/\/yoast.com\/product\/yoast-seo-premium-wordpress\/ -->\n<title>Rood Gele Namaak Mango - Te Koop Bij Decofoodshop<\/title>\n<meta name=\"description\" content=\"Rood gele namaak mango met een exotische uitstraling. Wij hebben een groot aanbod aan kunstfruit en ook kunstgroenten en vis &amp; vlees.\" \/>\n<meta name=\"robots\" content=\"index, follow, max-snippet:-1, max-image-preview:large, max-video-preview:-1\" \/>\n<link rel=\"canonical\" href=\"https:\/\/decofoodshop.nl\/de\/produkt\/rot-gelb-falsche-mango\/\" \/>\n<meta property=\"og:locale\" content=\"de_DE\" \/>\n<meta property=\"og:type\" content=\"article\" \/>\n<meta property=\"og:title\" content=\"Rood Gele Namaak Mango\" \/>\n<meta property=\"og:description\" content=\"Rood gele namaak mango met een exotische uitstraling. Wij hebben een groot aanbod aan kunstfruit en ook kunstgroenten en vis &amp; vlees.\" \/>\n<meta property=\"og:url\" content=\"https:\/\/decofoodshop.nl\/de\/produkt\/rot-gelb-falsche-mango\/\" \/>\n<meta property=\"og:site_name\" content=\"Decofoodshop\" \/>\n<meta property=\"article:modified_time\" content=\"2026-04-10T12:48:39+00:00\" \/>\n<meta property=\"og:image\" content=\"https:\/\/decofoodshop.nl\/wp-content\/uploads\/2019\/12\/rood-gele-namaak-mango.jpg\" \/>\n\t<meta property=\"og:image:width\" content=\"1705\" \/>\n\t<meta property=\"og:image:height\" content=\"1705\" \/>\n\t<meta property=\"og:image:type\" content=\"image\/jpeg\" \/>\n<meta name=\"twitter:card\" content=\"summary_large_image\" \/>\n<meta name=\"twitter:label1\" content=\"Gesch\u00e4tzte Lesezeit\" \/>\n\t<meta name=\"twitter:data1\" content=\"1\u00a0Minute\" \/>\n<script type=\"application\/ld+json\" class=\"yoast-schema-graph\">{\"@context\":\"https:\\\/\\\/schema.org\",\"@graph\":[{\"@type\":\"WebPage\",\"@id\":\"https:\\\/\\\/decofoodshop.nl\\\/product\\\/rood-gele-namaak-mango\\\/\",\"url\":\"https:\\\/\\\/decofoodshop.nl\\\/product\\\/rood-gele-namaak-mango\\\/\",\"name\":\"Rood Gele Namaak Mango - Te Koop Bij Decofoodshop\",\"isPartOf\":{\"@id\":\"https:\\\/\\\/decofoodshop.nl\\\/#website\"},\"primaryImageOfPage\":{\"@id\":\"https:\\\/\\\/decofoodshop.nl\\\/product\\\/rood-gele-namaak-mango\\\/#primaryimage\"},\"image\":{\"@id\":\"https:\\\/\\\/decofoodshop.nl\\\/product\\\/rood-gele-namaak-mango\\\/#primaryimage\"},\"thumbnailUrl\":\"https:\\\/\\\/decofoodshop.nl\\\/wp-content\\\/uploads\\\/2019\\\/12\\\/rood-gele-namaak-mango.jpg\",\"datePublished\":\"2019-12-19T10:24:12+00:00\",\"dateModified\":\"2026-04-10T12:48:39+00:00\",\"description\":\"Rood gele namaak mango met een exotische uitstraling. Wij hebben een groot aanbod aan kunstfruit en ook kunstgroenten en vis & vlees.\",\"breadcrumb\":{\"@id\":\"https:\\\/\\\/decofoodshop.nl\\\/product\\\/rood-gele-namaak-mango\\\/#breadcrumb\"},\"inLanguage\":\"de\",\"potentialAction\":[{\"@type\":\"ReadAction\",\"target\":[\"https:\\\/\\\/decofoodshop.nl\\\/product\\\/rood-gele-namaak-mango\\\/\"]}]},{\"@type\":\"ImageObject\",\"inLanguage\":\"de\",\"@id\":\"https:\\\/\\\/decofoodshop.nl\\\/product\\\/rood-gele-namaak-mango\\\/#primaryimage\",\"url\":\"https:\\\/\\\/decofoodshop.nl\\\/wp-content\\\/uploads\\\/2019\\\/12\\\/rood-gele-namaak-mango.jpg\",\"contentUrl\":\"https:\\\/\\\/decofoodshop.nl\\\/wp-content\\\/uploads\\\/2019\\\/12\\\/rood-gele-namaak-mango.jpg\",\"width\":1705,\"height\":1705,\"caption\":\"rood gele namaak mango\"},{\"@type\":\"BreadcrumbList\",\"@id\":\"https:\\\/\\\/decofoodshop.nl\\\/product\\\/rood-gele-namaak-mango\\\/#breadcrumb\",\"itemListElement\":[{\"@type\":\"ListItem\",\"position\":1,\"name\":\"Home\",\"item\":\"https:\\\/\\\/decofoodshop.nl\\\/\"},{\"@type\":\"ListItem\",\"position\":2,\"name\":\"Winkel\",\"item\":\"https:\\\/\\\/decofoodshop.nl\\\/winkel\\\/\"},{\"@type\":\"ListItem\",\"position\":3,\"name\":\"Rood Gele Namaak Mango\"}]},{\"@type\":\"WebSite\",\"@id\":\"https:\\\/\\\/decofoodshop.nl\\\/#website\",\"url\":\"https:\\\/\\\/decofoodshop.nl\\\/\",\"name\":\"Decofoodshop\",\"description\":\"\",\"potentialAction\":[{\"@type\":\"SearchAction\",\"target\":{\"@type\":\"EntryPoint\",\"urlTemplate\":\"https:\\\/\\\/decofoodshop.nl\\\/?s={search_term_string}\"},\"query-input\":{\"@type\":\"PropertyValueSpecification\",\"valueRequired\":true,\"valueName\":\"search_term_string\"}}],\"inLanguage\":\"de\"}]}<\/script>\n<!-- \/ Yoast SEO Premium plugin. -->","yoast_head_json":{"title":"Rote gelbe gef\u00e4lschte Mango - zu verkaufen bei Decofoodshop","description":"Rot-gelbe Fake-Mango mit exotischem Aussehen. Wir haben eine gro\u00dfe Auswahl an k\u00fcnstlichem Obst und auch k\u00fcnstlichem Gem\u00fcse sowie Fisch und Fleisch.","robots":{"index":"index","follow":"follow","max-snippet":"max-snippet:-1","max-image-preview":"max-image-preview:large","max-video-preview":"max-video-preview:-1"},"canonical":"https:\/\/decofoodshop.nl\/de\/produkt\/rot-gelb-falsche-mango\/","og_locale":"de_DE","og_type":"article","og_title":"Rood Gele Namaak Mango","og_description":"Rood gele namaak mango met een exotische uitstraling. Wij hebben een groot aanbod aan kunstfruit en ook kunstgroenten en vis & vlees.","og_url":"https:\/\/decofoodshop.nl\/de\/produkt\/rot-gelb-falsche-mango\/","og_site_name":"Decofoodshop","article_modified_time":"2026-04-10T12:48:39+00:00","og_image":[{"width":1705,"height":1705,"url":"https:\/\/decofoodshop.nl\/wp-content\/uploads\/2019\/12\/rood-gele-namaak-mango.jpg","type":"image\/jpeg"}],"twitter_card":"summary_large_image","twitter_misc":{"Gesch\u00e4tzte Lesezeit":"1\u00a0Minute"},"schema":{"@context":"https:\/\/schema.org","@graph":[{"@type":"WebPage","@id":"https:\/\/decofoodshop.nl\/product\/rood-gele-namaak-mango\/","url":"https:\/\/decofoodshop.nl\/product\/rood-gele-namaak-mango\/","name":"Rote gelbe gef\u00e4lschte Mango - zu verkaufen bei Decofoodshop","isPartOf":{"@id":"https:\/\/decofoodshop.nl\/#website"},"primaryImageOfPage":{"@id":"https:\/\/decofoodshop.nl\/product\/rood-gele-namaak-mango\/#primaryimage"},"image":{"@id":"https:\/\/decofoodshop.nl\/product\/rood-gele-namaak-mango\/#primaryimage"},"thumbnailUrl":"https:\/\/decofoodshop.nl\/wp-content\/uploads\/2019\/12\/rood-gele-namaak-mango.jpg","datePublished":"2019-12-19T10:24:12+00:00","dateModified":"2026-04-10T12:48:39+00:00","description":"Rot-gelbe Fake-Mango mit exotischem Aussehen. Wir haben eine gro\u00dfe Auswahl an k\u00fcnstlichem Obst und auch k\u00fcnstlichem Gem\u00fcse sowie Fisch und Fleisch.","breadcrumb":{"@id":"https:\/\/decofoodshop.nl\/product\/rood-gele-namaak-mango\/#breadcrumb"},"inLanguage":"de","potentialAction":[{"@type":"ReadAction","target":["https:\/\/decofoodshop.nl\/product\/rood-gele-namaak-mango\/"]}]},{"@type":"ImageObject","inLanguage":"de","@id":"https:\/\/decofoodshop.nl\/product\/rood-gele-namaak-mango\/#primaryimage","url":"https:\/\/decofoodshop.nl\/wp-content\/uploads\/2019\/12\/rood-gele-namaak-mango.jpg","contentUrl":"https:\/\/decofoodshop.nl\/wp-content\/uploads\/2019\/12\/rood-gele-namaak-mango.jpg","width":1705,"height":1705,"caption":"rood gele namaak mango"},{"@type":"BreadcrumbList","@id":"https:\/\/decofoodshop.nl\/product\/rood-gele-namaak-mango\/#breadcrumb","itemListElement":[{"@type":"ListItem","position":1,"name":"Home","item":"https:\/\/decofoodshop.nl\/"},{"@type":"ListItem","position":2,"name":"Winkel","item":"https:\/\/decofoodshop.nl\/winkel\/"},{"@type":"ListItem","position":3,"name":"Rood Gele Namaak Mango"}]},{"@type":"WebSite","@id":"https:\/\/decofoodshop.nl\/#website","url":"https:\/\/decofoodshop.nl\/","name":"Dekofoodshop","description":"","potentialAction":[{"@type":"SearchAction","target":{"@type":"EntryPoint","urlTemplate":"https:\/\/decofoodshop.nl\/?s={search_term_string}"},"query-input":{"@type":"PropertyValueSpecification","valueRequired":true,"valueName":"search_term_string"}}],"inLanguage":"de"}]}},"_links":{"self":[{"href":"https:\/\/decofoodshop.nl\/de\/wp-json\/wp\/v2\/product\/1874","targetHints":{"allow":["GET"]}}],"collection":[{"href":"https:\/\/decofoodshop.nl\/de\/wp-json\/wp\/v2\/product"}],"about":[{"href":"https:\/\/decofoodshop.nl\/de\/wp-json\/wp\/v2\/types\/product"}],"wp:featuredmedia":[{"embeddable":true,"href":"https:\/\/decofoodshop.nl\/de\/wp-json\/wp\/v2\/media\/7305"}],"wp:attachment":[{"href":"https:\/\/decofoodshop.nl\/de\/wp-json\/wp\/v2\/media?parent=1874"}],"wp:term":[{"taxonomy":"product_brand","embeddable":true,"href":"https:\/\/decofoodshop.nl\/de\/wp-json\/wp\/v2\/product_brand?post=1874"},{"taxonomy":"product_cat","embeddable":true,"href":"https:\/\/decofoodshop.nl\/de\/wp-json\/wp\/v2\/product_cat?post=1874"},{"taxonomy":"product_tag","embeddable":true,"href":"https:\/\/decofoodshop.nl\/de\/wp-json\/wp\/v2\/product_tag?post=1874"}],"curies":[{"name":"wp","href":"https:\/\/api.w.org\/{rel}","templated":true}]}}