{"id":1891,"date":"2019-12-23T12:34:05","date_gmt":"2019-12-23T12:34:05","guid":{"rendered":"https:\/\/decofoodshop.nl\/?post_type=product&#038;p=1891"},"modified":"2026-03-27T11:45:47","modified_gmt":"2026-03-27T10:45:47","slug":"zitrusscheiben-setzen","status":"publish","type":"product","link":"https:\/\/decofoodshop.nl\/de\/product\/set-citrus-schijven\/","title":{"rendered":"Zitrusscheiben setzen"},"content":{"rendered":"<p>Sch\u00f6nes Set mit 3 Zitrusscheiben pro Beutel.<\/p>\n<p>In drei verschiedenen Farben, gr\u00fcn, orange und gelb mit wei\u00dfer Maserung.<\/p>\n<p>Die gef\u00e4lschten Zitrusscheiben sind aus Hartplastik und etwas durchscheinend.<\/p>\n<p>Sie werden oben und unten Unebenheiten in der Form des Fleisches sp\u00fcren.<\/p>\n<p>Exotisch und \u00e4u\u00dferst dekorativ.<\/p>\n<p>Schauen Sie sich auch an:<strong><span style=\"color: #008000;\"> <a style=\"color: #008000;\" href=\"https:\/\/decofoodshop.nl\/de\/produktkategorie-2\/kunstliche-fruchte\/\">&quot;K\u00fcnstliche Frucht&quot;<\/a> <\/span><\/strong>f\u00fcr mehr k\u00fcnstliche Fr\u00fcchte.<\/p>","protected":false},"excerpt":{"rendered":"<p>Leuke set van 3 Citrus Schijven per zakje. In drie verschillende kleuren, groen, oranje en geel met witte nerf. De namaak citrus schijven zijn van hard plastic en een beetje doorschijnend. Je voelt aan de boven en onderkant bobbeltjes in de vorm van het vruchtvlees. Exotisch en uiterst decoratief. Kijk ook even bij: &#8216;Kunstfruit&#8217; voor [&hellip;]<\/p>\n","protected":false},"featured_media":1892,"template":"","meta":{"_acf_changed":false,"_genesis_hide_title":false,"_genesis_hide_breadcrumbs":false,"_genesis_hide_singular_image":false,"_genesis_hide_footer_widgets":false,"_genesis_custom_body_class":"","_genesis_custom_post_class":"","_genesis_layout":""},"product_brand":[],"product_cat":[47,51],"product_tag":[],"class_list":{"0":"post-1891","1":"product","2":"type-product","3":"status-publish","4":"has-post-thumbnail","6":"product_cat-kunstfruit","7":"product_cat-overige","8":"entry","9":"wpx-has-gallery","11":"first","12":"instock","13":"taxable","14":"shipping-taxable","15":"purchasable","16":"product-type-simple"},"acf":[],"yoast_head":"<!-- This site is optimized with the Yoast SEO Premium plugin v27.3 (Yoast SEO v27.4) - https:\/\/yoast.com\/product\/yoast-seo-premium-wordpress\/ -->\n<title>Set Citrus Schijven Verkrijgbaar Bij - Decofoodshop<\/title>\n<meta name=\"description\" content=\"Leuke set van 3 citrus schijven! Ook sets van 3 citrus partjes zijn verkrijgbaar en nog veel meer leuk en exotisch namaak fruit.\" \/>\n<meta name=\"robots\" content=\"index, follow, max-snippet:-1, max-image-preview:large, max-video-preview:-1\" \/>\n<link rel=\"canonical\" href=\"https:\/\/decofoodshop.nl\/de\/produkt\/zitrusscheiben-setzen\/\" \/>\n<meta property=\"og:locale\" content=\"de_DE\" \/>\n<meta property=\"og:type\" content=\"article\" \/>\n<meta property=\"og:title\" content=\"Set Citrus Schijven\" \/>\n<meta property=\"og:description\" content=\"Leuke set van 3 citrus schijven! Ook sets van 3 citrus partjes zijn verkrijgbaar en nog veel meer leuk en exotisch namaak fruit.\" \/>\n<meta property=\"og:url\" content=\"https:\/\/decofoodshop.nl\/de\/produkt\/zitrusscheiben-setzen\/\" \/>\n<meta property=\"og:site_name\" content=\"Decofoodshop\" \/>\n<meta property=\"article:modified_time\" content=\"2026-03-27T10:45:47+00:00\" \/>\n<meta property=\"og:image\" content=\"https:\/\/decofoodshop.nl\/wp-content\/uploads\/2019\/12\/citrus-schijven-3.jpg\" \/>\n\t<meta property=\"og:image:width\" content=\"402\" \/>\n\t<meta property=\"og:image:height\" content=\"402\" \/>\n\t<meta property=\"og:image:type\" content=\"image\/jpeg\" \/>\n<meta name=\"twitter:card\" content=\"summary_large_image\" \/>\n<meta name=\"twitter:label1\" content=\"Gesch\u00e4tzte Lesezeit\" \/>\n\t<meta name=\"twitter:data1\" content=\"1\u00a0Minute\" \/>\n<script type=\"application\/ld+json\" class=\"yoast-schema-graph\">{\"@context\":\"https:\\\/\\\/schema.org\",\"@graph\":[{\"@type\":\"WebPage\",\"@id\":\"https:\\\/\\\/decofoodshop.nl\\\/product\\\/set-citrus-schijven\\\/\",\"url\":\"https:\\\/\\\/decofoodshop.nl\\\/product\\\/set-citrus-schijven\\\/\",\"name\":\"Set Citrus Schijven Verkrijgbaar Bij - Decofoodshop\",\"isPartOf\":{\"@id\":\"https:\\\/\\\/decofoodshop.nl\\\/#website\"},\"primaryImageOfPage\":{\"@id\":\"https:\\\/\\\/decofoodshop.nl\\\/product\\\/set-citrus-schijven\\\/#primaryimage\"},\"image\":{\"@id\":\"https:\\\/\\\/decofoodshop.nl\\\/product\\\/set-citrus-schijven\\\/#primaryimage\"},\"thumbnailUrl\":\"https:\\\/\\\/decofoodshop.nl\\\/wp-content\\\/uploads\\\/2019\\\/12\\\/citrus-schijven-3.jpg\",\"datePublished\":\"2019-12-23T12:34:05+00:00\",\"dateModified\":\"2026-03-27T10:45:47+00:00\",\"description\":\"Leuke set van 3 citrus schijven! Ook sets van 3 citrus partjes zijn verkrijgbaar en nog veel meer leuk en exotisch namaak fruit.\",\"breadcrumb\":{\"@id\":\"https:\\\/\\\/decofoodshop.nl\\\/product\\\/set-citrus-schijven\\\/#breadcrumb\"},\"inLanguage\":\"de\",\"potentialAction\":[{\"@type\":\"ReadAction\",\"target\":[\"https:\\\/\\\/decofoodshop.nl\\\/product\\\/set-citrus-schijven\\\/\"]}]},{\"@type\":\"ImageObject\",\"inLanguage\":\"de\",\"@id\":\"https:\\\/\\\/decofoodshop.nl\\\/product\\\/set-citrus-schijven\\\/#primaryimage\",\"url\":\"https:\\\/\\\/decofoodshop.nl\\\/wp-content\\\/uploads\\\/2019\\\/12\\\/citrus-schijven-3.jpg\",\"contentUrl\":\"https:\\\/\\\/decofoodshop.nl\\\/wp-content\\\/uploads\\\/2019\\\/12\\\/citrus-schijven-3.jpg\",\"width\":402,\"height\":402,\"caption\":\"sets citrus schijven\"},{\"@type\":\"BreadcrumbList\",\"@id\":\"https:\\\/\\\/decofoodshop.nl\\\/product\\\/set-citrus-schijven\\\/#breadcrumb\",\"itemListElement\":[{\"@type\":\"ListItem\",\"position\":1,\"name\":\"Home\",\"item\":\"https:\\\/\\\/decofoodshop.nl\\\/\"},{\"@type\":\"ListItem\",\"position\":2,\"name\":\"Winkel\",\"item\":\"https:\\\/\\\/decofoodshop.nl\\\/winkel\\\/\"},{\"@type\":\"ListItem\",\"position\":3,\"name\":\"Set Citrus Schijven\"}]},{\"@type\":\"WebSite\",\"@id\":\"https:\\\/\\\/decofoodshop.nl\\\/#website\",\"url\":\"https:\\\/\\\/decofoodshop.nl\\\/\",\"name\":\"Decofoodshop\",\"description\":\"\",\"potentialAction\":[{\"@type\":\"SearchAction\",\"target\":{\"@type\":\"EntryPoint\",\"urlTemplate\":\"https:\\\/\\\/decofoodshop.nl\\\/?s={search_term_string}\"},\"query-input\":{\"@type\":\"PropertyValueSpecification\",\"valueRequired\":true,\"valueName\":\"search_term_string\"}}],\"inLanguage\":\"de\"}]}<\/script>\n<!-- \/ Yoast SEO Premium plugin. -->","yoast_head_json":{"title":"Set Zitrusscheiben erh\u00e4ltlich bei - Decofoodshop","description":"Sch\u00f6nes Set aus 3 Zitrusscheiben! Auch Sets mit 3 Zitrusteilen sind erh\u00e4ltlich und viele weitere lustige und exotische gef\u00e4lschte Fr\u00fcchte.","robots":{"index":"index","follow":"follow","max-snippet":"max-snippet:-1","max-image-preview":"max-image-preview:large","max-video-preview":"max-video-preview:-1"},"canonical":"https:\/\/decofoodshop.nl\/de\/produkt\/zitrusscheiben-setzen\/","og_locale":"de_DE","og_type":"article","og_title":"Set Citrus Schijven","og_description":"Leuke set van 3 citrus schijven! Ook sets van 3 citrus partjes zijn verkrijgbaar en nog veel meer leuk en exotisch namaak fruit.","og_url":"https:\/\/decofoodshop.nl\/de\/produkt\/zitrusscheiben-setzen\/","og_site_name":"Decofoodshop","article_modified_time":"2026-03-27T10:45:47+00:00","og_image":[{"width":402,"height":402,"url":"https:\/\/decofoodshop.nl\/wp-content\/uploads\/2019\/12\/citrus-schijven-3.jpg","type":"image\/jpeg"}],"twitter_card":"summary_large_image","twitter_misc":{"Gesch\u00e4tzte Lesezeit":"1\u00a0Minute"},"schema":{"@context":"https:\/\/schema.org","@graph":[{"@type":"WebPage","@id":"https:\/\/decofoodshop.nl\/product\/set-citrus-schijven\/","url":"https:\/\/decofoodshop.nl\/product\/set-citrus-schijven\/","name":"Set Zitrusscheiben erh\u00e4ltlich bei - Decofoodshop","isPartOf":{"@id":"https:\/\/decofoodshop.nl\/#website"},"primaryImageOfPage":{"@id":"https:\/\/decofoodshop.nl\/product\/set-citrus-schijven\/#primaryimage"},"image":{"@id":"https:\/\/decofoodshop.nl\/product\/set-citrus-schijven\/#primaryimage"},"thumbnailUrl":"https:\/\/decofoodshop.nl\/wp-content\/uploads\/2019\/12\/citrus-schijven-3.jpg","datePublished":"2019-12-23T12:34:05+00:00","dateModified":"2026-03-27T10:45:47+00:00","description":"Sch\u00f6nes Set aus 3 Zitrusscheiben! Auch Sets mit 3 Zitrusteilen sind erh\u00e4ltlich und viele weitere lustige und exotische gef\u00e4lschte Fr\u00fcchte.","breadcrumb":{"@id":"https:\/\/decofoodshop.nl\/product\/set-citrus-schijven\/#breadcrumb"},"inLanguage":"de","potentialAction":[{"@type":"ReadAction","target":["https:\/\/decofoodshop.nl\/product\/set-citrus-schijven\/"]}]},{"@type":"ImageObject","inLanguage":"de","@id":"https:\/\/decofoodshop.nl\/product\/set-citrus-schijven\/#primaryimage","url":"https:\/\/decofoodshop.nl\/wp-content\/uploads\/2019\/12\/citrus-schijven-3.jpg","contentUrl":"https:\/\/decofoodshop.nl\/wp-content\/uploads\/2019\/12\/citrus-schijven-3.jpg","width":402,"height":402,"caption":"sets citrus schijven"},{"@type":"BreadcrumbList","@id":"https:\/\/decofoodshop.nl\/product\/set-citrus-schijven\/#breadcrumb","itemListElement":[{"@type":"ListItem","position":1,"name":"Home","item":"https:\/\/decofoodshop.nl\/"},{"@type":"ListItem","position":2,"name":"Winkel","item":"https:\/\/decofoodshop.nl\/winkel\/"},{"@type":"ListItem","position":3,"name":"Set Citrus Schijven"}]},{"@type":"WebSite","@id":"https:\/\/decofoodshop.nl\/#website","url":"https:\/\/decofoodshop.nl\/","name":"Dekofoodshop","description":"","potentialAction":[{"@type":"SearchAction","target":{"@type":"EntryPoint","urlTemplate":"https:\/\/decofoodshop.nl\/?s={search_term_string}"},"query-input":{"@type":"PropertyValueSpecification","valueRequired":true,"valueName":"search_term_string"}}],"inLanguage":"de"}]}},"_links":{"self":[{"href":"https:\/\/decofoodshop.nl\/de\/wp-json\/wp\/v2\/product\/1891","targetHints":{"allow":["GET"]}}],"collection":[{"href":"https:\/\/decofoodshop.nl\/de\/wp-json\/wp\/v2\/product"}],"about":[{"href":"https:\/\/decofoodshop.nl\/de\/wp-json\/wp\/v2\/types\/product"}],"wp:featuredmedia":[{"embeddable":true,"href":"https:\/\/decofoodshop.nl\/de\/wp-json\/wp\/v2\/media\/1892"}],"wp:attachment":[{"href":"https:\/\/decofoodshop.nl\/de\/wp-json\/wp\/v2\/media?parent=1891"}],"wp:term":[{"taxonomy":"product_brand","embeddable":true,"href":"https:\/\/decofoodshop.nl\/de\/wp-json\/wp\/v2\/product_brand?post=1891"},{"taxonomy":"product_cat","embeddable":true,"href":"https:\/\/decofoodshop.nl\/de\/wp-json\/wp\/v2\/product_cat?post=1891"},{"taxonomy":"product_tag","embeddable":true,"href":"https:\/\/decofoodshop.nl\/de\/wp-json\/wp\/v2\/product_tag?post=1891"}],"curies":[{"name":"wp","href":"https:\/\/api.w.org\/{rel}","templated":true}]}}