{"id":1901,"date":"2019-12-24T08:03:59","date_gmt":"2019-12-24T08:03:59","guid":{"rendered":"https:\/\/decofoodshop.nl\/?post_type=product&#038;p=1901"},"modified":"2026-04-15T09:49:07","modified_gmt":"2026-04-15T07:49:07","slug":"gefalschte-erdbeerpflanze","status":"publish","type":"product","link":"https:\/\/decofoodshop.nl\/de\/product\/nep-aardbei-plantje\/","title":{"rendered":"Gef\u00e4lschte Erdbeerpflanze"},"content":{"rendered":"<p>Sch\u00f6ne gef\u00e4lschte Erdbeerpflanze mit 19 Erdbeeren.<\/p>\n<p>Mit Bl\u00e4ttern mit nat\u00fcrlicher Maserung und 3 wei\u00dfen Bl\u00fcten.<\/p>\n<p>Der St\u00e4ngel der k\u00fcnstlichen Erdbeerpflanze ist dick und verzweigt sich auf sch\u00f6ne nat\u00fcrliche Weise zu d\u00fcnnen Zweigen.<\/p>\n<p>Schauen Sie sich auch unser Sortiment an Kunstgem\u00fcse an:<strong><span style=\"color: #008000;\"> <a style=\"color: #008000;\" href=\"https:\/\/decofoodshop.nl\/de\/produktkategorie-2\/kunstliches-gemuse\/\">\u201eK\u00fcnstliches Gem\u00fcse\u201c<\/a>.<\/span><\/strong><\/p>\n<p>&nbsp;<\/p>","protected":false},"excerpt":{"rendered":"<p>Wundersch\u00f6ne k\u00fcnstliche Erdbeerpflanze mit 19 Erdbeeren. Ausgestattet mit Bl\u00e4ttern mit nat\u00fcrlichen Adern und 3 wei\u00dfen Bl\u00fcten. Der Stamm der k\u00fcnstlichen Erdbeerpflanze ist dick und verzweigt sich auf wundersch\u00f6ne, nat\u00fcrliche Weise in d\u00fcnne Zweige. Schauen Sie sich auch unser Sortiment an Kunstgem\u00fcse an: \u201eK\u00fcnstliches Gem\u00fcse\u201c. &nbsp;<\/p>","protected":false},"featured_media":1902,"template":"","meta":{"_acf_changed":false,"_genesis_hide_title":false,"_genesis_hide_breadcrumbs":false,"_genesis_hide_singular_image":false,"_genesis_hide_footer_widgets":false,"_genesis_custom_body_class":"","_genesis_custom_post_class":"","_genesis_layout":""},"product_brand":[],"product_cat":[47,51],"product_tag":[],"class_list":{"0":"post-1901","1":"product","2":"type-product","3":"status-publish","4":"has-post-thumbnail","6":"product_cat-kunstfruit","7":"product_cat-overige","8":"entry","10":"first","11":"instock","12":"taxable","13":"shipping-taxable","14":"purchasable","15":"product-type-simple"},"acf":[],"yoast_head":"<!-- This site is optimized with the Yoast SEO Premium plugin v27.4 (Yoast SEO v27.4) - https:\/\/yoast.com\/product\/yoast-seo-premium-wordpress\/ -->\n<title>Nep Aardbei Plantje - Verkrijgbaar Bij Decofoodshop<\/title>\n<meta name=\"description\" content=\"Prachtig nep aardbei plantje met 19 mooie aardbeien. uitstekent te gebruiken als decoratie. Ook bieden wij losse aardbeien sets aan.\" \/>\n<meta name=\"robots\" content=\"index, follow, max-snippet:-1, max-image-preview:large, max-video-preview:-1\" \/>\n<link rel=\"canonical\" href=\"https:\/\/decofoodshop.nl\/de\/produkt\/gefalschte-erdbeerpflanze\/\" \/>\n<meta property=\"og:locale\" content=\"de_DE\" \/>\n<meta property=\"og:type\" content=\"article\" \/>\n<meta property=\"og:title\" content=\"Nep Aardbei Plantje\" \/>\n<meta property=\"og:description\" content=\"Prachtig nep aardbei plantje met 19 mooie aardbeien. uitstekent te gebruiken als decoratie. Ook bieden wij losse aardbeien sets aan.\" \/>\n<meta property=\"og:url\" content=\"https:\/\/decofoodshop.nl\/de\/produkt\/gefalschte-erdbeerpflanze\/\" \/>\n<meta property=\"og:site_name\" content=\"Decofoodshop\" \/>\n<meta property=\"article:modified_time\" content=\"2026-04-15T07:49:07+00:00\" \/>\n<meta property=\"og:image\" content=\"https:\/\/decofoodshop.nl\/wp-content\/uploads\/2019\/12\/Nep-Aardbeien-Plantje-20cm.jpg\" \/>\n\t<meta property=\"og:image:width\" content=\"896\" \/>\n\t<meta property=\"og:image:height\" content=\"898\" \/>\n\t<meta property=\"og:image:type\" content=\"image\/jpeg\" \/>\n<meta name=\"twitter:card\" content=\"summary_large_image\" \/>\n<meta name=\"twitter:label1\" content=\"Gesch\u00e4tzte Lesezeit\" \/>\n\t<meta name=\"twitter:data1\" content=\"1\u00a0Minute\" \/>\n<script type=\"application\/ld+json\" class=\"yoast-schema-graph\">{\"@context\":\"https:\\\/\\\/schema.org\",\"@graph\":[{\"@type\":\"WebPage\",\"@id\":\"https:\\\/\\\/decofoodshop.nl\\\/product\\\/nep-aardbei-plantje\\\/\",\"url\":\"https:\\\/\\\/decofoodshop.nl\\\/product\\\/nep-aardbei-plantje\\\/\",\"name\":\"Nep Aardbei Plantje - Verkrijgbaar Bij Decofoodshop\",\"isPartOf\":{\"@id\":\"https:\\\/\\\/decofoodshop.nl\\\/#website\"},\"primaryImageOfPage\":{\"@id\":\"https:\\\/\\\/decofoodshop.nl\\\/product\\\/nep-aardbei-plantje\\\/#primaryimage\"},\"image\":{\"@id\":\"https:\\\/\\\/decofoodshop.nl\\\/product\\\/nep-aardbei-plantje\\\/#primaryimage\"},\"thumbnailUrl\":\"https:\\\/\\\/decofoodshop.nl\\\/wp-content\\\/uploads\\\/2019\\\/12\\\/Nep-Aardbeien-Plantje-20cm.jpg\",\"datePublished\":\"2019-12-24T08:03:59+00:00\",\"dateModified\":\"2026-04-15T07:49:07+00:00\",\"description\":\"Prachtig nep aardbei plantje met 19 mooie aardbeien. uitstekent te gebruiken als decoratie. Ook bieden wij losse aardbeien sets aan.\",\"breadcrumb\":{\"@id\":\"https:\\\/\\\/decofoodshop.nl\\\/product\\\/nep-aardbei-plantje\\\/#breadcrumb\"},\"inLanguage\":\"de\",\"potentialAction\":[{\"@type\":\"ReadAction\",\"target\":[\"https:\\\/\\\/decofoodshop.nl\\\/product\\\/nep-aardbei-plantje\\\/\"]}]},{\"@type\":\"ImageObject\",\"inLanguage\":\"de\",\"@id\":\"https:\\\/\\\/decofoodshop.nl\\\/product\\\/nep-aardbei-plantje\\\/#primaryimage\",\"url\":\"https:\\\/\\\/decofoodshop.nl\\\/wp-content\\\/uploads\\\/2019\\\/12\\\/Nep-Aardbeien-Plantje-20cm.jpg\",\"contentUrl\":\"https:\\\/\\\/decofoodshop.nl\\\/wp-content\\\/uploads\\\/2019\\\/12\\\/Nep-Aardbeien-Plantje-20cm.jpg\",\"width\":896,\"height\":898,\"caption\":\"Nep Aardbei Plantje\"},{\"@type\":\"BreadcrumbList\",\"@id\":\"https:\\\/\\\/decofoodshop.nl\\\/product\\\/nep-aardbei-plantje\\\/#breadcrumb\",\"itemListElement\":[{\"@type\":\"ListItem\",\"position\":1,\"name\":\"Home\",\"item\":\"https:\\\/\\\/decofoodshop.nl\\\/\"},{\"@type\":\"ListItem\",\"position\":2,\"name\":\"Winkel\",\"item\":\"https:\\\/\\\/decofoodshop.nl\\\/winkel\\\/\"},{\"@type\":\"ListItem\",\"position\":3,\"name\":\"Nep Aardbei Plantje\"}]},{\"@type\":\"WebSite\",\"@id\":\"https:\\\/\\\/decofoodshop.nl\\\/#website\",\"url\":\"https:\\\/\\\/decofoodshop.nl\\\/\",\"name\":\"Decofoodshop\",\"description\":\"\",\"potentialAction\":[{\"@type\":\"SearchAction\",\"target\":{\"@type\":\"EntryPoint\",\"urlTemplate\":\"https:\\\/\\\/decofoodshop.nl\\\/?s={search_term_string}\"},\"query-input\":{\"@type\":\"PropertyValueSpecification\",\"valueRequired\":true,\"valueName\":\"search_term_string\"}}],\"inLanguage\":\"de\"}]}<\/script>\n<!-- \/ Yoast SEO Premium plugin. -->","yoast_head_json":{"title":"Gef\u00e4lschte Erdbeerpflanze - Erh\u00e4ltlich bei Decofoodshop","description":"Wundersch\u00f6ne gef\u00e4lschte Erdbeerpflanze mit 19 wundersch\u00f6nen Erdbeeren. hervorragend als Dekoration zu verwenden. Wir bieten auch einzelne Erdbeersets an.","robots":{"index":"index","follow":"follow","max-snippet":"max-snippet:-1","max-image-preview":"max-image-preview:large","max-video-preview":"max-video-preview:-1"},"canonical":"https:\/\/decofoodshop.nl\/de\/produkt\/gefalschte-erdbeerpflanze\/","og_locale":"de_DE","og_type":"article","og_title":"Nep Aardbei Plantje","og_description":"Prachtig nep aardbei plantje met 19 mooie aardbeien. uitstekent te gebruiken als decoratie. Ook bieden wij losse aardbeien sets aan.","og_url":"https:\/\/decofoodshop.nl\/de\/produkt\/gefalschte-erdbeerpflanze\/","og_site_name":"Decofoodshop","article_modified_time":"2026-04-15T07:49:07+00:00","og_image":[{"width":896,"height":898,"url":"https:\/\/decofoodshop.nl\/wp-content\/uploads\/2019\/12\/Nep-Aardbeien-Plantje-20cm.jpg","type":"image\/jpeg"}],"twitter_card":"summary_large_image","twitter_misc":{"Gesch\u00e4tzte Lesezeit":"1\u00a0Minute"},"schema":{"@context":"https:\/\/schema.org","@graph":[{"@type":"WebPage","@id":"https:\/\/decofoodshop.nl\/product\/nep-aardbei-plantje\/","url":"https:\/\/decofoodshop.nl\/product\/nep-aardbei-plantje\/","name":"Gef\u00e4lschte Erdbeerpflanze - Erh\u00e4ltlich bei Decofoodshop","isPartOf":{"@id":"https:\/\/decofoodshop.nl\/#website"},"primaryImageOfPage":{"@id":"https:\/\/decofoodshop.nl\/product\/nep-aardbei-plantje\/#primaryimage"},"image":{"@id":"https:\/\/decofoodshop.nl\/product\/nep-aardbei-plantje\/#primaryimage"},"thumbnailUrl":"https:\/\/decofoodshop.nl\/wp-content\/uploads\/2019\/12\/Nep-Aardbeien-Plantje-20cm.jpg","datePublished":"2019-12-24T08:03:59+00:00","dateModified":"2026-04-15T07:49:07+00:00","description":"Wundersch\u00f6ne gef\u00e4lschte Erdbeerpflanze mit 19 wundersch\u00f6nen Erdbeeren. hervorragend als Dekoration zu verwenden. Wir bieten auch einzelne Erdbeersets an.","breadcrumb":{"@id":"https:\/\/decofoodshop.nl\/product\/nep-aardbei-plantje\/#breadcrumb"},"inLanguage":"de","potentialAction":[{"@type":"ReadAction","target":["https:\/\/decofoodshop.nl\/product\/nep-aardbei-plantje\/"]}]},{"@type":"ImageObject","inLanguage":"de","@id":"https:\/\/decofoodshop.nl\/product\/nep-aardbei-plantje\/#primaryimage","url":"https:\/\/decofoodshop.nl\/wp-content\/uploads\/2019\/12\/Nep-Aardbeien-Plantje-20cm.jpg","contentUrl":"https:\/\/decofoodshop.nl\/wp-content\/uploads\/2019\/12\/Nep-Aardbeien-Plantje-20cm.jpg","width":896,"height":898,"caption":"Nep Aardbei Plantje"},{"@type":"BreadcrumbList","@id":"https:\/\/decofoodshop.nl\/product\/nep-aardbei-plantje\/#breadcrumb","itemListElement":[{"@type":"ListItem","position":1,"name":"Home","item":"https:\/\/decofoodshop.nl\/"},{"@type":"ListItem","position":2,"name":"Winkel","item":"https:\/\/decofoodshop.nl\/winkel\/"},{"@type":"ListItem","position":3,"name":"Nep Aardbei Plantje"}]},{"@type":"WebSite","@id":"https:\/\/decofoodshop.nl\/#website","url":"https:\/\/decofoodshop.nl\/","name":"Dekofoodshop","description":"","potentialAction":[{"@type":"SearchAction","target":{"@type":"EntryPoint","urlTemplate":"https:\/\/decofoodshop.nl\/?s={search_term_string}"},"query-input":{"@type":"PropertyValueSpecification","valueRequired":true,"valueName":"search_term_string"}}],"inLanguage":"de"}]}},"_links":{"self":[{"href":"https:\/\/decofoodshop.nl\/de\/wp-json\/wp\/v2\/product\/1901","targetHints":{"allow":["GET"]}}],"collection":[{"href":"https:\/\/decofoodshop.nl\/de\/wp-json\/wp\/v2\/product"}],"about":[{"href":"https:\/\/decofoodshop.nl\/de\/wp-json\/wp\/v2\/types\/product"}],"wp:featuredmedia":[{"embeddable":true,"href":"https:\/\/decofoodshop.nl\/de\/wp-json\/wp\/v2\/media\/1902"}],"wp:attachment":[{"href":"https:\/\/decofoodshop.nl\/de\/wp-json\/wp\/v2\/media?parent=1901"}],"wp:term":[{"taxonomy":"product_brand","embeddable":true,"href":"https:\/\/decofoodshop.nl\/de\/wp-json\/wp\/v2\/product_brand?post=1901"},{"taxonomy":"product_cat","embeddable":true,"href":"https:\/\/decofoodshop.nl\/de\/wp-json\/wp\/v2\/product_cat?post=1901"},{"taxonomy":"product_tag","embeddable":true,"href":"https:\/\/decofoodshop.nl\/de\/wp-json\/wp\/v2\/product_tag?post=1901"}],"curies":[{"name":"wp","href":"https:\/\/api.w.org\/{rel}","templated":true}]}}