{"id":1905,"date":"2019-12-24T08:26:10","date_gmt":"2019-12-24T08:26:10","guid":{"rendered":"https:\/\/decofoodshop.nl\/?post_type=product&#038;p=1905"},"modified":"2026-03-02T13:58:12","modified_gmt":"2026-03-02T12:58:12","slug":"gefalschte-garnelen-set","status":"publish","type":"product","link":"https:\/\/decofoodshop.nl\/de\/product\/namaak-garnalen-set\/","title":{"rendered":"Gef\u00e4lschtes Garnelen-Set"},"content":{"rendered":"<p>Sch\u00f6nes Garnelen-Fake-Set mit 6 St\u00fcck pro Set.<\/p>\n<p>Sie sind aus biegsamem Material und zudem sehr robust und nicht zerbrechlich.<\/p>\n<p>Die Kunstgarnelen sind super detailliert.<\/p>\n<p>Die Farbe ist naturgetreu und flie\u00dft sch\u00f6n f\u00fcr einen nat\u00fcrlichen Look.<\/p>\n<p>Tipp: Schauen Sie sich auch unser Angebot an:<strong><span style=\"color: #008000;\"> <a style=\"color: #008000;\" href=\"https:\/\/decofoodshop.nl\/de\/produktkategorie-2\/pakete\/\">&#039;Pakete&#039;<\/a>.<\/span><\/strong><\/p>","protected":false},"excerpt":{"rendered":"<p>Wundersch\u00f6nes Garnelenimitat-Set mit 6 St\u00fcck pro Set. Sie bestehen aus biegbarem Material und sind zudem sehr stabil und nicht zerbrechlich. Die k\u00fcnstlichen Garnelen sind super detailliert. Die Farbe ist nat\u00fcrlich und l\u00e4sst sich wunderbar vermischen f\u00fcr ein nat\u00fcrliches Aussehen. Tipp: Schauen Sie sich auch unser Angebot \u201ePakete\u201c an.<\/p>","protected":false},"featured_media":1933,"template":"","meta":{"_acf_changed":false,"_genesis_hide_title":false,"_genesis_hide_breadcrumbs":false,"_genesis_hide_singular_image":false,"_genesis_hide_footer_widgets":false,"_genesis_custom_body_class":"","_genesis_custom_post_class":"","_genesis_layout":""},"product_brand":[],"product_cat":[50],"product_tag":[],"class_list":{"0":"post-1905","1":"product","2":"type-product","3":"status-publish","4":"has-post-thumbnail","6":"product_cat-namaak-vis-en-vlees","7":"entry","8":"wpx-has-gallery","10":"first","11":"instock","12":"taxable","13":"shipping-taxable","14":"purchasable","15":"product-type-simple"},"acf":[],"yoast_head":"<!-- This site is optimized with the Yoast SEO Premium plugin v27.3 (Yoast SEO v27.3) - https:\/\/yoast.com\/product\/yoast-seo-premium-wordpress\/ -->\n<title>Namaak Garnalen Set - Verkijgbaar Bij Decofoodshop<\/title>\n<meta name=\"description\" content=\"Mooie set van 6 namaak garnalen. Prachtig gedetailleerd en uiterst goed te gebruiken als decoratie. Decofoodshop voor ruime keuze nepvis.\" \/>\n<meta name=\"robots\" content=\"index, follow, max-snippet:-1, max-image-preview:large, max-video-preview:-1\" \/>\n<link rel=\"canonical\" href=\"https:\/\/decofoodshop.nl\/de\/produkt\/gefalschte-garnelen-set\/\" \/>\n<meta property=\"og:locale\" content=\"de_DE\" \/>\n<meta property=\"og:type\" content=\"article\" \/>\n<meta property=\"og:title\" content=\"Namaak Garnalen Set\" \/>\n<meta property=\"og:description\" content=\"Mooie set van 6 namaak garnalen. Prachtig gedetailleerd en uiterst goed te gebruiken als decoratie. Decofoodshop voor ruime keuze nepvis.\" \/>\n<meta property=\"og:url\" content=\"https:\/\/decofoodshop.nl\/de\/produkt\/gefalschte-garnelen-set\/\" \/>\n<meta property=\"og:site_name\" content=\"Decofoodshop\" \/>\n<meta property=\"article:modified_time\" content=\"2026-03-02T12:58:12+00:00\" \/>\n<meta property=\"og:image\" content=\"https:\/\/decofoodshop.nl\/wp-content\/uploads\/2019\/12\/Namaak-Garnalen-9cm-Set-van-6-stuks-1.jpg\" \/>\n\t<meta property=\"og:image:width\" content=\"1358\" \/>\n\t<meta property=\"og:image:height\" content=\"1366\" \/>\n\t<meta property=\"og:image:type\" content=\"image\/jpeg\" \/>\n<meta name=\"twitter:card\" content=\"summary_large_image\" \/>\n<meta name=\"twitter:label1\" content=\"Gesch\u00e4tzte Lesezeit\" \/>\n\t<meta name=\"twitter:data1\" content=\"1\u00a0Minute\" \/>\n<script type=\"application\/ld+json\" class=\"yoast-schema-graph\">{\"@context\":\"https:\\\/\\\/schema.org\",\"@graph\":[{\"@type\":\"WebPage\",\"@id\":\"https:\\\/\\\/decofoodshop.nl\\\/product\\\/namaak-garnalen-set\\\/\",\"url\":\"https:\\\/\\\/decofoodshop.nl\\\/product\\\/namaak-garnalen-set\\\/\",\"name\":\"Namaak Garnalen Set - Verkijgbaar Bij Decofoodshop\",\"isPartOf\":{\"@id\":\"https:\\\/\\\/decofoodshop.nl\\\/#website\"},\"primaryImageOfPage\":{\"@id\":\"https:\\\/\\\/decofoodshop.nl\\\/product\\\/namaak-garnalen-set\\\/#primaryimage\"},\"image\":{\"@id\":\"https:\\\/\\\/decofoodshop.nl\\\/product\\\/namaak-garnalen-set\\\/#primaryimage\"},\"thumbnailUrl\":\"https:\\\/\\\/decofoodshop.nl\\\/wp-content\\\/uploads\\\/2019\\\/12\\\/Namaak-Garnalen-9cm-Set-van-6-stuks-1.jpg\",\"datePublished\":\"2019-12-24T08:26:10+00:00\",\"dateModified\":\"2026-03-02T12:58:12+00:00\",\"description\":\"Mooie set van 6 namaak garnalen. Prachtig gedetailleerd en uiterst goed te gebruiken als decoratie. Decofoodshop voor ruime keuze nepvis.\",\"breadcrumb\":{\"@id\":\"https:\\\/\\\/decofoodshop.nl\\\/product\\\/namaak-garnalen-set\\\/#breadcrumb\"},\"inLanguage\":\"de\",\"potentialAction\":[{\"@type\":\"ReadAction\",\"target\":[\"https:\\\/\\\/decofoodshop.nl\\\/product\\\/namaak-garnalen-set\\\/\"]}]},{\"@type\":\"ImageObject\",\"inLanguage\":\"de\",\"@id\":\"https:\\\/\\\/decofoodshop.nl\\\/product\\\/namaak-garnalen-set\\\/#primaryimage\",\"url\":\"https:\\\/\\\/decofoodshop.nl\\\/wp-content\\\/uploads\\\/2019\\\/12\\\/Namaak-Garnalen-9cm-Set-van-6-stuks-1.jpg\",\"contentUrl\":\"https:\\\/\\\/decofoodshop.nl\\\/wp-content\\\/uploads\\\/2019\\\/12\\\/Namaak-Garnalen-9cm-Set-van-6-stuks-1.jpg\",\"width\":1358,\"height\":1366,\"caption\":\"Namaak Garnalen Set\"},{\"@type\":\"BreadcrumbList\",\"@id\":\"https:\\\/\\\/decofoodshop.nl\\\/product\\\/namaak-garnalen-set\\\/#breadcrumb\",\"itemListElement\":[{\"@type\":\"ListItem\",\"position\":1,\"name\":\"Home\",\"item\":\"https:\\\/\\\/decofoodshop.nl\\\/\"},{\"@type\":\"ListItem\",\"position\":2,\"name\":\"Winkel\",\"item\":\"https:\\\/\\\/decofoodshop.nl\\\/winkel\\\/\"},{\"@type\":\"ListItem\",\"position\":3,\"name\":\"Namaak Garnalen Set\"}]},{\"@type\":\"WebSite\",\"@id\":\"https:\\\/\\\/decofoodshop.nl\\\/#website\",\"url\":\"https:\\\/\\\/decofoodshop.nl\\\/\",\"name\":\"Decofoodshop\",\"description\":\"\",\"potentialAction\":[{\"@type\":\"SearchAction\",\"target\":{\"@type\":\"EntryPoint\",\"urlTemplate\":\"https:\\\/\\\/decofoodshop.nl\\\/?s={search_term_string}\"},\"query-input\":{\"@type\":\"PropertyValueSpecification\",\"valueRequired\":true,\"valueName\":\"search_term_string\"}}],\"inLanguage\":\"de\"}]}<\/script>\n<!-- \/ Yoast SEO Premium plugin. -->","yoast_head_json":{"title":"Gef\u00e4lschtes Garnelen-Set \u2013 erh\u00e4ltlich bei Decofoodshop","description":"Sch\u00f6nes Set mit 6 falschen Garnelen. Wundersch\u00f6n detailliert und sehr gut als Dekoration zu verwenden. Decofoodshop f\u00fcr eine gro\u00dfe Auswahl an k\u00fcnstlichen Fischen.","robots":{"index":"index","follow":"follow","max-snippet":"max-snippet:-1","max-image-preview":"max-image-preview:large","max-video-preview":"max-video-preview:-1"},"canonical":"https:\/\/decofoodshop.nl\/de\/produkt\/gefalschte-garnelen-set\/","og_locale":"de_DE","og_type":"article","og_title":"Namaak Garnalen Set","og_description":"Mooie set van 6 namaak garnalen. Prachtig gedetailleerd en uiterst goed te gebruiken als decoratie. Decofoodshop voor ruime keuze nepvis.","og_url":"https:\/\/decofoodshop.nl\/de\/produkt\/gefalschte-garnelen-set\/","og_site_name":"Decofoodshop","article_modified_time":"2026-03-02T12:58:12+00:00","og_image":[{"width":1358,"height":1366,"url":"https:\/\/decofoodshop.nl\/wp-content\/uploads\/2019\/12\/Namaak-Garnalen-9cm-Set-van-6-stuks-1.jpg","type":"image\/jpeg"}],"twitter_card":"summary_large_image","twitter_misc":{"Gesch\u00e4tzte Lesezeit":"1\u00a0Minute"},"schema":{"@context":"https:\/\/schema.org","@graph":[{"@type":"WebPage","@id":"https:\/\/decofoodshop.nl\/product\/namaak-garnalen-set\/","url":"https:\/\/decofoodshop.nl\/product\/namaak-garnalen-set\/","name":"Gef\u00e4lschtes Garnelen-Set \u2013 erh\u00e4ltlich bei Decofoodshop","isPartOf":{"@id":"https:\/\/decofoodshop.nl\/#website"},"primaryImageOfPage":{"@id":"https:\/\/decofoodshop.nl\/product\/namaak-garnalen-set\/#primaryimage"},"image":{"@id":"https:\/\/decofoodshop.nl\/product\/namaak-garnalen-set\/#primaryimage"},"thumbnailUrl":"https:\/\/decofoodshop.nl\/wp-content\/uploads\/2019\/12\/Namaak-Garnalen-9cm-Set-van-6-stuks-1.jpg","datePublished":"2019-12-24T08:26:10+00:00","dateModified":"2026-03-02T12:58:12+00:00","description":"Sch\u00f6nes Set mit 6 falschen Garnelen. Wundersch\u00f6n detailliert und sehr gut als Dekoration zu verwenden. Decofoodshop f\u00fcr eine gro\u00dfe Auswahl an k\u00fcnstlichen Fischen.","breadcrumb":{"@id":"https:\/\/decofoodshop.nl\/product\/namaak-garnalen-set\/#breadcrumb"},"inLanguage":"de","potentialAction":[{"@type":"ReadAction","target":["https:\/\/decofoodshop.nl\/product\/namaak-garnalen-set\/"]}]},{"@type":"ImageObject","inLanguage":"de","@id":"https:\/\/decofoodshop.nl\/product\/namaak-garnalen-set\/#primaryimage","url":"https:\/\/decofoodshop.nl\/wp-content\/uploads\/2019\/12\/Namaak-Garnalen-9cm-Set-van-6-stuks-1.jpg","contentUrl":"https:\/\/decofoodshop.nl\/wp-content\/uploads\/2019\/12\/Namaak-Garnalen-9cm-Set-van-6-stuks-1.jpg","width":1358,"height":1366,"caption":"Namaak Garnalen Set"},{"@type":"BreadcrumbList","@id":"https:\/\/decofoodshop.nl\/product\/namaak-garnalen-set\/#breadcrumb","itemListElement":[{"@type":"ListItem","position":1,"name":"Home","item":"https:\/\/decofoodshop.nl\/"},{"@type":"ListItem","position":2,"name":"Winkel","item":"https:\/\/decofoodshop.nl\/winkel\/"},{"@type":"ListItem","position":3,"name":"Namaak Garnalen Set"}]},{"@type":"WebSite","@id":"https:\/\/decofoodshop.nl\/#website","url":"https:\/\/decofoodshop.nl\/","name":"Dekofoodshop","description":"","potentialAction":[{"@type":"SearchAction","target":{"@type":"EntryPoint","urlTemplate":"https:\/\/decofoodshop.nl\/?s={search_term_string}"},"query-input":{"@type":"PropertyValueSpecification","valueRequired":true,"valueName":"search_term_string"}}],"inLanguage":"de"}]}},"_links":{"self":[{"href":"https:\/\/decofoodshop.nl\/de\/wp-json\/wp\/v2\/product\/1905","targetHints":{"allow":["GET"]}}],"collection":[{"href":"https:\/\/decofoodshop.nl\/de\/wp-json\/wp\/v2\/product"}],"about":[{"href":"https:\/\/decofoodshop.nl\/de\/wp-json\/wp\/v2\/types\/product"}],"wp:featuredmedia":[{"embeddable":true,"href":"https:\/\/decofoodshop.nl\/de\/wp-json\/wp\/v2\/media\/1933"}],"wp:attachment":[{"href":"https:\/\/decofoodshop.nl\/de\/wp-json\/wp\/v2\/media?parent=1905"}],"wp:term":[{"taxonomy":"product_brand","embeddable":true,"href":"https:\/\/decofoodshop.nl\/de\/wp-json\/wp\/v2\/product_brand?post=1905"},{"taxonomy":"product_cat","embeddable":true,"href":"https:\/\/decofoodshop.nl\/de\/wp-json\/wp\/v2\/product_cat?post=1905"},{"taxonomy":"product_tag","embeddable":true,"href":"https:\/\/decofoodshop.nl\/de\/wp-json\/wp\/v2\/product_tag?post=1905"}],"curies":[{"name":"wp","href":"https:\/\/api.w.org\/{rel}","templated":true}]}}