{"id":1936,"date":"2020-01-03T08:45:00","date_gmt":"2020-01-03T08:45:00","guid":{"rendered":"https:\/\/decofoodshop.nl\/?post_type=product&#038;p=1936"},"modified":"2026-03-19T11:49:37","modified_gmt":"2026-03-19T10:49:37","slug":"gefalschte-scholle","status":"publish","type":"product","link":"https:\/\/decofoodshop.nl\/de\/product\/namaak-schol\/","title":{"rendered":"Gef\u00e4lschte Schule"},"content":{"rendered":"<p>Sch\u00f6ne dekorative Fake Scholle.<\/p>\n<p>Die k\u00fcnstliche Scholle ist biegsam und farblich sehr detailliert.<\/p>\n<p>Die Oberfl\u00e4che ist rau und uneben f\u00fcr ein \u00e4u\u00dferst realistisches Gef\u00fchl.<\/p>\n<p>Diese gef\u00e4lschte Scholle hat auch eine nat\u00fcrliche Form und ist in voller Gr\u00f6\u00dfe.<\/p>\n<p>Bitte beachten Sie auch unsere<strong><span style=\"color: #008000;\"> <a style=\"color: #008000;\" href=\"https:\/\/decofoodshop.nl\/de\/produktkategorie-2\/pakete\/\">&#039;Pakete&#039;<\/a> <\/span><\/strong>f\u00fcr eine gro\u00dfe Auswahl an vorkonfektionierten Paketen.<\/p>","protected":false},"excerpt":{"rendered":"<p>Wundersch\u00f6ne dekorative Schollenimitation. Die k\u00fcnstliche Scholle ist biegsam und sehr detailliert in der Farbe. Die Oberfl\u00e4che ist rau und uneben und sorgt f\u00fcr ein \u00e4u\u00dferst realistisches Gef\u00fchl. Auch diese k\u00fcnstliche Scholle hat eine nat\u00fcrliche Form und ist in voller Gr\u00f6\u00dfe. Bitte werfen Sie auch einen Blick auf unsere \u201ePakete\u201c f\u00fcr eine Vielzahl bereits zusammengestellter Pakete.<\/p>","protected":false},"featured_media":13246,"template":"","meta":{"_acf_changed":false,"_genesis_hide_title":false,"_genesis_hide_breadcrumbs":false,"_genesis_hide_singular_image":false,"_genesis_hide_footer_widgets":false,"_genesis_custom_body_class":"","_genesis_custom_post_class":"","_genesis_layout":""},"product_brand":[],"product_cat":[50],"product_tag":[],"class_list":{"0":"post-1936","1":"product","2":"type-product","3":"status-publish","4":"has-post-thumbnail","6":"product_cat-namaak-vis-en-vlees","7":"entry","8":"wpx-has-gallery","10":"first","11":"instock","12":"taxable","13":"shipping-taxable","14":"purchasable","15":"product-type-simple"},"acf":[],"yoast_head":"<!-- This site is optimized with the Yoast SEO Premium plugin v27.3 (Yoast SEO v27.4) - https:\/\/yoast.com\/product\/yoast-seo-premium-wordpress\/ -->\n<title>Namaak Schol - Kunst Vis &amp; Vlees - Verkrijgbaar Bij Decofoodshop<\/title>\n<meta name=\"description\" content=\"Deze natuurlijke namaak schol is \u00e9\u00e9n van de vele mooie decoratie vissen die wij aanbieden in onze veelzijdige webshop, Decofoodshop.nl\" \/>\n<meta name=\"robots\" content=\"index, follow, max-snippet:-1, max-image-preview:large, max-video-preview:-1\" \/>\n<link rel=\"canonical\" href=\"https:\/\/decofoodshop.nl\/de\/produkt\/gefalschte-scholle\/\" \/>\n<meta property=\"og:locale\" content=\"de_DE\" \/>\n<meta property=\"og:type\" content=\"article\" \/>\n<meta property=\"og:title\" content=\"Namaak Schol\" \/>\n<meta property=\"og:description\" content=\"Deze natuurlijke namaak schol is \u00e9\u00e9n van de vele mooie decoratie vissen die wij aanbieden in onze veelzijdige webshop, Decofoodshop.nl\" \/>\n<meta property=\"og:url\" content=\"https:\/\/decofoodshop.nl\/de\/produkt\/gefalschte-scholle\/\" \/>\n<meta property=\"og:site_name\" content=\"Decofoodshop\" \/>\n<meta property=\"article:modified_time\" content=\"2026-03-19T10:49:37+00:00\" \/>\n<meta property=\"og:image\" content=\"https:\/\/decofoodshop.nl\/wp-content\/uploads\/2020\/01\/Namaak-Schol-vooraanzicht-scaled.jpg\" \/>\n\t<meta property=\"og:image:width\" content=\"2560\" \/>\n\t<meta property=\"og:image:height\" content=\"2560\" \/>\n\t<meta property=\"og:image:type\" content=\"image\/jpeg\" \/>\n<meta name=\"twitter:card\" content=\"summary_large_image\" \/>\n<meta name=\"twitter:label1\" content=\"Gesch\u00e4tzte Lesezeit\" \/>\n\t<meta name=\"twitter:data1\" content=\"1\u00a0Minute\" \/>\n<script type=\"application\/ld+json\" class=\"yoast-schema-graph\">{\"@context\":\"https:\\\/\\\/schema.org\",\"@graph\":[{\"@type\":\"WebPage\",\"@id\":\"https:\\\/\\\/decofoodshop.nl\\\/product\\\/namaak-schol\\\/\",\"url\":\"https:\\\/\\\/decofoodshop.nl\\\/product\\\/namaak-schol\\\/\",\"name\":\"Namaak Schol - Kunst Vis & Vlees - Verkrijgbaar Bij Decofoodshop\",\"isPartOf\":{\"@id\":\"https:\\\/\\\/decofoodshop.nl\\\/#website\"},\"primaryImageOfPage\":{\"@id\":\"https:\\\/\\\/decofoodshop.nl\\\/product\\\/namaak-schol\\\/#primaryimage\"},\"image\":{\"@id\":\"https:\\\/\\\/decofoodshop.nl\\\/product\\\/namaak-schol\\\/#primaryimage\"},\"thumbnailUrl\":\"https:\\\/\\\/decofoodshop.nl\\\/wp-content\\\/uploads\\\/2020\\\/01\\\/Namaak-Schol-vooraanzicht-scaled.jpg\",\"datePublished\":\"2020-01-03T08:45:00+00:00\",\"dateModified\":\"2026-03-19T10:49:37+00:00\",\"description\":\"Deze natuurlijke namaak schol is \u00e9\u00e9n van de vele mooie decoratie vissen die wij aanbieden in onze veelzijdige webshop, Decofoodshop.nl\",\"breadcrumb\":{\"@id\":\"https:\\\/\\\/decofoodshop.nl\\\/product\\\/namaak-schol\\\/#breadcrumb\"},\"inLanguage\":\"de\",\"potentialAction\":[{\"@type\":\"ReadAction\",\"target\":[\"https:\\\/\\\/decofoodshop.nl\\\/product\\\/namaak-schol\\\/\"]}]},{\"@type\":\"ImageObject\",\"inLanguage\":\"de\",\"@id\":\"https:\\\/\\\/decofoodshop.nl\\\/product\\\/namaak-schol\\\/#primaryimage\",\"url\":\"https:\\\/\\\/decofoodshop.nl\\\/wp-content\\\/uploads\\\/2020\\\/01\\\/Namaak-Schol-vooraanzicht-scaled.jpg\",\"contentUrl\":\"https:\\\/\\\/decofoodshop.nl\\\/wp-content\\\/uploads\\\/2020\\\/01\\\/Namaak-Schol-vooraanzicht-scaled.jpg\",\"width\":2560,\"height\":2560},{\"@type\":\"BreadcrumbList\",\"@id\":\"https:\\\/\\\/decofoodshop.nl\\\/product\\\/namaak-schol\\\/#breadcrumb\",\"itemListElement\":[{\"@type\":\"ListItem\",\"position\":1,\"name\":\"Home\",\"item\":\"https:\\\/\\\/decofoodshop.nl\\\/\"},{\"@type\":\"ListItem\",\"position\":2,\"name\":\"Winkel\",\"item\":\"https:\\\/\\\/decofoodshop.nl\\\/winkel\\\/\"},{\"@type\":\"ListItem\",\"position\":3,\"name\":\"Namaak Schol\"}]},{\"@type\":\"WebSite\",\"@id\":\"https:\\\/\\\/decofoodshop.nl\\\/#website\",\"url\":\"https:\\\/\\\/decofoodshop.nl\\\/\",\"name\":\"Decofoodshop\",\"description\":\"\",\"potentialAction\":[{\"@type\":\"SearchAction\",\"target\":{\"@type\":\"EntryPoint\",\"urlTemplate\":\"https:\\\/\\\/decofoodshop.nl\\\/?s={search_term_string}\"},\"query-input\":{\"@type\":\"PropertyValueSpecification\",\"valueRequired\":true,\"valueName\":\"search_term_string\"}}],\"inLanguage\":\"de\"}]}<\/script>\n<!-- \/ Yoast SEO Premium plugin. -->","yoast_head_json":{"title":"Fake Scholle - Art Fish &amp; Meat - Erh\u00e4ltlich bei Decofoodshop","description":"Diese nat\u00fcrliche Scholle ist einer der vielen sch\u00f6nen Zierfische, die wir in unserem vielseitigen Webshop Decofoodshop.nl anbieten","robots":{"index":"index","follow":"follow","max-snippet":"max-snippet:-1","max-image-preview":"max-image-preview:large","max-video-preview":"max-video-preview:-1"},"canonical":"https:\/\/decofoodshop.nl\/de\/produkt\/gefalschte-scholle\/","og_locale":"de_DE","og_type":"article","og_title":"Namaak Schol","og_description":"Deze natuurlijke namaak schol is \u00e9\u00e9n van de vele mooie decoratie vissen die wij aanbieden in onze veelzijdige webshop, Decofoodshop.nl","og_url":"https:\/\/decofoodshop.nl\/de\/produkt\/gefalschte-scholle\/","og_site_name":"Decofoodshop","article_modified_time":"2026-03-19T10:49:37+00:00","og_image":[{"width":2560,"height":2560,"url":"https:\/\/decofoodshop.nl\/wp-content\/uploads\/2020\/01\/Namaak-Schol-vooraanzicht-scaled.jpg","type":"image\/jpeg"}],"twitter_card":"summary_large_image","twitter_misc":{"Gesch\u00e4tzte Lesezeit":"1\u00a0Minute"},"schema":{"@context":"https:\/\/schema.org","@graph":[{"@type":"WebPage","@id":"https:\/\/decofoodshop.nl\/product\/namaak-schol\/","url":"https:\/\/decofoodshop.nl\/product\/namaak-schol\/","name":"Fake Scholle - Art Fish &amp; Meat - Erh\u00e4ltlich bei Decofoodshop","isPartOf":{"@id":"https:\/\/decofoodshop.nl\/#website"},"primaryImageOfPage":{"@id":"https:\/\/decofoodshop.nl\/product\/namaak-schol\/#primaryimage"},"image":{"@id":"https:\/\/decofoodshop.nl\/product\/namaak-schol\/#primaryimage"},"thumbnailUrl":"https:\/\/decofoodshop.nl\/wp-content\/uploads\/2020\/01\/Namaak-Schol-vooraanzicht-scaled.jpg","datePublished":"2020-01-03T08:45:00+00:00","dateModified":"2026-03-19T10:49:37+00:00","description":"Diese nat\u00fcrliche Scholle ist einer der vielen sch\u00f6nen Zierfische, die wir in unserem vielseitigen Webshop Decofoodshop.nl anbieten","breadcrumb":{"@id":"https:\/\/decofoodshop.nl\/product\/namaak-schol\/#breadcrumb"},"inLanguage":"de","potentialAction":[{"@type":"ReadAction","target":["https:\/\/decofoodshop.nl\/product\/namaak-schol\/"]}]},{"@type":"ImageObject","inLanguage":"de","@id":"https:\/\/decofoodshop.nl\/product\/namaak-schol\/#primaryimage","url":"https:\/\/decofoodshop.nl\/wp-content\/uploads\/2020\/01\/Namaak-Schol-vooraanzicht-scaled.jpg","contentUrl":"https:\/\/decofoodshop.nl\/wp-content\/uploads\/2020\/01\/Namaak-Schol-vooraanzicht-scaled.jpg","width":2560,"height":2560},{"@type":"BreadcrumbList","@id":"https:\/\/decofoodshop.nl\/product\/namaak-schol\/#breadcrumb","itemListElement":[{"@type":"ListItem","position":1,"name":"Home","item":"https:\/\/decofoodshop.nl\/"},{"@type":"ListItem","position":2,"name":"Winkel","item":"https:\/\/decofoodshop.nl\/winkel\/"},{"@type":"ListItem","position":3,"name":"Namaak Schol"}]},{"@type":"WebSite","@id":"https:\/\/decofoodshop.nl\/#website","url":"https:\/\/decofoodshop.nl\/","name":"Dekofoodshop","description":"","potentialAction":[{"@type":"SearchAction","target":{"@type":"EntryPoint","urlTemplate":"https:\/\/decofoodshop.nl\/?s={search_term_string}"},"query-input":{"@type":"PropertyValueSpecification","valueRequired":true,"valueName":"search_term_string"}}],"inLanguage":"de"}]}},"_links":{"self":[{"href":"https:\/\/decofoodshop.nl\/de\/wp-json\/wp\/v2\/product\/1936","targetHints":{"allow":["GET"]}}],"collection":[{"href":"https:\/\/decofoodshop.nl\/de\/wp-json\/wp\/v2\/product"}],"about":[{"href":"https:\/\/decofoodshop.nl\/de\/wp-json\/wp\/v2\/types\/product"}],"wp:featuredmedia":[{"embeddable":true,"href":"https:\/\/decofoodshop.nl\/de\/wp-json\/wp\/v2\/media\/13246"}],"wp:attachment":[{"href":"https:\/\/decofoodshop.nl\/de\/wp-json\/wp\/v2\/media?parent=1936"}],"wp:term":[{"taxonomy":"product_brand","embeddable":true,"href":"https:\/\/decofoodshop.nl\/de\/wp-json\/wp\/v2\/product_brand?post=1936"},{"taxonomy":"product_cat","embeddable":true,"href":"https:\/\/decofoodshop.nl\/de\/wp-json\/wp\/v2\/product_cat?post=1936"},{"taxonomy":"product_tag","embeddable":true,"href":"https:\/\/decofoodshop.nl\/de\/wp-json\/wp\/v2\/product_tag?post=1936"}],"curies":[{"name":"wp","href":"https:\/\/api.w.org\/{rel}","templated":true}]}}