{"id":1946,"date":"2020-01-03T09:12:44","date_gmt":"2020-01-03T09:12:44","guid":{"rendered":"https:\/\/decofoodshop.nl\/?post_type=product&#038;p=1946"},"modified":"2026-04-02T08:04:52","modified_gmt":"2026-04-02T06:04:52","slug":"gefalschter-bass","status":"publish","type":"product","link":"https:\/\/decofoodshop.nl\/de\/product\/namaak-baars\/","title":{"rendered":"Gef\u00e4lschter Barsch"},"content":{"rendered":"<p>Dekorativer Kunstbarsch mit sch\u00f6nen Farben.<\/p>\n<p>Der k\u00fcnstliche Barsch ist leicht biegsam und hat wundersch\u00f6ne Knopfaugen mit gelbem Rand.<\/p>\n<p>Seine stacheligen Flossen und sein Schwanz lassen den falschen Barsch noch realistischer aussehen.<\/p>\n<p>Er eignet sich hervorragend als Dekoration und auch gut in Kombination mit unseren anderen Fischen.<\/p>\n<p>Wenn Sie mehrere Artikel w\u00fcnschen, k\u00f6nnen Sie auch einen Blick auf unsere werfen<strong><span style=\"color: #008000;\"> <a style=\"color: #008000;\" href=\"https:\/\/decofoodshop.nl\/de\/produktkategorie-2\/pakete\/\">&#039;Pakete&#039;<\/a>.<\/span><\/strong><\/p>","protected":false},"excerpt":{"rendered":"<p>Decoratieve Namaak Baars met mooie kleuren. De nep baars is licht buigbaar en heeft mooie kraaloogjes met een gele rand. Door zijn stekelige vinnen en staart lijkt de namaak baars nog realistischer. Hij is uiterst goed te gebruiken als decoratie en ook goed in combinatie met onze andere vissen. Als u meerdere artikelen wilt kunt [&hellip;]<\/p>\n","protected":false},"featured_media":1947,"template":"","meta":{"_acf_changed":false,"_genesis_hide_title":false,"_genesis_hide_breadcrumbs":false,"_genesis_hide_singular_image":false,"_genesis_hide_footer_widgets":false,"_genesis_custom_body_class":"","_genesis_custom_post_class":"","_genesis_layout":""},"product_brand":[],"product_cat":[50],"product_tag":[],"class_list":{"0":"post-1946","1":"product","2":"type-product","3":"status-publish","4":"has-post-thumbnail","6":"product_cat-namaak-vis-en-vlees","7":"entry","8":"wpx-has-gallery","10":"first","11":"instock","12":"taxable","13":"shipping-taxable","14":"purchasable","15":"product-type-simple"},"acf":[],"yoast_head":"<!-- This site is optimized with the Yoast SEO Premium plugin v27.3 (Yoast SEO v27.3) - https:\/\/yoast.com\/product\/yoast-seo-premium-wordpress\/ -->\n<title>Decoratie Namaak Baars - Verkrijgbaar Bij Decofoodshop<\/title>\n<meta name=\"description\" content=\"Prachtige namaak baars verkijgbaar bij onze veelzijdige webshop. Wij bieden namaak fruit, groente, brood&amp;gebak en nog veel meer aan!\" \/>\n<meta name=\"robots\" content=\"index, follow, max-snippet:-1, max-image-preview:large, max-video-preview:-1\" \/>\n<link rel=\"canonical\" href=\"https:\/\/decofoodshop.nl\/de\/produkt\/gefalschter-bass\/\" \/>\n<meta property=\"og:locale\" content=\"de_DE\" \/>\n<meta property=\"og:type\" content=\"article\" \/>\n<meta property=\"og:title\" content=\"Namaak Baars\" \/>\n<meta property=\"og:description\" content=\"Prachtige namaak baars verkijgbaar bij onze veelzijdige webshop. Wij bieden namaak fruit, groente, brood&amp;gebak en nog veel meer aan!\" \/>\n<meta property=\"og:url\" content=\"https:\/\/decofoodshop.nl\/de\/produkt\/gefalschter-bass\/\" \/>\n<meta property=\"og:site_name\" content=\"Decofoodshop\" \/>\n<meta property=\"article:modified_time\" content=\"2026-04-02T06:04:52+00:00\" \/>\n<meta property=\"og:image\" content=\"https:\/\/decofoodshop.nl\/wp-content\/uploads\/2020\/01\/Namaak-Baars-36cm.jpg\" \/>\n\t<meta property=\"og:image:width\" content=\"718\" \/>\n\t<meta property=\"og:image:height\" content=\"716\" \/>\n\t<meta property=\"og:image:type\" content=\"image\/jpeg\" \/>\n<meta name=\"twitter:card\" content=\"summary_large_image\" \/>\n<meta name=\"twitter:label1\" content=\"Gesch\u00e4tzte Lesezeit\" \/>\n\t<meta name=\"twitter:data1\" content=\"1\u00a0Minute\" \/>\n<script type=\"application\/ld+json\" class=\"yoast-schema-graph\">{\"@context\":\"https:\\\/\\\/schema.org\",\"@graph\":[{\"@type\":\"WebPage\",\"@id\":\"https:\\\/\\\/decofoodshop.nl\\\/product\\\/namaak-baars\\\/\",\"url\":\"https:\\\/\\\/decofoodshop.nl\\\/product\\\/namaak-baars\\\/\",\"name\":\"Decoratie Namaak Baars - Verkrijgbaar Bij Decofoodshop\",\"isPartOf\":{\"@id\":\"https:\\\/\\\/decofoodshop.nl\\\/#website\"},\"primaryImageOfPage\":{\"@id\":\"https:\\\/\\\/decofoodshop.nl\\\/product\\\/namaak-baars\\\/#primaryimage\"},\"image\":{\"@id\":\"https:\\\/\\\/decofoodshop.nl\\\/product\\\/namaak-baars\\\/#primaryimage\"},\"thumbnailUrl\":\"https:\\\/\\\/decofoodshop.nl\\\/wp-content\\\/uploads\\\/2020\\\/01\\\/Namaak-Baars-36cm.jpg\",\"datePublished\":\"2020-01-03T09:12:44+00:00\",\"dateModified\":\"2026-04-02T06:04:52+00:00\",\"description\":\"Prachtige namaak baars verkijgbaar bij onze veelzijdige webshop. Wij bieden namaak fruit, groente, brood&gebak en nog veel meer aan!\",\"breadcrumb\":{\"@id\":\"https:\\\/\\\/decofoodshop.nl\\\/product\\\/namaak-baars\\\/#breadcrumb\"},\"inLanguage\":\"de\",\"potentialAction\":[{\"@type\":\"ReadAction\",\"target\":[\"https:\\\/\\\/decofoodshop.nl\\\/product\\\/namaak-baars\\\/\"]}]},{\"@type\":\"ImageObject\",\"inLanguage\":\"de\",\"@id\":\"https:\\\/\\\/decofoodshop.nl\\\/product\\\/namaak-baars\\\/#primaryimage\",\"url\":\"https:\\\/\\\/decofoodshop.nl\\\/wp-content\\\/uploads\\\/2020\\\/01\\\/Namaak-Baars-36cm.jpg\",\"contentUrl\":\"https:\\\/\\\/decofoodshop.nl\\\/wp-content\\\/uploads\\\/2020\\\/01\\\/Namaak-Baars-36cm.jpg\",\"width\":718,\"height\":716,\"caption\":\"Namaak Baars\"},{\"@type\":\"BreadcrumbList\",\"@id\":\"https:\\\/\\\/decofoodshop.nl\\\/product\\\/namaak-baars\\\/#breadcrumb\",\"itemListElement\":[{\"@type\":\"ListItem\",\"position\":1,\"name\":\"Home\",\"item\":\"https:\\\/\\\/decofoodshop.nl\\\/\"},{\"@type\":\"ListItem\",\"position\":2,\"name\":\"Winkel\",\"item\":\"https:\\\/\\\/decofoodshop.nl\\\/winkel\\\/\"},{\"@type\":\"ListItem\",\"position\":3,\"name\":\"Namaak Baars\"}]},{\"@type\":\"WebSite\",\"@id\":\"https:\\\/\\\/decofoodshop.nl\\\/#website\",\"url\":\"https:\\\/\\\/decofoodshop.nl\\\/\",\"name\":\"Decofoodshop\",\"description\":\"\",\"potentialAction\":[{\"@type\":\"SearchAction\",\"target\":{\"@type\":\"EntryPoint\",\"urlTemplate\":\"https:\\\/\\\/decofoodshop.nl\\\/?s={search_term_string}\"},\"query-input\":{\"@type\":\"PropertyValueSpecification\",\"valueRequired\":true,\"valueName\":\"search_term_string\"}}],\"inLanguage\":\"de\"}]}<\/script>\n<!-- \/ Yoast SEO Premium plugin. -->","yoast_head_json":{"title":"Dekoration Kunstbarsch - Erh\u00e4ltlich bei Decofoodshop","description":"Wundersch\u00f6ner gef\u00e4lschter Barsch, erh\u00e4ltlich in unserem vielseitigen Webshop. Wir bieten gef\u00e4lschtes Obst, Gem\u00fcse, Brot &amp; Geb\u00e4ck und vieles mehr!","robots":{"index":"index","follow":"follow","max-snippet":"max-snippet:-1","max-image-preview":"max-image-preview:large","max-video-preview":"max-video-preview:-1"},"canonical":"https:\/\/decofoodshop.nl\/de\/produkt\/gefalschter-bass\/","og_locale":"de_DE","og_type":"article","og_title":"Namaak Baars","og_description":"Prachtige namaak baars verkijgbaar bij onze veelzijdige webshop. Wij bieden namaak fruit, groente, brood&gebak en nog veel meer aan!","og_url":"https:\/\/decofoodshop.nl\/de\/produkt\/gefalschter-bass\/","og_site_name":"Decofoodshop","article_modified_time":"2026-04-02T06:04:52+00:00","og_image":[{"width":718,"height":716,"url":"https:\/\/decofoodshop.nl\/wp-content\/uploads\/2020\/01\/Namaak-Baars-36cm.jpg","type":"image\/jpeg"}],"twitter_card":"summary_large_image","twitter_misc":{"Gesch\u00e4tzte Lesezeit":"1\u00a0Minute"},"schema":{"@context":"https:\/\/schema.org","@graph":[{"@type":"WebPage","@id":"https:\/\/decofoodshop.nl\/product\/namaak-baars\/","url":"https:\/\/decofoodshop.nl\/product\/namaak-baars\/","name":"Dekoration Kunstbarsch - Erh\u00e4ltlich bei Decofoodshop","isPartOf":{"@id":"https:\/\/decofoodshop.nl\/#website"},"primaryImageOfPage":{"@id":"https:\/\/decofoodshop.nl\/product\/namaak-baars\/#primaryimage"},"image":{"@id":"https:\/\/decofoodshop.nl\/product\/namaak-baars\/#primaryimage"},"thumbnailUrl":"https:\/\/decofoodshop.nl\/wp-content\/uploads\/2020\/01\/Namaak-Baars-36cm.jpg","datePublished":"2020-01-03T09:12:44+00:00","dateModified":"2026-04-02T06:04:52+00:00","description":"Wundersch\u00f6ner gef\u00e4lschter Barsch, erh\u00e4ltlich in unserem vielseitigen Webshop. Wir bieten gef\u00e4lschtes Obst, Gem\u00fcse, Brot &amp; Geb\u00e4ck und vieles mehr!","breadcrumb":{"@id":"https:\/\/decofoodshop.nl\/product\/namaak-baars\/#breadcrumb"},"inLanguage":"de","potentialAction":[{"@type":"ReadAction","target":["https:\/\/decofoodshop.nl\/product\/namaak-baars\/"]}]},{"@type":"ImageObject","inLanguage":"de","@id":"https:\/\/decofoodshop.nl\/product\/namaak-baars\/#primaryimage","url":"https:\/\/decofoodshop.nl\/wp-content\/uploads\/2020\/01\/Namaak-Baars-36cm.jpg","contentUrl":"https:\/\/decofoodshop.nl\/wp-content\/uploads\/2020\/01\/Namaak-Baars-36cm.jpg","width":718,"height":716,"caption":"Namaak Baars"},{"@type":"BreadcrumbList","@id":"https:\/\/decofoodshop.nl\/product\/namaak-baars\/#breadcrumb","itemListElement":[{"@type":"ListItem","position":1,"name":"Home","item":"https:\/\/decofoodshop.nl\/"},{"@type":"ListItem","position":2,"name":"Winkel","item":"https:\/\/decofoodshop.nl\/winkel\/"},{"@type":"ListItem","position":3,"name":"Namaak Baars"}]},{"@type":"WebSite","@id":"https:\/\/decofoodshop.nl\/#website","url":"https:\/\/decofoodshop.nl\/","name":"Dekofoodshop","description":"","potentialAction":[{"@type":"SearchAction","target":{"@type":"EntryPoint","urlTemplate":"https:\/\/decofoodshop.nl\/?s={search_term_string}"},"query-input":{"@type":"PropertyValueSpecification","valueRequired":true,"valueName":"search_term_string"}}],"inLanguage":"de"}]}},"_links":{"self":[{"href":"https:\/\/decofoodshop.nl\/de\/wp-json\/wp\/v2\/product\/1946","targetHints":{"allow":["GET"]}}],"collection":[{"href":"https:\/\/decofoodshop.nl\/de\/wp-json\/wp\/v2\/product"}],"about":[{"href":"https:\/\/decofoodshop.nl\/de\/wp-json\/wp\/v2\/types\/product"}],"wp:featuredmedia":[{"embeddable":true,"href":"https:\/\/decofoodshop.nl\/de\/wp-json\/wp\/v2\/media\/1947"}],"wp:attachment":[{"href":"https:\/\/decofoodshop.nl\/de\/wp-json\/wp\/v2\/media?parent=1946"}],"wp:term":[{"taxonomy":"product_brand","embeddable":true,"href":"https:\/\/decofoodshop.nl\/de\/wp-json\/wp\/v2\/product_brand?post=1946"},{"taxonomy":"product_cat","embeddable":true,"href":"https:\/\/decofoodshop.nl\/de\/wp-json\/wp\/v2\/product_cat?post=1946"},{"taxonomy":"product_tag","embeddable":true,"href":"https:\/\/decofoodshop.nl\/de\/wp-json\/wp\/v2\/product_tag?post=1946"}],"curies":[{"name":"wp","href":"https:\/\/api.w.org\/{rel}","templated":true}]}}