{"id":1952,"date":"2020-01-07T11:08:22","date_gmt":"2020-01-07T11:08:22","guid":{"rendered":"https:\/\/decofoodshop.nl\/?post_type=product&#038;p=1952"},"modified":"2026-03-02T13:54:58","modified_gmt":"2026-03-02T12:54:58","slug":"exotische-kunst-zierfische-rot-weiss","status":"publish","type":"product","link":"https:\/\/decofoodshop.nl\/de\/product\/exotische-kunst-siervis-rood-wit\/","title":{"rendered":"Exotische Kunst Zierfische Rot Wei\u00df"},"content":{"rendered":"<p>Dieser sch\u00f6ne Exotic Art Zierfisch Rot Wei\u00df ist ein wundersch\u00f6nes Dekorationsst\u00fcck.<\/p>\n<p>Der k\u00fcnstliche Fisch ist biegsam und komprimierbar, da er aus Schaumstoff besteht.<\/p>\n<p>Wundersch\u00f6n detaillierte Flossen und Schuppen bedecken den Fisch f\u00fcr ein nat\u00fcrliches Aussehen.<\/p>\n<p>Der Farb\u00fcbergang ist sch\u00f6n und allm\u00e4hlich von Wei\u00df zu Orange und Rot.<\/p>\n<p>Die Spitzen der Flossen sind dunkel akzentuiert.<\/p>\n<p>Mit wundersch\u00f6nen Knopfaugen.<\/p>\n<p>Sie k\u00f6nnen sich auch unser Angebot ansehen<strong><span style=\"color: #008000;\"> <a style=\"color: #008000;\" href=\"https:\/\/decofoodshop.nl\/de\/produktkategorie-2\/kunstliches-gemuse\/\">\u201ek\u00fcnstliches Gem\u00fcse\u201c<\/a>.<\/span><\/strong><\/p>","protected":false},"excerpt":{"rendered":"<p>Deze mooie Exotische Kunst Siervis Rood Wit is een prachtig stuk decoratie. De namaak vis is buigbaar en indrukbaar doordat hij van foam gemaakt is. Prachtig gedetailleerde vinnen en schubben bedekken de vis voor en natuurlijk uiterlijk. De kleur overgang is mooi en geleidelijk van wit naar oranje en rood. De uiteinden van de vinnen [&hellip;]<\/p>\n","protected":false},"featured_media":1953,"template":"","meta":{"_acf_changed":false,"_genesis_hide_title":false,"_genesis_hide_breadcrumbs":false,"_genesis_hide_singular_image":false,"_genesis_hide_footer_widgets":false,"_genesis_custom_body_class":"","_genesis_custom_post_class":"","_genesis_layout":""},"product_brand":[],"product_cat":[50],"product_tag":[],"class_list":{"0":"post-1952","1":"product","2":"type-product","3":"status-publish","4":"has-post-thumbnail","6":"product_cat-namaak-vis-en-vlees","7":"entry","8":"wpx-has-gallery","10":"first","11":"instock","12":"taxable","13":"shipping-taxable","14":"purchasable","15":"product-type-simple"},"acf":[],"yoast_head":"<!-- This site is optimized with the Yoast SEO Premium plugin v27.3 (Yoast SEO v27.4) - https:\/\/yoast.com\/product\/yoast-seo-premium-wordpress\/ -->\n<title>Exotische Kunst Siervis Rood Wit - Bij Decofoodshop<\/title>\n<meta name=\"description\" content=\"Deze exotische kunst siervis rood wit is \u00e9\u00e9n van de vele mooie namaak vissen die wij aanbieden op onze veelzijdige webshop Decofoodshop.\" \/>\n<meta name=\"robots\" content=\"index, follow, max-snippet:-1, max-image-preview:large, max-video-preview:-1\" \/>\n<link rel=\"canonical\" href=\"https:\/\/decofoodshop.nl\/de\/produkt\/exotische-kunst-zierfische-rot-weiss\/\" \/>\n<meta property=\"og:locale\" content=\"de_DE\" \/>\n<meta property=\"og:type\" content=\"article\" \/>\n<meta property=\"og:title\" content=\"Exotische Kunst Siervis Rood Wit\" \/>\n<meta property=\"og:description\" content=\"Deze exotische kunst siervis rood wit is \u00e9\u00e9n van de vele mooie namaak vissen die wij aanbieden op onze veelzijdige webshop Decofoodshop.\" \/>\n<meta property=\"og:url\" content=\"https:\/\/decofoodshop.nl\/de\/produkt\/exotische-kunst-zierfische-rot-weiss\/\" \/>\n<meta property=\"og:site_name\" content=\"Decofoodshop\" \/>\n<meta property=\"article:modified_time\" content=\"2026-03-02T12:54:58+00:00\" \/>\n<meta property=\"og:image\" content=\"https:\/\/decofoodshop.nl\/wp-content\/uploads\/2020\/01\/Exotische-Kunst-Siervis-Rood-Wit-36cm-square.jpg\" \/>\n\t<meta property=\"og:image:width\" content=\"806\" \/>\n\t<meta property=\"og:image:height\" content=\"804\" \/>\n\t<meta property=\"og:image:type\" content=\"image\/jpeg\" \/>\n<meta name=\"twitter:card\" content=\"summary_large_image\" \/>\n<meta name=\"twitter:label1\" content=\"Gesch\u00e4tzte Lesezeit\" \/>\n\t<meta name=\"twitter:data1\" content=\"1\u00a0Minute\" \/>\n<script type=\"application\/ld+json\" class=\"yoast-schema-graph\">{\"@context\":\"https:\\\/\\\/schema.org\",\"@graph\":[{\"@type\":\"WebPage\",\"@id\":\"https:\\\/\\\/decofoodshop.nl\\\/product\\\/exotische-kunst-siervis-rood-wit\\\/\",\"url\":\"https:\\\/\\\/decofoodshop.nl\\\/product\\\/exotische-kunst-siervis-rood-wit\\\/\",\"name\":\"Exotische Kunst Siervis Rood Wit - Bij Decofoodshop\",\"isPartOf\":{\"@id\":\"https:\\\/\\\/decofoodshop.nl\\\/#website\"},\"primaryImageOfPage\":{\"@id\":\"https:\\\/\\\/decofoodshop.nl\\\/product\\\/exotische-kunst-siervis-rood-wit\\\/#primaryimage\"},\"image\":{\"@id\":\"https:\\\/\\\/decofoodshop.nl\\\/product\\\/exotische-kunst-siervis-rood-wit\\\/#primaryimage\"},\"thumbnailUrl\":\"https:\\\/\\\/decofoodshop.nl\\\/wp-content\\\/uploads\\\/2020\\\/01\\\/Exotische-Kunst-Siervis-Rood-Wit-36cm-square.jpg\",\"datePublished\":\"2020-01-07T11:08:22+00:00\",\"dateModified\":\"2026-03-02T12:54:58+00:00\",\"description\":\"Deze exotische kunst siervis rood wit is \u00e9\u00e9n van de vele mooie namaak vissen die wij aanbieden op onze veelzijdige webshop Decofoodshop.\",\"breadcrumb\":{\"@id\":\"https:\\\/\\\/decofoodshop.nl\\\/product\\\/exotische-kunst-siervis-rood-wit\\\/#breadcrumb\"},\"inLanguage\":\"de\",\"potentialAction\":[{\"@type\":\"ReadAction\",\"target\":[\"https:\\\/\\\/decofoodshop.nl\\\/product\\\/exotische-kunst-siervis-rood-wit\\\/\"]}]},{\"@type\":\"ImageObject\",\"inLanguage\":\"de\",\"@id\":\"https:\\\/\\\/decofoodshop.nl\\\/product\\\/exotische-kunst-siervis-rood-wit\\\/#primaryimage\",\"url\":\"https:\\\/\\\/decofoodshop.nl\\\/wp-content\\\/uploads\\\/2020\\\/01\\\/Exotische-Kunst-Siervis-Rood-Wit-36cm-square.jpg\",\"contentUrl\":\"https:\\\/\\\/decofoodshop.nl\\\/wp-content\\\/uploads\\\/2020\\\/01\\\/Exotische-Kunst-Siervis-Rood-Wit-36cm-square.jpg\",\"width\":806,\"height\":804,\"caption\":\"Exotische Kunst Siervis Rood Wit van Decofoodshop\"},{\"@type\":\"BreadcrumbList\",\"@id\":\"https:\\\/\\\/decofoodshop.nl\\\/product\\\/exotische-kunst-siervis-rood-wit\\\/#breadcrumb\",\"itemListElement\":[{\"@type\":\"ListItem\",\"position\":1,\"name\":\"Home\",\"item\":\"https:\\\/\\\/decofoodshop.nl\\\/\"},{\"@type\":\"ListItem\",\"position\":2,\"name\":\"Winkel\",\"item\":\"https:\\\/\\\/decofoodshop.nl\\\/winkel\\\/\"},{\"@type\":\"ListItem\",\"position\":3,\"name\":\"Exotische Kunst Siervis Rood Wit\"}]},{\"@type\":\"WebSite\",\"@id\":\"https:\\\/\\\/decofoodshop.nl\\\/#website\",\"url\":\"https:\\\/\\\/decofoodshop.nl\\\/\",\"name\":\"Decofoodshop\",\"description\":\"\",\"potentialAction\":[{\"@type\":\"SearchAction\",\"target\":{\"@type\":\"EntryPoint\",\"urlTemplate\":\"https:\\\/\\\/decofoodshop.nl\\\/?s={search_term_string}\"},\"query-input\":{\"@type\":\"PropertyValueSpecification\",\"valueRequired\":true,\"valueName\":\"search_term_string\"}}],\"inLanguage\":\"de\"}]}<\/script>\n<!-- \/ Yoast SEO Premium plugin. -->","yoast_head_json":{"title":"Exotische Kunst Zierfische Rot Wei\u00df - Bei Decofoodshop","description":"Dieser exotische k\u00fcnstliche Zierfisch in Rot und Wei\u00df ist einer der vielen sch\u00f6nen Kunstfische, die wir in unserem vielseitigen Webshop Decofoodshop anbieten.","robots":{"index":"index","follow":"follow","max-snippet":"max-snippet:-1","max-image-preview":"max-image-preview:large","max-video-preview":"max-video-preview:-1"},"canonical":"https:\/\/decofoodshop.nl\/de\/produkt\/exotische-kunst-zierfische-rot-weiss\/","og_locale":"de_DE","og_type":"article","og_title":"Exotische Kunst Siervis Rood Wit","og_description":"Deze exotische kunst siervis rood wit is \u00e9\u00e9n van de vele mooie namaak vissen die wij aanbieden op onze veelzijdige webshop Decofoodshop.","og_url":"https:\/\/decofoodshop.nl\/de\/produkt\/exotische-kunst-zierfische-rot-weiss\/","og_site_name":"Decofoodshop","article_modified_time":"2026-03-02T12:54:58+00:00","og_image":[{"width":806,"height":804,"url":"https:\/\/decofoodshop.nl\/wp-content\/uploads\/2020\/01\/Exotische-Kunst-Siervis-Rood-Wit-36cm-square.jpg","type":"image\/jpeg"}],"twitter_card":"summary_large_image","twitter_misc":{"Gesch\u00e4tzte Lesezeit":"1\u00a0Minute"},"schema":{"@context":"https:\/\/schema.org","@graph":[{"@type":"WebPage","@id":"https:\/\/decofoodshop.nl\/product\/exotische-kunst-siervis-rood-wit\/","url":"https:\/\/decofoodshop.nl\/product\/exotische-kunst-siervis-rood-wit\/","name":"Exotische Kunst Zierfische Rot Wei\u00df - Bei Decofoodshop","isPartOf":{"@id":"https:\/\/decofoodshop.nl\/#website"},"primaryImageOfPage":{"@id":"https:\/\/decofoodshop.nl\/product\/exotische-kunst-siervis-rood-wit\/#primaryimage"},"image":{"@id":"https:\/\/decofoodshop.nl\/product\/exotische-kunst-siervis-rood-wit\/#primaryimage"},"thumbnailUrl":"https:\/\/decofoodshop.nl\/wp-content\/uploads\/2020\/01\/Exotische-Kunst-Siervis-Rood-Wit-36cm-square.jpg","datePublished":"2020-01-07T11:08:22+00:00","dateModified":"2026-03-02T12:54:58+00:00","description":"Dieser exotische k\u00fcnstliche Zierfisch in Rot und Wei\u00df ist einer der vielen sch\u00f6nen Kunstfische, die wir in unserem vielseitigen Webshop Decofoodshop anbieten.","breadcrumb":{"@id":"https:\/\/decofoodshop.nl\/product\/exotische-kunst-siervis-rood-wit\/#breadcrumb"},"inLanguage":"de","potentialAction":[{"@type":"ReadAction","target":["https:\/\/decofoodshop.nl\/product\/exotische-kunst-siervis-rood-wit\/"]}]},{"@type":"ImageObject","inLanguage":"de","@id":"https:\/\/decofoodshop.nl\/product\/exotische-kunst-siervis-rood-wit\/#primaryimage","url":"https:\/\/decofoodshop.nl\/wp-content\/uploads\/2020\/01\/Exotische-Kunst-Siervis-Rood-Wit-36cm-square.jpg","contentUrl":"https:\/\/decofoodshop.nl\/wp-content\/uploads\/2020\/01\/Exotische-Kunst-Siervis-Rood-Wit-36cm-square.jpg","width":806,"height":804,"caption":"Exotische Kunst Siervis Rood Wit van Decofoodshop"},{"@type":"BreadcrumbList","@id":"https:\/\/decofoodshop.nl\/product\/exotische-kunst-siervis-rood-wit\/#breadcrumb","itemListElement":[{"@type":"ListItem","position":1,"name":"Home","item":"https:\/\/decofoodshop.nl\/"},{"@type":"ListItem","position":2,"name":"Winkel","item":"https:\/\/decofoodshop.nl\/winkel\/"},{"@type":"ListItem","position":3,"name":"Exotische Kunst Siervis Rood Wit"}]},{"@type":"WebSite","@id":"https:\/\/decofoodshop.nl\/#website","url":"https:\/\/decofoodshop.nl\/","name":"Dekofoodshop","description":"","potentialAction":[{"@type":"SearchAction","target":{"@type":"EntryPoint","urlTemplate":"https:\/\/decofoodshop.nl\/?s={search_term_string}"},"query-input":{"@type":"PropertyValueSpecification","valueRequired":true,"valueName":"search_term_string"}}],"inLanguage":"de"}]}},"_links":{"self":[{"href":"https:\/\/decofoodshop.nl\/de\/wp-json\/wp\/v2\/product\/1952","targetHints":{"allow":["GET"]}}],"collection":[{"href":"https:\/\/decofoodshop.nl\/de\/wp-json\/wp\/v2\/product"}],"about":[{"href":"https:\/\/decofoodshop.nl\/de\/wp-json\/wp\/v2\/types\/product"}],"wp:featuredmedia":[{"embeddable":true,"href":"https:\/\/decofoodshop.nl\/de\/wp-json\/wp\/v2\/media\/1953"}],"wp:attachment":[{"href":"https:\/\/decofoodshop.nl\/de\/wp-json\/wp\/v2\/media?parent=1952"}],"wp:term":[{"taxonomy":"product_brand","embeddable":true,"href":"https:\/\/decofoodshop.nl\/de\/wp-json\/wp\/v2\/product_brand?post=1952"},{"taxonomy":"product_cat","embeddable":true,"href":"https:\/\/decofoodshop.nl\/de\/wp-json\/wp\/v2\/product_cat?post=1952"},{"taxonomy":"product_tag","embeddable":true,"href":"https:\/\/decofoodshop.nl\/de\/wp-json\/wp\/v2\/product_tag?post=1952"}],"curies":[{"name":"wp","href":"https:\/\/api.w.org\/{rel}","templated":true}]}}