{"id":1956,"date":"2020-01-07T11:27:13","date_gmt":"2020-01-07T11:27:13","guid":{"rendered":"https:\/\/decofoodshop.nl\/?post_type=product&#038;p=1956"},"modified":"2026-03-02T13:53:39","modified_gmt":"2026-03-02T12:53:39","slug":"exotische-kunst-deko-fisch-orange-gelb","status":"publish","type":"product","link":"https:\/\/decofoodshop.nl\/de\/product\/exotische-kunst-siervis-oranje-geel\/","title":{"rendered":"Exotische Kunst Zierfische Orange Gelb"},"content":{"rendered":"<p>Realistische exotische Kunst Zierfische Orange Gelb.<\/p>\n<p>Mit seinen realistischen Flossen und detaillierten Schuppen ist dieser k\u00fcnstliche Fisch unglaublich sch\u00f6n.<\/p>\n<p>Man sp\u00fcrt die Details gut und es ist komprimierbar und biegbar.<\/p>\n<p>Der falsche Fisch hat wundersch\u00f6ne Knopfaugen.<\/p>\n<p>Der falsche Fisch hat eine sch\u00f6ne leuchtend gelbe Farbe mit \u00dcberg\u00e4ngen in den Flossen und im Schwanz zu Orange.<\/p>\n<p>Werfen Sie auch einen Blick in unser Brot- und Geb\u00e4cksortiment: Klick<span style=\"color: #008000;\"> <a style=\"color: #008000;\" href=\"https:\/\/decofoodshop.nl\/de\/produktkategorie-2\/brotkuchen\/\">&#039;Hier&#039;<\/a>.<\/span><\/p>","protected":false},"excerpt":{"rendered":"<p>Realistische Exotische Kunst Siervis Oranje Geel. Met zijn realistische vinnen en gedetailleerde schubben is deze kunst vis ontzettend mooi. Je kan de details goed voelen en hij is indrukbaar en buigbaar. De nep vis is voorzien van mooie kraaloogjes. De namaak vis is een mooie felle gele kleur met overgangen in de vinnen en staart [&hellip;]<\/p>\n","protected":false},"featured_media":1957,"template":"","meta":{"_acf_changed":false,"_genesis_hide_title":false,"_genesis_hide_breadcrumbs":false,"_genesis_hide_singular_image":false,"_genesis_hide_footer_widgets":false,"_genesis_custom_body_class":"","_genesis_custom_post_class":"","_genesis_layout":""},"product_brand":[],"product_cat":[50],"product_tag":[],"class_list":{"0":"post-1956","1":"product","2":"type-product","3":"status-publish","4":"has-post-thumbnail","6":"product_cat-namaak-vis-en-vlees","7":"entry","8":"wpx-has-gallery","10":"first","11":"instock","12":"taxable","13":"shipping-taxable","14":"purchasable","15":"product-type-simple"},"acf":[],"yoast_head":"<!-- This site is optimized with the Yoast SEO Premium plugin v27.3 (Yoast SEO v27.4) - https:\/\/yoast.com\/product\/yoast-seo-premium-wordpress\/ -->\n<title>Exotische Kunst Siervis Oranje Geel - Decofoodshop<\/title>\n<meta name=\"description\" content=\"Deze Prachtige exotische kunst siervis oranje geel is ontzettend realistisch. Wij bieden deze namaak vis in meerdere kleuren aan bij Decofoodshop.nl\" \/>\n<meta name=\"robots\" content=\"index, follow, max-snippet:-1, max-image-preview:large, max-video-preview:-1\" \/>\n<link rel=\"canonical\" href=\"https:\/\/decofoodshop.nl\/de\/produkt\/exotische-kunst-deko-fisch-orange-gelb\/\" \/>\n<meta property=\"og:locale\" content=\"de_DE\" \/>\n<meta property=\"og:type\" content=\"article\" \/>\n<meta property=\"og:title\" content=\"Exotische Kunst Siervis Oranje Geel\" \/>\n<meta property=\"og:description\" content=\"Deze Prachtige exotische kunst siervis oranje geel is ontzettend realistisch. Wij bieden deze namaak vis in meerdere kleuren aan bij Decofoodshop.nl\" \/>\n<meta property=\"og:url\" content=\"https:\/\/decofoodshop.nl\/de\/produkt\/exotische-kunst-deko-fisch-orange-gelb\/\" \/>\n<meta property=\"og:site_name\" content=\"Decofoodshop\" \/>\n<meta property=\"article:modified_time\" content=\"2026-03-02T12:53:39+00:00\" \/>\n<meta property=\"og:image\" content=\"https:\/\/decofoodshop.nl\/wp-content\/uploads\/2020\/01\/Exotische-Kunst-Siervis-Oranje-Geel-36cm-square.jpg\" \/>\n\t<meta property=\"og:image:width\" content=\"804\" \/>\n\t<meta property=\"og:image:height\" content=\"804\" \/>\n\t<meta property=\"og:image:type\" content=\"image\/jpeg\" \/>\n<meta name=\"twitter:card\" content=\"summary_large_image\" \/>\n<meta name=\"twitter:label1\" content=\"Gesch\u00e4tzte Lesezeit\" \/>\n\t<meta name=\"twitter:data1\" content=\"1\u00a0Minute\" \/>\n<script type=\"application\/ld+json\" class=\"yoast-schema-graph\">{\"@context\":\"https:\\\/\\\/schema.org\",\"@graph\":[{\"@type\":\"WebPage\",\"@id\":\"https:\\\/\\\/decofoodshop.nl\\\/product\\\/exotische-kunst-siervis-oranje-geel\\\/\",\"url\":\"https:\\\/\\\/decofoodshop.nl\\\/product\\\/exotische-kunst-siervis-oranje-geel\\\/\",\"name\":\"Exotische Kunst Siervis Oranje Geel - Decofoodshop\",\"isPartOf\":{\"@id\":\"https:\\\/\\\/decofoodshop.nl\\\/#website\"},\"primaryImageOfPage\":{\"@id\":\"https:\\\/\\\/decofoodshop.nl\\\/product\\\/exotische-kunst-siervis-oranje-geel\\\/#primaryimage\"},\"image\":{\"@id\":\"https:\\\/\\\/decofoodshop.nl\\\/product\\\/exotische-kunst-siervis-oranje-geel\\\/#primaryimage\"},\"thumbnailUrl\":\"https:\\\/\\\/decofoodshop.nl\\\/wp-content\\\/uploads\\\/2020\\\/01\\\/Exotische-Kunst-Siervis-Oranje-Geel-36cm-square.jpg\",\"datePublished\":\"2020-01-07T11:27:13+00:00\",\"dateModified\":\"2026-03-02T12:53:39+00:00\",\"description\":\"Deze Prachtige exotische kunst siervis oranje geel is ontzettend realistisch. Wij bieden deze namaak vis in meerdere kleuren aan bij Decofoodshop.nl\",\"breadcrumb\":{\"@id\":\"https:\\\/\\\/decofoodshop.nl\\\/product\\\/exotische-kunst-siervis-oranje-geel\\\/#breadcrumb\"},\"inLanguage\":\"de\",\"potentialAction\":[{\"@type\":\"ReadAction\",\"target\":[\"https:\\\/\\\/decofoodshop.nl\\\/product\\\/exotische-kunst-siervis-oranje-geel\\\/\"]}]},{\"@type\":\"ImageObject\",\"inLanguage\":\"de\",\"@id\":\"https:\\\/\\\/decofoodshop.nl\\\/product\\\/exotische-kunst-siervis-oranje-geel\\\/#primaryimage\",\"url\":\"https:\\\/\\\/decofoodshop.nl\\\/wp-content\\\/uploads\\\/2020\\\/01\\\/Exotische-Kunst-Siervis-Oranje-Geel-36cm-square.jpg\",\"contentUrl\":\"https:\\\/\\\/decofoodshop.nl\\\/wp-content\\\/uploads\\\/2020\\\/01\\\/Exotische-Kunst-Siervis-Oranje-Geel-36cm-square.jpg\",\"width\":804,\"height\":804,\"caption\":\"Exotische Kunst Siervis Oranje Geel\"},{\"@type\":\"BreadcrumbList\",\"@id\":\"https:\\\/\\\/decofoodshop.nl\\\/product\\\/exotische-kunst-siervis-oranje-geel\\\/#breadcrumb\",\"itemListElement\":[{\"@type\":\"ListItem\",\"position\":1,\"name\":\"Home\",\"item\":\"https:\\\/\\\/decofoodshop.nl\\\/\"},{\"@type\":\"ListItem\",\"position\":2,\"name\":\"Winkel\",\"item\":\"https:\\\/\\\/decofoodshop.nl\\\/winkel\\\/\"},{\"@type\":\"ListItem\",\"position\":3,\"name\":\"Exotische Kunst Siervis Oranje Geel\"}]},{\"@type\":\"WebSite\",\"@id\":\"https:\\\/\\\/decofoodshop.nl\\\/#website\",\"url\":\"https:\\\/\\\/decofoodshop.nl\\\/\",\"name\":\"Decofoodshop\",\"description\":\"\",\"potentialAction\":[{\"@type\":\"SearchAction\",\"target\":{\"@type\":\"EntryPoint\",\"urlTemplate\":\"https:\\\/\\\/decofoodshop.nl\\\/?s={search_term_string}\"},\"query-input\":{\"@type\":\"PropertyValueSpecification\",\"valueRequired\":true,\"valueName\":\"search_term_string\"}}],\"inLanguage\":\"de\"}]}<\/script>\n<!-- \/ Yoast SEO Premium plugin. -->","yoast_head_json":{"title":"Exotic Art Deko Fisch Orange Gelb - Decofoodshop","description":"Dieser wundersch\u00f6ne orange-gelbe Kunst-Zierfisch ist sehr realistisch. Wir bieten diesen k\u00fcnstlichen Fisch in mehreren Farben bei Decofoodshop.nl an","robots":{"index":"index","follow":"follow","max-snippet":"max-snippet:-1","max-image-preview":"max-image-preview:large","max-video-preview":"max-video-preview:-1"},"canonical":"https:\/\/decofoodshop.nl\/de\/produkt\/exotische-kunst-deko-fisch-orange-gelb\/","og_locale":"de_DE","og_type":"article","og_title":"Exotische Kunst Siervis Oranje Geel","og_description":"Deze Prachtige exotische kunst siervis oranje geel is ontzettend realistisch. Wij bieden deze namaak vis in meerdere kleuren aan bij Decofoodshop.nl","og_url":"https:\/\/decofoodshop.nl\/de\/produkt\/exotische-kunst-deko-fisch-orange-gelb\/","og_site_name":"Decofoodshop","article_modified_time":"2026-03-02T12:53:39+00:00","og_image":[{"width":804,"height":804,"url":"https:\/\/decofoodshop.nl\/wp-content\/uploads\/2020\/01\/Exotische-Kunst-Siervis-Oranje-Geel-36cm-square.jpg","type":"image\/jpeg"}],"twitter_card":"summary_large_image","twitter_misc":{"Gesch\u00e4tzte Lesezeit":"1\u00a0Minute"},"schema":{"@context":"https:\/\/schema.org","@graph":[{"@type":"WebPage","@id":"https:\/\/decofoodshop.nl\/product\/exotische-kunst-siervis-oranje-geel\/","url":"https:\/\/decofoodshop.nl\/product\/exotische-kunst-siervis-oranje-geel\/","name":"Exotic Art Deko Fisch Orange Gelb - Decofoodshop","isPartOf":{"@id":"https:\/\/decofoodshop.nl\/#website"},"primaryImageOfPage":{"@id":"https:\/\/decofoodshop.nl\/product\/exotische-kunst-siervis-oranje-geel\/#primaryimage"},"image":{"@id":"https:\/\/decofoodshop.nl\/product\/exotische-kunst-siervis-oranje-geel\/#primaryimage"},"thumbnailUrl":"https:\/\/decofoodshop.nl\/wp-content\/uploads\/2020\/01\/Exotische-Kunst-Siervis-Oranje-Geel-36cm-square.jpg","datePublished":"2020-01-07T11:27:13+00:00","dateModified":"2026-03-02T12:53:39+00:00","description":"Dieser wundersch\u00f6ne orange-gelbe Kunst-Zierfisch ist sehr realistisch. Wir bieten diesen k\u00fcnstlichen Fisch in mehreren Farben bei Decofoodshop.nl an","breadcrumb":{"@id":"https:\/\/decofoodshop.nl\/product\/exotische-kunst-siervis-oranje-geel\/#breadcrumb"},"inLanguage":"de","potentialAction":[{"@type":"ReadAction","target":["https:\/\/decofoodshop.nl\/product\/exotische-kunst-siervis-oranje-geel\/"]}]},{"@type":"ImageObject","inLanguage":"de","@id":"https:\/\/decofoodshop.nl\/product\/exotische-kunst-siervis-oranje-geel\/#primaryimage","url":"https:\/\/decofoodshop.nl\/wp-content\/uploads\/2020\/01\/Exotische-Kunst-Siervis-Oranje-Geel-36cm-square.jpg","contentUrl":"https:\/\/decofoodshop.nl\/wp-content\/uploads\/2020\/01\/Exotische-Kunst-Siervis-Oranje-Geel-36cm-square.jpg","width":804,"height":804,"caption":"Exotische Kunst Siervis Oranje Geel"},{"@type":"BreadcrumbList","@id":"https:\/\/decofoodshop.nl\/product\/exotische-kunst-siervis-oranje-geel\/#breadcrumb","itemListElement":[{"@type":"ListItem","position":1,"name":"Home","item":"https:\/\/decofoodshop.nl\/"},{"@type":"ListItem","position":2,"name":"Winkel","item":"https:\/\/decofoodshop.nl\/winkel\/"},{"@type":"ListItem","position":3,"name":"Exotische Kunst Siervis Oranje Geel"}]},{"@type":"WebSite","@id":"https:\/\/decofoodshop.nl\/#website","url":"https:\/\/decofoodshop.nl\/","name":"Dekofoodshop","description":"","potentialAction":[{"@type":"SearchAction","target":{"@type":"EntryPoint","urlTemplate":"https:\/\/decofoodshop.nl\/?s={search_term_string}"},"query-input":{"@type":"PropertyValueSpecification","valueRequired":true,"valueName":"search_term_string"}}],"inLanguage":"de"}]}},"_links":{"self":[{"href":"https:\/\/decofoodshop.nl\/de\/wp-json\/wp\/v2\/product\/1956","targetHints":{"allow":["GET"]}}],"collection":[{"href":"https:\/\/decofoodshop.nl\/de\/wp-json\/wp\/v2\/product"}],"about":[{"href":"https:\/\/decofoodshop.nl\/de\/wp-json\/wp\/v2\/types\/product"}],"wp:featuredmedia":[{"embeddable":true,"href":"https:\/\/decofoodshop.nl\/de\/wp-json\/wp\/v2\/media\/1957"}],"wp:attachment":[{"href":"https:\/\/decofoodshop.nl\/de\/wp-json\/wp\/v2\/media?parent=1956"}],"wp:term":[{"taxonomy":"product_brand","embeddable":true,"href":"https:\/\/decofoodshop.nl\/de\/wp-json\/wp\/v2\/product_brand?post=1956"},{"taxonomy":"product_cat","embeddable":true,"href":"https:\/\/decofoodshop.nl\/de\/wp-json\/wp\/v2\/product_cat?post=1956"},{"taxonomy":"product_tag","embeddable":true,"href":"https:\/\/decofoodshop.nl\/de\/wp-json\/wp\/v2\/product_tag?post=1956"}],"curies":[{"name":"wp","href":"https:\/\/api.w.org\/{rel}","templated":true}]}}