{"id":1961,"date":"2020-01-08T11:21:41","date_gmt":"2020-01-08T11:21:41","guid":{"rendered":"https:\/\/decofoodshop.nl\/?post_type=product&#038;p=1961"},"modified":"2026-03-19T11:49:37","modified_gmt":"2026-03-19T10:49:37","slug":"gefalschter-goldfisch","status":"publish","type":"product","link":"https:\/\/decofoodshop.nl\/de\/product\/namaak-goudvis\/","title":{"rendered":"Falscher Goldfisch"},"content":{"rendered":"<p>Sch\u00f6ner gef\u00e4lschter Goldfisch mit einer sch\u00f6nen orangen Farbe.<\/p>\n<p>Der Kunstgoldfisch hat eine wei\u00dfe Unterseite, die f\u00fcr ein realistisches Aussehen von Gelb zu Orange \u00fcbergeht.<\/p>\n<p>Mit seinen sch\u00f6nen kleinen, aber detaillierten Flossen ist dies ein sch\u00f6nes Dekorationsprodukt.<\/p>\n<p>Ausgestattet mit gelben Knopfaugen.<\/p>\n<p>Es besteht aus Schaumstoff und ist daher biegsam.<\/p>\n<p>Der gef\u00e4lschte Goldfisch hat sch\u00f6ne nat\u00fcrliche Schuppen, die den Fisch bedecken.<\/p>\n<p>Werfen Sie auch einen Blick auf unser Angebot an fertigen F\u00e4lschungen<strong><span style=\"color: #008000;\"> <a style=\"color: #008000;\" href=\"https:\/\/decofoodshop.nl\/de\/produktkategorie-2\/pakete\/\">&#039;Pakete&#039;<\/a> <\/span><\/strong>f\u00fcr eine gro\u00dfe Auswahl an verschiedenen Kunstpaketen.<\/p>","protected":false},"excerpt":{"rendered":"<p>Prachtige Namaak Goudvis met een mooie oranje kleur. De kunst goudvis heeft een witte onderkant die overgaat van geel naar oranje voor een realistisch uiterlijk. Met zijn mooie kleine maar gedetailleerde vinnetjes is dit een mooi decoratief product. Voorzien van gele kraaloogjes. Hij is gemaakt van foam dus hij is buigbaar. De nep goudvis heeft [&hellip;]<\/p>\n","protected":false},"featured_media":1962,"template":"","meta":{"_acf_changed":false,"_genesis_hide_title":false,"_genesis_hide_breadcrumbs":false,"_genesis_hide_singular_image":false,"_genesis_hide_footer_widgets":false,"_genesis_custom_body_class":"","_genesis_custom_post_class":"","_genesis_layout":""},"product_brand":[],"product_cat":[50],"product_tag":[],"class_list":{"0":"post-1961","1":"product","2":"type-product","3":"status-publish","4":"has-post-thumbnail","6":"product_cat-namaak-vis-en-vlees","7":"entry","8":"wpx-has-gallery","10":"first","11":"instock","12":"taxable","13":"shipping-taxable","14":"purchasable","15":"product-type-simple"},"acf":[],"yoast_head":"<!-- This site is optimized with the Yoast SEO Premium plugin v27.3 (Yoast SEO v27.4) - https:\/\/yoast.com\/product\/yoast-seo-premium-wordpress\/ -->\n<title>Namaak Goudvis - Alleen Verkrijgbaar Bij Decofoodshop<\/title>\n<meta name=\"description\" content=\"Deze mooie namaak goudvis is \u00e9\u00e9n van de namaak vissen die wij aanbieden op onze webshop. Ook bieden wij sushi, vlees en meer decofood aan.\" \/>\n<meta name=\"robots\" content=\"index, follow, max-snippet:-1, max-image-preview:large, max-video-preview:-1\" \/>\n<link rel=\"canonical\" href=\"https:\/\/decofoodshop.nl\/de\/produkt\/gefalschter-goldfisch\/\" \/>\n<meta property=\"og:locale\" content=\"de_DE\" \/>\n<meta property=\"og:type\" content=\"article\" \/>\n<meta property=\"og:title\" content=\"Namaak Goudvis\" \/>\n<meta property=\"og:description\" content=\"Deze mooie namaak goudvis is \u00e9\u00e9n van de namaak vissen die wij aanbieden op onze webshop. Ook bieden wij sushi, vlees en meer decofood aan.\" \/>\n<meta property=\"og:url\" content=\"https:\/\/decofoodshop.nl\/de\/produkt\/gefalschter-goldfisch\/\" \/>\n<meta property=\"og:site_name\" content=\"Decofoodshop\" \/>\n<meta property=\"article:modified_time\" content=\"2026-03-19T10:49:37+00:00\" \/>\n<meta property=\"og:image\" content=\"https:\/\/decofoodshop.nl\/wp-content\/uploads\/2020\/01\/Namaak-Goudvis-33cm.jpg\" \/>\n\t<meta property=\"og:image:width\" content=\"1204\" \/>\n\t<meta property=\"og:image:height\" content=\"1200\" \/>\n\t<meta property=\"og:image:type\" content=\"image\/jpeg\" \/>\n<meta name=\"twitter:card\" content=\"summary_large_image\" \/>\n<meta name=\"twitter:label1\" content=\"Gesch\u00e4tzte Lesezeit\" \/>\n\t<meta name=\"twitter:data1\" content=\"1\u00a0Minute\" \/>\n<script type=\"application\/ld+json\" class=\"yoast-schema-graph\">{\"@context\":\"https:\\\/\\\/schema.org\",\"@graph\":[{\"@type\":\"WebPage\",\"@id\":\"https:\\\/\\\/decofoodshop.nl\\\/product\\\/namaak-goudvis\\\/\",\"url\":\"https:\\\/\\\/decofoodshop.nl\\\/product\\\/namaak-goudvis\\\/\",\"name\":\"Namaak Goudvis - Alleen Verkrijgbaar Bij Decofoodshop\",\"isPartOf\":{\"@id\":\"https:\\\/\\\/decofoodshop.nl\\\/#website\"},\"primaryImageOfPage\":{\"@id\":\"https:\\\/\\\/decofoodshop.nl\\\/product\\\/namaak-goudvis\\\/#primaryimage\"},\"image\":{\"@id\":\"https:\\\/\\\/decofoodshop.nl\\\/product\\\/namaak-goudvis\\\/#primaryimage\"},\"thumbnailUrl\":\"https:\\\/\\\/decofoodshop.nl\\\/wp-content\\\/uploads\\\/2020\\\/01\\\/Namaak-Goudvis-33cm.jpg\",\"datePublished\":\"2020-01-08T11:21:41+00:00\",\"dateModified\":\"2026-03-19T10:49:37+00:00\",\"description\":\"Deze mooie namaak goudvis is \u00e9\u00e9n van de namaak vissen die wij aanbieden op onze webshop. Ook bieden wij sushi, vlees en meer decofood aan.\",\"breadcrumb\":{\"@id\":\"https:\\\/\\\/decofoodshop.nl\\\/product\\\/namaak-goudvis\\\/#breadcrumb\"},\"inLanguage\":\"de\",\"potentialAction\":[{\"@type\":\"ReadAction\",\"target\":[\"https:\\\/\\\/decofoodshop.nl\\\/product\\\/namaak-goudvis\\\/\"]}]},{\"@type\":\"ImageObject\",\"inLanguage\":\"de\",\"@id\":\"https:\\\/\\\/decofoodshop.nl\\\/product\\\/namaak-goudvis\\\/#primaryimage\",\"url\":\"https:\\\/\\\/decofoodshop.nl\\\/wp-content\\\/uploads\\\/2020\\\/01\\\/Namaak-Goudvis-33cm.jpg\",\"contentUrl\":\"https:\\\/\\\/decofoodshop.nl\\\/wp-content\\\/uploads\\\/2020\\\/01\\\/Namaak-Goudvis-33cm.jpg\",\"width\":1204,\"height\":1200,\"caption\":\"Namaak Goudvis\"},{\"@type\":\"BreadcrumbList\",\"@id\":\"https:\\\/\\\/decofoodshop.nl\\\/product\\\/namaak-goudvis\\\/#breadcrumb\",\"itemListElement\":[{\"@type\":\"ListItem\",\"position\":1,\"name\":\"Home\",\"item\":\"https:\\\/\\\/decofoodshop.nl\\\/\"},{\"@type\":\"ListItem\",\"position\":2,\"name\":\"Winkel\",\"item\":\"https:\\\/\\\/decofoodshop.nl\\\/winkel\\\/\"},{\"@type\":\"ListItem\",\"position\":3,\"name\":\"Namaak Goudvis\"}]},{\"@type\":\"WebSite\",\"@id\":\"https:\\\/\\\/decofoodshop.nl\\\/#website\",\"url\":\"https:\\\/\\\/decofoodshop.nl\\\/\",\"name\":\"Decofoodshop\",\"description\":\"\",\"potentialAction\":[{\"@type\":\"SearchAction\",\"target\":{\"@type\":\"EntryPoint\",\"urlTemplate\":\"https:\\\/\\\/decofoodshop.nl\\\/?s={search_term_string}\"},\"query-input\":{\"@type\":\"PropertyValueSpecification\",\"valueRequired\":true,\"valueName\":\"search_term_string\"}}],\"inLanguage\":\"de\"}]}<\/script>\n<!-- \/ Yoast SEO Premium plugin. -->","yoast_head_json":{"title":"Gef\u00e4lschter Goldfisch - Nur bei Decofoodshop erh\u00e4ltlich","description":"Dieser sch\u00f6ne gef\u00e4lschte Goldfisch ist einer der gef\u00e4lschten Fische, die wir in unserem Webshop anbieten. Wir bieten auch Sushi, Fleisch und weitere Deko-Gerichte an.","robots":{"index":"index","follow":"follow","max-snippet":"max-snippet:-1","max-image-preview":"max-image-preview:large","max-video-preview":"max-video-preview:-1"},"canonical":"https:\/\/decofoodshop.nl\/de\/produkt\/gefalschter-goldfisch\/","og_locale":"de_DE","og_type":"article","og_title":"Namaak Goudvis","og_description":"Deze mooie namaak goudvis is \u00e9\u00e9n van de namaak vissen die wij aanbieden op onze webshop. Ook bieden wij sushi, vlees en meer decofood aan.","og_url":"https:\/\/decofoodshop.nl\/de\/produkt\/gefalschter-goldfisch\/","og_site_name":"Decofoodshop","article_modified_time":"2026-03-19T10:49:37+00:00","og_image":[{"width":1204,"height":1200,"url":"https:\/\/decofoodshop.nl\/wp-content\/uploads\/2020\/01\/Namaak-Goudvis-33cm.jpg","type":"image\/jpeg"}],"twitter_card":"summary_large_image","twitter_misc":{"Gesch\u00e4tzte Lesezeit":"1\u00a0Minute"},"schema":{"@context":"https:\/\/schema.org","@graph":[{"@type":"WebPage","@id":"https:\/\/decofoodshop.nl\/product\/namaak-goudvis\/","url":"https:\/\/decofoodshop.nl\/product\/namaak-goudvis\/","name":"Gef\u00e4lschter Goldfisch - Nur bei Decofoodshop erh\u00e4ltlich","isPartOf":{"@id":"https:\/\/decofoodshop.nl\/#website"},"primaryImageOfPage":{"@id":"https:\/\/decofoodshop.nl\/product\/namaak-goudvis\/#primaryimage"},"image":{"@id":"https:\/\/decofoodshop.nl\/product\/namaak-goudvis\/#primaryimage"},"thumbnailUrl":"https:\/\/decofoodshop.nl\/wp-content\/uploads\/2020\/01\/Namaak-Goudvis-33cm.jpg","datePublished":"2020-01-08T11:21:41+00:00","dateModified":"2026-03-19T10:49:37+00:00","description":"Dieser sch\u00f6ne gef\u00e4lschte Goldfisch ist einer der gef\u00e4lschten Fische, die wir in unserem Webshop anbieten. Wir bieten auch Sushi, Fleisch und weitere Deko-Gerichte an.","breadcrumb":{"@id":"https:\/\/decofoodshop.nl\/product\/namaak-goudvis\/#breadcrumb"},"inLanguage":"de","potentialAction":[{"@type":"ReadAction","target":["https:\/\/decofoodshop.nl\/product\/namaak-goudvis\/"]}]},{"@type":"ImageObject","inLanguage":"de","@id":"https:\/\/decofoodshop.nl\/product\/namaak-goudvis\/#primaryimage","url":"https:\/\/decofoodshop.nl\/wp-content\/uploads\/2020\/01\/Namaak-Goudvis-33cm.jpg","contentUrl":"https:\/\/decofoodshop.nl\/wp-content\/uploads\/2020\/01\/Namaak-Goudvis-33cm.jpg","width":1204,"height":1200,"caption":"Namaak Goudvis"},{"@type":"BreadcrumbList","@id":"https:\/\/decofoodshop.nl\/product\/namaak-goudvis\/#breadcrumb","itemListElement":[{"@type":"ListItem","position":1,"name":"Home","item":"https:\/\/decofoodshop.nl\/"},{"@type":"ListItem","position":2,"name":"Winkel","item":"https:\/\/decofoodshop.nl\/winkel\/"},{"@type":"ListItem","position":3,"name":"Namaak Goudvis"}]},{"@type":"WebSite","@id":"https:\/\/decofoodshop.nl\/#website","url":"https:\/\/decofoodshop.nl\/","name":"Dekofoodshop","description":"","potentialAction":[{"@type":"SearchAction","target":{"@type":"EntryPoint","urlTemplate":"https:\/\/decofoodshop.nl\/?s={search_term_string}"},"query-input":{"@type":"PropertyValueSpecification","valueRequired":true,"valueName":"search_term_string"}}],"inLanguage":"de"}]}},"_links":{"self":[{"href":"https:\/\/decofoodshop.nl\/de\/wp-json\/wp\/v2\/product\/1961","targetHints":{"allow":["GET"]}}],"collection":[{"href":"https:\/\/decofoodshop.nl\/de\/wp-json\/wp\/v2\/product"}],"about":[{"href":"https:\/\/decofoodshop.nl\/de\/wp-json\/wp\/v2\/types\/product"}],"wp:featuredmedia":[{"embeddable":true,"href":"https:\/\/decofoodshop.nl\/de\/wp-json\/wp\/v2\/media\/1962"}],"wp:attachment":[{"href":"https:\/\/decofoodshop.nl\/de\/wp-json\/wp\/v2\/media?parent=1961"}],"wp:term":[{"taxonomy":"product_brand","embeddable":true,"href":"https:\/\/decofoodshop.nl\/de\/wp-json\/wp\/v2\/product_brand?post=1961"},{"taxonomy":"product_cat","embeddable":true,"href":"https:\/\/decofoodshop.nl\/de\/wp-json\/wp\/v2\/product_cat?post=1961"},{"taxonomy":"product_tag","embeddable":true,"href":"https:\/\/decofoodshop.nl\/de\/wp-json\/wp\/v2\/product_tag?post=1961"}],"curies":[{"name":"wp","href":"https:\/\/api.w.org\/{rel}","templated":true}]}}