{"id":1971,"date":"2020-01-08T11:50:54","date_gmt":"2020-01-08T11:50:54","guid":{"rendered":"https:\/\/decofoodshop.nl\/?post_type=product&#038;p=1971"},"modified":"2026-03-27T01:34:40","modified_gmt":"2026-03-27T00:34:40","slug":"imitation-koi-karpfen-silber-grau","status":"publish","type":"product","link":"https:\/\/decofoodshop.nl\/de\/product\/namaak-koi-karper-zilvergrijs\/","title":{"rendered":"Gef\u00e4lschter Koi-Karpfen Silbergrau"},"content":{"rendered":"<p>Dekorativer gef\u00e4lschter Koi-Karpfen Silbergrau.<\/p>\n<p>Der k\u00fcnstliche Koi-Karpfen hat eine wei\u00dfe Basis mit grauem \u00dcberzug und die Spitzen der Flossen und des Schwanzes sind in Rot gehalten.<\/p>\n<p>Es hat auch sch\u00f6ne silbergraue Knopfaugen.<\/p>\n<p>Es ist ein robuster Fisch, aber auch leicht biegsam, weil er aus Schaumstoff besteht.<\/p>\n<p>Der gef\u00e4lschte Koi-Karpfen hat wundersch\u00f6n detaillierte Flossen und Schuppen.<\/p>\n<p>Werfen Sie auch einen Blick auf unser Angebot an Kunstgem\u00fcse. Klicken<span style=\"color: #008000;\"> <a style=\"color: #008000;\" href=\"https:\/\/decofoodshop.nl\/de\/produktkategorie-2\/kunstliches-gemuse\/\"><strong>&#039;Hier<\/strong>&#8216;<\/a>.<\/span><\/p>","protected":false},"excerpt":{"rendered":"<p>Decoratieve Namaak Koi Karper Zilvergrijs. De kunst koi karper heeft een witte basis met daar overheen grijs en de uiteinden van de vinnen en staart zijn rood afgewerkt. Ook is hij voorzien van mooie zilvergrijze kraaloogjes. Het is een stevige vis maar ook licht buigbaar doordat hij van foam gemaakt is. De nep koi karper [&hellip;]<\/p>\n","protected":false},"featured_media":1972,"template":"","meta":{"_acf_changed":false,"_genesis_hide_title":false,"_genesis_hide_breadcrumbs":false,"_genesis_hide_singular_image":false,"_genesis_hide_footer_widgets":false,"_genesis_custom_body_class":"","_genesis_custom_post_class":"","_genesis_layout":""},"product_brand":[],"product_cat":[50],"product_tag":[],"class_list":{"0":"post-1971","1":"product","2":"type-product","3":"status-publish","4":"has-post-thumbnail","6":"product_cat-namaak-vis-en-vlees","7":"entry","8":"wpx-has-gallery","10":"first","11":"instock","12":"taxable","13":"shipping-taxable","14":"purchasable","15":"product-type-simple"},"acf":[],"yoast_head":"<!-- This site is optimized with the Yoast SEO Premium plugin v27.3 (Yoast SEO v27.3) - https:\/\/yoast.com\/product\/yoast-seo-premium-wordpress\/ -->\n<title>Namaak Koi Karper Zilvergrijs - Bij Decofoodshop<\/title>\n<meta name=\"description\" content=\"Namaak koi karper zilvergrijs is uiterst decoratief en en net echt. Heel veel nepvissen en meer namaakvissen kopen natuurlijk bij Decofoodshop.nl\" \/>\n<meta name=\"robots\" content=\"index, follow, max-snippet:-1, max-image-preview:large, max-video-preview:-1\" \/>\n<link rel=\"canonical\" href=\"https:\/\/decofoodshop.nl\/de\/produkt\/imitation-koi-karpfen-silber-grau\/\" \/>\n<meta property=\"og:locale\" content=\"de_DE\" \/>\n<meta property=\"og:type\" content=\"article\" \/>\n<meta property=\"og:title\" content=\"Namaak Koi Karper Zilvergrijs\" \/>\n<meta property=\"og:description\" content=\"Namaak koi karper zilvergrijs is uiterst decoratief en en net echt. Heel veel nepvissen en meer namaakvissen kopen natuurlijk bij Decofoodshop.nl\" \/>\n<meta property=\"og:url\" content=\"https:\/\/decofoodshop.nl\/de\/produkt\/imitation-koi-karpfen-silber-grau\/\" \/>\n<meta property=\"og:site_name\" content=\"Decofoodshop\" \/>\n<meta property=\"article:modified_time\" content=\"2026-03-27T00:34:40+00:00\" \/>\n<meta property=\"og:image\" content=\"https:\/\/decofoodshop.nl\/wp-content\/uploads\/2020\/01\/Namaak-Koi-Karper-Zilvergrijs-33cm.jpg\" \/>\n\t<meta property=\"og:image:width\" content=\"755\" \/>\n\t<meta property=\"og:image:height\" content=\"754\" \/>\n\t<meta property=\"og:image:type\" content=\"image\/jpeg\" \/>\n<meta name=\"twitter:card\" content=\"summary_large_image\" \/>\n<meta name=\"twitter:label1\" content=\"Gesch\u00e4tzte Lesezeit\" \/>\n\t<meta name=\"twitter:data1\" content=\"1\u00a0Minute\" \/>\n<script type=\"application\/ld+json\" class=\"yoast-schema-graph\">{\"@context\":\"https:\\\/\\\/schema.org\",\"@graph\":[{\"@type\":\"WebPage\",\"@id\":\"https:\\\/\\\/decofoodshop.nl\\\/product\\\/namaak-koi-karper-zilvergrijs\\\/\",\"url\":\"https:\\\/\\\/decofoodshop.nl\\\/product\\\/namaak-koi-karper-zilvergrijs\\\/\",\"name\":\"Namaak Koi Karper Zilvergrijs - Bij Decofoodshop\",\"isPartOf\":{\"@id\":\"https:\\\/\\\/decofoodshop.nl\\\/#website\"},\"primaryImageOfPage\":{\"@id\":\"https:\\\/\\\/decofoodshop.nl\\\/product\\\/namaak-koi-karper-zilvergrijs\\\/#primaryimage\"},\"image\":{\"@id\":\"https:\\\/\\\/decofoodshop.nl\\\/product\\\/namaak-koi-karper-zilvergrijs\\\/#primaryimage\"},\"thumbnailUrl\":\"https:\\\/\\\/decofoodshop.nl\\\/wp-content\\\/uploads\\\/2020\\\/01\\\/Namaak-Koi-Karper-Zilvergrijs-33cm.jpg\",\"datePublished\":\"2020-01-08T11:50:54+00:00\",\"dateModified\":\"2026-03-27T00:34:40+00:00\",\"description\":\"Namaak koi karper zilvergrijs is uiterst decoratief en en net echt. Heel veel nepvissen en meer namaakvissen kopen natuurlijk bij Decofoodshop.nl\",\"breadcrumb\":{\"@id\":\"https:\\\/\\\/decofoodshop.nl\\\/product\\\/namaak-koi-karper-zilvergrijs\\\/#breadcrumb\"},\"inLanguage\":\"de\",\"potentialAction\":[{\"@type\":\"ReadAction\",\"target\":[\"https:\\\/\\\/decofoodshop.nl\\\/product\\\/namaak-koi-karper-zilvergrijs\\\/\"]}]},{\"@type\":\"ImageObject\",\"inLanguage\":\"de\",\"@id\":\"https:\\\/\\\/decofoodshop.nl\\\/product\\\/namaak-koi-karper-zilvergrijs\\\/#primaryimage\",\"url\":\"https:\\\/\\\/decofoodshop.nl\\\/wp-content\\\/uploads\\\/2020\\\/01\\\/Namaak-Koi-Karper-Zilvergrijs-33cm.jpg\",\"contentUrl\":\"https:\\\/\\\/decofoodshop.nl\\\/wp-content\\\/uploads\\\/2020\\\/01\\\/Namaak-Koi-Karper-Zilvergrijs-33cm.jpg\",\"width\":755,\"height\":754,\"caption\":\"Namaak Koi Karper Zilvergrijs\"},{\"@type\":\"BreadcrumbList\",\"@id\":\"https:\\\/\\\/decofoodshop.nl\\\/product\\\/namaak-koi-karper-zilvergrijs\\\/#breadcrumb\",\"itemListElement\":[{\"@type\":\"ListItem\",\"position\":1,\"name\":\"Home\",\"item\":\"https:\\\/\\\/decofoodshop.nl\\\/\"},{\"@type\":\"ListItem\",\"position\":2,\"name\":\"Winkel\",\"item\":\"https:\\\/\\\/decofoodshop.nl\\\/winkel\\\/\"},{\"@type\":\"ListItem\",\"position\":3,\"name\":\"Namaak Koi Karper Zilvergrijs\"}]},{\"@type\":\"WebSite\",\"@id\":\"https:\\\/\\\/decofoodshop.nl\\\/#website\",\"url\":\"https:\\\/\\\/decofoodshop.nl\\\/\",\"name\":\"Decofoodshop\",\"description\":\"\",\"potentialAction\":[{\"@type\":\"SearchAction\",\"target\":{\"@type\":\"EntryPoint\",\"urlTemplate\":\"https:\\\/\\\/decofoodshop.nl\\\/?s={search_term_string}\"},\"query-input\":{\"@type\":\"PropertyValueSpecification\",\"valueRequired\":true,\"valueName\":\"search_term_string\"}}],\"inLanguage\":\"de\"}]}<\/script>\n<!-- \/ Yoast SEO Premium plugin. -->","yoast_head_json":{"title":"Gef\u00e4lschter Koi-Karpfen Silbergrau - Bei Decofoodshop","description":"Gef\u00e4lschter Koi-Karpfen silbergrau ist \u00e4u\u00dferst dekorativ und genau wie das Original. Kaufen Sie nat\u00fcrlich viele gef\u00e4lschte Fische und noch mehr gef\u00e4lschte Fische bei Decofoodshop.nl","robots":{"index":"index","follow":"follow","max-snippet":"max-snippet:-1","max-image-preview":"max-image-preview:large","max-video-preview":"max-video-preview:-1"},"canonical":"https:\/\/decofoodshop.nl\/de\/produkt\/imitation-koi-karpfen-silber-grau\/","og_locale":"de_DE","og_type":"article","og_title":"Namaak Koi Karper Zilvergrijs","og_description":"Namaak koi karper zilvergrijs is uiterst decoratief en en net echt. Heel veel nepvissen en meer namaakvissen kopen natuurlijk bij Decofoodshop.nl","og_url":"https:\/\/decofoodshop.nl\/de\/produkt\/imitation-koi-karpfen-silber-grau\/","og_site_name":"Decofoodshop","article_modified_time":"2026-03-27T00:34:40+00:00","og_image":[{"width":755,"height":754,"url":"https:\/\/decofoodshop.nl\/wp-content\/uploads\/2020\/01\/Namaak-Koi-Karper-Zilvergrijs-33cm.jpg","type":"image\/jpeg"}],"twitter_card":"summary_large_image","twitter_misc":{"Gesch\u00e4tzte Lesezeit":"1\u00a0Minute"},"schema":{"@context":"https:\/\/schema.org","@graph":[{"@type":"WebPage","@id":"https:\/\/decofoodshop.nl\/product\/namaak-koi-karper-zilvergrijs\/","url":"https:\/\/decofoodshop.nl\/product\/namaak-koi-karper-zilvergrijs\/","name":"Gef\u00e4lschter Koi-Karpfen Silbergrau - Bei Decofoodshop","isPartOf":{"@id":"https:\/\/decofoodshop.nl\/#website"},"primaryImageOfPage":{"@id":"https:\/\/decofoodshop.nl\/product\/namaak-koi-karper-zilvergrijs\/#primaryimage"},"image":{"@id":"https:\/\/decofoodshop.nl\/product\/namaak-koi-karper-zilvergrijs\/#primaryimage"},"thumbnailUrl":"https:\/\/decofoodshop.nl\/wp-content\/uploads\/2020\/01\/Namaak-Koi-Karper-Zilvergrijs-33cm.jpg","datePublished":"2020-01-08T11:50:54+00:00","dateModified":"2026-03-27T00:34:40+00:00","description":"Gef\u00e4lschter Koi-Karpfen silbergrau ist \u00e4u\u00dferst dekorativ und genau wie das Original. Kaufen Sie nat\u00fcrlich viele gef\u00e4lschte Fische und noch mehr gef\u00e4lschte Fische bei Decofoodshop.nl","breadcrumb":{"@id":"https:\/\/decofoodshop.nl\/product\/namaak-koi-karper-zilvergrijs\/#breadcrumb"},"inLanguage":"de","potentialAction":[{"@type":"ReadAction","target":["https:\/\/decofoodshop.nl\/product\/namaak-koi-karper-zilvergrijs\/"]}]},{"@type":"ImageObject","inLanguage":"de","@id":"https:\/\/decofoodshop.nl\/product\/namaak-koi-karper-zilvergrijs\/#primaryimage","url":"https:\/\/decofoodshop.nl\/wp-content\/uploads\/2020\/01\/Namaak-Koi-Karper-Zilvergrijs-33cm.jpg","contentUrl":"https:\/\/decofoodshop.nl\/wp-content\/uploads\/2020\/01\/Namaak-Koi-Karper-Zilvergrijs-33cm.jpg","width":755,"height":754,"caption":"Namaak Koi Karper Zilvergrijs"},{"@type":"BreadcrumbList","@id":"https:\/\/decofoodshop.nl\/product\/namaak-koi-karper-zilvergrijs\/#breadcrumb","itemListElement":[{"@type":"ListItem","position":1,"name":"Home","item":"https:\/\/decofoodshop.nl\/"},{"@type":"ListItem","position":2,"name":"Winkel","item":"https:\/\/decofoodshop.nl\/winkel\/"},{"@type":"ListItem","position":3,"name":"Namaak Koi Karper Zilvergrijs"}]},{"@type":"WebSite","@id":"https:\/\/decofoodshop.nl\/#website","url":"https:\/\/decofoodshop.nl\/","name":"Dekofoodshop","description":"","potentialAction":[{"@type":"SearchAction","target":{"@type":"EntryPoint","urlTemplate":"https:\/\/decofoodshop.nl\/?s={search_term_string}"},"query-input":{"@type":"PropertyValueSpecification","valueRequired":true,"valueName":"search_term_string"}}],"inLanguage":"de"}]}},"_links":{"self":[{"href":"https:\/\/decofoodshop.nl\/de\/wp-json\/wp\/v2\/product\/1971","targetHints":{"allow":["GET"]}}],"collection":[{"href":"https:\/\/decofoodshop.nl\/de\/wp-json\/wp\/v2\/product"}],"about":[{"href":"https:\/\/decofoodshop.nl\/de\/wp-json\/wp\/v2\/types\/product"}],"wp:featuredmedia":[{"embeddable":true,"href":"https:\/\/decofoodshop.nl\/de\/wp-json\/wp\/v2\/media\/1972"}],"wp:attachment":[{"href":"https:\/\/decofoodshop.nl\/de\/wp-json\/wp\/v2\/media?parent=1971"}],"wp:term":[{"taxonomy":"product_brand","embeddable":true,"href":"https:\/\/decofoodshop.nl\/de\/wp-json\/wp\/v2\/product_brand?post=1971"},{"taxonomy":"product_cat","embeddable":true,"href":"https:\/\/decofoodshop.nl\/de\/wp-json\/wp\/v2\/product_cat?post=1971"},{"taxonomy":"product_tag","embeddable":true,"href":"https:\/\/decofoodshop.nl\/de\/wp-json\/wp\/v2\/product_tag?post=1971"}],"curies":[{"name":"wp","href":"https:\/\/api.w.org\/{rel}","templated":true}]}}