{"id":1975,"date":"2020-01-08T12:08:49","date_gmt":"2020-01-08T12:08:49","guid":{"rendered":"https:\/\/decofoodshop.nl\/?post_type=product&#038;p=1975"},"modified":"2026-03-02T13:51:22","modified_gmt":"2026-03-02T12:51:22","slug":"fake-koi-carp-orange-spotted","status":"publish","type":"product","link":"https:\/\/decofoodshop.nl\/de\/product\/namaak-koi-karper-oranje-gevlekt\/","title":{"rendered":"Gef\u00e4lschter Koi-Karpfen Orange gefleckt"},"content":{"rendered":"<p>Dieser wundersch\u00f6ne k\u00fcnstliche Koi-Karpfen Orange Spotted ist sehr dekorativ.<\/p>\n<p>Seine sch\u00f6ne gelbe Unterfarbe mit orangefarbener Oberseite verleiht dem Koi-Karpfen ein frisches und nat\u00fcrliches Aussehen.<\/p>\n<p>Es hat auch graue Flecken, wie Sie sie in der Natur antreffen.<\/p>\n<p>Der k\u00fcnstliche Koi-Karpfen hat gelb-goldene Knopfaugen.<\/p>\n<p>Schauen Sie sich auch unser Angebot an<strong><span style=\"color: #008000;\"> <a style=\"color: #008000;\" href=\"https:\/\/decofoodshop.nl\/de\/produktkategorie-2\/kunstliche-fruchte\/\">\u201ek\u00fcnstliche Frucht\u201c<\/a> <\/span><\/strong>zum Extra-Dressing des Fisches.<\/p>\n<p>&nbsp;<\/p>","protected":false},"excerpt":{"rendered":"<p>Deze mooie Namaak Koi Karper Oranje Gevlekt is heel decoratief inzetbaar. Zijn mooie gele onder kleur met daar overheen oranje geeft de koi karper een frisse en natuurlijke uitstraling. Ook heeft hij grijze vlekken zoals je ze in de natuur ook tegen komt. De kunst koi karper is voorzien van geel-goude kraaloogjes. Kijk ook even [&hellip;]<\/p>\n","protected":false},"featured_media":1976,"template":"","meta":{"_acf_changed":false,"_genesis_hide_title":false,"_genesis_hide_breadcrumbs":false,"_genesis_hide_singular_image":false,"_genesis_hide_footer_widgets":false,"_genesis_custom_body_class":"","_genesis_custom_post_class":"","_genesis_layout":""},"product_brand":[],"product_cat":[50],"product_tag":[],"class_list":{"0":"post-1975","1":"product","2":"type-product","3":"status-publish","4":"has-post-thumbnail","6":"product_cat-namaak-vis-en-vlees","7":"entry","8":"wpx-has-gallery","10":"first","11":"instock","12":"taxable","13":"shipping-taxable","14":"purchasable","15":"product-type-simple"},"acf":[],"yoast_head":"<!-- This site is optimized with the Yoast SEO Premium plugin v27.4 (Yoast SEO v27.4) - https:\/\/yoast.com\/product\/yoast-seo-premium-wordpress\/ -->\n<title>Namaak Koi Karper Oranje Gevlekt - Decofoodshop<\/title>\n<meta name=\"description\" content=\"Deze decoratieve namaak koi karper oranje gevlekt is mooi en natuurlijk. Kijk bij Decofoodshop voor een groot assortiment kunstvoedsel aan.\" \/>\n<meta name=\"robots\" content=\"index, follow, max-snippet:-1, max-image-preview:large, max-video-preview:-1\" \/>\n<link rel=\"canonical\" href=\"https:\/\/decofoodshop.nl\/de\/produkt\/fake-koi-carp-orange-spotted\/\" \/>\n<meta property=\"og:locale\" content=\"de_DE\" \/>\n<meta property=\"og:type\" content=\"article\" \/>\n<meta property=\"og:title\" content=\"Namaak Koi Karper Oranje Gevlekt\" \/>\n<meta property=\"og:description\" content=\"Deze decoratieve namaak koi karper oranje gevlekt is mooi en natuurlijk. Kijk bij Decofoodshop voor een groot assortiment kunstvoedsel aan.\" \/>\n<meta property=\"og:url\" content=\"https:\/\/decofoodshop.nl\/de\/produkt\/fake-koi-carp-orange-spotted\/\" \/>\n<meta property=\"og:site_name\" content=\"Decofoodshop\" \/>\n<meta property=\"article:modified_time\" content=\"2026-03-02T12:51:22+00:00\" \/>\n<meta property=\"og:image\" content=\"https:\/\/decofoodshop.nl\/wp-content\/uploads\/2020\/01\/Namaak-Koi-Karper-Oranje-Gevlekt-33cm.jpg\" \/>\n\t<meta property=\"og:image:width\" content=\"745\" \/>\n\t<meta property=\"og:image:height\" content=\"744\" \/>\n\t<meta property=\"og:image:type\" content=\"image\/jpeg\" \/>\n<meta name=\"twitter:card\" content=\"summary_large_image\" \/>\n<meta name=\"twitter:label1\" content=\"Gesch\u00e4tzte Lesezeit\" \/>\n\t<meta name=\"twitter:data1\" content=\"1\u00a0Minute\" \/>\n<script type=\"application\/ld+json\" class=\"yoast-schema-graph\">{\"@context\":\"https:\\\/\\\/schema.org\",\"@graph\":[{\"@type\":\"WebPage\",\"@id\":\"https:\\\/\\\/decofoodshop.nl\\\/product\\\/namaak-koi-karper-oranje-gevlekt\\\/\",\"url\":\"https:\\\/\\\/decofoodshop.nl\\\/product\\\/namaak-koi-karper-oranje-gevlekt\\\/\",\"name\":\"Namaak Koi Karper Oranje Gevlekt - Decofoodshop\",\"isPartOf\":{\"@id\":\"https:\\\/\\\/decofoodshop.nl\\\/#website\"},\"primaryImageOfPage\":{\"@id\":\"https:\\\/\\\/decofoodshop.nl\\\/product\\\/namaak-koi-karper-oranje-gevlekt\\\/#primaryimage\"},\"image\":{\"@id\":\"https:\\\/\\\/decofoodshop.nl\\\/product\\\/namaak-koi-karper-oranje-gevlekt\\\/#primaryimage\"},\"thumbnailUrl\":\"https:\\\/\\\/decofoodshop.nl\\\/wp-content\\\/uploads\\\/2020\\\/01\\\/Namaak-Koi-Karper-Oranje-Gevlekt-33cm.jpg\",\"datePublished\":\"2020-01-08T12:08:49+00:00\",\"dateModified\":\"2026-03-02T12:51:22+00:00\",\"description\":\"Deze decoratieve namaak koi karper oranje gevlekt is mooi en natuurlijk. Kijk bij Decofoodshop voor een groot assortiment kunstvoedsel aan.\",\"breadcrumb\":{\"@id\":\"https:\\\/\\\/decofoodshop.nl\\\/product\\\/namaak-koi-karper-oranje-gevlekt\\\/#breadcrumb\"},\"inLanguage\":\"de\",\"potentialAction\":[{\"@type\":\"ReadAction\",\"target\":[\"https:\\\/\\\/decofoodshop.nl\\\/product\\\/namaak-koi-karper-oranje-gevlekt\\\/\"]}]},{\"@type\":\"ImageObject\",\"inLanguage\":\"de\",\"@id\":\"https:\\\/\\\/decofoodshop.nl\\\/product\\\/namaak-koi-karper-oranje-gevlekt\\\/#primaryimage\",\"url\":\"https:\\\/\\\/decofoodshop.nl\\\/wp-content\\\/uploads\\\/2020\\\/01\\\/Namaak-Koi-Karper-Oranje-Gevlekt-33cm.jpg\",\"contentUrl\":\"https:\\\/\\\/decofoodshop.nl\\\/wp-content\\\/uploads\\\/2020\\\/01\\\/Namaak-Koi-Karper-Oranje-Gevlekt-33cm.jpg\",\"width\":745,\"height\":744,\"caption\":\"Namaak Koi Karper Oranje Gevlekt\"},{\"@type\":\"BreadcrumbList\",\"@id\":\"https:\\\/\\\/decofoodshop.nl\\\/product\\\/namaak-koi-karper-oranje-gevlekt\\\/#breadcrumb\",\"itemListElement\":[{\"@type\":\"ListItem\",\"position\":1,\"name\":\"Home\",\"item\":\"https:\\\/\\\/decofoodshop.nl\\\/\"},{\"@type\":\"ListItem\",\"position\":2,\"name\":\"Winkel\",\"item\":\"https:\\\/\\\/decofoodshop.nl\\\/winkel\\\/\"},{\"@type\":\"ListItem\",\"position\":3,\"name\":\"Namaak Koi Karper Oranje Gevlekt\"}]},{\"@type\":\"WebSite\",\"@id\":\"https:\\\/\\\/decofoodshop.nl\\\/#website\",\"url\":\"https:\\\/\\\/decofoodshop.nl\\\/\",\"name\":\"Decofoodshop\",\"description\":\"\",\"potentialAction\":[{\"@type\":\"SearchAction\",\"target\":{\"@type\":\"EntryPoint\",\"urlTemplate\":\"https:\\\/\\\/decofoodshop.nl\\\/?s={search_term_string}\"},\"query-input\":{\"@type\":\"PropertyValueSpecification\",\"valueRequired\":true,\"valueName\":\"search_term_string\"}}],\"inLanguage\":\"de\"}]}<\/script>\n<!-- \/ Yoast SEO Premium plugin. -->","yoast_head_json":{"title":"Gef\u00e4lschter Koi-Karpfen orange getupft - Decofoodshop","description":"Dieser dekorative k\u00fcnstliche Koi-Karpfen orange meliert ist wundersch\u00f6n und nat\u00fcrlich. Bei Decofoodshop finden Sie eine gro\u00dfe Auswahl an k\u00fcnstlichen Lebensmitteln.","robots":{"index":"index","follow":"follow","max-snippet":"max-snippet:-1","max-image-preview":"max-image-preview:large","max-video-preview":"max-video-preview:-1"},"canonical":"https:\/\/decofoodshop.nl\/de\/produkt\/fake-koi-carp-orange-spotted\/","og_locale":"de_DE","og_type":"article","og_title":"Namaak Koi Karper Oranje Gevlekt","og_description":"Deze decoratieve namaak koi karper oranje gevlekt is mooi en natuurlijk. Kijk bij Decofoodshop voor een groot assortiment kunstvoedsel aan.","og_url":"https:\/\/decofoodshop.nl\/de\/produkt\/fake-koi-carp-orange-spotted\/","og_site_name":"Decofoodshop","article_modified_time":"2026-03-02T12:51:22+00:00","og_image":[{"width":745,"height":744,"url":"https:\/\/decofoodshop.nl\/wp-content\/uploads\/2020\/01\/Namaak-Koi-Karper-Oranje-Gevlekt-33cm.jpg","type":"image\/jpeg"}],"twitter_card":"summary_large_image","twitter_misc":{"Gesch\u00e4tzte Lesezeit":"1\u00a0Minute"},"schema":{"@context":"https:\/\/schema.org","@graph":[{"@type":"WebPage","@id":"https:\/\/decofoodshop.nl\/product\/namaak-koi-karper-oranje-gevlekt\/","url":"https:\/\/decofoodshop.nl\/product\/namaak-koi-karper-oranje-gevlekt\/","name":"Gef\u00e4lschter Koi-Karpfen orange getupft - Decofoodshop","isPartOf":{"@id":"https:\/\/decofoodshop.nl\/#website"},"primaryImageOfPage":{"@id":"https:\/\/decofoodshop.nl\/product\/namaak-koi-karper-oranje-gevlekt\/#primaryimage"},"image":{"@id":"https:\/\/decofoodshop.nl\/product\/namaak-koi-karper-oranje-gevlekt\/#primaryimage"},"thumbnailUrl":"https:\/\/decofoodshop.nl\/wp-content\/uploads\/2020\/01\/Namaak-Koi-Karper-Oranje-Gevlekt-33cm.jpg","datePublished":"2020-01-08T12:08:49+00:00","dateModified":"2026-03-02T12:51:22+00:00","description":"Dieser dekorative k\u00fcnstliche Koi-Karpfen orange meliert ist wundersch\u00f6n und nat\u00fcrlich. Bei Decofoodshop finden Sie eine gro\u00dfe Auswahl an k\u00fcnstlichen Lebensmitteln.","breadcrumb":{"@id":"https:\/\/decofoodshop.nl\/product\/namaak-koi-karper-oranje-gevlekt\/#breadcrumb"},"inLanguage":"de","potentialAction":[{"@type":"ReadAction","target":["https:\/\/decofoodshop.nl\/product\/namaak-koi-karper-oranje-gevlekt\/"]}]},{"@type":"ImageObject","inLanguage":"de","@id":"https:\/\/decofoodshop.nl\/product\/namaak-koi-karper-oranje-gevlekt\/#primaryimage","url":"https:\/\/decofoodshop.nl\/wp-content\/uploads\/2020\/01\/Namaak-Koi-Karper-Oranje-Gevlekt-33cm.jpg","contentUrl":"https:\/\/decofoodshop.nl\/wp-content\/uploads\/2020\/01\/Namaak-Koi-Karper-Oranje-Gevlekt-33cm.jpg","width":745,"height":744,"caption":"Namaak Koi Karper Oranje Gevlekt"},{"@type":"BreadcrumbList","@id":"https:\/\/decofoodshop.nl\/product\/namaak-koi-karper-oranje-gevlekt\/#breadcrumb","itemListElement":[{"@type":"ListItem","position":1,"name":"Home","item":"https:\/\/decofoodshop.nl\/"},{"@type":"ListItem","position":2,"name":"Winkel","item":"https:\/\/decofoodshop.nl\/winkel\/"},{"@type":"ListItem","position":3,"name":"Namaak Koi Karper Oranje Gevlekt"}]},{"@type":"WebSite","@id":"https:\/\/decofoodshop.nl\/#website","url":"https:\/\/decofoodshop.nl\/","name":"Dekofoodshop","description":"","potentialAction":[{"@type":"SearchAction","target":{"@type":"EntryPoint","urlTemplate":"https:\/\/decofoodshop.nl\/?s={search_term_string}"},"query-input":{"@type":"PropertyValueSpecification","valueRequired":true,"valueName":"search_term_string"}}],"inLanguage":"de"}]}},"_links":{"self":[{"href":"https:\/\/decofoodshop.nl\/de\/wp-json\/wp\/v2\/product\/1975","targetHints":{"allow":["GET"]}}],"collection":[{"href":"https:\/\/decofoodshop.nl\/de\/wp-json\/wp\/v2\/product"}],"about":[{"href":"https:\/\/decofoodshop.nl\/de\/wp-json\/wp\/v2\/types\/product"}],"wp:featuredmedia":[{"embeddable":true,"href":"https:\/\/decofoodshop.nl\/de\/wp-json\/wp\/v2\/media\/1976"}],"wp:attachment":[{"href":"https:\/\/decofoodshop.nl\/de\/wp-json\/wp\/v2\/media?parent=1975"}],"wp:term":[{"taxonomy":"product_brand","embeddable":true,"href":"https:\/\/decofoodshop.nl\/de\/wp-json\/wp\/v2\/product_brand?post=1975"},{"taxonomy":"product_cat","embeddable":true,"href":"https:\/\/decofoodshop.nl\/de\/wp-json\/wp\/v2\/product_cat?post=1975"},{"taxonomy":"product_tag","embeddable":true,"href":"https:\/\/decofoodshop.nl\/de\/wp-json\/wp\/v2\/product_tag?post=1975"}],"curies":[{"name":"wp","href":"https:\/\/api.w.org\/{rel}","templated":true}]}}