{"id":1979,"date":"2020-01-14T10:22:32","date_gmt":"2020-01-14T10:22:32","guid":{"rendered":"https:\/\/decofoodshop.nl\/?post_type=product&#038;p=1979"},"modified":"2026-03-20T15:19:41","modified_gmt":"2026-03-20T14:19:41","slug":"gefalschte-regenbogenforelle","status":"publish","type":"product","link":"https:\/\/decofoodshop.nl\/de\/product\/namaak-regenboog-forel\/","title":{"rendered":"Gef\u00e4lschte Regenbogenforelle"},"content":{"rendered":"<p>Sch\u00f6ne und sehr realistische gef\u00e4lschte Regenbogenforelle.<\/p>\n<p>Sein Bauch ist wei\u00df, seine Taille ist gelb und oben wechselt er von gelb zu grau.<\/p>\n<p>Aufgrund der Punkte auf ihrem K\u00f6rper ist diese k\u00fcnstliche Forelle sehr nat\u00fcrlich.<\/p>\n<p>Er hat sehr sch\u00f6ne und detaillierte Flossen und einen Schwanz, sein Maul wird auch von sch\u00f6nen Falten gebildet.<\/p>\n<p>Da diese Kunst-Regenbogenforelle mit Knopfaugen versehen ist, sieht sie noch echter aus.<\/p>\n<p>Sie k\u00f6nnen auch einen Blick darauf werfen<strong><span style=\"color: #008000;\"> <a style=\"color: #008000;\" href=\"https:\/\/decofoodshop.nl\/de\/produktkategorie-2\/andere\/\">&#039;Andere&#039;<\/a><\/span><\/strong> f\u00fcr alle Arten von gef\u00e4lschten Waren.<\/p>\n<p>&nbsp;<\/p>\n<p>&nbsp;<\/p>","protected":false},"excerpt":{"rendered":"<p>Prachtige en zeer realistische namaak regenboog forel. Zijn buik is wit, zijn middel is geel en bovenop loopt het over van geel naar grijs. Door de stippen op zijn lijf is deze nep forel ontzettend natuurgetrouw. Hij heeft ontzettend mooie en gedetailleerde vinnen en staart, ook zijn bek is gevormd door mooie plooien. Doordat deze [&hellip;]<\/p>\n","protected":false},"featured_media":1980,"template":"","meta":{"_acf_changed":false,"_genesis_hide_title":false,"_genesis_hide_breadcrumbs":false,"_genesis_hide_singular_image":false,"_genesis_hide_footer_widgets":false,"_genesis_custom_body_class":"","_genesis_custom_post_class":"","_genesis_layout":""},"product_brand":[],"product_cat":[50],"product_tag":[],"class_list":{"0":"post-1979","1":"product","2":"type-product","3":"status-publish","4":"has-post-thumbnail","6":"product_cat-namaak-vis-en-vlees","7":"entry","8":"wpx-has-gallery","10":"first","11":"instock","12":"taxable","13":"shipping-taxable","14":"purchasable","15":"product-type-simple"},"acf":[],"yoast_head":"<!-- This site is optimized with the Yoast SEO Premium plugin v27.4 (Yoast SEO v27.4) - https:\/\/yoast.com\/product\/yoast-seo-premium-wordpress\/ -->\n<title>Namaak Regenboog Forel - Verkrijgbaar Bij Decofoodshop<\/title>\n<meta name=\"description\" content=\"Deze natuurlijke namaak regenboog forel is \u00e9\u00e9n van de vele namaak vissen die wij aanbieden. Nepvissen kopen bij Decofoodshop.nl\" \/>\n<meta name=\"robots\" content=\"index, follow, max-snippet:-1, max-image-preview:large, max-video-preview:-1\" \/>\n<link rel=\"canonical\" href=\"https:\/\/decofoodshop.nl\/de\/produkt\/gefalschte-regenbogenforelle\/\" \/>\n<meta property=\"og:locale\" content=\"de_DE\" \/>\n<meta property=\"og:type\" content=\"article\" \/>\n<meta property=\"og:title\" content=\"Namaak Regenboog Forel\" \/>\n<meta property=\"og:description\" content=\"Deze natuurlijke namaak regenboog forel is \u00e9\u00e9n van de vele namaak vissen die wij aanbieden. Nepvissen kopen bij Decofoodshop.nl\" \/>\n<meta property=\"og:url\" content=\"https:\/\/decofoodshop.nl\/de\/produkt\/gefalschte-regenbogenforelle\/\" \/>\n<meta property=\"og:site_name\" content=\"Decofoodshop\" \/>\n<meta property=\"article:modified_time\" content=\"2026-03-20T14:19:41+00:00\" \/>\n<meta property=\"og:image\" content=\"https:\/\/decofoodshop.nl\/wp-content\/uploads\/2020\/01\/Namaak-Regenboog-Forel-29cm.jpg\" \/>\n\t<meta property=\"og:image:width\" content=\"1200\" \/>\n\t<meta property=\"og:image:height\" content=\"1198\" \/>\n\t<meta property=\"og:image:type\" content=\"image\/jpeg\" \/>\n<meta name=\"twitter:card\" content=\"summary_large_image\" \/>\n<meta name=\"twitter:label1\" content=\"Gesch\u00e4tzte Lesezeit\" \/>\n\t<meta name=\"twitter:data1\" content=\"1\u00a0Minute\" \/>\n<script type=\"application\/ld+json\" class=\"yoast-schema-graph\">{\"@context\":\"https:\\\/\\\/schema.org\",\"@graph\":[{\"@type\":\"WebPage\",\"@id\":\"https:\\\/\\\/decofoodshop.nl\\\/product\\\/namaak-regenboog-forel\\\/\",\"url\":\"https:\\\/\\\/decofoodshop.nl\\\/product\\\/namaak-regenboog-forel\\\/\",\"name\":\"Namaak Regenboog Forel - Verkrijgbaar Bij Decofoodshop\",\"isPartOf\":{\"@id\":\"https:\\\/\\\/decofoodshop.nl\\\/#website\"},\"primaryImageOfPage\":{\"@id\":\"https:\\\/\\\/decofoodshop.nl\\\/product\\\/namaak-regenboog-forel\\\/#primaryimage\"},\"image\":{\"@id\":\"https:\\\/\\\/decofoodshop.nl\\\/product\\\/namaak-regenboog-forel\\\/#primaryimage\"},\"thumbnailUrl\":\"https:\\\/\\\/decofoodshop.nl\\\/wp-content\\\/uploads\\\/2020\\\/01\\\/Namaak-Regenboog-Forel-29cm.jpg\",\"datePublished\":\"2020-01-14T10:22:32+00:00\",\"dateModified\":\"2026-03-20T14:19:41+00:00\",\"description\":\"Deze natuurlijke namaak regenboog forel is \u00e9\u00e9n van de vele namaak vissen die wij aanbieden. Nepvissen kopen bij Decofoodshop.nl\",\"breadcrumb\":{\"@id\":\"https:\\\/\\\/decofoodshop.nl\\\/product\\\/namaak-regenboog-forel\\\/#breadcrumb\"},\"inLanguage\":\"de\",\"potentialAction\":[{\"@type\":\"ReadAction\",\"target\":[\"https:\\\/\\\/decofoodshop.nl\\\/product\\\/namaak-regenboog-forel\\\/\"]}]},{\"@type\":\"ImageObject\",\"inLanguage\":\"de\",\"@id\":\"https:\\\/\\\/decofoodshop.nl\\\/product\\\/namaak-regenboog-forel\\\/#primaryimage\",\"url\":\"https:\\\/\\\/decofoodshop.nl\\\/wp-content\\\/uploads\\\/2020\\\/01\\\/Namaak-Regenboog-Forel-29cm.jpg\",\"contentUrl\":\"https:\\\/\\\/decofoodshop.nl\\\/wp-content\\\/uploads\\\/2020\\\/01\\\/Namaak-Regenboog-Forel-29cm.jpg\",\"width\":1200,\"height\":1198,\"caption\":\"Namaak Regenboog Forel\"},{\"@type\":\"BreadcrumbList\",\"@id\":\"https:\\\/\\\/decofoodshop.nl\\\/product\\\/namaak-regenboog-forel\\\/#breadcrumb\",\"itemListElement\":[{\"@type\":\"ListItem\",\"position\":1,\"name\":\"Home\",\"item\":\"https:\\\/\\\/decofoodshop.nl\\\/\"},{\"@type\":\"ListItem\",\"position\":2,\"name\":\"Winkel\",\"item\":\"https:\\\/\\\/decofoodshop.nl\\\/winkel\\\/\"},{\"@type\":\"ListItem\",\"position\":3,\"name\":\"Namaak Regenboog Forel\"}]},{\"@type\":\"WebSite\",\"@id\":\"https:\\\/\\\/decofoodshop.nl\\\/#website\",\"url\":\"https:\\\/\\\/decofoodshop.nl\\\/\",\"name\":\"Decofoodshop\",\"description\":\"\",\"potentialAction\":[{\"@type\":\"SearchAction\",\"target\":{\"@type\":\"EntryPoint\",\"urlTemplate\":\"https:\\\/\\\/decofoodshop.nl\\\/?s={search_term_string}\"},\"query-input\":{\"@type\":\"PropertyValueSpecification\",\"valueRequired\":true,\"valueName\":\"search_term_string\"}}],\"inLanguage\":\"de\"}]}<\/script>\n<!-- \/ Yoast SEO Premium plugin. -->","yoast_head_json":{"title":"Gef\u00e4lschte Regenbogenforelle - Erh\u00e4ltlich bei Decofoodshop","description":"Diese nat\u00fcrliche gef\u00e4lschte Regenbogenforelle ist einer der vielen gef\u00e4lschten Fische, die wir anbieten. Kaufen Sie k\u00fcnstlichen Fisch bei Decofoodshop.nl","robots":{"index":"index","follow":"follow","max-snippet":"max-snippet:-1","max-image-preview":"max-image-preview:large","max-video-preview":"max-video-preview:-1"},"canonical":"https:\/\/decofoodshop.nl\/de\/produkt\/gefalschte-regenbogenforelle\/","og_locale":"de_DE","og_type":"article","og_title":"Namaak Regenboog Forel","og_description":"Deze natuurlijke namaak regenboog forel is \u00e9\u00e9n van de vele namaak vissen die wij aanbieden. Nepvissen kopen bij Decofoodshop.nl","og_url":"https:\/\/decofoodshop.nl\/de\/produkt\/gefalschte-regenbogenforelle\/","og_site_name":"Decofoodshop","article_modified_time":"2026-03-20T14:19:41+00:00","og_image":[{"width":1200,"height":1198,"url":"https:\/\/decofoodshop.nl\/wp-content\/uploads\/2020\/01\/Namaak-Regenboog-Forel-29cm.jpg","type":"image\/jpeg"}],"twitter_card":"summary_large_image","twitter_misc":{"Gesch\u00e4tzte Lesezeit":"1\u00a0Minute"},"schema":{"@context":"https:\/\/schema.org","@graph":[{"@type":"WebPage","@id":"https:\/\/decofoodshop.nl\/product\/namaak-regenboog-forel\/","url":"https:\/\/decofoodshop.nl\/product\/namaak-regenboog-forel\/","name":"Gef\u00e4lschte Regenbogenforelle - Erh\u00e4ltlich bei Decofoodshop","isPartOf":{"@id":"https:\/\/decofoodshop.nl\/#website"},"primaryImageOfPage":{"@id":"https:\/\/decofoodshop.nl\/product\/namaak-regenboog-forel\/#primaryimage"},"image":{"@id":"https:\/\/decofoodshop.nl\/product\/namaak-regenboog-forel\/#primaryimage"},"thumbnailUrl":"https:\/\/decofoodshop.nl\/wp-content\/uploads\/2020\/01\/Namaak-Regenboog-Forel-29cm.jpg","datePublished":"2020-01-14T10:22:32+00:00","dateModified":"2026-03-20T14:19:41+00:00","description":"Diese nat\u00fcrliche gef\u00e4lschte Regenbogenforelle ist einer der vielen gef\u00e4lschten Fische, die wir anbieten. Kaufen Sie k\u00fcnstlichen Fisch bei Decofoodshop.nl","breadcrumb":{"@id":"https:\/\/decofoodshop.nl\/product\/namaak-regenboog-forel\/#breadcrumb"},"inLanguage":"de","potentialAction":[{"@type":"ReadAction","target":["https:\/\/decofoodshop.nl\/product\/namaak-regenboog-forel\/"]}]},{"@type":"ImageObject","inLanguage":"de","@id":"https:\/\/decofoodshop.nl\/product\/namaak-regenboog-forel\/#primaryimage","url":"https:\/\/decofoodshop.nl\/wp-content\/uploads\/2020\/01\/Namaak-Regenboog-Forel-29cm.jpg","contentUrl":"https:\/\/decofoodshop.nl\/wp-content\/uploads\/2020\/01\/Namaak-Regenboog-Forel-29cm.jpg","width":1200,"height":1198,"caption":"Namaak Regenboog Forel"},{"@type":"BreadcrumbList","@id":"https:\/\/decofoodshop.nl\/product\/namaak-regenboog-forel\/#breadcrumb","itemListElement":[{"@type":"ListItem","position":1,"name":"Home","item":"https:\/\/decofoodshop.nl\/"},{"@type":"ListItem","position":2,"name":"Winkel","item":"https:\/\/decofoodshop.nl\/winkel\/"},{"@type":"ListItem","position":3,"name":"Namaak Regenboog Forel"}]},{"@type":"WebSite","@id":"https:\/\/decofoodshop.nl\/#website","url":"https:\/\/decofoodshop.nl\/","name":"Dekofoodshop","description":"","potentialAction":[{"@type":"SearchAction","target":{"@type":"EntryPoint","urlTemplate":"https:\/\/decofoodshop.nl\/?s={search_term_string}"},"query-input":{"@type":"PropertyValueSpecification","valueRequired":true,"valueName":"search_term_string"}}],"inLanguage":"de"}]}},"_links":{"self":[{"href":"https:\/\/decofoodshop.nl\/de\/wp-json\/wp\/v2\/product\/1979","targetHints":{"allow":["GET"]}}],"collection":[{"href":"https:\/\/decofoodshop.nl\/de\/wp-json\/wp\/v2\/product"}],"about":[{"href":"https:\/\/decofoodshop.nl\/de\/wp-json\/wp\/v2\/types\/product"}],"wp:featuredmedia":[{"embeddable":true,"href":"https:\/\/decofoodshop.nl\/de\/wp-json\/wp\/v2\/media\/1980"}],"wp:attachment":[{"href":"https:\/\/decofoodshop.nl\/de\/wp-json\/wp\/v2\/media?parent=1979"}],"wp:term":[{"taxonomy":"product_brand","embeddable":true,"href":"https:\/\/decofoodshop.nl\/de\/wp-json\/wp\/v2\/product_brand?post=1979"},{"taxonomy":"product_cat","embeddable":true,"href":"https:\/\/decofoodshop.nl\/de\/wp-json\/wp\/v2\/product_cat?post=1979"},{"taxonomy":"product_tag","embeddable":true,"href":"https:\/\/decofoodshop.nl\/de\/wp-json\/wp\/v2\/product_tag?post=1979"}],"curies":[{"name":"wp","href":"https:\/\/api.w.org\/{rel}","templated":true}]}}