{"id":1983,"date":"2020-01-21T12:04:59","date_gmt":"2020-01-21T12:04:59","guid":{"rendered":"https:\/\/decofoodshop.nl\/?post_type=product&#038;p=1983"},"modified":"2026-03-19T11:49:37","modified_gmt":"2026-03-19T10:49:37","slug":"gefalschtes-sushi-nigiri-set","status":"publish","type":"product","link":"https:\/\/decofoodshop.nl\/de\/product\/nep-sushi-maki-set\/","title":{"rendered":"Gef\u00e4lschtes Sushi-Maki-Set"},"content":{"rendered":"<p>Fertiges Fake Sushi Maki Set bestehend aus 4 St\u00fcck.<\/p>\n<p>Alle vier Fake-Sushis bestehen aus einer Basis aus wei\u00dfem Fake-Reis.<\/p>\n<p>Jeweils in k\u00fcnstliche Algen eingewickelt.<\/p>\n<p>Alle vier haben eine unterschiedliche Dekoration.<\/p>\n<p>Eines mit Mais und Topping, eines mit Lachseiern, eines mit Lachsst\u00fcckchen, eines gemischt.<\/p>\n<p>Zwei St\u00fccke k\u00fcnstliches Sushi sind rund und zwei St\u00fccke sind oval.<\/p>\n<p>Alles in voller Gr\u00f6\u00dfe.<\/p>\n<p>Sehr robust und aus schwerem Material gefertigt.<\/p>\n<p>Lebensecht und super dekorativ.<\/p>\n<p>Professionelle Sushi-Requisiten.<\/p>\n<p>Schau auch mal rein<strong><span style=\"color: #008000;\"> <a style=\"color: #008000;\" href=\"https:\/\/decofoodshop.nl\/de\/produktkategorie-2\/andere\/\">&#039;Andere&#039;<\/a><\/span><\/strong>\u00a0 Produkte f\u00fcr verschiedene andere Lebensmittel-Requisiten.<\/p>\n<p>&nbsp;<\/p>","protected":false},"excerpt":{"rendered":"<p>Kant en klare Nep Sushi Maki Set van 4 stuks. Alle vier de namaak sushi&#8217;s bestaan uit een basis van witte neprijst. Elk omwikkeld met namaak zeewier. Alle vier een andere decoratie. \u00c9\u00e9n met mais en topping, \u00e9\u00e9n met zalmeitjes, \u00e9\u00e9n met zalmstukje, \u00e9\u00e9n mixed. Twee stuks kunst sushi zijn rond en twee stuks ovaal. [&hellip;]<\/p>\n","protected":false},"featured_media":10052,"template":"","meta":{"_acf_changed":false,"_genesis_hide_title":false,"_genesis_hide_breadcrumbs":false,"_genesis_hide_singular_image":false,"_genesis_hide_footer_widgets":false,"_genesis_custom_body_class":"","_genesis_custom_post_class":"","_genesis_layout":""},"product_brand":[],"product_cat":[50,51],"product_tag":[],"class_list":{"0":"post-1983","1":"product","2":"type-product","3":"status-publish","4":"has-post-thumbnail","6":"product_cat-namaak-vis-en-vlees","7":"product_cat-overige","8":"entry","9":"wpx-has-gallery","11":"first","12":"instock","13":"taxable","14":"shipping-taxable","15":"purchasable","16":"product-type-simple"},"acf":[],"yoast_head":"<!-- This site is optimized with the Yoast SEO Premium plugin v27.3 (Yoast SEO v27.4) - https:\/\/yoast.com\/product\/yoast-seo-premium-wordpress\/ -->\n<title>Nep Sushi Maki Set - Verkrijgbaar Bij Decofoodshop<\/title>\n<meta name=\"description\" content=\"Nep Sushi Maki Set. Wij bieden verschillende plastic sushi sets aan. Bekijk alle namaak sushi bij Decofoodshop. Alle soorten levensecht decoratie voedsel.\" \/>\n<meta name=\"robots\" content=\"index, follow, max-snippet:-1, max-image-preview:large, max-video-preview:-1\" \/>\n<link rel=\"canonical\" href=\"https:\/\/decofoodshop.nl\/de\/produkt\/gefalschtes-sushi-nigiri-set\/\" \/>\n<meta property=\"og:locale\" content=\"de_DE\" \/>\n<meta property=\"og:type\" content=\"article\" \/>\n<meta property=\"og:title\" content=\"Nep Sushi Maki Set\" \/>\n<meta property=\"og:description\" content=\"Nep Sushi Maki Set. Wij bieden verschillende plastic sushi sets aan. Bekijk alle namaak sushi bij Decofoodshop. Alle soorten levensecht decoratie voedsel.\" \/>\n<meta property=\"og:url\" content=\"https:\/\/decofoodshop.nl\/de\/produkt\/gefalschtes-sushi-nigiri-set\/\" \/>\n<meta property=\"og:site_name\" content=\"Decofoodshop\" \/>\n<meta property=\"article:modified_time\" content=\"2026-03-19T10:49:37+00:00\" \/>\n<meta property=\"og:image\" content=\"https:\/\/decofoodshop.nl\/wp-content\/uploads\/2020\/01\/Nep-Sushi-Maki-Set.jpg\" \/>\n\t<meta property=\"og:image:width\" content=\"1500\" \/>\n\t<meta property=\"og:image:height\" content=\"1500\" \/>\n\t<meta property=\"og:image:type\" content=\"image\/jpeg\" \/>\n<meta name=\"twitter:card\" content=\"summary_large_image\" \/>\n<meta name=\"twitter:label1\" content=\"Gesch\u00e4tzte Lesezeit\" \/>\n\t<meta name=\"twitter:data1\" content=\"1\u00a0Minute\" \/>\n<script type=\"application\/ld+json\" class=\"yoast-schema-graph\">{\"@context\":\"https:\\\/\\\/schema.org\",\"@graph\":[{\"@type\":\"WebPage\",\"@id\":\"https:\\\/\\\/decofoodshop.nl\\\/product\\\/nep-sushi-maki-set\\\/\",\"url\":\"https:\\\/\\\/decofoodshop.nl\\\/product\\\/nep-sushi-maki-set\\\/\",\"name\":\"Nep Sushi Maki Set - Verkrijgbaar Bij Decofoodshop\",\"isPartOf\":{\"@id\":\"https:\\\/\\\/decofoodshop.nl\\\/#website\"},\"primaryImageOfPage\":{\"@id\":\"https:\\\/\\\/decofoodshop.nl\\\/product\\\/nep-sushi-maki-set\\\/#primaryimage\"},\"image\":{\"@id\":\"https:\\\/\\\/decofoodshop.nl\\\/product\\\/nep-sushi-maki-set\\\/#primaryimage\"},\"thumbnailUrl\":\"https:\\\/\\\/decofoodshop.nl\\\/wp-content\\\/uploads\\\/2020\\\/01\\\/Nep-Sushi-Maki-Set.jpg\",\"datePublished\":\"2020-01-21T12:04:59+00:00\",\"dateModified\":\"2026-03-19T10:49:37+00:00\",\"description\":\"Nep Sushi Maki Set. Wij bieden verschillende plastic sushi sets aan. Bekijk alle namaak sushi bij Decofoodshop. Alle soorten levensecht decoratie voedsel.\",\"breadcrumb\":{\"@id\":\"https:\\\/\\\/decofoodshop.nl\\\/product\\\/nep-sushi-maki-set\\\/#breadcrumb\"},\"inLanguage\":\"de\",\"potentialAction\":[{\"@type\":\"ReadAction\",\"target\":[\"https:\\\/\\\/decofoodshop.nl\\\/product\\\/nep-sushi-maki-set\\\/\"]}]},{\"@type\":\"ImageObject\",\"inLanguage\":\"de\",\"@id\":\"https:\\\/\\\/decofoodshop.nl\\\/product\\\/nep-sushi-maki-set\\\/#primaryimage\",\"url\":\"https:\\\/\\\/decofoodshop.nl\\\/wp-content\\\/uploads\\\/2020\\\/01\\\/Nep-Sushi-Maki-Set.jpg\",\"contentUrl\":\"https:\\\/\\\/decofoodshop.nl\\\/wp-content\\\/uploads\\\/2020\\\/01\\\/Nep-Sushi-Maki-Set.jpg\",\"width\":1500,\"height\":1500,\"caption\":\"Nep Sushi Maki Set besellen bij Decofoodshop.nl\"},{\"@type\":\"BreadcrumbList\",\"@id\":\"https:\\\/\\\/decofoodshop.nl\\\/product\\\/nep-sushi-maki-set\\\/#breadcrumb\",\"itemListElement\":[{\"@type\":\"ListItem\",\"position\":1,\"name\":\"Home\",\"item\":\"https:\\\/\\\/decofoodshop.nl\\\/\"},{\"@type\":\"ListItem\",\"position\":2,\"name\":\"Winkel\",\"item\":\"https:\\\/\\\/decofoodshop.nl\\\/winkel\\\/\"},{\"@type\":\"ListItem\",\"position\":3,\"name\":\"Nep Sushi Maki Set\"}]},{\"@type\":\"WebSite\",\"@id\":\"https:\\\/\\\/decofoodshop.nl\\\/#website\",\"url\":\"https:\\\/\\\/decofoodshop.nl\\\/\",\"name\":\"Decofoodshop\",\"description\":\"\",\"potentialAction\":[{\"@type\":\"SearchAction\",\"target\":{\"@type\":\"EntryPoint\",\"urlTemplate\":\"https:\\\/\\\/decofoodshop.nl\\\/?s={search_term_string}\"},\"query-input\":{\"@type\":\"PropertyValueSpecification\",\"valueRequired\":true,\"valueName\":\"search_term_string\"}}],\"inLanguage\":\"de\"}]}<\/script>\n<!-- \/ Yoast SEO Premium plugin. -->","yoast_head_json":{"title":"Gef\u00e4lschtes Sushi-Maki-Set - Erh\u00e4ltlich bei Decofoodshop","description":"Gef\u00e4lschtes Sushi-Maki-Set. Wir bieten verschiedene Sushi-Sets aus Kunststoff an. Sehen Sie sich alle gef\u00e4lschten Sushi bei Decofoodshop an. Alle Arten von lebensechten Dekorationsspeisen.","robots":{"index":"index","follow":"follow","max-snippet":"max-snippet:-1","max-image-preview":"max-image-preview:large","max-video-preview":"max-video-preview:-1"},"canonical":"https:\/\/decofoodshop.nl\/de\/produkt\/gefalschtes-sushi-nigiri-set\/","og_locale":"de_DE","og_type":"article","og_title":"Nep Sushi Maki Set","og_description":"Nep Sushi Maki Set. Wij bieden verschillende plastic sushi sets aan. Bekijk alle namaak sushi bij Decofoodshop. Alle soorten levensecht decoratie voedsel.","og_url":"https:\/\/decofoodshop.nl\/de\/produkt\/gefalschtes-sushi-nigiri-set\/","og_site_name":"Decofoodshop","article_modified_time":"2026-03-19T10:49:37+00:00","og_image":[{"width":1500,"height":1500,"url":"https:\/\/decofoodshop.nl\/wp-content\/uploads\/2020\/01\/Nep-Sushi-Maki-Set.jpg","type":"image\/jpeg"}],"twitter_card":"summary_large_image","twitter_misc":{"Gesch\u00e4tzte Lesezeit":"1\u00a0Minute"},"schema":{"@context":"https:\/\/schema.org","@graph":[{"@type":"WebPage","@id":"https:\/\/decofoodshop.nl\/product\/nep-sushi-maki-set\/","url":"https:\/\/decofoodshop.nl\/product\/nep-sushi-maki-set\/","name":"Gef\u00e4lschtes Sushi-Maki-Set - Erh\u00e4ltlich bei Decofoodshop","isPartOf":{"@id":"https:\/\/decofoodshop.nl\/#website"},"primaryImageOfPage":{"@id":"https:\/\/decofoodshop.nl\/product\/nep-sushi-maki-set\/#primaryimage"},"image":{"@id":"https:\/\/decofoodshop.nl\/product\/nep-sushi-maki-set\/#primaryimage"},"thumbnailUrl":"https:\/\/decofoodshop.nl\/wp-content\/uploads\/2020\/01\/Nep-Sushi-Maki-Set.jpg","datePublished":"2020-01-21T12:04:59+00:00","dateModified":"2026-03-19T10:49:37+00:00","description":"Gef\u00e4lschtes Sushi-Maki-Set. Wir bieten verschiedene Sushi-Sets aus Kunststoff an. Sehen Sie sich alle gef\u00e4lschten Sushi bei Decofoodshop an. Alle Arten von lebensechten Dekorationsspeisen.","breadcrumb":{"@id":"https:\/\/decofoodshop.nl\/product\/nep-sushi-maki-set\/#breadcrumb"},"inLanguage":"de","potentialAction":[{"@type":"ReadAction","target":["https:\/\/decofoodshop.nl\/product\/nep-sushi-maki-set\/"]}]},{"@type":"ImageObject","inLanguage":"de","@id":"https:\/\/decofoodshop.nl\/product\/nep-sushi-maki-set\/#primaryimage","url":"https:\/\/decofoodshop.nl\/wp-content\/uploads\/2020\/01\/Nep-Sushi-Maki-Set.jpg","contentUrl":"https:\/\/decofoodshop.nl\/wp-content\/uploads\/2020\/01\/Nep-Sushi-Maki-Set.jpg","width":1500,"height":1500,"caption":"Nep Sushi Maki Set besellen bij Decofoodshop.nl"},{"@type":"BreadcrumbList","@id":"https:\/\/decofoodshop.nl\/product\/nep-sushi-maki-set\/#breadcrumb","itemListElement":[{"@type":"ListItem","position":1,"name":"Home","item":"https:\/\/decofoodshop.nl\/"},{"@type":"ListItem","position":2,"name":"Winkel","item":"https:\/\/decofoodshop.nl\/winkel\/"},{"@type":"ListItem","position":3,"name":"Nep Sushi Maki Set"}]},{"@type":"WebSite","@id":"https:\/\/decofoodshop.nl\/#website","url":"https:\/\/decofoodshop.nl\/","name":"Dekofoodshop","description":"","potentialAction":[{"@type":"SearchAction","target":{"@type":"EntryPoint","urlTemplate":"https:\/\/decofoodshop.nl\/?s={search_term_string}"},"query-input":{"@type":"PropertyValueSpecification","valueRequired":true,"valueName":"search_term_string"}}],"inLanguage":"de"}]}},"_links":{"self":[{"href":"https:\/\/decofoodshop.nl\/de\/wp-json\/wp\/v2\/product\/1983","targetHints":{"allow":["GET"]}}],"collection":[{"href":"https:\/\/decofoodshop.nl\/de\/wp-json\/wp\/v2\/product"}],"about":[{"href":"https:\/\/decofoodshop.nl\/de\/wp-json\/wp\/v2\/types\/product"}],"wp:featuredmedia":[{"embeddable":true,"href":"https:\/\/decofoodshop.nl\/de\/wp-json\/wp\/v2\/media\/10052"}],"wp:attachment":[{"href":"https:\/\/decofoodshop.nl\/de\/wp-json\/wp\/v2\/media?parent=1983"}],"wp:term":[{"taxonomy":"product_brand","embeddable":true,"href":"https:\/\/decofoodshop.nl\/de\/wp-json\/wp\/v2\/product_brand?post=1983"},{"taxonomy":"product_cat","embeddable":true,"href":"https:\/\/decofoodshop.nl\/de\/wp-json\/wp\/v2\/product_cat?post=1983"},{"taxonomy":"product_tag","embeddable":true,"href":"https:\/\/decofoodshop.nl\/de\/wp-json\/wp\/v2\/product_tag?post=1983"}],"curies":[{"name":"wp","href":"https:\/\/api.w.org\/{rel}","templated":true}]}}