{"id":1990,"date":"2020-01-14T10:40:24","date_gmt":"2020-01-14T10:40:24","guid":{"rendered":"https:\/\/decofoodshop.nl\/?post_type=product&#038;p=1990"},"modified":"2026-03-02T13:50:12","modified_gmt":"2026-03-02T12:50:12","slug":"fake-koi-carp-spotted","status":"publish","type":"product","link":"https:\/\/decofoodshop.nl\/de\/product\/namaak-koi-karper-gevlekt\/","title":{"rendered":"Gef\u00e4lschter Koi-Karpfen entdeckt"},"content":{"rendered":"<p>Sch\u00f6ner beweglicher gef\u00e4lschter Koi-Karpfen gesichtet.<\/p>\n<p>Diese sch\u00f6ne Variante des k\u00fcnstlichen Koi-Karpfens ist wei\u00df mit rosa-roten und grauen Flecken.<\/p>\n<p>Seine Farbe ist wundersch\u00f6n und das Wei\u00df verblasst an den Flossen und am Schwanz zu rosarot.<\/p>\n<p>Sein K\u00f6rper ist mit Schuppen bedeckt und die Flossen sind ebenfalls sehr detailliert und etwas h\u00e4rter als der K\u00f6rper.<\/p>\n<p>Au\u00dferdem mit goldgelben Knopfaugen ausgestattet.<\/p>\n<p>Klicken<strong><span style=\"color: #008000;\"> <a style=\"color: #008000;\" href=\"https:\/\/decofoodshop.nl\/de\/produktkategorie-2\/visenvlees\/\">&#039;Hier&#039;<\/a><\/span><\/strong> f\u00fcr unser Fisch &amp; Fleisch Sortiment.<\/p>\n<p>&nbsp;<\/p>","protected":false},"excerpt":{"rendered":"<p>Prachtige beweegbare namaak koi karper gevlekt. Deze mooie variant van de kunst koi karper is wit met roze-rode en grijze vlekken. Zijn kleur is mooi en het wit loopt over in roze-rood bij de vinnen en staart. Zijn lichaam is bedekt met schubben en ook de vinnen zijn erg gedetailleerd en wat harder als het [&hellip;]<\/p>\n","protected":false},"featured_media":1991,"template":"","meta":{"_acf_changed":false,"_genesis_hide_title":false,"_genesis_hide_breadcrumbs":false,"_genesis_hide_singular_image":false,"_genesis_hide_footer_widgets":false,"_genesis_custom_body_class":"","_genesis_custom_post_class":"","_genesis_layout":""},"product_brand":[],"product_cat":[50],"product_tag":[],"class_list":{"0":"post-1990","1":"product","2":"type-product","3":"status-publish","4":"has-post-thumbnail","6":"product_cat-namaak-vis-en-vlees","7":"entry","8":"wpx-has-gallery","10":"first","11":"instock","12":"taxable","13":"shipping-taxable","14":"purchasable","15":"product-type-simple"},"acf":[],"yoast_head":"<!-- This site is optimized with the Yoast SEO Premium plugin v27.3 (Yoast SEO v27.3) - https:\/\/yoast.com\/product\/yoast-seo-premium-wordpress\/ -->\n<title>Namaak Koi Karper Gevlekt - Verkrijgbaar Bij Decofoodshop<\/title>\n<meta name=\"description\" content=\"Dit is een mooie namaak koi karper gevlekt. Wij hebben meerdere verschillende kleuren namaak koi karpers op onze veelzijdige webshop.\" \/>\n<meta name=\"robots\" content=\"index, follow, max-snippet:-1, max-image-preview:large, max-video-preview:-1\" \/>\n<link rel=\"canonical\" href=\"https:\/\/decofoodshop.nl\/de\/produkt\/fake-koi-carp-spotted\/\" \/>\n<meta property=\"og:locale\" content=\"de_DE\" \/>\n<meta property=\"og:type\" content=\"article\" \/>\n<meta property=\"og:title\" content=\"Namaak Koi Karper Gevlekt\" \/>\n<meta property=\"og:description\" content=\"Dit is een mooie namaak koi karper gevlekt. Wij hebben meerdere verschillende kleuren namaak koi karpers op onze veelzijdige webshop.\" \/>\n<meta property=\"og:url\" content=\"https:\/\/decofoodshop.nl\/de\/produkt\/fake-koi-carp-spotted\/\" \/>\n<meta property=\"og:site_name\" content=\"Decofoodshop\" \/>\n<meta property=\"article:modified_time\" content=\"2026-03-02T12:50:12+00:00\" \/>\n<meta property=\"og:image\" content=\"https:\/\/decofoodshop.nl\/wp-content\/uploads\/2020\/01\/20190304_144617.jpg\" \/>\n\t<meta property=\"og:image:width\" content=\"1200\" \/>\n\t<meta property=\"og:image:height\" content=\"1200\" \/>\n\t<meta property=\"og:image:type\" content=\"image\/jpeg\" \/>\n<meta name=\"twitter:card\" content=\"summary_large_image\" \/>\n<meta name=\"twitter:label1\" content=\"Gesch\u00e4tzte Lesezeit\" \/>\n\t<meta name=\"twitter:data1\" content=\"1\u00a0Minute\" \/>\n<script type=\"application\/ld+json\" class=\"yoast-schema-graph\">{\"@context\":\"https:\\\/\\\/schema.org\",\"@graph\":[{\"@type\":\"WebPage\",\"@id\":\"https:\\\/\\\/decofoodshop.nl\\\/product\\\/namaak-koi-karper-gevlekt\\\/\",\"url\":\"https:\\\/\\\/decofoodshop.nl\\\/product\\\/namaak-koi-karper-gevlekt\\\/\",\"name\":\"Namaak Koi Karper Gevlekt - Verkrijgbaar Bij Decofoodshop\",\"isPartOf\":{\"@id\":\"https:\\\/\\\/decofoodshop.nl\\\/#website\"},\"primaryImageOfPage\":{\"@id\":\"https:\\\/\\\/decofoodshop.nl\\\/product\\\/namaak-koi-karper-gevlekt\\\/#primaryimage\"},\"image\":{\"@id\":\"https:\\\/\\\/decofoodshop.nl\\\/product\\\/namaak-koi-karper-gevlekt\\\/#primaryimage\"},\"thumbnailUrl\":\"https:\\\/\\\/decofoodshop.nl\\\/wp-content\\\/uploads\\\/2020\\\/01\\\/20190304_144617.jpg\",\"datePublished\":\"2020-01-14T10:40:24+00:00\",\"dateModified\":\"2026-03-02T12:50:12+00:00\",\"description\":\"Dit is een mooie namaak koi karper gevlekt. Wij hebben meerdere verschillende kleuren namaak koi karpers op onze veelzijdige webshop.\",\"breadcrumb\":{\"@id\":\"https:\\\/\\\/decofoodshop.nl\\\/product\\\/namaak-koi-karper-gevlekt\\\/#breadcrumb\"},\"inLanguage\":\"de\",\"potentialAction\":[{\"@type\":\"ReadAction\",\"target\":[\"https:\\\/\\\/decofoodshop.nl\\\/product\\\/namaak-koi-karper-gevlekt\\\/\"]}]},{\"@type\":\"ImageObject\",\"inLanguage\":\"de\",\"@id\":\"https:\\\/\\\/decofoodshop.nl\\\/product\\\/namaak-koi-karper-gevlekt\\\/#primaryimage\",\"url\":\"https:\\\/\\\/decofoodshop.nl\\\/wp-content\\\/uploads\\\/2020\\\/01\\\/20190304_144617.jpg\",\"contentUrl\":\"https:\\\/\\\/decofoodshop.nl\\\/wp-content\\\/uploads\\\/2020\\\/01\\\/20190304_144617.jpg\",\"width\":1200,\"height\":1200,\"caption\":\"Namaak Koi Karper Gevlekt\"},{\"@type\":\"BreadcrumbList\",\"@id\":\"https:\\\/\\\/decofoodshop.nl\\\/product\\\/namaak-koi-karper-gevlekt\\\/#breadcrumb\",\"itemListElement\":[{\"@type\":\"ListItem\",\"position\":1,\"name\":\"Home\",\"item\":\"https:\\\/\\\/decofoodshop.nl\\\/\"},{\"@type\":\"ListItem\",\"position\":2,\"name\":\"Winkel\",\"item\":\"https:\\\/\\\/decofoodshop.nl\\\/winkel\\\/\"},{\"@type\":\"ListItem\",\"position\":3,\"name\":\"Namaak Koi Karper Gevlekt\"}]},{\"@type\":\"WebSite\",\"@id\":\"https:\\\/\\\/decofoodshop.nl\\\/#website\",\"url\":\"https:\\\/\\\/decofoodshop.nl\\\/\",\"name\":\"Decofoodshop\",\"description\":\"\",\"potentialAction\":[{\"@type\":\"SearchAction\",\"target\":{\"@type\":\"EntryPoint\",\"urlTemplate\":\"https:\\\/\\\/decofoodshop.nl\\\/?s={search_term_string}\"},\"query-input\":{\"@type\":\"PropertyValueSpecification\",\"valueRequired\":true,\"valueName\":\"search_term_string\"}}],\"inLanguage\":\"de\"}]}<\/script>\n<!-- \/ Yoast SEO Premium plugin. -->","yoast_head_json":{"title":"Gef\u00e4lschter Koi-Karpfen gesichtet - Erh\u00e4ltlich bei Decofoodshop","description":"Dies ist ein wundersch\u00f6ner gef\u00e4lschter Karpfen mit Koi-Flecken. In unserem vielseitigen Webshop haben wir verschiedene Farben von gef\u00e4lschten Koi-Karpfen.","robots":{"index":"index","follow":"follow","max-snippet":"max-snippet:-1","max-image-preview":"max-image-preview:large","max-video-preview":"max-video-preview:-1"},"canonical":"https:\/\/decofoodshop.nl\/de\/produkt\/fake-koi-carp-spotted\/","og_locale":"de_DE","og_type":"article","og_title":"Namaak Koi Karper Gevlekt","og_description":"Dit is een mooie namaak koi karper gevlekt. Wij hebben meerdere verschillende kleuren namaak koi karpers op onze veelzijdige webshop.","og_url":"https:\/\/decofoodshop.nl\/de\/produkt\/fake-koi-carp-spotted\/","og_site_name":"Decofoodshop","article_modified_time":"2026-03-02T12:50:12+00:00","og_image":[{"width":1200,"height":1200,"url":"https:\/\/decofoodshop.nl\/wp-content\/uploads\/2020\/01\/20190304_144617.jpg","type":"image\/jpeg"}],"twitter_card":"summary_large_image","twitter_misc":{"Gesch\u00e4tzte Lesezeit":"1\u00a0Minute"},"schema":{"@context":"https:\/\/schema.org","@graph":[{"@type":"WebPage","@id":"https:\/\/decofoodshop.nl\/product\/namaak-koi-karper-gevlekt\/","url":"https:\/\/decofoodshop.nl\/product\/namaak-koi-karper-gevlekt\/","name":"Gef\u00e4lschter Koi-Karpfen gesichtet - Erh\u00e4ltlich bei Decofoodshop","isPartOf":{"@id":"https:\/\/decofoodshop.nl\/#website"},"primaryImageOfPage":{"@id":"https:\/\/decofoodshop.nl\/product\/namaak-koi-karper-gevlekt\/#primaryimage"},"image":{"@id":"https:\/\/decofoodshop.nl\/product\/namaak-koi-karper-gevlekt\/#primaryimage"},"thumbnailUrl":"https:\/\/decofoodshop.nl\/wp-content\/uploads\/2020\/01\/20190304_144617.jpg","datePublished":"2020-01-14T10:40:24+00:00","dateModified":"2026-03-02T12:50:12+00:00","description":"Dies ist ein wundersch\u00f6ner gef\u00e4lschter Karpfen mit Koi-Flecken. In unserem vielseitigen Webshop haben wir verschiedene Farben von gef\u00e4lschten Koi-Karpfen.","breadcrumb":{"@id":"https:\/\/decofoodshop.nl\/product\/namaak-koi-karper-gevlekt\/#breadcrumb"},"inLanguage":"de","potentialAction":[{"@type":"ReadAction","target":["https:\/\/decofoodshop.nl\/product\/namaak-koi-karper-gevlekt\/"]}]},{"@type":"ImageObject","inLanguage":"de","@id":"https:\/\/decofoodshop.nl\/product\/namaak-koi-karper-gevlekt\/#primaryimage","url":"https:\/\/decofoodshop.nl\/wp-content\/uploads\/2020\/01\/20190304_144617.jpg","contentUrl":"https:\/\/decofoodshop.nl\/wp-content\/uploads\/2020\/01\/20190304_144617.jpg","width":1200,"height":1200,"caption":"Namaak Koi Karper Gevlekt"},{"@type":"BreadcrumbList","@id":"https:\/\/decofoodshop.nl\/product\/namaak-koi-karper-gevlekt\/#breadcrumb","itemListElement":[{"@type":"ListItem","position":1,"name":"Home","item":"https:\/\/decofoodshop.nl\/"},{"@type":"ListItem","position":2,"name":"Winkel","item":"https:\/\/decofoodshop.nl\/winkel\/"},{"@type":"ListItem","position":3,"name":"Namaak Koi Karper Gevlekt"}]},{"@type":"WebSite","@id":"https:\/\/decofoodshop.nl\/#website","url":"https:\/\/decofoodshop.nl\/","name":"Dekofoodshop","description":"","potentialAction":[{"@type":"SearchAction","target":{"@type":"EntryPoint","urlTemplate":"https:\/\/decofoodshop.nl\/?s={search_term_string}"},"query-input":{"@type":"PropertyValueSpecification","valueRequired":true,"valueName":"search_term_string"}}],"inLanguage":"de"}]}},"_links":{"self":[{"href":"https:\/\/decofoodshop.nl\/de\/wp-json\/wp\/v2\/product\/1990","targetHints":{"allow":["GET"]}}],"collection":[{"href":"https:\/\/decofoodshop.nl\/de\/wp-json\/wp\/v2\/product"}],"about":[{"href":"https:\/\/decofoodshop.nl\/de\/wp-json\/wp\/v2\/types\/product"}],"wp:featuredmedia":[{"embeddable":true,"href":"https:\/\/decofoodshop.nl\/de\/wp-json\/wp\/v2\/media\/1991"}],"wp:attachment":[{"href":"https:\/\/decofoodshop.nl\/de\/wp-json\/wp\/v2\/media?parent=1990"}],"wp:term":[{"taxonomy":"product_brand","embeddable":true,"href":"https:\/\/decofoodshop.nl\/de\/wp-json\/wp\/v2\/product_brand?post=1990"},{"taxonomy":"product_cat","embeddable":true,"href":"https:\/\/decofoodshop.nl\/de\/wp-json\/wp\/v2\/product_cat?post=1990"},{"taxonomy":"product_tag","embeddable":true,"href":"https:\/\/decofoodshop.nl\/de\/wp-json\/wp\/v2\/product_tag?post=1990"}],"curies":[{"name":"wp","href":"https:\/\/api.w.org\/{rel}","templated":true}]}}