{"id":1994,"date":"2020-01-14T11:01:09","date_gmt":"2020-01-14T11:01:09","guid":{"rendered":"https:\/\/decofoodshop.nl\/?post_type=product&#038;p=1994"},"modified":"2026-03-02T13:49:27","modified_gmt":"2026-03-02T12:49:27","slug":"gefalschter-stor","status":"publish","type":"product","link":"https:\/\/decofoodshop.nl\/de\/product\/namaak-steur\/","title":{"rendered":"Gef\u00e4lschter St\u00f6r"},"content":{"rendered":"<p>Dieser sch\u00f6ne k\u00fcnstliche St\u00f6r hat einen flachen Boden, sodass Sie ihn bequem ablegen k\u00f6nnen.<\/p>\n<p>Die Unterseite dieses k\u00fcnstlichen Fisches ist hell und sein K\u00f6rper ist silbergrau mit dunkelgrauen Flossen.<\/p>\n<p>Der k\u00fcnstliche St\u00f6r hat einen detaillierten Schwanz und eine R\u00fcckenflosse, die ihm ein realistisches Aussehen verleihen.<\/p>\n<p>Dieser k\u00fcnstliche St\u00f6r hat Knopfaugen.<\/p>\n<p>\u00c4u\u00dferst dekorativ durch sein nat\u00fcrliches Aussehen.<\/p>\n<p>Schauen Sie sich auch unser Angebot an<strong><span style=\"color: #008000;\"> <a style=\"color: #008000;\" href=\"https:\/\/decofoodshop.nl\/de\/produktkategorie-2\/kunstliches-gemuse\/\">\u201eK\u00fcnstliches Gem\u00fcse\u201c<\/a>.<\/span><\/strong><\/p>","protected":false},"excerpt":{"rendered":"<p>Deze mooie namaak steur heeft een platte onderkant waardoor je hem handig kan neerleggen. De onderkant van deze kunst vis is licht van kleur en zijn lijf is zilvergrijs met donker grijze vinnen. De nep steur heeft een gedetailleerde staart en rugvin waardoor hij realistisch overkomt. Deze kunst steur is voorzien van kraaloogjes. Uiterst decoratief [&hellip;]<\/p>\n","protected":false},"featured_media":1998,"template":"","meta":{"_acf_changed":false,"_genesis_hide_title":false,"_genesis_hide_breadcrumbs":false,"_genesis_hide_singular_image":false,"_genesis_hide_footer_widgets":false,"_genesis_custom_body_class":"","_genesis_custom_post_class":"","_genesis_layout":""},"product_brand":[],"product_cat":[50],"product_tag":[],"class_list":{"0":"post-1994","1":"product","2":"type-product","3":"status-publish","4":"has-post-thumbnail","6":"product_cat-namaak-vis-en-vlees","7":"entry","8":"wpx-has-gallery","10":"first","11":"instock","12":"taxable","13":"shipping-taxable","14":"purchasable","15":"product-type-simple"},"acf":[],"yoast_head":"<!-- This site is optimized with the Yoast SEO Premium plugin v27.3 (Yoast SEO v27.4) - https:\/\/yoast.com\/product\/yoast-seo-premium-wordpress\/ -->\n<title>Namaak Steur - Verkrijgbaar Op Onze Webshop Decofoodshop<\/title>\n<meta name=\"description\" content=\"Mooie en realistische namaak steur. Hij is makkelijk neer te leggen en uiterst decoratief inzetbaar. Ook bieden wij namaak vlees aan.\" \/>\n<meta name=\"robots\" content=\"index, follow, max-snippet:-1, max-image-preview:large, max-video-preview:-1\" \/>\n<link rel=\"canonical\" href=\"https:\/\/decofoodshop.nl\/de\/produkt\/gefalschter-stor\/\" \/>\n<meta property=\"og:locale\" content=\"de_DE\" \/>\n<meta property=\"og:type\" content=\"article\" \/>\n<meta property=\"og:title\" content=\"Namaak Steur\" \/>\n<meta property=\"og:description\" content=\"Mooie en realistische namaak steur. Hij is makkelijk neer te leggen en uiterst decoratief inzetbaar. Ook bieden wij namaak vlees aan.\" \/>\n<meta property=\"og:url\" content=\"https:\/\/decofoodshop.nl\/de\/produkt\/gefalschter-stor\/\" \/>\n<meta property=\"og:site_name\" content=\"Decofoodshop\" \/>\n<meta property=\"article:modified_time\" content=\"2026-03-02T12:49:27+00:00\" \/>\n<meta property=\"og:image\" content=\"https:\/\/decofoodshop.nl\/wp-content\/uploads\/2020\/01\/Namaak-Steur-53cm.jpg\" \/>\n\t<meta property=\"og:image:width\" content=\"1196\" \/>\n\t<meta property=\"og:image:height\" content=\"1194\" \/>\n\t<meta property=\"og:image:type\" content=\"image\/jpeg\" \/>\n<meta name=\"twitter:card\" content=\"summary_large_image\" \/>\n<meta name=\"twitter:label1\" content=\"Gesch\u00e4tzte Lesezeit\" \/>\n\t<meta name=\"twitter:data1\" content=\"1\u00a0Minute\" \/>\n<script type=\"application\/ld+json\" class=\"yoast-schema-graph\">{\"@context\":\"https:\\\/\\\/schema.org\",\"@graph\":[{\"@type\":\"WebPage\",\"@id\":\"https:\\\/\\\/decofoodshop.nl\\\/product\\\/namaak-steur\\\/\",\"url\":\"https:\\\/\\\/decofoodshop.nl\\\/product\\\/namaak-steur\\\/\",\"name\":\"Namaak Steur - Verkrijgbaar Op Onze Webshop Decofoodshop\",\"isPartOf\":{\"@id\":\"https:\\\/\\\/decofoodshop.nl\\\/#website\"},\"primaryImageOfPage\":{\"@id\":\"https:\\\/\\\/decofoodshop.nl\\\/product\\\/namaak-steur\\\/#primaryimage\"},\"image\":{\"@id\":\"https:\\\/\\\/decofoodshop.nl\\\/product\\\/namaak-steur\\\/#primaryimage\"},\"thumbnailUrl\":\"https:\\\/\\\/decofoodshop.nl\\\/wp-content\\\/uploads\\\/2020\\\/01\\\/Namaak-Steur-53cm.jpg\",\"datePublished\":\"2020-01-14T11:01:09+00:00\",\"dateModified\":\"2026-03-02T12:49:27+00:00\",\"description\":\"Mooie en realistische namaak steur. Hij is makkelijk neer te leggen en uiterst decoratief inzetbaar. Ook bieden wij namaak vlees aan.\",\"breadcrumb\":{\"@id\":\"https:\\\/\\\/decofoodshop.nl\\\/product\\\/namaak-steur\\\/#breadcrumb\"},\"inLanguage\":\"de\",\"potentialAction\":[{\"@type\":\"ReadAction\",\"target\":[\"https:\\\/\\\/decofoodshop.nl\\\/product\\\/namaak-steur\\\/\"]}]},{\"@type\":\"ImageObject\",\"inLanguage\":\"de\",\"@id\":\"https:\\\/\\\/decofoodshop.nl\\\/product\\\/namaak-steur\\\/#primaryimage\",\"url\":\"https:\\\/\\\/decofoodshop.nl\\\/wp-content\\\/uploads\\\/2020\\\/01\\\/Namaak-Steur-53cm.jpg\",\"contentUrl\":\"https:\\\/\\\/decofoodshop.nl\\\/wp-content\\\/uploads\\\/2020\\\/01\\\/Namaak-Steur-53cm.jpg\",\"width\":1196,\"height\":1194,\"caption\":\"Namaak Steur\"},{\"@type\":\"BreadcrumbList\",\"@id\":\"https:\\\/\\\/decofoodshop.nl\\\/product\\\/namaak-steur\\\/#breadcrumb\",\"itemListElement\":[{\"@type\":\"ListItem\",\"position\":1,\"name\":\"Home\",\"item\":\"https:\\\/\\\/decofoodshop.nl\\\/\"},{\"@type\":\"ListItem\",\"position\":2,\"name\":\"Winkel\",\"item\":\"https:\\\/\\\/decofoodshop.nl\\\/winkel\\\/\"},{\"@type\":\"ListItem\",\"position\":3,\"name\":\"Namaak Steur\"}]},{\"@type\":\"WebSite\",\"@id\":\"https:\\\/\\\/decofoodshop.nl\\\/#website\",\"url\":\"https:\\\/\\\/decofoodshop.nl\\\/\",\"name\":\"Decofoodshop\",\"description\":\"\",\"potentialAction\":[{\"@type\":\"SearchAction\",\"target\":{\"@type\":\"EntryPoint\",\"urlTemplate\":\"https:\\\/\\\/decofoodshop.nl\\\/?s={search_term_string}\"},\"query-input\":{\"@type\":\"PropertyValueSpecification\",\"valueRequired\":true,\"valueName\":\"search_term_string\"}}],\"inLanguage\":\"de\"}]}<\/script>\n<!-- \/ Yoast SEO Premium plugin. -->","yoast_head_json":{"title":"Gef\u00e4lschter St\u00f6r - Erh\u00e4ltlich in unserem Webshop Decofoodshop","description":"Sch\u00f6ner und realistischer falscher St\u00f6r. Es ist leicht abzulegen und \u00e4u\u00dferst dekorativ. Wir bieten auch gef\u00e4lschtes Fleisch an.","robots":{"index":"index","follow":"follow","max-snippet":"max-snippet:-1","max-image-preview":"max-image-preview:large","max-video-preview":"max-video-preview:-1"},"canonical":"https:\/\/decofoodshop.nl\/de\/produkt\/gefalschter-stor\/","og_locale":"de_DE","og_type":"article","og_title":"Namaak Steur","og_description":"Mooie en realistische namaak steur. Hij is makkelijk neer te leggen en uiterst decoratief inzetbaar. Ook bieden wij namaak vlees aan.","og_url":"https:\/\/decofoodshop.nl\/de\/produkt\/gefalschter-stor\/","og_site_name":"Decofoodshop","article_modified_time":"2026-03-02T12:49:27+00:00","og_image":[{"width":1196,"height":1194,"url":"https:\/\/decofoodshop.nl\/wp-content\/uploads\/2020\/01\/Namaak-Steur-53cm.jpg","type":"image\/jpeg"}],"twitter_card":"summary_large_image","twitter_misc":{"Gesch\u00e4tzte Lesezeit":"1\u00a0Minute"},"schema":{"@context":"https:\/\/schema.org","@graph":[{"@type":"WebPage","@id":"https:\/\/decofoodshop.nl\/product\/namaak-steur\/","url":"https:\/\/decofoodshop.nl\/product\/namaak-steur\/","name":"Gef\u00e4lschter St\u00f6r - Erh\u00e4ltlich in unserem Webshop Decofoodshop","isPartOf":{"@id":"https:\/\/decofoodshop.nl\/#website"},"primaryImageOfPage":{"@id":"https:\/\/decofoodshop.nl\/product\/namaak-steur\/#primaryimage"},"image":{"@id":"https:\/\/decofoodshop.nl\/product\/namaak-steur\/#primaryimage"},"thumbnailUrl":"https:\/\/decofoodshop.nl\/wp-content\/uploads\/2020\/01\/Namaak-Steur-53cm.jpg","datePublished":"2020-01-14T11:01:09+00:00","dateModified":"2026-03-02T12:49:27+00:00","description":"Sch\u00f6ner und realistischer falscher St\u00f6r. Es ist leicht abzulegen und \u00e4u\u00dferst dekorativ. Wir bieten auch gef\u00e4lschtes Fleisch an.","breadcrumb":{"@id":"https:\/\/decofoodshop.nl\/product\/namaak-steur\/#breadcrumb"},"inLanguage":"de","potentialAction":[{"@type":"ReadAction","target":["https:\/\/decofoodshop.nl\/product\/namaak-steur\/"]}]},{"@type":"ImageObject","inLanguage":"de","@id":"https:\/\/decofoodshop.nl\/product\/namaak-steur\/#primaryimage","url":"https:\/\/decofoodshop.nl\/wp-content\/uploads\/2020\/01\/Namaak-Steur-53cm.jpg","contentUrl":"https:\/\/decofoodshop.nl\/wp-content\/uploads\/2020\/01\/Namaak-Steur-53cm.jpg","width":1196,"height":1194,"caption":"Namaak Steur"},{"@type":"BreadcrumbList","@id":"https:\/\/decofoodshop.nl\/product\/namaak-steur\/#breadcrumb","itemListElement":[{"@type":"ListItem","position":1,"name":"Home","item":"https:\/\/decofoodshop.nl\/"},{"@type":"ListItem","position":2,"name":"Winkel","item":"https:\/\/decofoodshop.nl\/winkel\/"},{"@type":"ListItem","position":3,"name":"Namaak Steur"}]},{"@type":"WebSite","@id":"https:\/\/decofoodshop.nl\/#website","url":"https:\/\/decofoodshop.nl\/","name":"Dekofoodshop","description":"","potentialAction":[{"@type":"SearchAction","target":{"@type":"EntryPoint","urlTemplate":"https:\/\/decofoodshop.nl\/?s={search_term_string}"},"query-input":{"@type":"PropertyValueSpecification","valueRequired":true,"valueName":"search_term_string"}}],"inLanguage":"de"}]}},"_links":{"self":[{"href":"https:\/\/decofoodshop.nl\/de\/wp-json\/wp\/v2\/product\/1994","targetHints":{"allow":["GET"]}}],"collection":[{"href":"https:\/\/decofoodshop.nl\/de\/wp-json\/wp\/v2\/product"}],"about":[{"href":"https:\/\/decofoodshop.nl\/de\/wp-json\/wp\/v2\/types\/product"}],"wp:featuredmedia":[{"embeddable":true,"href":"https:\/\/decofoodshop.nl\/de\/wp-json\/wp\/v2\/media\/1998"}],"wp:attachment":[{"href":"https:\/\/decofoodshop.nl\/de\/wp-json\/wp\/v2\/media?parent=1994"}],"wp:term":[{"taxonomy":"product_brand","embeddable":true,"href":"https:\/\/decofoodshop.nl\/de\/wp-json\/wp\/v2\/product_brand?post=1994"},{"taxonomy":"product_cat","embeddable":true,"href":"https:\/\/decofoodshop.nl\/de\/wp-json\/wp\/v2\/product_cat?post=1994"},{"taxonomy":"product_tag","embeddable":true,"href":"https:\/\/decofoodshop.nl\/de\/wp-json\/wp\/v2\/product_tag?post=1994"}],"curies":[{"name":"wp","href":"https:\/\/api.w.org\/{rel}","templated":true}]}}