{"id":2004,"date":"2020-01-21T10:48:58","date_gmt":"2020-01-21T10:48:58","guid":{"rendered":"https:\/\/decofoodshop.nl\/?post_type=product&#038;p=2004"},"modified":"2026-03-17T10:40:42","modified_gmt":"2026-03-17T09:40:42","slug":"tropischer-kunstlicher-fisch","status":"publish","type":"product","link":"https:\/\/decofoodshop.nl\/de\/product\/tropische-kunstvis\/","title":{"rendered":"Tropischer k\u00fcnstlicher Fisch"},"content":{"rendered":"<h2>Tropischer k\u00fcnstlicher Fisch<\/h2>\n<p>Dieser verspielt aussehende tropische Kunstfisch hat sch\u00f6ne silbergraue Knopfaugen.<\/p>\n<p>Es hat eine helle Grundfarbe, die sich in Gelb \u00e4ndert und in Grau endet.<\/p>\n<p>Da der tropische k\u00fcnstliche Fisch aus Schaumstoff besteht, k\u00f6nnen Sie ihn leicht biegen.<\/p>\n<p>Robust und nicht zerbrechlich.<\/p>\n<p>Nur f\u00fcr den Freizeitgebrauch im Freien.<\/p>\n<p>Werfen Sie auch einen Blick auf unser Angebot an bereits montierten <strong><span style=\"color: #008000;\"><a style=\"color: #008000;\" href=\"https:\/\/decofoodshop.nl\/de\/produktkategorie-2\/pakete\/\">&#039;Pakete&#039;<\/a>.<\/span><\/strong><\/p>\n<p>&nbsp;<\/p>","protected":false},"excerpt":{"rendered":"<p>Tropische Kunstvis Deze speels uitziende tropische kunstvis heeft mooie zilvergrijze kraaloogjes. Hij heeft een lichte basis kleur die overloopt naar geel en uitloopt naar grijs. Doordat de tropische namaak vis van foam gemaakt is kunt u hem licht buigen. Stevig en niet breekbaar. Alleen recreatief buiten te gebruiken. Kijk ook even bij ons aanbod aan [&hellip;]<\/p>\n","protected":false},"featured_media":2005,"template":"","meta":{"_acf_changed":false,"_genesis_hide_title":false,"_genesis_hide_breadcrumbs":false,"_genesis_hide_singular_image":false,"_genesis_hide_footer_widgets":false,"_genesis_custom_body_class":"","_genesis_custom_post_class":"","_genesis_layout":""},"product_brand":[],"product_cat":[50],"product_tag":[],"class_list":{"0":"post-2004","1":"product","2":"type-product","3":"status-publish","4":"has-post-thumbnail","6":"product_cat-namaak-vis-en-vlees","7":"entry","8":"wpx-has-gallery","10":"first","11":"instock","12":"taxable","13":"shipping-taxable","14":"purchasable","15":"product-type-simple"},"acf":[],"yoast_head":"<!-- This site is optimized with the Yoast SEO Premium plugin v27.3 (Yoast SEO v27.3) - https:\/\/yoast.com\/product\/yoast-seo-premium-wordpress\/ -->\n<title>Tropische Kunstvis - Verkrijgbaar Bij Decofoodshop<\/title>\n<meta name=\"description\" content=\"Deze mooie tropische kunstvis is uiterst decoratief inzetbaar. Wij bieden een groot aanbod namaak vissen en nog veel meer kunst voedsel aan.\" \/>\n<meta name=\"robots\" content=\"index, follow, max-snippet:-1, max-image-preview:large, max-video-preview:-1\" \/>\n<link rel=\"canonical\" href=\"https:\/\/decofoodshop.nl\/de\/produkt\/tropischer-kunstlicher-fisch\/\" \/>\n<meta property=\"og:locale\" content=\"de_DE\" \/>\n<meta property=\"og:type\" content=\"article\" \/>\n<meta property=\"og:title\" content=\"Tropische Kunstvis\" \/>\n<meta property=\"og:description\" content=\"Deze mooie tropische kunstvis is uiterst decoratief inzetbaar. Wij bieden een groot aanbod namaak vissen en nog veel meer kunst voedsel aan.\" \/>\n<meta property=\"og:url\" content=\"https:\/\/decofoodshop.nl\/de\/produkt\/tropischer-kunstlicher-fisch\/\" \/>\n<meta property=\"og:site_name\" content=\"Decofoodshop\" \/>\n<meta property=\"article:modified_time\" content=\"2026-03-17T09:40:42+00:00\" \/>\n<meta property=\"og:image\" content=\"https:\/\/decofoodshop.nl\/wp-content\/uploads\/2020\/01\/Tropische-Kunstvis-28cm-.jpg\" \/>\n\t<meta property=\"og:image:width\" content=\"1204\" \/>\n\t<meta property=\"og:image:height\" content=\"1204\" \/>\n\t<meta property=\"og:image:type\" content=\"image\/jpeg\" \/>\n<meta name=\"twitter:card\" content=\"summary_large_image\" \/>\n<meta name=\"twitter:label1\" content=\"Gesch\u00e4tzte Lesezeit\" \/>\n\t<meta name=\"twitter:data1\" content=\"1\u00a0Minute\" \/>\n<script type=\"application\/ld+json\" class=\"yoast-schema-graph\">{\"@context\":\"https:\\\/\\\/schema.org\",\"@graph\":[{\"@type\":\"WebPage\",\"@id\":\"https:\\\/\\\/decofoodshop.nl\\\/product\\\/tropische-kunstvis\\\/\",\"url\":\"https:\\\/\\\/decofoodshop.nl\\\/product\\\/tropische-kunstvis\\\/\",\"name\":\"Tropische Kunstvis - Verkrijgbaar Bij Decofoodshop\",\"isPartOf\":{\"@id\":\"https:\\\/\\\/decofoodshop.nl\\\/#website\"},\"primaryImageOfPage\":{\"@id\":\"https:\\\/\\\/decofoodshop.nl\\\/product\\\/tropische-kunstvis\\\/#primaryimage\"},\"image\":{\"@id\":\"https:\\\/\\\/decofoodshop.nl\\\/product\\\/tropische-kunstvis\\\/#primaryimage\"},\"thumbnailUrl\":\"https:\\\/\\\/decofoodshop.nl\\\/wp-content\\\/uploads\\\/2020\\\/01\\\/Tropische-Kunstvis-28cm-.jpg\",\"datePublished\":\"2020-01-21T10:48:58+00:00\",\"dateModified\":\"2026-03-17T09:40:42+00:00\",\"description\":\"Deze mooie tropische kunstvis is uiterst decoratief inzetbaar. Wij bieden een groot aanbod namaak vissen en nog veel meer kunst voedsel aan.\",\"breadcrumb\":{\"@id\":\"https:\\\/\\\/decofoodshop.nl\\\/product\\\/tropische-kunstvis\\\/#breadcrumb\"},\"inLanguage\":\"de\",\"potentialAction\":[{\"@type\":\"ReadAction\",\"target\":[\"https:\\\/\\\/decofoodshop.nl\\\/product\\\/tropische-kunstvis\\\/\"]}]},{\"@type\":\"ImageObject\",\"inLanguage\":\"de\",\"@id\":\"https:\\\/\\\/decofoodshop.nl\\\/product\\\/tropische-kunstvis\\\/#primaryimage\",\"url\":\"https:\\\/\\\/decofoodshop.nl\\\/wp-content\\\/uploads\\\/2020\\\/01\\\/Tropische-Kunstvis-28cm-.jpg\",\"contentUrl\":\"https:\\\/\\\/decofoodshop.nl\\\/wp-content\\\/uploads\\\/2020\\\/01\\\/Tropische-Kunstvis-28cm-.jpg\",\"width\":1204,\"height\":1204,\"caption\":\"Tropische Kunstvis\"},{\"@type\":\"BreadcrumbList\",\"@id\":\"https:\\\/\\\/decofoodshop.nl\\\/product\\\/tropische-kunstvis\\\/#breadcrumb\",\"itemListElement\":[{\"@type\":\"ListItem\",\"position\":1,\"name\":\"Home\",\"item\":\"https:\\\/\\\/decofoodshop.nl\\\/\"},{\"@type\":\"ListItem\",\"position\":2,\"name\":\"Winkel\",\"item\":\"https:\\\/\\\/decofoodshop.nl\\\/winkel\\\/\"},{\"@type\":\"ListItem\",\"position\":3,\"name\":\"Tropische Kunstvis\"}]},{\"@type\":\"WebSite\",\"@id\":\"https:\\\/\\\/decofoodshop.nl\\\/#website\",\"url\":\"https:\\\/\\\/decofoodshop.nl\\\/\",\"name\":\"Decofoodshop\",\"description\":\"\",\"potentialAction\":[{\"@type\":\"SearchAction\",\"target\":{\"@type\":\"EntryPoint\",\"urlTemplate\":\"https:\\\/\\\/decofoodshop.nl\\\/?s={search_term_string}\"},\"query-input\":{\"@type\":\"PropertyValueSpecification\",\"valueRequired\":true,\"valueName\":\"search_term_string\"}}],\"inLanguage\":\"de\"}]}<\/script>\n<!-- \/ Yoast SEO Premium plugin. -->","yoast_head_json":{"title":"Tropischer Kunstfisch - Erh\u00e4ltlich bei Decofoodshop","description":"Dieser wundersch\u00f6ne tropische Kunstfisch l\u00e4sst sich \u00e4u\u00dferst dekorativ einsetzen. Wir bieten eine gro\u00dfe Auswahl an k\u00fcnstlichen Fischen und vielen weiteren k\u00fcnstlichen Lebensmitteln.","robots":{"index":"index","follow":"follow","max-snippet":"max-snippet:-1","max-image-preview":"max-image-preview:large","max-video-preview":"max-video-preview:-1"},"canonical":"https:\/\/decofoodshop.nl\/de\/produkt\/tropischer-kunstlicher-fisch\/","og_locale":"de_DE","og_type":"article","og_title":"Tropische Kunstvis","og_description":"Deze mooie tropische kunstvis is uiterst decoratief inzetbaar. Wij bieden een groot aanbod namaak vissen en nog veel meer kunst voedsel aan.","og_url":"https:\/\/decofoodshop.nl\/de\/produkt\/tropischer-kunstlicher-fisch\/","og_site_name":"Decofoodshop","article_modified_time":"2026-03-17T09:40:42+00:00","og_image":[{"width":1204,"height":1204,"url":"https:\/\/decofoodshop.nl\/wp-content\/uploads\/2020\/01\/Tropische-Kunstvis-28cm-.jpg","type":"image\/jpeg"}],"twitter_card":"summary_large_image","twitter_misc":{"Gesch\u00e4tzte Lesezeit":"1\u00a0Minute"},"schema":{"@context":"https:\/\/schema.org","@graph":[{"@type":"WebPage","@id":"https:\/\/decofoodshop.nl\/product\/tropische-kunstvis\/","url":"https:\/\/decofoodshop.nl\/product\/tropische-kunstvis\/","name":"Tropischer Kunstfisch - Erh\u00e4ltlich bei Decofoodshop","isPartOf":{"@id":"https:\/\/decofoodshop.nl\/#website"},"primaryImageOfPage":{"@id":"https:\/\/decofoodshop.nl\/product\/tropische-kunstvis\/#primaryimage"},"image":{"@id":"https:\/\/decofoodshop.nl\/product\/tropische-kunstvis\/#primaryimage"},"thumbnailUrl":"https:\/\/decofoodshop.nl\/wp-content\/uploads\/2020\/01\/Tropische-Kunstvis-28cm-.jpg","datePublished":"2020-01-21T10:48:58+00:00","dateModified":"2026-03-17T09:40:42+00:00","description":"Dieser wundersch\u00f6ne tropische Kunstfisch l\u00e4sst sich \u00e4u\u00dferst dekorativ einsetzen. Wir bieten eine gro\u00dfe Auswahl an k\u00fcnstlichen Fischen und vielen weiteren k\u00fcnstlichen Lebensmitteln.","breadcrumb":{"@id":"https:\/\/decofoodshop.nl\/product\/tropische-kunstvis\/#breadcrumb"},"inLanguage":"de","potentialAction":[{"@type":"ReadAction","target":["https:\/\/decofoodshop.nl\/product\/tropische-kunstvis\/"]}]},{"@type":"ImageObject","inLanguage":"de","@id":"https:\/\/decofoodshop.nl\/product\/tropische-kunstvis\/#primaryimage","url":"https:\/\/decofoodshop.nl\/wp-content\/uploads\/2020\/01\/Tropische-Kunstvis-28cm-.jpg","contentUrl":"https:\/\/decofoodshop.nl\/wp-content\/uploads\/2020\/01\/Tropische-Kunstvis-28cm-.jpg","width":1204,"height":1204,"caption":"Tropische Kunstvis"},{"@type":"BreadcrumbList","@id":"https:\/\/decofoodshop.nl\/product\/tropische-kunstvis\/#breadcrumb","itemListElement":[{"@type":"ListItem","position":1,"name":"Home","item":"https:\/\/decofoodshop.nl\/"},{"@type":"ListItem","position":2,"name":"Winkel","item":"https:\/\/decofoodshop.nl\/winkel\/"},{"@type":"ListItem","position":3,"name":"Tropische Kunstvis"}]},{"@type":"WebSite","@id":"https:\/\/decofoodshop.nl\/#website","url":"https:\/\/decofoodshop.nl\/","name":"Dekofoodshop","description":"","potentialAction":[{"@type":"SearchAction","target":{"@type":"EntryPoint","urlTemplate":"https:\/\/decofoodshop.nl\/?s={search_term_string}"},"query-input":{"@type":"PropertyValueSpecification","valueRequired":true,"valueName":"search_term_string"}}],"inLanguage":"de"}]}},"_links":{"self":[{"href":"https:\/\/decofoodshop.nl\/de\/wp-json\/wp\/v2\/product\/2004","targetHints":{"allow":["GET"]}}],"collection":[{"href":"https:\/\/decofoodshop.nl\/de\/wp-json\/wp\/v2\/product"}],"about":[{"href":"https:\/\/decofoodshop.nl\/de\/wp-json\/wp\/v2\/types\/product"}],"wp:featuredmedia":[{"embeddable":true,"href":"https:\/\/decofoodshop.nl\/de\/wp-json\/wp\/v2\/media\/2005"}],"wp:attachment":[{"href":"https:\/\/decofoodshop.nl\/de\/wp-json\/wp\/v2\/media?parent=2004"}],"wp:term":[{"taxonomy":"product_brand","embeddable":true,"href":"https:\/\/decofoodshop.nl\/de\/wp-json\/wp\/v2\/product_brand?post=2004"},{"taxonomy":"product_cat","embeddable":true,"href":"https:\/\/decofoodshop.nl\/de\/wp-json\/wp\/v2\/product_cat?post=2004"},{"taxonomy":"product_tag","embeddable":true,"href":"https:\/\/decofoodshop.nl\/de\/wp-json\/wp\/v2\/product_tag?post=2004"}],"curies":[{"name":"wp","href":"https:\/\/api.w.org\/{rel}","templated":true}]}}