{"id":2016,"date":"2020-01-21T11:15:27","date_gmt":"2020-01-21T11:15:27","guid":{"rendered":"https:\/\/decofoodshop.nl\/?post_type=product&#038;p=2016"},"modified":"2026-03-20T15:19:41","modified_gmt":"2026-03-20T14:19:41","slug":"groser-gefalschter-wolfsbarsch","status":"publish","type":"product","link":"https:\/\/decofoodshop.nl\/de\/product\/grote-namaak-zeebaars\/","title":{"rendered":"Gro\u00dfer gef\u00e4lschter Wolfsbarsch"},"content":{"rendered":"<p>Dies ist der gro\u00dfe gef\u00e4lschte Wolfsbarsch, den wir auch in einer kleineren Gr\u00f6\u00dfe verkaufen.<\/p>\n<p>Es ist 49 cm lang und sehr detailliert.<\/p>\n<p>Seine Flossen und sein Schwanz sind gerippt und sein K\u00f6rper ist mit Schuppen bedeckt.<\/p>\n<p>Dieser Kunstwolfsbarsch hat sch\u00f6ne silbergraue Knopfaugen.<\/p>\n<p>Sie k\u00f6nnen sich auch unser Angebot ansehen<span style=\"color: #008000;\"> <a style=\"color: #008000;\" href=\"https:\/\/decofoodshop.nl\/de\/produktkategorie-2\/kunstliche-fruchte\/\">&#8216;<strong>k\u00fcnstliche Fr\u00fcchte<\/strong>&#8216;<\/a>.<\/span><\/p>","protected":false},"excerpt":{"rendered":"<p>Dies ist der gro\u00dfe gef\u00e4lschte Wolfsbarsch, den wir auch in einer kleineren Gr\u00f6\u00dfe verkaufen. Es ist 49 cm lang und sehr detailliert. Seine Flossen und sein Schwanz sind gerippt und sein K\u00f6rper ist mit Schuppen bedeckt. Dieser Kunstwolfsbarsch hat sch\u00f6ne silbergraue Knopfaugen. Werfen Sie auch einen Blick in unser Sortiment \u201eKunstobst\u201c.<\/p>","protected":false},"featured_media":2017,"template":"","meta":{"_acf_changed":false,"_genesis_hide_title":false,"_genesis_hide_breadcrumbs":false,"_genesis_hide_singular_image":false,"_genesis_hide_footer_widgets":false,"_genesis_custom_body_class":"","_genesis_custom_post_class":"","_genesis_layout":""},"product_brand":[],"product_cat":[50],"product_tag":[],"class_list":{"0":"post-2016","1":"product","2":"type-product","3":"status-publish","4":"has-post-thumbnail","6":"product_cat-namaak-vis-en-vlees","7":"entry","8":"wpx-has-gallery","10":"first","11":"instock","12":"taxable","13":"shipping-taxable","14":"purchasable","15":"product-type-simple"},"acf":[],"yoast_head":"<!-- This site is optimized with the Yoast SEO Premium plugin v27.6 (Yoast SEO v27.6) - https:\/\/yoast.com\/product\/yoast-seo-premium-wordpress\/ -->\n<title>Grote Namaak Zeebaars - Verkrijgbaar Bij Decofoodshop<\/title>\n<meta name=\"description\" content=\"Dit is onze mooie grote namaak zeebaars. Wij bieden een groot aanbod namaak vissen aan, neem gerust even een kijkje in onze webshop.\" \/>\n<meta name=\"robots\" content=\"index, follow, max-snippet:-1, max-image-preview:large, max-video-preview:-1\" \/>\n<link rel=\"canonical\" href=\"https:\/\/decofoodshop.nl\/de\/produkt\/groser-gefalschter-wolfsbarsch\/\" \/>\n<meta property=\"og:locale\" content=\"de_DE\" \/>\n<meta property=\"og:type\" content=\"article\" \/>\n<meta property=\"og:title\" content=\"Grote Namaak Zeebaars\" \/>\n<meta property=\"og:description\" content=\"Dit is onze mooie grote namaak zeebaars. Wij bieden een groot aanbod namaak vissen aan, neem gerust even een kijkje in onze webshop.\" \/>\n<meta property=\"og:url\" content=\"https:\/\/decofoodshop.nl\/de\/produkt\/groser-gefalschter-wolfsbarsch\/\" \/>\n<meta property=\"og:site_name\" content=\"Decofoodshop\" \/>\n<meta property=\"article:modified_time\" content=\"2026-03-20T14:19:41+00:00\" \/>\n<meta property=\"og:image\" content=\"https:\/\/decofoodshop.nl\/wp-content\/uploads\/2020\/01\/Grote-Namaak-Zeebaars-49cm-square.jpg\" \/>\n\t<meta property=\"og:image:width\" content=\"804\" \/>\n\t<meta property=\"og:image:height\" content=\"806\" \/>\n\t<meta property=\"og:image:type\" content=\"image\/jpeg\" \/>\n<meta name=\"twitter:card\" content=\"summary_large_image\" \/>\n<meta name=\"twitter:label1\" content=\"Gesch\u00e4tzte Lesezeit\" \/>\n\t<meta name=\"twitter:data1\" content=\"1\u00a0Minute\" \/>\n<script type=\"application\/ld+json\" class=\"yoast-schema-graph\">{\"@context\":\"https:\\\/\\\/schema.org\",\"@graph\":[{\"@type\":\"WebPage\",\"@id\":\"https:\\\/\\\/decofoodshop.nl\\\/product\\\/grote-namaak-zeebaars\\\/\",\"url\":\"https:\\\/\\\/decofoodshop.nl\\\/product\\\/grote-namaak-zeebaars\\\/\",\"name\":\"Grote Namaak Zeebaars - Verkrijgbaar Bij Decofoodshop\",\"isPartOf\":{\"@id\":\"https:\\\/\\\/decofoodshop.nl\\\/#website\"},\"primaryImageOfPage\":{\"@id\":\"https:\\\/\\\/decofoodshop.nl\\\/product\\\/grote-namaak-zeebaars\\\/#primaryimage\"},\"image\":{\"@id\":\"https:\\\/\\\/decofoodshop.nl\\\/product\\\/grote-namaak-zeebaars\\\/#primaryimage\"},\"thumbnailUrl\":\"https:\\\/\\\/decofoodshop.nl\\\/wp-content\\\/uploads\\\/2020\\\/01\\\/Grote-Namaak-Zeebaars-49cm-square.jpg\",\"datePublished\":\"2020-01-21T11:15:27+00:00\",\"dateModified\":\"2026-03-20T14:19:41+00:00\",\"description\":\"Dit is onze mooie grote namaak zeebaars. Wij bieden een groot aanbod namaak vissen aan, neem gerust even een kijkje in onze webshop.\",\"breadcrumb\":{\"@id\":\"https:\\\/\\\/decofoodshop.nl\\\/product\\\/grote-namaak-zeebaars\\\/#breadcrumb\"},\"inLanguage\":\"de\",\"potentialAction\":[{\"@type\":\"ReadAction\",\"target\":[\"https:\\\/\\\/decofoodshop.nl\\\/product\\\/grote-namaak-zeebaars\\\/\"]}]},{\"@type\":\"ImageObject\",\"inLanguage\":\"de\",\"@id\":\"https:\\\/\\\/decofoodshop.nl\\\/product\\\/grote-namaak-zeebaars\\\/#primaryimage\",\"url\":\"https:\\\/\\\/decofoodshop.nl\\\/wp-content\\\/uploads\\\/2020\\\/01\\\/Grote-Namaak-Zeebaars-49cm-square.jpg\",\"contentUrl\":\"https:\\\/\\\/decofoodshop.nl\\\/wp-content\\\/uploads\\\/2020\\\/01\\\/Grote-Namaak-Zeebaars-49cm-square.jpg\",\"width\":804,\"height\":806,\"caption\":\"Grote Namaak Zeebaars\"},{\"@type\":\"BreadcrumbList\",\"@id\":\"https:\\\/\\\/decofoodshop.nl\\\/product\\\/grote-namaak-zeebaars\\\/#breadcrumb\",\"itemListElement\":[{\"@type\":\"ListItem\",\"position\":1,\"name\":\"Home\",\"item\":\"https:\\\/\\\/decofoodshop.nl\\\/\"},{\"@type\":\"ListItem\",\"position\":2,\"name\":\"Winkel\",\"item\":\"https:\\\/\\\/decofoodshop.nl\\\/winkel\\\/\"},{\"@type\":\"ListItem\",\"position\":3,\"name\":\"Grote Namaak Zeebaars\"}]},{\"@type\":\"WebSite\",\"@id\":\"https:\\\/\\\/decofoodshop.nl\\\/#website\",\"url\":\"https:\\\/\\\/decofoodshop.nl\\\/\",\"name\":\"Decofoodshop\",\"description\":\"\",\"potentialAction\":[{\"@type\":\"SearchAction\",\"target\":{\"@type\":\"EntryPoint\",\"urlTemplate\":\"https:\\\/\\\/decofoodshop.nl\\\/?s={search_term_string}\"},\"query-input\":{\"@type\":\"PropertyValueSpecification\",\"valueRequired\":true,\"valueName\":\"search_term_string\"}}],\"inLanguage\":\"de\"}]}<\/script>\n<!-- \/ Yoast SEO Premium plugin. -->","yoast_head_json":{"title":"Gro\u00dfer gef\u00e4lschter Wolfsbarsch - Erh\u00e4ltlich bei Decofoodshop","description":"Dies ist unser wundersch\u00f6ner gro\u00dfer falscher Wolfsbarsch. Wir bieten eine gro\u00dfe Auswahl an gef\u00e4lschten Fischen an, schauen Sie sich gerne in unserem Webshop um.","robots":{"index":"index","follow":"follow","max-snippet":"max-snippet:-1","max-image-preview":"max-image-preview:large","max-video-preview":"max-video-preview:-1"},"canonical":"https:\/\/decofoodshop.nl\/de\/produkt\/groser-gefalschter-wolfsbarsch\/","og_locale":"de_DE","og_type":"article","og_title":"Grote Namaak Zeebaars","og_description":"Dit is onze mooie grote namaak zeebaars. Wij bieden een groot aanbod namaak vissen aan, neem gerust even een kijkje in onze webshop.","og_url":"https:\/\/decofoodshop.nl\/de\/produkt\/groser-gefalschter-wolfsbarsch\/","og_site_name":"Decofoodshop","article_modified_time":"2026-03-20T14:19:41+00:00","og_image":[{"width":804,"height":806,"url":"https:\/\/decofoodshop.nl\/wp-content\/uploads\/2020\/01\/Grote-Namaak-Zeebaars-49cm-square.jpg","type":"image\/jpeg"}],"twitter_card":"summary_large_image","twitter_misc":{"Gesch\u00e4tzte Lesezeit":"1\u00a0Minute"},"schema":{"@context":"https:\/\/schema.org","@graph":[{"@type":"WebPage","@id":"https:\/\/decofoodshop.nl\/product\/grote-namaak-zeebaars\/","url":"https:\/\/decofoodshop.nl\/product\/grote-namaak-zeebaars\/","name":"Gro\u00dfer gef\u00e4lschter Wolfsbarsch - Erh\u00e4ltlich bei Decofoodshop","isPartOf":{"@id":"https:\/\/decofoodshop.nl\/#website"},"primaryImageOfPage":{"@id":"https:\/\/decofoodshop.nl\/product\/grote-namaak-zeebaars\/#primaryimage"},"image":{"@id":"https:\/\/decofoodshop.nl\/product\/grote-namaak-zeebaars\/#primaryimage"},"thumbnailUrl":"https:\/\/decofoodshop.nl\/wp-content\/uploads\/2020\/01\/Grote-Namaak-Zeebaars-49cm-square.jpg","datePublished":"2020-01-21T11:15:27+00:00","dateModified":"2026-03-20T14:19:41+00:00","description":"Dies ist unser wundersch\u00f6ner gro\u00dfer falscher Wolfsbarsch. Wir bieten eine gro\u00dfe Auswahl an gef\u00e4lschten Fischen an, schauen Sie sich gerne in unserem Webshop um.","breadcrumb":{"@id":"https:\/\/decofoodshop.nl\/product\/grote-namaak-zeebaars\/#breadcrumb"},"inLanguage":"de","potentialAction":[{"@type":"ReadAction","target":["https:\/\/decofoodshop.nl\/product\/grote-namaak-zeebaars\/"]}]},{"@type":"ImageObject","inLanguage":"de","@id":"https:\/\/decofoodshop.nl\/product\/grote-namaak-zeebaars\/#primaryimage","url":"https:\/\/decofoodshop.nl\/wp-content\/uploads\/2020\/01\/Grote-Namaak-Zeebaars-49cm-square.jpg","contentUrl":"https:\/\/decofoodshop.nl\/wp-content\/uploads\/2020\/01\/Grote-Namaak-Zeebaars-49cm-square.jpg","width":804,"height":806,"caption":"Grote Namaak Zeebaars"},{"@type":"BreadcrumbList","@id":"https:\/\/decofoodshop.nl\/product\/grote-namaak-zeebaars\/#breadcrumb","itemListElement":[{"@type":"ListItem","position":1,"name":"Home","item":"https:\/\/decofoodshop.nl\/"},{"@type":"ListItem","position":2,"name":"Winkel","item":"https:\/\/decofoodshop.nl\/winkel\/"},{"@type":"ListItem","position":3,"name":"Grote Namaak Zeebaars"}]},{"@type":"WebSite","@id":"https:\/\/decofoodshop.nl\/#website","url":"https:\/\/decofoodshop.nl\/","name":"Dekofoodshop","description":"","potentialAction":[{"@type":"SearchAction","target":{"@type":"EntryPoint","urlTemplate":"https:\/\/decofoodshop.nl\/?s={search_term_string}"},"query-input":{"@type":"PropertyValueSpecification","valueRequired":true,"valueName":"search_term_string"}}],"inLanguage":"de"}]}},"_links":{"self":[{"href":"https:\/\/decofoodshop.nl\/de\/wp-json\/wp\/v2\/product\/2016","targetHints":{"allow":["GET"]}}],"collection":[{"href":"https:\/\/decofoodshop.nl\/de\/wp-json\/wp\/v2\/product"}],"about":[{"href":"https:\/\/decofoodshop.nl\/de\/wp-json\/wp\/v2\/types\/product"}],"wp:featuredmedia":[{"embeddable":true,"href":"https:\/\/decofoodshop.nl\/de\/wp-json\/wp\/v2\/media\/2017"}],"wp:attachment":[{"href":"https:\/\/decofoodshop.nl\/de\/wp-json\/wp\/v2\/media?parent=2016"}],"wp:term":[{"taxonomy":"product_brand","embeddable":true,"href":"https:\/\/decofoodshop.nl\/de\/wp-json\/wp\/v2\/product_brand?post=2016"},{"taxonomy":"product_cat","embeddable":true,"href":"https:\/\/decofoodshop.nl\/de\/wp-json\/wp\/v2\/product_cat?post=2016"},{"taxonomy":"product_tag","embeddable":true,"href":"https:\/\/decofoodshop.nl\/de\/wp-json\/wp\/v2\/product_tag?post=2016"}],"curies":[{"name":"wp","href":"https:\/\/api.w.org\/{rel}","templated":true}]}}