{"id":2020,"date":"2020-01-29T12:01:03","date_gmt":"2020-01-29T12:01:03","guid":{"rendered":"https:\/\/decofoodshop.nl\/?post_type=product&#038;p=2020"},"modified":"2026-03-16T12:19:51","modified_gmt":"2026-03-16T11:19:51","slug":"gefalschte-kaisergranate","status":"publish","type":"product","link":"https:\/\/decofoodshop.nl\/de\/product\/namaak-langoustine\/","title":{"rendered":"Gef\u00e4lschte Langusten"},"content":{"rendered":"<p>Sch\u00f6ner gef\u00e4lschter Kaisergranat mit sch\u00f6ner roter Farbe.<\/p>\n<p>De neplangoustine heeft een natuurlijke vorm en is op ware grootte.<\/p>\n<p>Ruim 30cm lang en 23cm breed.<\/p>\n<p>Gemaakt van zeer stevig hard plastic.<\/p>\n<p>Onbreekbaar en alle delen zitten geheel vast.<\/p>\n<p>Dieser k\u00fcnstliche Hummer kann \u00e4u\u00dferst dekorativ verwendet werden.<\/p>\n<p>Der Bauch der k\u00fcnstlichen Kaisergranate ist heller f\u00fcr ein naturgetreues Aussehen.<\/p>\n<p>De kleuren zijn gemengd met rood, oranje en geel tinten.<\/p>\n<p>Voorzien vanlange tentakels zoals echte Langoustines.<\/p>\n<p>De afwerking van de kunstlangoustine bijzonder gedetailleerd.<\/p>\n<p>Zeer geschikt als decoratie in vitrines, viszaken en als vissen decoratie dummies.<\/p>\n<p>Abnsoluut professionele kwaliteit.<\/p>\n<p>Werfen Sie auch einen Blick auf unser Angebot an fertiger Kunst<span style=\"color: #008000;\"> <a style=\"color: #008000;\" href=\"https:\/\/decofoodshop.nl\/de\/produktkategorie-2\/pakete\/\">&#8216;<strong>Pakete<\/strong>&#8216;<\/a>.<\/span><\/p>\n<p>&nbsp;<\/p>","protected":false},"excerpt":{"rendered":"<p>Prachtige namaak langoustine met mooie rode kleur. De neplangoustine heeft een natuurlijke vorm en is op ware grootte. Ruim 30cm lang en 23cm breed. Gemaakt van zeer stevig hard plastic. Onbreekbaar en alle delen zitten geheel vast. Deze nepkreeft is uiterst decoratief inzetbaar. De buik van de kunst langoustine is lichter voor een natuurgetrouwe uitstraling. [&hellip;]<\/p>\n","protected":false},"featured_media":10987,"template":"","meta":{"_acf_changed":false,"_genesis_hide_title":false,"_genesis_hide_breadcrumbs":false,"_genesis_hide_singular_image":false,"_genesis_hide_footer_widgets":false,"_genesis_custom_body_class":"","_genesis_custom_post_class":"","_genesis_layout":""},"product_brand":[],"product_cat":[50],"product_tag":[],"class_list":{"0":"post-2020","1":"product","2":"type-product","3":"status-publish","4":"has-post-thumbnail","6":"product_cat-namaak-vis-en-vlees","7":"entry","8":"wpx-has-gallery","10":"first","11":"instock","12":"taxable","13":"shipping-taxable","14":"purchasable","15":"product-type-simple"},"acf":[],"yoast_head":"<!-- This site is optimized with the Yoast SEO Premium plugin v27.3 (Yoast SEO v27.3) - https:\/\/yoast.com\/product\/yoast-seo-premium-wordpress\/ -->\n<title>Namaak Langoustine - Verkrijgbaar Bij Decofoodshop<\/title>\n<meta name=\"description\" content=\"Natuurlijke namaak langoustine. Levensgroot formaat en net echt! Bestel namaak zeedieren nu makkelijk en snel bij Decofoodshop.nl\" \/>\n<meta name=\"robots\" content=\"index, follow, max-snippet:-1, max-image-preview:large, max-video-preview:-1\" \/>\n<link rel=\"canonical\" href=\"https:\/\/decofoodshop.nl\/de\/produkt\/gefalschter-hummer\/\" \/>\n<meta property=\"og:locale\" content=\"de_DE\" \/>\n<meta property=\"og:type\" content=\"article\" \/>\n<meta property=\"og:title\" content=\"Namaak Langoustine\" \/>\n<meta property=\"og:description\" content=\"Natuurlijke namaak langoustine. Levensgroot formaat en net echt! Bestel namaak zeedieren nu makkelijk en snel bij Decofoodshop.nl\" \/>\n<meta property=\"og:url\" content=\"https:\/\/decofoodshop.nl\/de\/produkt\/gefalschter-hummer\/\" \/>\n<meta property=\"og:site_name\" content=\"Decofoodshop\" \/>\n<meta property=\"article:modified_time\" content=\"2026-03-16T11:19:51+00:00\" \/>\n<meta property=\"og:image\" content=\"https:\/\/decofoodshop.nl\/wp-content\/uploads\/2020\/01\/Namaak-Langoustine-foto-1.jpg\" \/>\n\t<meta property=\"og:image:width\" content=\"1500\" \/>\n\t<meta property=\"og:image:height\" content=\"1500\" \/>\n\t<meta property=\"og:image:type\" content=\"image\/jpeg\" \/>\n<meta name=\"twitter:card\" content=\"summary_large_image\" \/>\n<meta name=\"twitter:label1\" content=\"Gesch\u00e4tzte Lesezeit\" \/>\n\t<meta name=\"twitter:data1\" content=\"1\u00a0Minute\" \/>\n<script type=\"application\/ld+json\" class=\"yoast-schema-graph\">{\"@context\":\"https:\\\/\\\/schema.org\",\"@graph\":[{\"@type\":\"WebPage\",\"@id\":\"https:\\\/\\\/decofoodshop.nl\\\/product\\\/namaak-langoustine\\\/\",\"url\":\"https:\\\/\\\/decofoodshop.nl\\\/product\\\/namaak-kreeft\\\/\",\"name\":\"Namaak Langoustine - Verkrijgbaar Bij Decofoodshop\",\"isPartOf\":{\"@id\":\"https:\\\/\\\/decofoodshop.nl\\\/#website\"},\"primaryImageOfPage\":{\"@id\":\"https:\\\/\\\/decofoodshop.nl\\\/product\\\/namaak-kreeft\\\/#primaryimage\"},\"image\":{\"@id\":\"https:\\\/\\\/decofoodshop.nl\\\/product\\\/namaak-kreeft\\\/#primaryimage\"},\"thumbnailUrl\":\"https:\\\/\\\/decofoodshop.nl\\\/wp-content\\\/uploads\\\/2020\\\/01\\\/Namaak-Langoustine-foto-1.jpg\",\"datePublished\":\"2020-01-29T12:01:03+00:00\",\"dateModified\":\"2026-03-16T11:19:51+00:00\",\"description\":\"Natuurlijke namaak langoustine. Levensgroot formaat en net echt! Bestel namaak zeedieren nu makkelijk en snel bij Decofoodshop.nl\",\"breadcrumb\":{\"@id\":\"https:\\\/\\\/decofoodshop.nl\\\/product\\\/namaak-kreeft\\\/#breadcrumb\"},\"inLanguage\":\"de\",\"potentialAction\":[{\"@type\":\"ReadAction\",\"target\":[\"https:\\\/\\\/decofoodshop.nl\\\/product\\\/namaak-kreeft\\\/\"]}]},{\"@type\":\"ImageObject\",\"inLanguage\":\"de\",\"@id\":\"https:\\\/\\\/decofoodshop.nl\\\/product\\\/namaak-kreeft\\\/#primaryimage\",\"url\":\"https:\\\/\\\/decofoodshop.nl\\\/wp-content\\\/uploads\\\/2020\\\/01\\\/Namaak-Langoustine-foto-1.jpg\",\"contentUrl\":\"https:\\\/\\\/decofoodshop.nl\\\/wp-content\\\/uploads\\\/2020\\\/01\\\/Namaak-Langoustine-foto-1.jpg\",\"width\":1500,\"height\":1500,\"caption\":\"Namaak Langoustine van Decofoodshop.nl\"},{\"@type\":\"BreadcrumbList\",\"@id\":\"https:\\\/\\\/decofoodshop.nl\\\/product\\\/namaak-kreeft\\\/#breadcrumb\",\"itemListElement\":[{\"@type\":\"ListItem\",\"position\":1,\"name\":\"Home\",\"item\":\"https:\\\/\\\/decofoodshop.nl\\\/\"},{\"@type\":\"ListItem\",\"position\":2,\"name\":\"Winkel\",\"item\":\"https:\\\/\\\/decofoodshop.nl\\\/winkel\\\/\"},{\"@type\":\"ListItem\",\"position\":3,\"name\":\"Namaak Langoustine\"}]},{\"@type\":\"WebSite\",\"@id\":\"https:\\\/\\\/decofoodshop.nl\\\/#website\",\"url\":\"https:\\\/\\\/decofoodshop.nl\\\/\",\"name\":\"Decofoodshop\",\"description\":\"\",\"potentialAction\":[{\"@type\":\"SearchAction\",\"target\":{\"@type\":\"EntryPoint\",\"urlTemplate\":\"https:\\\/\\\/decofoodshop.nl\\\/?s={search_term_string}\"},\"query-input\":{\"@type\":\"PropertyValueSpecification\",\"valueRequired\":true,\"valueName\":\"search_term_string\"}}],\"inLanguage\":\"de\"}]}<\/script>\n<!-- \/ Yoast SEO Premium plugin. -->","yoast_head_json":{"title":"Gef\u00e4lschte Langoustine - Erh\u00e4ltlich bei Decofoodshop","description":"Nat\u00fcrlicher gef\u00e4lschter Kaisergranat. Lebensgro\u00df und genau wie das Original! Bestellen Sie jetzt einfach und schnell gef\u00e4lschte Meerestiere bei Decofoodshop.nl","robots":{"index":"index","follow":"follow","max-snippet":"max-snippet:-1","max-image-preview":"max-image-preview:large","max-video-preview":"max-video-preview:-1"},"canonical":"https:\/\/decofoodshop.nl\/de\/produkt\/gefalschter-hummer\/","og_locale":"de_DE","og_type":"article","og_title":"Namaak Langoustine","og_description":"Natuurlijke namaak langoustine. Levensgroot formaat en net echt! Bestel namaak zeedieren nu makkelijk en snel bij Decofoodshop.nl","og_url":"https:\/\/decofoodshop.nl\/de\/produkt\/gefalschter-hummer\/","og_site_name":"Decofoodshop","article_modified_time":"2026-03-16T11:19:51+00:00","og_image":[{"width":1500,"height":1500,"url":"https:\/\/decofoodshop.nl\/wp-content\/uploads\/2020\/01\/Namaak-Langoustine-foto-1.jpg","type":"image\/jpeg"}],"twitter_card":"summary_large_image","twitter_misc":{"Gesch\u00e4tzte Lesezeit":"1\u00a0Minute"},"schema":{"@context":"https:\/\/schema.org","@graph":[{"@type":"WebPage","@id":"https:\/\/decofoodshop.nl\/product\/namaak-langoustine\/","url":"https:\/\/decofoodshop.nl\/product\/namaak-kreeft\/","name":"Gef\u00e4lschte Langoustine - Erh\u00e4ltlich bei Decofoodshop","isPartOf":{"@id":"https:\/\/decofoodshop.nl\/#website"},"primaryImageOfPage":{"@id":"https:\/\/decofoodshop.nl\/product\/namaak-kreeft\/#primaryimage"},"image":{"@id":"https:\/\/decofoodshop.nl\/product\/namaak-kreeft\/#primaryimage"},"thumbnailUrl":"https:\/\/decofoodshop.nl\/wp-content\/uploads\/2020\/01\/Namaak-Langoustine-foto-1.jpg","datePublished":"2020-01-29T12:01:03+00:00","dateModified":"2026-03-16T11:19:51+00:00","description":"Nat\u00fcrlicher gef\u00e4lschter Kaisergranat. Lebensgro\u00df und genau wie das Original! Bestellen Sie jetzt einfach und schnell gef\u00e4lschte Meerestiere bei Decofoodshop.nl","breadcrumb":{"@id":"https:\/\/decofoodshop.nl\/product\/namaak-kreeft\/#breadcrumb"},"inLanguage":"de","potentialAction":[{"@type":"ReadAction","target":["https:\/\/decofoodshop.nl\/product\/namaak-kreeft\/"]}]},{"@type":"ImageObject","inLanguage":"de","@id":"https:\/\/decofoodshop.nl\/product\/namaak-kreeft\/#primaryimage","url":"https:\/\/decofoodshop.nl\/wp-content\/uploads\/2020\/01\/Namaak-Langoustine-foto-1.jpg","contentUrl":"https:\/\/decofoodshop.nl\/wp-content\/uploads\/2020\/01\/Namaak-Langoustine-foto-1.jpg","width":1500,"height":1500,"caption":"Namaak Langoustine van Decofoodshop.nl"},{"@type":"BreadcrumbList","@id":"https:\/\/decofoodshop.nl\/product\/namaak-kreeft\/#breadcrumb","itemListElement":[{"@type":"ListItem","position":1,"name":"Home","item":"https:\/\/decofoodshop.nl\/"},{"@type":"ListItem","position":2,"name":"Winkel","item":"https:\/\/decofoodshop.nl\/winkel\/"},{"@type":"ListItem","position":3,"name":"Namaak Langoustine"}]},{"@type":"WebSite","@id":"https:\/\/decofoodshop.nl\/#website","url":"https:\/\/decofoodshop.nl\/","name":"Dekofoodshop","description":"","potentialAction":[{"@type":"SearchAction","target":{"@type":"EntryPoint","urlTemplate":"https:\/\/decofoodshop.nl\/?s={search_term_string}"},"query-input":{"@type":"PropertyValueSpecification","valueRequired":true,"valueName":"search_term_string"}}],"inLanguage":"de"}]}},"_links":{"self":[{"href":"https:\/\/decofoodshop.nl\/de\/wp-json\/wp\/v2\/product\/2020","targetHints":{"allow":["GET"]}}],"collection":[{"href":"https:\/\/decofoodshop.nl\/de\/wp-json\/wp\/v2\/product"}],"about":[{"href":"https:\/\/decofoodshop.nl\/de\/wp-json\/wp\/v2\/types\/product"}],"wp:featuredmedia":[{"embeddable":true,"href":"https:\/\/decofoodshop.nl\/de\/wp-json\/wp\/v2\/media\/10987"}],"wp:attachment":[{"href":"https:\/\/decofoodshop.nl\/de\/wp-json\/wp\/v2\/media?parent=2020"}],"wp:term":[{"taxonomy":"product_brand","embeddable":true,"href":"https:\/\/decofoodshop.nl\/de\/wp-json\/wp\/v2\/product_brand?post=2020"},{"taxonomy":"product_cat","embeddable":true,"href":"https:\/\/decofoodshop.nl\/de\/wp-json\/wp\/v2\/product_cat?post=2020"},{"taxonomy":"product_tag","embeddable":true,"href":"https:\/\/decofoodshop.nl\/de\/wp-json\/wp\/v2\/product_tag?post=2020"}],"curies":[{"name":"wp","href":"https:\/\/api.w.org\/{rel}","templated":true}]}}