{"id":2021,"date":"2020-01-21T12:29:39","date_gmt":"2020-01-21T12:29:39","guid":{"rendered":"https:\/\/decofoodshop.nl\/?post_type=product&#038;p=2021"},"modified":"2026-03-02T13:45:58","modified_gmt":"2026-03-02T12:45:58","slug":"gefalschtes-sushi-maki-set","status":"publish","type":"product","link":"https:\/\/decofoodshop.nl\/de\/product\/nep-sushi-nigiri\/","title":{"rendered":"Gef\u00e4lschtes Sushi-Nigiri-Set"},"content":{"rendered":"<p>Fertiges Fake Sushi Nigiri-Set bestehend aus 4 St\u00fcck.<\/p>\n<p>Alle vier Fake-Sushis bestehen aus einem Bett aus wei\u00dfen Fake-Reisk\u00f6rnern.<\/p>\n<p>Auf jedem Reisbett ein anderes St\u00fcck Fisch.<\/p>\n<p>Eines mit Lachs, eines mit Garnelen, eines mit Thunfisch und eines mit Omelett.<\/p>\n<p>Alle Sushi-Requisiten sind \u00e4u\u00dferst detailliert und sehen echt aus.<\/p>\n<p>Das gef\u00e4lschte Sushi ist nicht zerbrechlich und sehr dekorativ.<\/p>\n<p>Schau auch mal rein<strong><span style=\"color: #008000;\"> <a style=\"color: #008000;\" href=\"https:\/\/decofoodshop.nl\/de\/produktkategorie-2\/andere\/\">&#039;Andere&#039;<\/a><\/span><\/strong> f\u00fcr verschiedene andere Arten gef\u00e4lschter Lebensmittel.<\/p>\n<p>&nbsp;<\/p>\n<p>&nbsp;<\/p>\n<p>&nbsp;<\/p>","protected":false},"excerpt":{"rendered":"<p>Kant en klare Nep Sushi Nigiri set van 4 stuks. Alle vier de namaak sushi&#8217;s bestaan uit een bedje witte namaak rijstkorrels. Op elk rijstbedje een ander stukje vis. \u00c9\u00e9n met zalm, \u00e9\u00e9n met garnaal, \u00e9\u00e9n met tonijn en \u00e9\u00e9n afgewerkt met omelet. Alle sushi props zijn uiterst gedetailleerd en net echt. De namaak sushi [&hellip;]<\/p>\n","protected":false},"featured_media":10047,"template":"","meta":{"_acf_changed":false,"_genesis_hide_title":false,"_genesis_hide_breadcrumbs":false,"_genesis_hide_singular_image":false,"_genesis_hide_footer_widgets":false,"_genesis_custom_body_class":"","_genesis_custom_post_class":"","_genesis_layout":""},"product_brand":[],"product_cat":[50,51],"product_tag":[],"class_list":{"0":"post-2021","1":"product","2":"type-product","3":"status-publish","4":"has-post-thumbnail","6":"product_cat-namaak-vis-en-vlees","7":"product_cat-overige","8":"entry","9":"wpx-has-gallery","11":"first","12":"instock","13":"taxable","14":"shipping-taxable","15":"purchasable","16":"product-type-simple"},"acf":[],"yoast_head":"<!-- This site is optimized with the Yoast SEO Premium plugin v27.3 (Yoast SEO v27.3) - https:\/\/yoast.com\/product\/yoast-seo-premium-wordpress\/ -->\n<title>Nep Sushi Nigiri Set - Verkrijgbaar Bij Decofoodshop<\/title>\n<meta name=\"description\" content=\"Nep Sushi Nigiri Set. Wij bieden verschillende plastic sushi sets aan. Bekijk alle namaak sushi bij Decofoodshop. Alle soorten levensecht decoratie voedsel.\" \/>\n<meta name=\"robots\" content=\"index, follow, max-snippet:-1, max-image-preview:large, max-video-preview:-1\" \/>\n<link rel=\"canonical\" href=\"https:\/\/decofoodshop.nl\/de\/produkt\/gefalschtes-sushi-maki-set\/\" \/>\n<meta property=\"og:locale\" content=\"de_DE\" \/>\n<meta property=\"og:type\" content=\"article\" \/>\n<meta property=\"og:title\" content=\"Nep Sushi Nigiri Set\" \/>\n<meta property=\"og:description\" content=\"Nep Sushi Nigiri Set. Wij bieden verschillende plastic sushi sets aan. Bekijk alle namaak sushi bij Decofoodshop. Alle soorten levensecht decoratie voedsel.\" \/>\n<meta property=\"og:url\" content=\"https:\/\/decofoodshop.nl\/de\/produkt\/gefalschtes-sushi-maki-set\/\" \/>\n<meta property=\"og:site_name\" content=\"Decofoodshop\" \/>\n<meta property=\"article:modified_time\" content=\"2026-03-02T12:45:58+00:00\" \/>\n<meta property=\"og:image\" content=\"https:\/\/decofoodshop.nl\/wp-content\/uploads\/2020\/01\/Nep-Sushi-Nigiri-set.jpg\" \/>\n\t<meta property=\"og:image:width\" content=\"1499\" \/>\n\t<meta property=\"og:image:height\" content=\"1500\" \/>\n\t<meta property=\"og:image:type\" content=\"image\/jpeg\" \/>\n<meta name=\"twitter:card\" content=\"summary_large_image\" \/>\n<meta name=\"twitter:label1\" content=\"Gesch\u00e4tzte Lesezeit\" \/>\n\t<meta name=\"twitter:data1\" content=\"1\u00a0Minute\" \/>\n<script type=\"application\/ld+json\" class=\"yoast-schema-graph\">{\"@context\":\"https:\\\/\\\/schema.org\",\"@graph\":[{\"@type\":\"WebPage\",\"@id\":\"https:\\\/\\\/decofoodshop.nl\\\/product\\\/nep-sushi-nigiri\\\/\",\"url\":\"https:\\\/\\\/decofoodshop.nl\\\/product\\\/nep-sushi-nigiri\\\/\",\"name\":\"Nep Sushi Nigiri Set - Verkrijgbaar Bij Decofoodshop\",\"isPartOf\":{\"@id\":\"https:\\\/\\\/decofoodshop.nl\\\/#website\"},\"primaryImageOfPage\":{\"@id\":\"https:\\\/\\\/decofoodshop.nl\\\/product\\\/nep-sushi-nigiri\\\/#primaryimage\"},\"image\":{\"@id\":\"https:\\\/\\\/decofoodshop.nl\\\/product\\\/nep-sushi-nigiri\\\/#primaryimage\"},\"thumbnailUrl\":\"https:\\\/\\\/decofoodshop.nl\\\/wp-content\\\/uploads\\\/2020\\\/01\\\/Nep-Sushi-Nigiri-set.jpg\",\"datePublished\":\"2020-01-21T12:29:39+00:00\",\"dateModified\":\"2026-03-02T12:45:58+00:00\",\"description\":\"Nep Sushi Nigiri Set. Wij bieden verschillende plastic sushi sets aan. Bekijk alle namaak sushi bij Decofoodshop. Alle soorten levensecht decoratie voedsel.\",\"breadcrumb\":{\"@id\":\"https:\\\/\\\/decofoodshop.nl\\\/product\\\/nep-sushi-nigiri\\\/#breadcrumb\"},\"inLanguage\":\"de\",\"potentialAction\":[{\"@type\":\"ReadAction\",\"target\":[\"https:\\\/\\\/decofoodshop.nl\\\/product\\\/nep-sushi-nigiri\\\/\"]}]},{\"@type\":\"ImageObject\",\"inLanguage\":\"de\",\"@id\":\"https:\\\/\\\/decofoodshop.nl\\\/product\\\/nep-sushi-nigiri\\\/#primaryimage\",\"url\":\"https:\\\/\\\/decofoodshop.nl\\\/wp-content\\\/uploads\\\/2020\\\/01\\\/Nep-Sushi-Nigiri-set.jpg\",\"contentUrl\":\"https:\\\/\\\/decofoodshop.nl\\\/wp-content\\\/uploads\\\/2020\\\/01\\\/Nep-Sushi-Nigiri-set.jpg\",\"width\":1499,\"height\":1500,\"caption\":\"Nep Sushi Nigiri Set van Decofoodshop.nl\"},{\"@type\":\"BreadcrumbList\",\"@id\":\"https:\\\/\\\/decofoodshop.nl\\\/product\\\/nep-sushi-nigiri\\\/#breadcrumb\",\"itemListElement\":[{\"@type\":\"ListItem\",\"position\":1,\"name\":\"Home\",\"item\":\"https:\\\/\\\/decofoodshop.nl\\\/\"},{\"@type\":\"ListItem\",\"position\":2,\"name\":\"Winkel\",\"item\":\"https:\\\/\\\/decofoodshop.nl\\\/winkel\\\/\"},{\"@type\":\"ListItem\",\"position\":3,\"name\":\"Nep Sushi Nigiri Set\"}]},{\"@type\":\"WebSite\",\"@id\":\"https:\\\/\\\/decofoodshop.nl\\\/#website\",\"url\":\"https:\\\/\\\/decofoodshop.nl\\\/\",\"name\":\"Decofoodshop\",\"description\":\"\",\"potentialAction\":[{\"@type\":\"SearchAction\",\"target\":{\"@type\":\"EntryPoint\",\"urlTemplate\":\"https:\\\/\\\/decofoodshop.nl\\\/?s={search_term_string}\"},\"query-input\":{\"@type\":\"PropertyValueSpecification\",\"valueRequired\":true,\"valueName\":\"search_term_string\"}}],\"inLanguage\":\"de\"}]}<\/script>\n<!-- \/ Yoast SEO Premium plugin. -->","yoast_head_json":{"title":"Gef\u00e4lschtes Sushi-Nigiri-Set - Erh\u00e4ltlich bei Decofoodshop","description":"Gef\u00e4lschtes Sushi-Nigiri-Set. Wir bieten verschiedene Sushi-Sets aus Kunststoff an. Sehen Sie sich alle gef\u00e4lschten Sushi bei Decofoodshop an. Alle Arten von lebensechten Dekorationsnahrungsmitteln.","robots":{"index":"index","follow":"follow","max-snippet":"max-snippet:-1","max-image-preview":"max-image-preview:large","max-video-preview":"max-video-preview:-1"},"canonical":"https:\/\/decofoodshop.nl\/de\/produkt\/gefalschtes-sushi-maki-set\/","og_locale":"de_DE","og_type":"article","og_title":"Nep Sushi Nigiri Set","og_description":"Nep Sushi Nigiri Set. Wij bieden verschillende plastic sushi sets aan. Bekijk alle namaak sushi bij Decofoodshop. Alle soorten levensecht decoratie voedsel.","og_url":"https:\/\/decofoodshop.nl\/de\/produkt\/gefalschtes-sushi-maki-set\/","og_site_name":"Decofoodshop","article_modified_time":"2026-03-02T12:45:58+00:00","og_image":[{"width":1499,"height":1500,"url":"https:\/\/decofoodshop.nl\/wp-content\/uploads\/2020\/01\/Nep-Sushi-Nigiri-set.jpg","type":"image\/jpeg"}],"twitter_card":"summary_large_image","twitter_misc":{"Gesch\u00e4tzte Lesezeit":"1\u00a0Minute"},"schema":{"@context":"https:\/\/schema.org","@graph":[{"@type":"WebPage","@id":"https:\/\/decofoodshop.nl\/product\/nep-sushi-nigiri\/","url":"https:\/\/decofoodshop.nl\/product\/nep-sushi-nigiri\/","name":"Gef\u00e4lschtes Sushi-Nigiri-Set - Erh\u00e4ltlich bei Decofoodshop","isPartOf":{"@id":"https:\/\/decofoodshop.nl\/#website"},"primaryImageOfPage":{"@id":"https:\/\/decofoodshop.nl\/product\/nep-sushi-nigiri\/#primaryimage"},"image":{"@id":"https:\/\/decofoodshop.nl\/product\/nep-sushi-nigiri\/#primaryimage"},"thumbnailUrl":"https:\/\/decofoodshop.nl\/wp-content\/uploads\/2020\/01\/Nep-Sushi-Nigiri-set.jpg","datePublished":"2020-01-21T12:29:39+00:00","dateModified":"2026-03-02T12:45:58+00:00","description":"Gef\u00e4lschtes Sushi-Nigiri-Set. Wir bieten verschiedene Sushi-Sets aus Kunststoff an. Sehen Sie sich alle gef\u00e4lschten Sushi bei Decofoodshop an. Alle Arten von lebensechten Dekorationsnahrungsmitteln.","breadcrumb":{"@id":"https:\/\/decofoodshop.nl\/product\/nep-sushi-nigiri\/#breadcrumb"},"inLanguage":"de","potentialAction":[{"@type":"ReadAction","target":["https:\/\/decofoodshop.nl\/product\/nep-sushi-nigiri\/"]}]},{"@type":"ImageObject","inLanguage":"de","@id":"https:\/\/decofoodshop.nl\/product\/nep-sushi-nigiri\/#primaryimage","url":"https:\/\/decofoodshop.nl\/wp-content\/uploads\/2020\/01\/Nep-Sushi-Nigiri-set.jpg","contentUrl":"https:\/\/decofoodshop.nl\/wp-content\/uploads\/2020\/01\/Nep-Sushi-Nigiri-set.jpg","width":1499,"height":1500,"caption":"Nep Sushi Nigiri Set van Decofoodshop.nl"},{"@type":"BreadcrumbList","@id":"https:\/\/decofoodshop.nl\/product\/nep-sushi-nigiri\/#breadcrumb","itemListElement":[{"@type":"ListItem","position":1,"name":"Home","item":"https:\/\/decofoodshop.nl\/"},{"@type":"ListItem","position":2,"name":"Winkel","item":"https:\/\/decofoodshop.nl\/winkel\/"},{"@type":"ListItem","position":3,"name":"Nep Sushi Nigiri Set"}]},{"@type":"WebSite","@id":"https:\/\/decofoodshop.nl\/#website","url":"https:\/\/decofoodshop.nl\/","name":"Dekofoodshop","description":"","potentialAction":[{"@type":"SearchAction","target":{"@type":"EntryPoint","urlTemplate":"https:\/\/decofoodshop.nl\/?s={search_term_string}"},"query-input":{"@type":"PropertyValueSpecification","valueRequired":true,"valueName":"search_term_string"}}],"inLanguage":"de"}]}},"_links":{"self":[{"href":"https:\/\/decofoodshop.nl\/de\/wp-json\/wp\/v2\/product\/2021","targetHints":{"allow":["GET"]}}],"collection":[{"href":"https:\/\/decofoodshop.nl\/de\/wp-json\/wp\/v2\/product"}],"about":[{"href":"https:\/\/decofoodshop.nl\/de\/wp-json\/wp\/v2\/types\/product"}],"wp:featuredmedia":[{"embeddable":true,"href":"https:\/\/decofoodshop.nl\/de\/wp-json\/wp\/v2\/media\/10047"}],"wp:attachment":[{"href":"https:\/\/decofoodshop.nl\/de\/wp-json\/wp\/v2\/media?parent=2021"}],"wp:term":[{"taxonomy":"product_brand","embeddable":true,"href":"https:\/\/decofoodshop.nl\/de\/wp-json\/wp\/v2\/product_brand?post=2021"},{"taxonomy":"product_cat","embeddable":true,"href":"https:\/\/decofoodshop.nl\/de\/wp-json\/wp\/v2\/product_cat?post=2021"},{"taxonomy":"product_tag","embeddable":true,"href":"https:\/\/decofoodshop.nl\/de\/wp-json\/wp\/v2\/product_tag?post=2021"}],"curies":[{"name":"wp","href":"https:\/\/api.w.org\/{rel}","templated":true}]}}