{"id":2033,"date":"2020-01-22T09:19:52","date_gmt":"2020-01-22T09:19:52","guid":{"rendered":"https:\/\/decofoodshop.nl\/?post_type=product&#038;p=2033"},"modified":"2026-04-16T11:42:41","modified_gmt":"2026-04-16T09:42:41","slug":"falsches-lachssteak","status":"publish","type":"product","link":"https:\/\/decofoodshop.nl\/de\/product\/namaak-zalm-moot\/","title":{"rendered":"Gef\u00e4lschter Lachs umstritten"},"content":{"rendered":"<p>Dieses realistische gef\u00e4lschte Lachssteak ist von hoher Qualit\u00e4t.<\/p>\n<p>Es ist nicht zerbrechlich und sehr detailliert.<\/p>\n<p>Der falsche Lachs f\u00fchlt sich auch rau an und die wei\u00dfen Linien fallen f\u00fcr eine echte Ber\u00fchrung leicht ein.<\/p>\n<p>Die Farbe ist rosa, was f\u00fcr ein frisches und nat\u00fcrliches Aussehen sorgt.<\/p>\n<p>Das k\u00fcnstliche Lachssteak hat einen flachen Boden, sodass Sie es einfach und stabil abstellen k\u00f6nnen.<\/p>\n<p>Schauen Sie sich auch unser Angebot an<strong><span style=\"color: #008000;\"> <a style=\"color: #008000;\" href=\"https:\/\/decofoodshop.nl\/de\/produktkategorie-2\/brotkuchen\/\">&#039;Brot&amp;Geb\u00e4ck&#039;<\/a> <\/span><\/strong>f\u00fcr eine gro\u00dfe Auswahl an Dekorationsbrot und -geb\u00e4ck.<\/p>","protected":false},"excerpt":{"rendered":"<p>Deze realistische namaak zalm moot is van hoge kwaliteit. Hij is niet breekbaar en erg gedetailleerd. Ook voelt de nep zalm moot ruw aan en de witte lijntjes vallen iets naar binnen voor een real touch. De kleur is roze wat zorgt voor een vers en natuurlijk uiterlijk. De kunst zalmmoot heeft een platte onderkant [&hellip;]<\/p>\n","protected":false},"featured_media":2210,"template":"","meta":{"_acf_changed":false,"_genesis_hide_title":false,"_genesis_hide_breadcrumbs":false,"_genesis_hide_singular_image":false,"_genesis_hide_footer_widgets":false,"_genesis_custom_body_class":"","_genesis_custom_post_class":"","_genesis_layout":""},"product_brand":[],"product_cat":[50],"product_tag":[],"class_list":{"0":"post-2033","1":"product","2":"type-product","3":"status-publish","4":"has-post-thumbnail","6":"product_cat-namaak-vis-en-vlees","7":"entry","8":"wpx-has-gallery","10":"first","11":"instock","12":"taxable","13":"shipping-taxable","14":"purchasable","15":"product-type-simple"},"acf":[],"yoast_head":"<!-- This site is optimized with the Yoast SEO Premium plugin v27.4 (Yoast SEO v27.4) - https:\/\/yoast.com\/product\/yoast-seo-premium-wordpress\/ -->\n<title>Namaak Zalm Moot - Verkrijgbaar Bij Decofoodshop<\/title>\n<meta name=\"description\" content=\"Ontzettend realistische en kwalitatieve namaak zalm moot. Ziet er natuurlijk en vers uit. Kijk rustig even rond op onze webshop Decofoodshop.\" \/>\n<meta name=\"robots\" content=\"index, follow, max-snippet:-1, max-image-preview:large, max-video-preview:-1\" \/>\n<link rel=\"canonical\" href=\"https:\/\/decofoodshop.nl\/de\/produkt\/falsches-lachssteak\/\" \/>\n<meta property=\"og:locale\" content=\"de_DE\" \/>\n<meta property=\"og:type\" content=\"article\" \/>\n<meta property=\"og:title\" content=\"Namaak Zalm Moot\" \/>\n<meta property=\"og:description\" content=\"Ontzettend realistische en kwalitatieve namaak zalm moot. Ziet er natuurlijk en vers uit. Kijk rustig even rond op onze webshop Decofoodshop.\" \/>\n<meta property=\"og:url\" content=\"https:\/\/decofoodshop.nl\/de\/produkt\/falsches-lachssteak\/\" \/>\n<meta property=\"og:site_name\" content=\"Decofoodshop\" \/>\n<meta property=\"article:modified_time\" content=\"2026-04-16T09:42:41+00:00\" \/>\n<meta property=\"og:image\" content=\"https:\/\/decofoodshop.nl\/wp-content\/uploads\/2020\/01\/IMG_8619.jpg\" \/>\n\t<meta property=\"og:image:width\" content=\"1198\" \/>\n\t<meta property=\"og:image:height\" content=\"1200\" \/>\n\t<meta property=\"og:image:type\" content=\"image\/jpeg\" \/>\n<meta name=\"twitter:card\" content=\"summary_large_image\" \/>\n<meta name=\"twitter:label1\" content=\"Gesch\u00e4tzte Lesezeit\" \/>\n\t<meta name=\"twitter:data1\" content=\"1\u00a0Minute\" \/>\n<script type=\"application\/ld+json\" class=\"yoast-schema-graph\">{\"@context\":\"https:\\\/\\\/schema.org\",\"@graph\":[{\"@type\":\"WebPage\",\"@id\":\"https:\\\/\\\/decofoodshop.nl\\\/product\\\/namaak-zalm-moot\\\/\",\"url\":\"https:\\\/\\\/decofoodshop.nl\\\/product\\\/namaak-zalm-moot\\\/\",\"name\":\"Namaak Zalm Moot - Verkrijgbaar Bij Decofoodshop\",\"isPartOf\":{\"@id\":\"https:\\\/\\\/decofoodshop.nl\\\/#website\"},\"primaryImageOfPage\":{\"@id\":\"https:\\\/\\\/decofoodshop.nl\\\/product\\\/namaak-zalm-moot\\\/#primaryimage\"},\"image\":{\"@id\":\"https:\\\/\\\/decofoodshop.nl\\\/product\\\/namaak-zalm-moot\\\/#primaryimage\"},\"thumbnailUrl\":\"https:\\\/\\\/decofoodshop.nl\\\/wp-content\\\/uploads\\\/2020\\\/01\\\/IMG_8619.jpg\",\"datePublished\":\"2020-01-22T09:19:52+00:00\",\"dateModified\":\"2026-04-16T09:42:41+00:00\",\"description\":\"Ontzettend realistische en kwalitatieve namaak zalm moot. Ziet er natuurlijk en vers uit. Kijk rustig even rond op onze webshop Decofoodshop.\",\"breadcrumb\":{\"@id\":\"https:\\\/\\\/decofoodshop.nl\\\/product\\\/namaak-zalm-moot\\\/#breadcrumb\"},\"inLanguage\":\"de\",\"potentialAction\":[{\"@type\":\"ReadAction\",\"target\":[\"https:\\\/\\\/decofoodshop.nl\\\/product\\\/namaak-zalm-moot\\\/\"]}]},{\"@type\":\"ImageObject\",\"inLanguage\":\"de\",\"@id\":\"https:\\\/\\\/decofoodshop.nl\\\/product\\\/namaak-zalm-moot\\\/#primaryimage\",\"url\":\"https:\\\/\\\/decofoodshop.nl\\\/wp-content\\\/uploads\\\/2020\\\/01\\\/IMG_8619.jpg\",\"contentUrl\":\"https:\\\/\\\/decofoodshop.nl\\\/wp-content\\\/uploads\\\/2020\\\/01\\\/IMG_8619.jpg\",\"width\":1198,\"height\":1200,\"caption\":\"Namaak Zalm Moot\"},{\"@type\":\"BreadcrumbList\",\"@id\":\"https:\\\/\\\/decofoodshop.nl\\\/product\\\/namaak-zalm-moot\\\/#breadcrumb\",\"itemListElement\":[{\"@type\":\"ListItem\",\"position\":1,\"name\":\"Home\",\"item\":\"https:\\\/\\\/decofoodshop.nl\\\/\"},{\"@type\":\"ListItem\",\"position\":2,\"name\":\"Winkel\",\"item\":\"https:\\\/\\\/decofoodshop.nl\\\/winkel\\\/\"},{\"@type\":\"ListItem\",\"position\":3,\"name\":\"Namaak Zalm Moot\"}]},{\"@type\":\"WebSite\",\"@id\":\"https:\\\/\\\/decofoodshop.nl\\\/#website\",\"url\":\"https:\\\/\\\/decofoodshop.nl\\\/\",\"name\":\"Decofoodshop\",\"description\":\"\",\"potentialAction\":[{\"@type\":\"SearchAction\",\"target\":{\"@type\":\"EntryPoint\",\"urlTemplate\":\"https:\\\/\\\/decofoodshop.nl\\\/?s={search_term_string}\"},\"query-input\":{\"@type\":\"PropertyValueSpecification\",\"valueRequired\":true,\"valueName\":\"search_term_string\"}}],\"inLanguage\":\"de\"}]}<\/script>\n<!-- \/ Yoast SEO Premium plugin. -->","yoast_head_json":{"title":"Gef\u00e4lschter Lachs Moot - Erh\u00e4ltlich bei Decofoodshop","description":"Unglaublich realistisches und hochwertiges Fake-Lachssteak. Sieht nat\u00fcrlich und frisch aus. Schauen Sie sich in unserem Webshop Decofoodshop um.","robots":{"index":"index","follow":"follow","max-snippet":"max-snippet:-1","max-image-preview":"max-image-preview:large","max-video-preview":"max-video-preview:-1"},"canonical":"https:\/\/decofoodshop.nl\/de\/produkt\/falsches-lachssteak\/","og_locale":"de_DE","og_type":"article","og_title":"Namaak Zalm Moot","og_description":"Ontzettend realistische en kwalitatieve namaak zalm moot. Ziet er natuurlijk en vers uit. Kijk rustig even rond op onze webshop Decofoodshop.","og_url":"https:\/\/decofoodshop.nl\/de\/produkt\/falsches-lachssteak\/","og_site_name":"Decofoodshop","article_modified_time":"2026-04-16T09:42:41+00:00","og_image":[{"width":1198,"height":1200,"url":"https:\/\/decofoodshop.nl\/wp-content\/uploads\/2020\/01\/IMG_8619.jpg","type":"image\/jpeg"}],"twitter_card":"summary_large_image","twitter_misc":{"Gesch\u00e4tzte Lesezeit":"1\u00a0Minute"},"schema":{"@context":"https:\/\/schema.org","@graph":[{"@type":"WebPage","@id":"https:\/\/decofoodshop.nl\/product\/namaak-zalm-moot\/","url":"https:\/\/decofoodshop.nl\/product\/namaak-zalm-moot\/","name":"Gef\u00e4lschter Lachs Moot - Erh\u00e4ltlich bei Decofoodshop","isPartOf":{"@id":"https:\/\/decofoodshop.nl\/#website"},"primaryImageOfPage":{"@id":"https:\/\/decofoodshop.nl\/product\/namaak-zalm-moot\/#primaryimage"},"image":{"@id":"https:\/\/decofoodshop.nl\/product\/namaak-zalm-moot\/#primaryimage"},"thumbnailUrl":"https:\/\/decofoodshop.nl\/wp-content\/uploads\/2020\/01\/IMG_8619.jpg","datePublished":"2020-01-22T09:19:52+00:00","dateModified":"2026-04-16T09:42:41+00:00","description":"Unglaublich realistisches und hochwertiges Fake-Lachssteak. Sieht nat\u00fcrlich und frisch aus. Schauen Sie sich in unserem Webshop Decofoodshop um.","breadcrumb":{"@id":"https:\/\/decofoodshop.nl\/product\/namaak-zalm-moot\/#breadcrumb"},"inLanguage":"de","potentialAction":[{"@type":"ReadAction","target":["https:\/\/decofoodshop.nl\/product\/namaak-zalm-moot\/"]}]},{"@type":"ImageObject","inLanguage":"de","@id":"https:\/\/decofoodshop.nl\/product\/namaak-zalm-moot\/#primaryimage","url":"https:\/\/decofoodshop.nl\/wp-content\/uploads\/2020\/01\/IMG_8619.jpg","contentUrl":"https:\/\/decofoodshop.nl\/wp-content\/uploads\/2020\/01\/IMG_8619.jpg","width":1198,"height":1200,"caption":"Namaak Zalm Moot"},{"@type":"BreadcrumbList","@id":"https:\/\/decofoodshop.nl\/product\/namaak-zalm-moot\/#breadcrumb","itemListElement":[{"@type":"ListItem","position":1,"name":"Home","item":"https:\/\/decofoodshop.nl\/"},{"@type":"ListItem","position":2,"name":"Winkel","item":"https:\/\/decofoodshop.nl\/winkel\/"},{"@type":"ListItem","position":3,"name":"Namaak Zalm Moot"}]},{"@type":"WebSite","@id":"https:\/\/decofoodshop.nl\/#website","url":"https:\/\/decofoodshop.nl\/","name":"Dekofoodshop","description":"","potentialAction":[{"@type":"SearchAction","target":{"@type":"EntryPoint","urlTemplate":"https:\/\/decofoodshop.nl\/?s={search_term_string}"},"query-input":{"@type":"PropertyValueSpecification","valueRequired":true,"valueName":"search_term_string"}}],"inLanguage":"de"}]}},"_links":{"self":[{"href":"https:\/\/decofoodshop.nl\/de\/wp-json\/wp\/v2\/product\/2033","targetHints":{"allow":["GET"]}}],"collection":[{"href":"https:\/\/decofoodshop.nl\/de\/wp-json\/wp\/v2\/product"}],"about":[{"href":"https:\/\/decofoodshop.nl\/de\/wp-json\/wp\/v2\/types\/product"}],"wp:featuredmedia":[{"embeddable":true,"href":"https:\/\/decofoodshop.nl\/de\/wp-json\/wp\/v2\/media\/2210"}],"wp:attachment":[{"href":"https:\/\/decofoodshop.nl\/de\/wp-json\/wp\/v2\/media?parent=2033"}],"wp:term":[{"taxonomy":"product_brand","embeddable":true,"href":"https:\/\/decofoodshop.nl\/de\/wp-json\/wp\/v2\/product_brand?post=2033"},{"taxonomy":"product_cat","embeddable":true,"href":"https:\/\/decofoodshop.nl\/de\/wp-json\/wp\/v2\/product_cat?post=2033"},{"taxonomy":"product_tag","embeddable":true,"href":"https:\/\/decofoodshop.nl\/de\/wp-json\/wp\/v2\/product_tag?post=2033"}],"curies":[{"name":"wp","href":"https:\/\/api.w.org\/{rel}","templated":true}]}}