{"id":2055,"date":"2020-01-22T10:07:46","date_gmt":"2020-01-22T10:07:46","guid":{"rendered":"https:\/\/decofoodshop.nl\/?post_type=product&#038;p=2055"},"modified":"2026-03-27T17:35:59","modified_gmt":"2026-03-27T16:35:59","slug":"gefalschter-schweinekotelett-grill","status":"publish","type":"product","link":"https:\/\/decofoodshop.nl\/de\/product\/namaak-karbonade-gril\/","title":{"rendered":"Gef\u00e4lschter Schweinekotelett-Grill"},"content":{"rendered":"<p>Sch\u00f6ner gef\u00e4lschter Schweinekotelettgrill mit Grillstreifen.<\/p>\n<p>Der Grill f\u00fcr k\u00fcnstliche Schweinekoteletts hat einen flachen Boden zum einfachen Auflegen.<\/p>\n<p>Es hat eine raue, fleisch\u00e4hnliche Oberfl\u00e4che mit der Textur eines echten St\u00fccks gegrillten Fleisches.<\/p>\n<p>Da das St\u00fcck Kunstfleisch ziemlich d\u00fcnn ist, ist es biegsam.<\/p>\n<p>Sch\u00f6ne braune, gekochte Farbe sorgt f\u00fcr einen realistischen Schweinekotelettgrill.<\/p>\n<p>Schauen Sie sich auch unser Angebot an<strong><span style=\"color: #008000;\"> <a style=\"color: #008000;\" href=\"https:\/\/decofoodshop.nl\/de\/produktkategorie-2\/kunstliches-gemuse\/\">\u201eK\u00fcnstliches Gem\u00fcse\u201c<\/a> <\/span><\/strong>f\u00fcr weitere Optionen, um Ihren Look zu vervollst\u00e4ndigen.<\/p>","protected":false},"excerpt":{"rendered":"<p>Mooie namaak karbonade gril met gril strepen. De kunst karbonade gril heeft een platte onderkant om hem makkelijk neer te kunnen leggen. Hij heeft een ruwe vlees achtige bovenkant met de textuur van een echt stuk gegrild vlees. Omdat het stuk nep vlees vrij dun is is hij buigbaar. Mooie bruine, gare, kleur zorgt voor [&hellip;]<\/p>\n","protected":false},"featured_media":2213,"template":"","meta":{"_acf_changed":false,"_genesis_hide_title":false,"_genesis_hide_breadcrumbs":false,"_genesis_hide_singular_image":false,"_genesis_hide_footer_widgets":false,"_genesis_custom_body_class":"","_genesis_custom_post_class":"","_genesis_layout":""},"product_brand":[],"product_cat":[50],"product_tag":[],"class_list":{"0":"post-2055","1":"product","2":"type-product","3":"status-publish","4":"has-post-thumbnail","6":"product_cat-namaak-vis-en-vlees","7":"entry","8":"wpx-has-gallery","10":"first","11":"instock","12":"taxable","13":"shipping-taxable","14":"purchasable","15":"product-type-simple"},"acf":[],"yoast_head":"<!-- This site is optimized with the Yoast SEO Premium plugin v27.4 (Yoast SEO v27.4) - https:\/\/yoast.com\/product\/yoast-seo-premium-wordpress\/ -->\n<title>Namaak Karbonade Gril - Verkrijgbaar Bij Decofoodshop<\/title>\n<meta name=\"description\" content=\"Mooi stuk namaak karbonade gril. Erg gedetailleerd en van hoge kwaliteit. Wij bieden een groot aanbod namaak vis&amp;vlees aan.\" \/>\n<meta name=\"robots\" content=\"index, follow, max-snippet:-1, max-image-preview:large, max-video-preview:-1\" \/>\n<link rel=\"canonical\" href=\"https:\/\/decofoodshop.nl\/de\/produkt\/gefalschter-schweinekotelett-grill\/\" \/>\n<meta property=\"og:locale\" content=\"de_DE\" \/>\n<meta property=\"og:type\" content=\"article\" \/>\n<meta property=\"og:title\" content=\"Namaak Karbonade Gril\" \/>\n<meta property=\"og:description\" content=\"Mooi stuk namaak karbonade gril. Erg gedetailleerd en van hoge kwaliteit. Wij bieden een groot aanbod namaak vis&amp;vlees aan.\" \/>\n<meta property=\"og:url\" content=\"https:\/\/decofoodshop.nl\/de\/produkt\/gefalschter-schweinekotelett-grill\/\" \/>\n<meta property=\"og:site_name\" content=\"Decofoodshop\" \/>\n<meta property=\"article:modified_time\" content=\"2026-03-27T16:35:59+00:00\" \/>\n<meta property=\"og:image\" content=\"https:\/\/decofoodshop.nl\/wp-content\/uploads\/2020\/01\/IMG_8078-bewerkt.jpg\" \/>\n\t<meta property=\"og:image:width\" content=\"1200\" \/>\n\t<meta property=\"og:image:height\" content=\"1200\" \/>\n\t<meta property=\"og:image:type\" content=\"image\/jpeg\" \/>\n<meta name=\"twitter:card\" content=\"summary_large_image\" \/>\n<meta name=\"twitter:label1\" content=\"Gesch\u00e4tzte Lesezeit\" \/>\n\t<meta name=\"twitter:data1\" content=\"1\u00a0Minute\" \/>\n<script type=\"application\/ld+json\" class=\"yoast-schema-graph\">{\"@context\":\"https:\\\/\\\/schema.org\",\"@graph\":[{\"@type\":\"WebPage\",\"@id\":\"https:\\\/\\\/decofoodshop.nl\\\/product\\\/namaak-karbonade-gril\\\/\",\"url\":\"https:\\\/\\\/decofoodshop.nl\\\/product\\\/namaak-karbonade-gril\\\/\",\"name\":\"Namaak Karbonade Gril - Verkrijgbaar Bij Decofoodshop\",\"isPartOf\":{\"@id\":\"https:\\\/\\\/decofoodshop.nl\\\/#website\"},\"primaryImageOfPage\":{\"@id\":\"https:\\\/\\\/decofoodshop.nl\\\/product\\\/namaak-karbonade-gril\\\/#primaryimage\"},\"image\":{\"@id\":\"https:\\\/\\\/decofoodshop.nl\\\/product\\\/namaak-karbonade-gril\\\/#primaryimage\"},\"thumbnailUrl\":\"https:\\\/\\\/decofoodshop.nl\\\/wp-content\\\/uploads\\\/2020\\\/01\\\/IMG_8078-bewerkt.jpg\",\"datePublished\":\"2020-01-22T10:07:46+00:00\",\"dateModified\":\"2026-03-27T16:35:59+00:00\",\"description\":\"Mooi stuk namaak karbonade gril. Erg gedetailleerd en van hoge kwaliteit. Wij bieden een groot aanbod namaak vis&vlees aan.\",\"breadcrumb\":{\"@id\":\"https:\\\/\\\/decofoodshop.nl\\\/product\\\/namaak-karbonade-gril\\\/#breadcrumb\"},\"inLanguage\":\"de\",\"potentialAction\":[{\"@type\":\"ReadAction\",\"target\":[\"https:\\\/\\\/decofoodshop.nl\\\/product\\\/namaak-karbonade-gril\\\/\"]}]},{\"@type\":\"ImageObject\",\"inLanguage\":\"de\",\"@id\":\"https:\\\/\\\/decofoodshop.nl\\\/product\\\/namaak-karbonade-gril\\\/#primaryimage\",\"url\":\"https:\\\/\\\/decofoodshop.nl\\\/wp-content\\\/uploads\\\/2020\\\/01\\\/IMG_8078-bewerkt.jpg\",\"contentUrl\":\"https:\\\/\\\/decofoodshop.nl\\\/wp-content\\\/uploads\\\/2020\\\/01\\\/IMG_8078-bewerkt.jpg\",\"width\":1200,\"height\":1200,\"caption\":\"Namaak Karbonade Gril\"},{\"@type\":\"BreadcrumbList\",\"@id\":\"https:\\\/\\\/decofoodshop.nl\\\/product\\\/namaak-karbonade-gril\\\/#breadcrumb\",\"itemListElement\":[{\"@type\":\"ListItem\",\"position\":1,\"name\":\"Home\",\"item\":\"https:\\\/\\\/decofoodshop.nl\\\/\"},{\"@type\":\"ListItem\",\"position\":2,\"name\":\"Winkel\",\"item\":\"https:\\\/\\\/decofoodshop.nl\\\/winkel\\\/\"},{\"@type\":\"ListItem\",\"position\":3,\"name\":\"Namaak Karbonade Gril\"}]},{\"@type\":\"WebSite\",\"@id\":\"https:\\\/\\\/decofoodshop.nl\\\/#website\",\"url\":\"https:\\\/\\\/decofoodshop.nl\\\/\",\"name\":\"Decofoodshop\",\"description\":\"\",\"potentialAction\":[{\"@type\":\"SearchAction\",\"target\":{\"@type\":\"EntryPoint\",\"urlTemplate\":\"https:\\\/\\\/decofoodshop.nl\\\/?s={search_term_string}\"},\"query-input\":{\"@type\":\"PropertyValueSpecification\",\"valueRequired\":true,\"valueName\":\"search_term_string\"}}],\"inLanguage\":\"de\"}]}<\/script>\n<!-- \/ Yoast SEO Premium plugin. -->","yoast_head_json":{"title":"Fake Pork Chop Grill - Erh\u00e4ltlich bei Decofoodshop","description":"Sch\u00f6nes St\u00fcck gef\u00e4lschter Schweinekotelettgrill. Sehr detailliert und hochwertig. Wir bieten eine gro\u00dfe Auswahl an gef\u00e4lschtem Fisch und Fleisch.","robots":{"index":"index","follow":"follow","max-snippet":"max-snippet:-1","max-image-preview":"max-image-preview:large","max-video-preview":"max-video-preview:-1"},"canonical":"https:\/\/decofoodshop.nl\/de\/produkt\/gefalschter-schweinekotelett-grill\/","og_locale":"de_DE","og_type":"article","og_title":"Namaak Karbonade Gril","og_description":"Mooi stuk namaak karbonade gril. Erg gedetailleerd en van hoge kwaliteit. Wij bieden een groot aanbod namaak vis&vlees aan.","og_url":"https:\/\/decofoodshop.nl\/de\/produkt\/gefalschter-schweinekotelett-grill\/","og_site_name":"Decofoodshop","article_modified_time":"2026-03-27T16:35:59+00:00","og_image":[{"width":1200,"height":1200,"url":"https:\/\/decofoodshop.nl\/wp-content\/uploads\/2020\/01\/IMG_8078-bewerkt.jpg","type":"image\/jpeg"}],"twitter_card":"summary_large_image","twitter_misc":{"Gesch\u00e4tzte Lesezeit":"1\u00a0Minute"},"schema":{"@context":"https:\/\/schema.org","@graph":[{"@type":"WebPage","@id":"https:\/\/decofoodshop.nl\/product\/namaak-karbonade-gril\/","url":"https:\/\/decofoodshop.nl\/product\/namaak-karbonade-gril\/","name":"Fake Pork Chop Grill - Erh\u00e4ltlich bei Decofoodshop","isPartOf":{"@id":"https:\/\/decofoodshop.nl\/#website"},"primaryImageOfPage":{"@id":"https:\/\/decofoodshop.nl\/product\/namaak-karbonade-gril\/#primaryimage"},"image":{"@id":"https:\/\/decofoodshop.nl\/product\/namaak-karbonade-gril\/#primaryimage"},"thumbnailUrl":"https:\/\/decofoodshop.nl\/wp-content\/uploads\/2020\/01\/IMG_8078-bewerkt.jpg","datePublished":"2020-01-22T10:07:46+00:00","dateModified":"2026-03-27T16:35:59+00:00","description":"Sch\u00f6nes St\u00fcck gef\u00e4lschter Schweinekotelettgrill. Sehr detailliert und hochwertig. Wir bieten eine gro\u00dfe Auswahl an gef\u00e4lschtem Fisch und Fleisch.","breadcrumb":{"@id":"https:\/\/decofoodshop.nl\/product\/namaak-karbonade-gril\/#breadcrumb"},"inLanguage":"de","potentialAction":[{"@type":"ReadAction","target":["https:\/\/decofoodshop.nl\/product\/namaak-karbonade-gril\/"]}]},{"@type":"ImageObject","inLanguage":"de","@id":"https:\/\/decofoodshop.nl\/product\/namaak-karbonade-gril\/#primaryimage","url":"https:\/\/decofoodshop.nl\/wp-content\/uploads\/2020\/01\/IMG_8078-bewerkt.jpg","contentUrl":"https:\/\/decofoodshop.nl\/wp-content\/uploads\/2020\/01\/IMG_8078-bewerkt.jpg","width":1200,"height":1200,"caption":"Namaak Karbonade Gril"},{"@type":"BreadcrumbList","@id":"https:\/\/decofoodshop.nl\/product\/namaak-karbonade-gril\/#breadcrumb","itemListElement":[{"@type":"ListItem","position":1,"name":"Home","item":"https:\/\/decofoodshop.nl\/"},{"@type":"ListItem","position":2,"name":"Winkel","item":"https:\/\/decofoodshop.nl\/winkel\/"},{"@type":"ListItem","position":3,"name":"Namaak Karbonade Gril"}]},{"@type":"WebSite","@id":"https:\/\/decofoodshop.nl\/#website","url":"https:\/\/decofoodshop.nl\/","name":"Dekofoodshop","description":"","potentialAction":[{"@type":"SearchAction","target":{"@type":"EntryPoint","urlTemplate":"https:\/\/decofoodshop.nl\/?s={search_term_string}"},"query-input":{"@type":"PropertyValueSpecification","valueRequired":true,"valueName":"search_term_string"}}],"inLanguage":"de"}]}},"_links":{"self":[{"href":"https:\/\/decofoodshop.nl\/de\/wp-json\/wp\/v2\/product\/2055","targetHints":{"allow":["GET"]}}],"collection":[{"href":"https:\/\/decofoodshop.nl\/de\/wp-json\/wp\/v2\/product"}],"about":[{"href":"https:\/\/decofoodshop.nl\/de\/wp-json\/wp\/v2\/types\/product"}],"wp:featuredmedia":[{"embeddable":true,"href":"https:\/\/decofoodshop.nl\/de\/wp-json\/wp\/v2\/media\/2213"}],"wp:attachment":[{"href":"https:\/\/decofoodshop.nl\/de\/wp-json\/wp\/v2\/media?parent=2055"}],"wp:term":[{"taxonomy":"product_brand","embeddable":true,"href":"https:\/\/decofoodshop.nl\/de\/wp-json\/wp\/v2\/product_brand?post=2055"},{"taxonomy":"product_cat","embeddable":true,"href":"https:\/\/decofoodshop.nl\/de\/wp-json\/wp\/v2\/product_cat?post=2055"},{"taxonomy":"product_tag","embeddable":true,"href":"https:\/\/decofoodshop.nl\/de\/wp-json\/wp\/v2\/product_tag?post=2055"}],"curies":[{"name":"wp","href":"https:\/\/api.w.org\/{rel}","templated":true}]}}